{"id":1691,"date":"2026-01-15T16:38:22","date_gmt":"2026-01-15T14:38:22","guid":{"rendered":"https:mlnr.ro\/que-es-la-francmasoneria\/"},"modified":"2026-01-23T18:33:24","modified_gmt":"2026-01-23T16:33:24","slug":"que-es-la-francmasoneria","status":"publish","type":"page","link":"https:\/\/www.mlnr.ro\/es\/que-es-la-francmasoneria\/","title":{"rendered":"\u00bfQu\u00e9 es la francmasoner\u00eda?"},"content":{"rendered":"\n<p>La masoner\u00eda regular, en su acepci\u00f3n moderna, representa una estructura formada por hombres, organizados en una Gran Logia, con valores comunes y vocaci\u00f3n universal: creencia en Dios, independientemente de la religi\u00f3n, respeto a las leyes del pa\u00eds, igualdad de derechos, amor a la patria y la familia, caridad y respeto mutuo hacia las personas, que se educan con el fin de conocerse a s\u00ed mismos, desarrollar su esp\u00edritu y construir una sociedad educada, orientada hacia la humanidad.<\/p>\n\n<p>Con una composici\u00f3n heterog\u00e9nea, el taller trabaja, sin embargo, para un proyecto com\u00fan, siguiendo principios ancestrales, con posiciones y atribuciones claras y espec\u00edficas, conocidas y respetadas un\u00e1nimemente por todos los miembros, seg\u00fan un algoritmo que contiene elementos de organizaci\u00f3n utilizados para construcciones \u00e9picas, comenzando con el Templo de Salom\u00f3n, concretados en rituales.<\/p>\n\n<p>La masoner\u00eda instruye a sus miembros mediante la admisi\u00f3n gradual a grados inici\u00e1ticos, cada uno con sus propias ense\u00f1anzas, s\u00edmbolos y mensaje, que suponen el conocimiento cada vez m\u00e1s profundo de las Leyes del Universo y de la lucha por la Verdad al servicio de la sociedad humana.<\/p>\n\n<p>La educaci\u00f3n continua, la justicia, la verdad, el conocimiento y el combate del vicio, as\u00ed como la promoci\u00f3n de la virtud, son elementos definitorios de la construcci\u00f3n del Templo interior del Francmas\u00f3n, que, una vez adquiridos, tiene la obligaci\u00f3n de promover en la sociedad, para la construcci\u00f3n de un mundo mejor y resiliente.<\/p>\n\n<p>La universalidad de la cadena francmas\u00f3nica confiere al iniciado la m\u00e1xima apertura para el conocimiento y la relaci\u00f3n directa con adeptos de casi cualquier punto del globo, unidos por ideales y objetivos comunes. Para un francmas\u00f3n, la libertad de pensamiento, de expresi\u00f3n y de acci\u00f3n pertenece a toda la humanidad: independientemente de raza, religi\u00f3n o sexo. <\/p>\n\n<p>La apertura hacia la sociedad, el ofrecimiento al necesitado del fruto de tu trabajo, discreto y sin necesidad de reconocimiento, la estimulaci\u00f3n y el apoyo a los j\u00f3venes con talentos reales, el reconocimiento de la excelencia y la promoci\u00f3n de quienes la han alcanzado, la promoci\u00f3n de la cultura mediante la organizaci\u00f3n de manifestaciones y lanzamientos de libros, la organizaci\u00f3n de conferencias en las que personalidades del \u00e1mbito comparten su visi\u00f3n sobre problem\u00e1ticas actuales de la sociedad, son manifestaciones y eventos destinados a ofrecer los valores espirituales y materiales de los miembros de la orden francmas\u00f3nica.<\/p>\n\n<p>Nuestra misi\u00f3n es construir, educar y perfeccionar continuamente nuestra personalidad y ofrecer al Universo lo mejor de esta construcci\u00f3n.<\/p>\n\n<figure class=\"wp-block-image\"><img decoding=\"async\" src=\"https:\/\/web.mlnr.xyz\/wp-content\/uploads\/2021\/06\/CE-ESTE-FRANCMASONERIA.jpg\" alt=\"\" class=\"wp-image-62\"\/><\/figure>\n\n<p><\/p>\n","protected":false},"excerpt":{"rendered":"<p>La masoner\u00eda regular, en su acepci\u00f3n moderna, representa una estructura formada por hombres, organizados en una Gran Logia, con valores comunes y vocaci\u00f3n universal: creencia en Dios, independientemente de la religi\u00f3n, respeto a las leyes del pa\u00eds, igualdad de derechos, amor a la patria y la familia, caridad y respeto mutuo hacia las personas, que&hellip; <a class=\"more-link\" href=\"https:\/\/www.mlnr.ro\/es\/que-es-la-francmasoneria\/\">Continue reading <span class=\"screen-reader-text\">\u00bfQu\u00e9 es la francmasoner\u00eda?<\/span><\/a><\/p>\n","protected":false},"author":1,"featured_media":1404,"parent":0,"menu_order":0,"comment_status":"closed","ping_status":"closed","template":"","meta":{"_acf_changed":false,"footnotes":""},"class_list":["post-1691","page","type-page","status-publish","has-post-thumbnail","hentry","entry"],"acf":[],"yoast_head":"<!-- This site is optimized with the Yoast SEO plugin v27.0 - https:\/\/yoast.com\/product\/yoast-seo-wordpress\/ -->\n<title>\u00bfQu\u00e9 es la francmasoner\u00eda? - MLNR<\/title>\n<meta name=\"robots\" content=\"index, follow, max-snippet:-1, max-image-preview:large, max-video-preview:-1\" \/>\n<link rel=\"canonical\" href=\"https:\/\/www.mlnr.ro\/es\/que-es-la-francmasoneria\/\" \/>\n<meta property=\"og:locale\" content=\"es_ES\" \/>\n<meta property=\"og:type\" content=\"article\" \/>\n<meta property=\"og:title\" content=\"\u00bfQu\u00e9 es la francmasoner\u00eda? - MLNR\" \/>\n<meta property=\"og:description\" content=\"La masoner\u00eda regular, en su acepci\u00f3n moderna, representa una estructura formada por hombres, organizados en una Gran Logia, con valores comunes y vocaci\u00f3n universal: creencia en Dios, independientemente de la religi\u00f3n, respeto a las leyes del pa\u00eds, igualdad de derechos, amor a la patria y la familia, caridad y respeto mutuo hacia las personas, que&hellip; Continue reading \u00bfQu\u00e9 es la francmasoner\u00eda?\" \/>\n<meta property=\"og:url\" content=\"https:\/\/www.mlnr.ro\/es\/que-es-la-francmasoneria\/\" \/>\n<meta property=\"og:site_name\" content=\"MLNR\" \/>\n<meta property=\"article:modified_time\" content=\"2026-01-23T16:33:24+00:00\" \/>\n<meta property=\"og:image\" content=\"https:\/\/www.mlnr.ro\/wp-content\/uploads\/2026\/01\/bibleandkompasss.jpg\" \/>\n\t<meta property=\"og:image:width\" content=\"800\" \/>\n\t<meta property=\"og:image:height\" content=\"531\" \/>\n\t<meta property=\"og:image:type\" content=\"image\/jpeg\" \/>\n<meta name=\"twitter:card\" content=\"summary_large_image\" \/>\n<meta name=\"twitter:label1\" content=\"Tiempo de lectura\" \/>\n\t<meta name=\"twitter:data1\" content=\"2 minutes\" \/>\n<script type=\"application\/ld+json\" class=\"yoast-schema-graph\">{\"@context\":\"https:\/\/schema.org\",\"@graph\":[{\"@type\":\"WebPage\",\"@id\":\"https:\/\/www.mlnr.ro\/es\/que-es-la-francmasoneria\/\",\"url\":\"https:\/\/www.mlnr.ro\/es\/que-es-la-francmasoneria\/\",\"name\":\"\u00bfQu\u00e9 es la francmasoner\u00eda? - MLNR\",\"isPartOf\":{\"@id\":\"https:\/\/www.mlnr.ro\/es\/#website\"},\"primaryImageOfPage\":{\"@id\":\"https:\/\/www.mlnr.ro\/es\/que-es-la-francmasoneria\/#primaryimage\"},\"image\":{\"@id\":\"https:\/\/www.mlnr.ro\/es\/que-es-la-francmasoneria\/#primaryimage\"},\"thumbnailUrl\":\"https:\/\/www.mlnr.ro\/wp-content\/uploads\/2026\/01\/bibleandkompasss.jpg\",\"datePublished\":\"2026-01-15T14:38:22+00:00\",\"dateModified\":\"2026-01-23T16:33:24+00:00\",\"breadcrumb\":{\"@id\":\"https:\/\/www.mlnr.ro\/es\/que-es-la-francmasoneria\/#breadcrumb\"},\"inLanguage\":\"es-ES\",\"potentialAction\":[{\"@type\":\"ReadAction\",\"target\":[\"https:\/\/www.mlnr.ro\/es\/que-es-la-francmasoneria\/\"]}]},{\"@type\":\"ImageObject\",\"inLanguage\":\"es-ES\",\"@id\":\"https:\/\/www.mlnr.ro\/es\/que-es-la-francmasoneria\/#primaryimage\",\"url\":\"https:\/\/www.mlnr.ro\/wp-content\/uploads\/2026\/01\/bibleandkompasss.jpg\",\"contentUrl\":\"https:\/\/www.mlnr.ro\/wp-content\/uploads\/2026\/01\/bibleandkompasss.jpg\",\"width\":800,\"height\":531},{\"@type\":\"BreadcrumbList\",\"@id\":\"https:\/\/www.mlnr.ro\/es\/que-es-la-francmasoneria\/#breadcrumb\",\"itemListElement\":[{\"@type\":\"ListItem\",\"position\":1,\"name\":\"Prima pagin\u0103\",\"item\":\"https:\/\/www.mlnr.ro\/es\/\"},{\"@type\":\"ListItem\",\"position\":2,\"name\":\"\u00bfQu\u00e9 es la francmasoner\u00eda?\"}]},{\"@type\":\"WebSite\",\"@id\":\"https:\/\/www.mlnr.ro\/es\/#website\",\"url\":\"https:\/\/www.mlnr.ro\/es\/\",\"name\":\"MLNR\",\"description\":\"\",\"publisher\":{\"@id\":\"https:\/\/www.mlnr.ro\/es\/#organization\"},\"potentialAction\":[{\"@type\":\"SearchAction\",\"target\":{\"@type\":\"EntryPoint\",\"urlTemplate\":\"https:\/\/www.mlnr.ro\/es\/?s={search_term_string}\"},\"query-input\":{\"@type\":\"PropertyValueSpecification\",\"valueRequired\":true,\"valueName\":\"search_term_string\"}}],\"inLanguage\":\"es-ES\"},{\"@type\":\"Organization\",\"@id\":\"https:\/\/www.mlnr.ro\/es\/#organization\",\"name\":\"MLNR\",\"url\":\"https:\/\/www.mlnr.ro\/es\/\",\"logo\":{\"@type\":\"ImageObject\",\"inLanguage\":\"es-ES\",\"@id\":\"https:\/\/www.mlnr.ro\/es\/#\/schema\/logo\/image\/\",\"url\":\"https:\/\/www.mlnr.ro\/wp-content\/uploads\/2025\/12\/prj-edited.png\",\"contentUrl\":\"https:\/\/www.mlnr.ro\/wp-content\/uploads\/2025\/12\/prj-edited.png\",\"width\":300,\"height\":188,\"caption\":\"MLNR\"},\"image\":{\"@id\":\"https:\/\/www.mlnr.ro\/es\/#\/schema\/logo\/image\/\"}}]}<\/script>\n<!-- \/ Yoast SEO plugin. -->","yoast_head_json":{"title":"\u00bfQu\u00e9 es la francmasoner\u00eda? - MLNR","robots":{"index":"index","follow":"follow","max-snippet":"max-snippet:-1","max-image-preview":"max-image-preview:large","max-video-preview":"max-video-preview:-1"},"canonical":"https:\/\/www.mlnr.ro\/es\/que-es-la-francmasoneria\/","og_locale":"es_ES","og_type":"article","og_title":"\u00bfQu\u00e9 es la francmasoner\u00eda? - MLNR","og_description":"La masoner\u00eda regular, en su acepci\u00f3n moderna, representa una estructura formada por hombres, organizados en una Gran Logia, con valores comunes y vocaci\u00f3n universal: creencia en Dios, independientemente de la religi\u00f3n, respeto a las leyes del pa\u00eds, igualdad de derechos, amor a la patria y la familia, caridad y respeto mutuo hacia las personas, que&hellip; Continue reading \u00bfQu\u00e9 es la francmasoner\u00eda?","og_url":"https:\/\/www.mlnr.ro\/es\/que-es-la-francmasoneria\/","og_site_name":"MLNR","article_modified_time":"2026-01-23T16:33:24+00:00","og_image":[{"width":800,"height":531,"url":"https:\/\/www.mlnr.ro\/wp-content\/uploads\/2026\/01\/bibleandkompasss.jpg","type":"image\/jpeg"}],"twitter_card":"summary_large_image","twitter_misc":{"Tiempo de lectura":"2 minutes"},"schema":{"@context":"https:\/\/schema.org","@graph":[{"@type":"WebPage","@id":"https:\/\/www.mlnr.ro\/es\/que-es-la-francmasoneria\/","url":"https:\/\/www.mlnr.ro\/es\/que-es-la-francmasoneria\/","name":"\u00bfQu\u00e9 es la francmasoner\u00eda? - MLNR","isPartOf":{"@id":"https:\/\/www.mlnr.ro\/es\/#website"},"primaryImageOfPage":{"@id":"https:\/\/www.mlnr.ro\/es\/que-es-la-francmasoneria\/#primaryimage"},"image":{"@id":"https:\/\/www.mlnr.ro\/es\/que-es-la-francmasoneria\/#primaryimage"},"thumbnailUrl":"https:\/\/www.mlnr.ro\/wp-content\/uploads\/2026\/01\/bibleandkompasss.jpg","datePublished":"2026-01-15T14:38:22+00:00","dateModified":"2026-01-23T16:33:24+00:00","breadcrumb":{"@id":"https:\/\/www.mlnr.ro\/es\/que-es-la-francmasoneria\/#breadcrumb"},"inLanguage":"es-ES","potentialAction":[{"@type":"ReadAction","target":["https:\/\/www.mlnr.ro\/es\/que-es-la-francmasoneria\/"]}]},{"@type":"ImageObject","inLanguage":"es-ES","@id":"https:\/\/www.mlnr.ro\/es\/que-es-la-francmasoneria\/#primaryimage","url":"https:\/\/www.mlnr.ro\/wp-content\/uploads\/2026\/01\/bibleandkompasss.jpg","contentUrl":"https:\/\/www.mlnr.ro\/wp-content\/uploads\/2026\/01\/bibleandkompasss.jpg","width":800,"height":531},{"@type":"BreadcrumbList","@id":"https:\/\/www.mlnr.ro\/es\/que-es-la-francmasoneria\/#breadcrumb","itemListElement":[{"@type":"ListItem","position":1,"name":"Prima pagin\u0103","item":"https:\/\/www.mlnr.ro\/es\/"},{"@type":"ListItem","position":2,"name":"\u00bfQu\u00e9 es la francmasoner\u00eda?"}]},{"@type":"WebSite","@id":"https:\/\/www.mlnr.ro\/es\/#website","url":"https:\/\/www.mlnr.ro\/es\/","name":"MLNR","description":"","publisher":{"@id":"https:\/\/www.mlnr.ro\/es\/#organization"},"potentialAction":[{"@type":"SearchAction","target":{"@type":"EntryPoint","urlTemplate":"https:\/\/www.mlnr.ro\/es\/?s={search_term_string}"},"query-input":{"@type":"PropertyValueSpecification","valueRequired":true,"valueName":"search_term_string"}}],"inLanguage":"es-ES"},{"@type":"Organization","@id":"https:\/\/www.mlnr.ro\/es\/#organization","name":"MLNR","url":"https:\/\/www.mlnr.ro\/es\/","logo":{"@type":"ImageObject","inLanguage":"es-ES","@id":"https:\/\/www.mlnr.ro\/es\/#\/schema\/logo\/image\/","url":"https:\/\/www.mlnr.ro\/wp-content\/uploads\/2025\/12\/prj-edited.png","contentUrl":"https:\/\/www.mlnr.ro\/wp-content\/uploads\/2025\/12\/prj-edited.png","width":300,"height":188,"caption":"MLNR"},"image":{"@id":"https:\/\/www.mlnr.ro\/es\/#\/schema\/logo\/image\/"}}]}},"_links":{"self":[{"href":"https:\/\/www.mlnr.ro\/es\/wp-json\/wp\/v2\/pages\/1691","targetHints":{"allow":["GET"]}}],"collection":[{"href":"https:\/\/www.mlnr.ro\/es\/wp-json\/wp\/v2\/pages"}],"about":[{"href":"https:\/\/www.mlnr.ro\/es\/wp-json\/wp\/v2\/types\/page"}],"author":[{"embeddable":true,"href":"https:\/\/www.mlnr.ro\/es\/wp-json\/wp\/v2\/users\/1"}],"replies":[{"embeddable":true,"href":"https:\/\/www.mlnr.ro\/es\/wp-json\/wp\/v2\/comments?post=1691"}],"version-history":[{"count":2,"href":"https:\/\/www.mlnr.ro\/es\/wp-json\/wp\/v2\/pages\/1691\/revisions"}],"predecessor-version":[{"id":3431,"href":"https:\/\/www.mlnr.ro\/es\/wp-json\/wp\/v2\/pages\/1691\/revisions\/3431"}],"wp:featuredmedia":[{"embeddable":true,"href":"https:\/\/www.mlnr.ro\/es\/wp-json\/wp\/v2\/media\/1404"}],"wp:attachment":[{"href":"https:\/\/www.mlnr.ro\/es\/wp-json\/wp\/v2\/media?parent=1691"}],"curies":[{"name":"wp","href":"https:\/\/api.w.org\/{rel}","templated":true}]}}