{"id":1707,"date":"2026-01-15T16:52:26","date_gmt":"2026-01-15T14:52:26","guid":{"rendered":"https:mlnr.ro\/acerca-de-la-mlnr\/"},"modified":"2026-02-18T16:13:52","modified_gmt":"2026-02-18T14:13:52","slug":"acerca-de-la-mlnr","status":"publish","type":"page","link":"https:\/\/www.mlnr.ro\/es\/acerca-de-la-mlnr\/","title":{"rendered":"Acerca de la MLNR"},"content":{"rendered":"\n<p>La masoner\u00eda es una de las sociedades fraternales m\u00e1s antiguas. Las l\u00edneas siguientes explican c\u00f3mo se practica la masoner\u00eda en la Gran Logia Nacional de Ruman\u00eda (MLNR), Gran Logia que administra todas las logias regulares del territorio rumano, y pretenden aclarar, de buena fe, algunas ideas preconcebidas sobre la masoner\u00eda. <\/p>\n\n<p>La masoner\u00eda no se puede definir en unas pocas frases. A menudo se describe como un sistema aleg\u00f3rico de moralidad, ilustrado mediante s\u00edmbolos. M\u00e1s all\u00e1 de esta dimensi\u00f3n, la masoner\u00eda es tambi\u00e9n una instituci\u00f3n organizada, con reglas claras, principios y costumbres transmitidos y conservados cuidadosamente a lo largo de los siglos.  <\/p>\n\n<p>Al cultivar entre sus miembros la responsabilidad, la moralidad y la verdad, la masoner\u00eda anima a los masones a aplicar en su vida cotidiana las lecciones aprendidas en los rituales aleg\u00f3ricos.<\/p>\n\n<h2 class=\"wp-block-heading\" id=\"introducere1\">Reconocimiento y regularidad<\/h2>\n\n<p>La MLNR es una Gran Logia regular, cuya actividad se desarrolla de conformidad con los principios y costumbres tradicionales de la Masoner\u00eda Regular Universal. A nivel internacional, la MLNR est\u00e1 reconocida por la Gran Logia Unida de Inglaterra (UGLE) y por numerosas Grandes Logias regulares de todo el mundo, sobre la base de los criterios de regularidad aceptados universalmente. <\/p>\n\n<h2 class=\"wp-block-heading\" id=\"introducere2\">Condici\u00f3n esencial para la admisi\u00f3n en la Orden<\/h2>\n\n<p>La condici\u00f3n esencial para ser admitido en la Orden es la fe en la Divinidad \u2014denominada gen\u00e9ricamente el Gran Arquitecto del Universo\u2014 y la fe en la inmortalidad del alma.<\/p>\n\n<p>La orden est\u00e1 abierta a hombres mayores de 21 a\u00f1os, de cualquier raza o religi\u00f3n, de buena reputaci\u00f3n y que cumplan con los requisitos de admisi\u00f3n mencionados anteriormente.<\/p>\n\n<h2 class=\"wp-block-heading\" id=\"introducere3\">La masoner\u00eda y la religi\u00f3n<\/h2>\n\n<p>La masoner\u00eda no es una religi\u00f3n ni un sustituto de la religi\u00f3n. Se dirige a los practicantes de cualquier religi\u00f3n, que tienen plena libertad para seguir su fe sin restricciones tras ingresar en la Orden. <\/p>\n\n<p>Al mismo tiempo, dentro de las logias mas\u00f3nicas, los miembros de la fraternidad tienen prohibido \u2014bajo pena de irregularidad mas\u00f3nica\u2014 debatir o entablar disputas sobre temas religiosos.<\/p>\n\n<h2 class=\"wp-block-heading\" id=\"introducere4\">Los tres grandes principios de la masoner\u00eda<\/h2>\n\n<p>Desde sus inicios, la masoner\u00eda sigue con coherencia tres principios fundamentales: el amor fraternal, la ayuda mutua y la verdad.<\/p>\n\n<p>El amor fraternal significa tolerancia y respeto hacia las opiniones de los dem\u00e1s, y una conducta caracterizada por la bondad y la comprensi\u00f3n hacia cualquier ser humano.<\/p>\n\n<p>La ayuda mutua es una virtud que se practica no solo con la familia, sino tambi\u00e9n con la comunidad en la que vivimos, a trav\u00e9s de esfuerzos individuales concretos. El destino de los hu\u00e9rfanos, los enfermos y los ancianos ha sido, desde tiempos inmemoriales, una preocupaci\u00f3n constante de los miembros de la Orden. <\/p>\n\n<p>Para los masones, la verdad es la piedra angular de su formaci\u00f3n y debe prevalecer en cualquier circunstancia.<\/p>\n\n<p>Los masones creen firmemente que poner en pr\u00e1ctica estos principios es el camino hacia los m\u00e1s altos est\u00e1ndares de comportamiento de cada ser humano.<\/p>\n\n<h2 class=\"wp-block-heading\" id=\"introducere5\">La masoner\u00eda y la sociedad<\/h2>\n\n<p>La masoner\u00eda exige a cada miembro que respete estrictamente las leyes del pa\u00eds en el que opera y que no participe en ninguna acci\u00f3n que pueda afectar a la soberan\u00eda o al bienestar de su propio pueblo o del pa\u00eds en el que reside temporalmente, ya que cualquier infracci\u00f3n conllevar\u00e1 la expulsi\u00f3n de la Orden.<\/p>\n\n<p>Los principios de la masoner\u00eda no entran en conflicto con los deberes c\u00edvicos de los miembros de la Orden; al contrario, la Hermandad exige a cada miembro que cumpla fielmente con sus obligaciones c\u00edvicas.<\/p>\n\n<h2 class=\"wp-block-heading\" id=\"introducere6\">Discreci\u00f3n y \u00absecreto\u00bb<\/h2>\n\n<p>La masoner\u00eda no es una sociedad secreta, ya que cada Gran Logia Regular es una instituci\u00f3n constituida legalmente, reconocida oficialmente y que funciona de conformidad con la legislaci\u00f3n de cada pa\u00eds.<\/p>\n\n<p>La masoner\u00eda es una sociedad discreta, no secreta. Los \u00fanicos \u00absecretos\u00bb se refieren a los rituales y a las formas tradicionales de reconocimiento entre los hermanos. Los principios, s\u00edmbolos, costumbres y objetivos de la Orden son p\u00fablicos; y el hecho de que algunas cuestiones internas no se hagan p\u00fablicas es algo normal en cualquier asociaci\u00f3n que trate con discreci\u00f3n sus asuntos internos.  <\/p>\n\n<p>El estatuto de la Gran Logia Nacional de Ruman\u00eda es p\u00fablico, estando registrado en el Registro Nacional de Personas Jur\u00eddicas Sin Fines Patrimoniales, y la Gran Logia Nacional de Ruman\u00eda es reconocida por el Gobierno de Ruman\u00eda como Asociaci\u00f3n de Utilidad P\u00fablica.<\/p>\n\n<h2 class=\"wp-block-heading\" id=\"introducere7\">La masoner\u00eda y la pol\u00edtica<\/h2>\n\n<p>Respetando las opciones pol\u00edticas de sus miembros, la masoner\u00eda proh\u00edbe el debate y la adopci\u00f3n de resoluciones en las logias sobre cuestiones pol\u00edticas, lo que supone una irregularidad y la expulsi\u00f3n de la Orden. Asimismo, en las logias no se permiten debates sobre intereses econ\u00f3micos. <\/p>\n\n<h2 class=\"wp-block-heading\" id=\"introducere8\">Otras organizaciones supuestamente mas\u00f3nicas<\/h2>\n\n<p>La masoner\u00eda regular universal es practicada por numerosas Grandes Logias independientes, que respetan la condici\u00f3n b\u00e1sica para acceder a la Orden \u2014la fe en el Ser Supremo y en la inmortalidad del alma\u2014 as\u00ed como las costumbres de la Hermandad conocidas como Landmarks.<\/p>\n\n<p>Sin embargo, hay Grandes Logias y otros cuerpos que dicen ser mas\u00f3nicos que no piden a sus miembros que crean en el Ser Supremo y les permiten debatir y adoptar resoluciones sobre temas pol\u00edticos en las Logias. Estas estructuras (a menudo denominadas Grandes Orientes), as\u00ed como las organizaciones que se autodenominan mas\u00f3nicas, no est\u00e1n reconocidas como regulares por la Gran Logia Unida de Inglaterra y, por ende, tampoco por toda la Masoner\u00eda Universal Regular. <\/p>\n\n<h2 class=\"wp-block-heading\" id=\"introducere9\">Conclusi\u00f3n<\/h2>\n\n<p>El mas\u00f3n debe, ante todo, servir con devoci\u00f3n y lealtad a su pa\u00eds y cumplir con su deber para con el Creador Supremo, independientemente del nombre con el que se le conozca, seg\u00fan su fe.<\/p>\n\n<p>Asimismo, se puede afirmar sin reservas que las ideas anteriores no pertenecen exclusivamente a la masoner\u00eda, sino que pueden ser aceptadas por personas de buena fe a quienes les preocupa si ma\u00f1ana tendremos o no un mundo mejor.<\/p>\n","protected":false},"excerpt":{"rendered":"<p>La masoner\u00eda es una de las sociedades fraternales m\u00e1s antiguas. Las l\u00edneas siguientes explican c\u00f3mo se practica la masoner\u00eda en la Gran Logia Nacional de Ruman\u00eda (MLNR), Gran Logia que administra todas las logias regulares del territorio rumano, y pretenden aclarar, de buena fe, algunas ideas preconcebidas sobre la masoner\u00eda. La masoner\u00eda no se puede&hellip; <a class=\"more-link\" href=\"https:\/\/www.mlnr.ro\/es\/acerca-de-la-mlnr\/\">Continue reading <span class=\"screen-reader-text\">Acerca de la MLNR<\/span><\/a><\/p>\n","protected":false},"author":1,"featured_media":2654,"parent":0,"menu_order":0,"comment_status":"closed","ping_status":"closed","template":"","meta":{"_acf_changed":false,"footnotes":""},"class_list":["post-1707","page","type-page","status-publish","has-post-thumbnail","hentry","entry"],"acf":[],"yoast_head":"<!-- This site is optimized with the Yoast SEO plugin v27.0 - https:\/\/yoast.com\/product\/yoast-seo-wordpress\/ -->\n<title>Acerca de la MLNR - MLNR<\/title>\n<meta name=\"robots\" content=\"index, follow, max-snippet:-1, max-image-preview:large, max-video-preview:-1\" \/>\n<link rel=\"canonical\" href=\"https:\/\/www.mlnr.ro\/es\/acerca-de-la-mlnr\/\" \/>\n<meta property=\"og:locale\" content=\"es_ES\" \/>\n<meta property=\"og:type\" content=\"article\" \/>\n<meta property=\"og:title\" content=\"Acerca de la MLNR - MLNR\" \/>\n<meta property=\"og:description\" content=\"La masoner\u00eda es una de las sociedades fraternales m\u00e1s antiguas. Las l\u00edneas siguientes explican c\u00f3mo se practica la masoner\u00eda en la Gran Logia Nacional de Ruman\u00eda (MLNR), Gran Logia que administra todas las logias regulares del territorio rumano, y pretenden aclarar, de buena fe, algunas ideas preconcebidas sobre la masoner\u00eda. La masoner\u00eda no se puede&hellip; Continue reading Acerca de la MLNR\" \/>\n<meta property=\"og:url\" content=\"https:\/\/www.mlnr.ro\/es\/acerca-de-la-mlnr\/\" \/>\n<meta property=\"og:site_name\" content=\"MLNR\" \/>\n<meta property=\"article:modified_time\" content=\"2026-02-18T14:13:52+00:00\" \/>\n<meta property=\"og:image\" content=\"https:\/\/www.mlnr.ro\/wp-content\/uploads\/2026\/01\/Despre-MLNR2-1024x453.png\" \/>\n\t<meta property=\"og:image:width\" content=\"1024\" \/>\n\t<meta property=\"og:image:height\" content=\"453\" \/>\n\t<meta property=\"og:image:type\" content=\"image\/png\" \/>\n<meta name=\"twitter:card\" content=\"summary_large_image\" \/>\n<meta name=\"twitter:label1\" content=\"Tiempo de lectura\" \/>\n\t<meta name=\"twitter:data1\" content=\"5 minutes\" \/>\n<script type=\"application\/ld+json\" class=\"yoast-schema-graph\">{\"@context\":\"https:\/\/schema.org\",\"@graph\":[{\"@type\":\"WebPage\",\"@id\":\"https:\/\/www.mlnr.ro\/es\/acerca-de-la-mlnr\/\",\"url\":\"https:\/\/www.mlnr.ro\/es\/acerca-de-la-mlnr\/\",\"name\":\"Acerca de la MLNR - MLNR\",\"isPartOf\":{\"@id\":\"https:\/\/www.mlnr.ro\/es\/#website\"},\"primaryImageOfPage\":{\"@id\":\"https:\/\/www.mlnr.ro\/es\/acerca-de-la-mlnr\/#primaryimage\"},\"image\":{\"@id\":\"https:\/\/www.mlnr.ro\/es\/acerca-de-la-mlnr\/#primaryimage\"},\"thumbnailUrl\":\"https:\/\/www.mlnr.ro\/wp-content\/uploads\/2026\/01\/Despre-MLNR2.png\",\"datePublished\":\"2026-01-15T14:52:26+00:00\",\"dateModified\":\"2026-02-18T14:13:52+00:00\",\"breadcrumb\":{\"@id\":\"https:\/\/www.mlnr.ro\/es\/acerca-de-la-mlnr\/#breadcrumb\"},\"inLanguage\":\"es-ES\",\"potentialAction\":[{\"@type\":\"ReadAction\",\"target\":[\"https:\/\/www.mlnr.ro\/es\/acerca-de-la-mlnr\/\"]}]},{\"@type\":\"ImageObject\",\"inLanguage\":\"es-ES\",\"@id\":\"https:\/\/www.mlnr.ro\/es\/acerca-de-la-mlnr\/#primaryimage\",\"url\":\"https:\/\/www.mlnr.ro\/wp-content\/uploads\/2026\/01\/Despre-MLNR2.png\",\"contentUrl\":\"https:\/\/www.mlnr.ro\/wp-content\/uploads\/2026\/01\/Despre-MLNR2.png\",\"width\":1920,\"height\":850},{\"@type\":\"BreadcrumbList\",\"@id\":\"https:\/\/www.mlnr.ro\/es\/acerca-de-la-mlnr\/#breadcrumb\",\"itemListElement\":[{\"@type\":\"ListItem\",\"position\":1,\"name\":\"Prima pagin\u0103\",\"item\":\"https:\/\/www.mlnr.ro\/es\/\"},{\"@type\":\"ListItem\",\"position\":2,\"name\":\"Acerca de la MLNR\"}]},{\"@type\":\"WebSite\",\"@id\":\"https:\/\/www.mlnr.ro\/es\/#website\",\"url\":\"https:\/\/www.mlnr.ro\/es\/\",\"name\":\"MLNR\",\"description\":\"\",\"publisher\":{\"@id\":\"https:\/\/www.mlnr.ro\/es\/#organization\"},\"potentialAction\":[{\"@type\":\"SearchAction\",\"target\":{\"@type\":\"EntryPoint\",\"urlTemplate\":\"https:\/\/www.mlnr.ro\/es\/?s={search_term_string}\"},\"query-input\":{\"@type\":\"PropertyValueSpecification\",\"valueRequired\":true,\"valueName\":\"search_term_string\"}}],\"inLanguage\":\"es-ES\"},{\"@type\":\"Organization\",\"@id\":\"https:\/\/www.mlnr.ro\/es\/#organization\",\"name\":\"MLNR\",\"url\":\"https:\/\/www.mlnr.ro\/es\/\",\"logo\":{\"@type\":\"ImageObject\",\"inLanguage\":\"es-ES\",\"@id\":\"https:\/\/www.mlnr.ro\/es\/#\/schema\/logo\/image\/\",\"url\":\"https:\/\/www.mlnr.ro\/wp-content\/uploads\/2025\/12\/prj-edited.png\",\"contentUrl\":\"https:\/\/www.mlnr.ro\/wp-content\/uploads\/2025\/12\/prj-edited.png\",\"width\":300,\"height\":188,\"caption\":\"MLNR\"},\"image\":{\"@id\":\"https:\/\/www.mlnr.ro\/es\/#\/schema\/logo\/image\/\"}}]}<\/script>\n<!-- \/ Yoast SEO plugin. -->","yoast_head_json":{"title":"Acerca de la MLNR - MLNR","robots":{"index":"index","follow":"follow","max-snippet":"max-snippet:-1","max-image-preview":"max-image-preview:large","max-video-preview":"max-video-preview:-1"},"canonical":"https:\/\/www.mlnr.ro\/es\/acerca-de-la-mlnr\/","og_locale":"es_ES","og_type":"article","og_title":"Acerca de la MLNR - MLNR","og_description":"La masoner\u00eda es una de las sociedades fraternales m\u00e1s antiguas. Las l\u00edneas siguientes explican c\u00f3mo se practica la masoner\u00eda en la Gran Logia Nacional de Ruman\u00eda (MLNR), Gran Logia que administra todas las logias regulares del territorio rumano, y pretenden aclarar, de buena fe, algunas ideas preconcebidas sobre la masoner\u00eda. La masoner\u00eda no se puede&hellip; Continue reading Acerca de la MLNR","og_url":"https:\/\/www.mlnr.ro\/es\/acerca-de-la-mlnr\/","og_site_name":"MLNR","article_modified_time":"2026-02-18T14:13:52+00:00","og_image":[{"width":1024,"height":453,"url":"https:\/\/www.mlnr.ro\/wp-content\/uploads\/2026\/01\/Despre-MLNR2-1024x453.png","type":"image\/png"}],"twitter_card":"summary_large_image","twitter_misc":{"Tiempo de lectura":"5 minutes"},"schema":{"@context":"https:\/\/schema.org","@graph":[{"@type":"WebPage","@id":"https:\/\/www.mlnr.ro\/es\/acerca-de-la-mlnr\/","url":"https:\/\/www.mlnr.ro\/es\/acerca-de-la-mlnr\/","name":"Acerca de la MLNR - MLNR","isPartOf":{"@id":"https:\/\/www.mlnr.ro\/es\/#website"},"primaryImageOfPage":{"@id":"https:\/\/www.mlnr.ro\/es\/acerca-de-la-mlnr\/#primaryimage"},"image":{"@id":"https:\/\/www.mlnr.ro\/es\/acerca-de-la-mlnr\/#primaryimage"},"thumbnailUrl":"https:\/\/www.mlnr.ro\/wp-content\/uploads\/2026\/01\/Despre-MLNR2.png","datePublished":"2026-01-15T14:52:26+00:00","dateModified":"2026-02-18T14:13:52+00:00","breadcrumb":{"@id":"https:\/\/www.mlnr.ro\/es\/acerca-de-la-mlnr\/#breadcrumb"},"inLanguage":"es-ES","potentialAction":[{"@type":"ReadAction","target":["https:\/\/www.mlnr.ro\/es\/acerca-de-la-mlnr\/"]}]},{"@type":"ImageObject","inLanguage":"es-ES","@id":"https:\/\/www.mlnr.ro\/es\/acerca-de-la-mlnr\/#primaryimage","url":"https:\/\/www.mlnr.ro\/wp-content\/uploads\/2026\/01\/Despre-MLNR2.png","contentUrl":"https:\/\/www.mlnr.ro\/wp-content\/uploads\/2026\/01\/Despre-MLNR2.png","width":1920,"height":850},{"@type":"BreadcrumbList","@id":"https:\/\/www.mlnr.ro\/es\/acerca-de-la-mlnr\/#breadcrumb","itemListElement":[{"@type":"ListItem","position":1,"name":"Prima pagin\u0103","item":"https:\/\/www.mlnr.ro\/es\/"},{"@type":"ListItem","position":2,"name":"Acerca de la MLNR"}]},{"@type":"WebSite","@id":"https:\/\/www.mlnr.ro\/es\/#website","url":"https:\/\/www.mlnr.ro\/es\/","name":"MLNR","description":"","publisher":{"@id":"https:\/\/www.mlnr.ro\/es\/#organization"},"potentialAction":[{"@type":"SearchAction","target":{"@type":"EntryPoint","urlTemplate":"https:\/\/www.mlnr.ro\/es\/?s={search_term_string}"},"query-input":{"@type":"PropertyValueSpecification","valueRequired":true,"valueName":"search_term_string"}}],"inLanguage":"es-ES"},{"@type":"Organization","@id":"https:\/\/www.mlnr.ro\/es\/#organization","name":"MLNR","url":"https:\/\/www.mlnr.ro\/es\/","logo":{"@type":"ImageObject","inLanguage":"es-ES","@id":"https:\/\/www.mlnr.ro\/es\/#\/schema\/logo\/image\/","url":"https:\/\/www.mlnr.ro\/wp-content\/uploads\/2025\/12\/prj-edited.png","contentUrl":"https:\/\/www.mlnr.ro\/wp-content\/uploads\/2025\/12\/prj-edited.png","width":300,"height":188,"caption":"MLNR"},"image":{"@id":"https:\/\/www.mlnr.ro\/es\/#\/schema\/logo\/image\/"}}]}},"_links":{"self":[{"href":"https:\/\/www.mlnr.ro\/es\/wp-json\/wp\/v2\/pages\/1707","targetHints":{"allow":["GET"]}}],"collection":[{"href":"https:\/\/www.mlnr.ro\/es\/wp-json\/wp\/v2\/pages"}],"about":[{"href":"https:\/\/www.mlnr.ro\/es\/wp-json\/wp\/v2\/types\/page"}],"author":[{"embeddable":true,"href":"https:\/\/www.mlnr.ro\/es\/wp-json\/wp\/v2\/users\/1"}],"replies":[{"embeddable":true,"href":"https:\/\/www.mlnr.ro\/es\/wp-json\/wp\/v2\/comments?post=1707"}],"version-history":[{"count":2,"href":"https:\/\/www.mlnr.ro\/es\/wp-json\/wp\/v2\/pages\/1707\/revisions"}],"predecessor-version":[{"id":3910,"href":"https:\/\/www.mlnr.ro\/es\/wp-json\/wp\/v2\/pages\/1707\/revisions\/3910"}],"wp:featuredmedia":[{"embeddable":true,"href":"https:\/\/www.mlnr.ro\/es\/wp-json\/wp\/v2\/media\/2654"}],"wp:attachment":[{"href":"https:\/\/www.mlnr.ro\/es\/wp-json\/wp\/v2\/media?parent=1707"}],"curies":[{"name":"wp","href":"https:\/\/api.w.org\/{rel}","templated":true}]}}