{"id":1896,"date":"2026-01-15T16:56:56","date_gmt":"2026-01-15T14:56:56","guid":{"rendered":"https:mlnr.ro\/el-gran-templo\/"},"modified":"2026-02-25T19:15:23","modified_gmt":"2026-02-25T17:15:23","slug":"el-objetivo-sociocultural","status":"publish","type":"page","link":"https:\/\/www.mlnr.ro\/es\/el-objetivo-sociocultural\/","title":{"rendered":"El objetivo sociocultural"},"content":{"rendered":"\n<p>El objetivo sociocultural representa un hito institucional y cultural importante, concebido como sede representativa de la Gran Logia Nacional de Ruman\u00eda (MLNR) y centro cultural y educativo. El edificio integrar\u00e1 tanto espacios administrativos como zonas dedicadas a las actividades internas de los Hermanos, que se desarrollan en varios templos reunidos armoniosamente en un mismo conjunto arquitect\u00f3nico. Como complemento a su funci\u00f3n institucional, el objetivo acoger\u00e1 eventos culturales y educativos destinados al p\u00fablico en general \u2014exposiciones, conferencias, presentaciones y programas tem\u00e1ticos\u2014 abiertos al di\u00e1logo y a las iniciativas culturales. En este marco, se valorizar\u00e1n tambi\u00e9n los hitos hist\u00f3ricos, simb\u00f3licos y filos\u00f3ficos relacionados con la tradici\u00f3n de la masoner\u00eda, junto con otros temas de inter\u00e9s cultural y educativo. Con esta doble vocaci\u00f3n, el proyecto contribuye a enriquecer el patrimonio cultural y espiritual y a consolidar el di\u00e1logo entre la instituci\u00f3n y la comunidad.<\/p>\n\n\n\n<p><a href=\"https:\/\/mlnr.ro\/es\/galerie\/\">Galer\u00eda de im\u00e1genes<\/a><\/p>\n","protected":false},"excerpt":{"rendered":"<p>El objetivo sociocultural representa un hito institucional y cultural importante, concebido como sede representativa de la Gran Logia Nacional de Ruman\u00eda (MLNR) y centro cultural y educativo. El edificio integrar\u00e1 tanto espacios administrativos como zonas dedicadas a las actividades internas de los Hermanos, que se desarrollan en varios templos reunidos armoniosamente en un mismo conjunto&hellip; <a class=\"more-link\" href=\"https:\/\/www.mlnr.ro\/es\/el-objetivo-sociocultural\/\">Continue reading <span class=\"screen-reader-text\">El objetivo sociocultural<\/span><\/a><\/p>\n","protected":false},"author":1,"featured_media":1986,"parent":0,"menu_order":0,"comment_status":"closed","ping_status":"closed","template":"","meta":{"_acf_changed":false,"footnotes":""},"class_list":["post-1896","page","type-page","status-publish","has-post-thumbnail","hentry","entry"],"acf":[],"yoast_head":"<!-- This site is optimized with the Yoast SEO plugin v27.0 - https:\/\/yoast.com\/product\/yoast-seo-wordpress\/ -->\n<title>El objetivo sociocultural - MLNR<\/title>\n<meta name=\"robots\" content=\"index, follow, max-snippet:-1, max-image-preview:large, max-video-preview:-1\" \/>\n<link rel=\"canonical\" href=\"https:\/\/www.mlnr.ro\/es\/el-objetivo-sociocultural\/\" \/>\n<meta property=\"og:locale\" content=\"es_ES\" \/>\n<meta property=\"og:type\" content=\"article\" \/>\n<meta property=\"og:title\" content=\"El objetivo sociocultural - MLNR\" \/>\n<meta property=\"og:description\" content=\"El objetivo sociocultural representa un hito institucional y cultural importante, concebido como sede representativa de la Gran Logia Nacional de Ruman\u00eda (MLNR) y centro cultural y educativo. El edificio integrar\u00e1 tanto espacios administrativos como zonas dedicadas a las actividades internas de los Hermanos, que se desarrollan en varios templos reunidos armoniosamente en un mismo conjunto&hellip; Continue reading El objetivo sociocultural\" \/>\n<meta property=\"og:url\" content=\"https:\/\/www.mlnr.ro\/es\/el-objetivo-sociocultural\/\" \/>\n<meta property=\"og:site_name\" content=\"MLNR\" \/>\n<meta property=\"article:modified_time\" content=\"2026-02-25T17:15:23+00:00\" \/>\n<meta property=\"og:image\" content=\"https:\/\/www.mlnr.ro\/wp-content\/uploads\/2025\/12\/Marele-Templu-MLNR-scaled.jpg\" \/>\n\t<meta property=\"og:image:width\" content=\"2560\" \/>\n\t<meta property=\"og:image:height\" content=\"1643\" \/>\n\t<meta property=\"og:image:type\" content=\"image\/jpeg\" \/>\n<meta name=\"twitter:card\" content=\"summary_large_image\" \/>\n<meta name=\"twitter:label1\" content=\"Tiempo de lectura\" \/>\n\t<meta name=\"twitter:data1\" content=\"1 minute\" \/>\n<script type=\"application\/ld+json\" class=\"yoast-schema-graph\">{\"@context\":\"https:\/\/schema.org\",\"@graph\":[{\"@type\":\"WebPage\",\"@id\":\"https:\/\/www.mlnr.ro\/es\/el-objetivo-sociocultural\/\",\"url\":\"https:\/\/www.mlnr.ro\/es\/el-objetivo-sociocultural\/\",\"name\":\"El objetivo sociocultural - MLNR\",\"isPartOf\":{\"@id\":\"https:\/\/www.mlnr.ro\/es\/#website\"},\"primaryImageOfPage\":{\"@id\":\"https:\/\/www.mlnr.ro\/es\/el-objetivo-sociocultural\/#primaryimage\"},\"image\":{\"@id\":\"https:\/\/www.mlnr.ro\/es\/el-objetivo-sociocultural\/#primaryimage\"},\"thumbnailUrl\":\"https:\/\/www.mlnr.ro\/wp-content\/uploads\/2025\/12\/Marele-Templu-MLNR-scaled.jpg\",\"datePublished\":\"2026-01-15T14:56:56+00:00\",\"dateModified\":\"2026-02-25T17:15:23+00:00\",\"breadcrumb\":{\"@id\":\"https:\/\/www.mlnr.ro\/es\/el-objetivo-sociocultural\/#breadcrumb\"},\"inLanguage\":\"es-ES\",\"potentialAction\":[{\"@type\":\"ReadAction\",\"target\":[\"https:\/\/www.mlnr.ro\/es\/el-objetivo-sociocultural\/\"]}]},{\"@type\":\"ImageObject\",\"inLanguage\":\"es-ES\",\"@id\":\"https:\/\/www.mlnr.ro\/es\/el-objetivo-sociocultural\/#primaryimage\",\"url\":\"https:\/\/www.mlnr.ro\/wp-content\/uploads\/2025\/12\/Marele-Templu-MLNR-scaled.jpg\",\"contentUrl\":\"https:\/\/www.mlnr.ro\/wp-content\/uploads\/2025\/12\/Marele-Templu-MLNR-scaled.jpg\",\"width\":2560,\"height\":1643},{\"@type\":\"BreadcrumbList\",\"@id\":\"https:\/\/www.mlnr.ro\/es\/el-objetivo-sociocultural\/#breadcrumb\",\"itemListElement\":[{\"@type\":\"ListItem\",\"position\":1,\"name\":\"Prima pagin\u0103\",\"item\":\"https:\/\/www.mlnr.ro\/es\/\"},{\"@type\":\"ListItem\",\"position\":2,\"name\":\"El objetivo sociocultural\"}]},{\"@type\":\"WebSite\",\"@id\":\"https:\/\/www.mlnr.ro\/es\/#website\",\"url\":\"https:\/\/www.mlnr.ro\/es\/\",\"name\":\"MLNR\",\"description\":\"\",\"publisher\":{\"@id\":\"https:\/\/www.mlnr.ro\/es\/#organization\"},\"potentialAction\":[{\"@type\":\"SearchAction\",\"target\":{\"@type\":\"EntryPoint\",\"urlTemplate\":\"https:\/\/www.mlnr.ro\/es\/?s={search_term_string}\"},\"query-input\":{\"@type\":\"PropertyValueSpecification\",\"valueRequired\":true,\"valueName\":\"search_term_string\"}}],\"inLanguage\":\"es-ES\"},{\"@type\":\"Organization\",\"@id\":\"https:\/\/www.mlnr.ro\/es\/#organization\",\"name\":\"MLNR\",\"url\":\"https:\/\/www.mlnr.ro\/es\/\",\"logo\":{\"@type\":\"ImageObject\",\"inLanguage\":\"es-ES\",\"@id\":\"https:\/\/www.mlnr.ro\/es\/#\/schema\/logo\/image\/\",\"url\":\"https:\/\/www.mlnr.ro\/wp-content\/uploads\/2025\/12\/prj-edited.png\",\"contentUrl\":\"https:\/\/www.mlnr.ro\/wp-content\/uploads\/2025\/12\/prj-edited.png\",\"width\":300,\"height\":188,\"caption\":\"MLNR\"},\"image\":{\"@id\":\"https:\/\/www.mlnr.ro\/es\/#\/schema\/logo\/image\/\"}}]}<\/script>\n<!-- \/ Yoast SEO plugin. -->","yoast_head_json":{"title":"El objetivo sociocultural - MLNR","robots":{"index":"index","follow":"follow","max-snippet":"max-snippet:-1","max-image-preview":"max-image-preview:large","max-video-preview":"max-video-preview:-1"},"canonical":"https:\/\/www.mlnr.ro\/es\/el-objetivo-sociocultural\/","og_locale":"es_ES","og_type":"article","og_title":"El objetivo sociocultural - MLNR","og_description":"El objetivo sociocultural representa un hito institucional y cultural importante, concebido como sede representativa de la Gran Logia Nacional de Ruman\u00eda (MLNR) y centro cultural y educativo. El edificio integrar\u00e1 tanto espacios administrativos como zonas dedicadas a las actividades internas de los Hermanos, que se desarrollan en varios templos reunidos armoniosamente en un mismo conjunto&hellip; Continue reading El objetivo sociocultural","og_url":"https:\/\/www.mlnr.ro\/es\/el-objetivo-sociocultural\/","og_site_name":"MLNR","article_modified_time":"2026-02-25T17:15:23+00:00","og_image":[{"width":2560,"height":1643,"url":"https:\/\/www.mlnr.ro\/wp-content\/uploads\/2025\/12\/Marele-Templu-MLNR-scaled.jpg","type":"image\/jpeg"}],"twitter_card":"summary_large_image","twitter_misc":{"Tiempo de lectura":"1 minute"},"schema":{"@context":"https:\/\/schema.org","@graph":[{"@type":"WebPage","@id":"https:\/\/www.mlnr.ro\/es\/el-objetivo-sociocultural\/","url":"https:\/\/www.mlnr.ro\/es\/el-objetivo-sociocultural\/","name":"El objetivo sociocultural - MLNR","isPartOf":{"@id":"https:\/\/www.mlnr.ro\/es\/#website"},"primaryImageOfPage":{"@id":"https:\/\/www.mlnr.ro\/es\/el-objetivo-sociocultural\/#primaryimage"},"image":{"@id":"https:\/\/www.mlnr.ro\/es\/el-objetivo-sociocultural\/#primaryimage"},"thumbnailUrl":"https:\/\/www.mlnr.ro\/wp-content\/uploads\/2025\/12\/Marele-Templu-MLNR-scaled.jpg","datePublished":"2026-01-15T14:56:56+00:00","dateModified":"2026-02-25T17:15:23+00:00","breadcrumb":{"@id":"https:\/\/www.mlnr.ro\/es\/el-objetivo-sociocultural\/#breadcrumb"},"inLanguage":"es-ES","potentialAction":[{"@type":"ReadAction","target":["https:\/\/www.mlnr.ro\/es\/el-objetivo-sociocultural\/"]}]},{"@type":"ImageObject","inLanguage":"es-ES","@id":"https:\/\/www.mlnr.ro\/es\/el-objetivo-sociocultural\/#primaryimage","url":"https:\/\/www.mlnr.ro\/wp-content\/uploads\/2025\/12\/Marele-Templu-MLNR-scaled.jpg","contentUrl":"https:\/\/www.mlnr.ro\/wp-content\/uploads\/2025\/12\/Marele-Templu-MLNR-scaled.jpg","width":2560,"height":1643},{"@type":"BreadcrumbList","@id":"https:\/\/www.mlnr.ro\/es\/el-objetivo-sociocultural\/#breadcrumb","itemListElement":[{"@type":"ListItem","position":1,"name":"Prima pagin\u0103","item":"https:\/\/www.mlnr.ro\/es\/"},{"@type":"ListItem","position":2,"name":"El objetivo sociocultural"}]},{"@type":"WebSite","@id":"https:\/\/www.mlnr.ro\/es\/#website","url":"https:\/\/www.mlnr.ro\/es\/","name":"MLNR","description":"","publisher":{"@id":"https:\/\/www.mlnr.ro\/es\/#organization"},"potentialAction":[{"@type":"SearchAction","target":{"@type":"EntryPoint","urlTemplate":"https:\/\/www.mlnr.ro\/es\/?s={search_term_string}"},"query-input":{"@type":"PropertyValueSpecification","valueRequired":true,"valueName":"search_term_string"}}],"inLanguage":"es-ES"},{"@type":"Organization","@id":"https:\/\/www.mlnr.ro\/es\/#organization","name":"MLNR","url":"https:\/\/www.mlnr.ro\/es\/","logo":{"@type":"ImageObject","inLanguage":"es-ES","@id":"https:\/\/www.mlnr.ro\/es\/#\/schema\/logo\/image\/","url":"https:\/\/www.mlnr.ro\/wp-content\/uploads\/2025\/12\/prj-edited.png","contentUrl":"https:\/\/www.mlnr.ro\/wp-content\/uploads\/2025\/12\/prj-edited.png","width":300,"height":188,"caption":"MLNR"},"image":{"@id":"https:\/\/www.mlnr.ro\/es\/#\/schema\/logo\/image\/"}}]}},"_links":{"self":[{"href":"https:\/\/www.mlnr.ro\/es\/wp-json\/wp\/v2\/pages\/1896","targetHints":{"allow":["GET"]}}],"collection":[{"href":"https:\/\/www.mlnr.ro\/es\/wp-json\/wp\/v2\/pages"}],"about":[{"href":"https:\/\/www.mlnr.ro\/es\/wp-json\/wp\/v2\/types\/page"}],"author":[{"embeddable":true,"href":"https:\/\/www.mlnr.ro\/es\/wp-json\/wp\/v2\/users\/1"}],"replies":[{"embeddable":true,"href":"https:\/\/www.mlnr.ro\/es\/wp-json\/wp\/v2\/comments?post=1896"}],"version-history":[{"count":3,"href":"https:\/\/www.mlnr.ro\/es\/wp-json\/wp\/v2\/pages\/1896\/revisions"}],"predecessor-version":[{"id":3971,"href":"https:\/\/www.mlnr.ro\/es\/wp-json\/wp\/v2\/pages\/1896\/revisions\/3971"}],"wp:featuredmedia":[{"embeddable":true,"href":"https:\/\/www.mlnr.ro\/es\/wp-json\/wp\/v2\/media\/1986"}],"wp:attachment":[{"href":"https:\/\/www.mlnr.ro\/es\/wp-json\/wp\/v2\/media?parent=1896"}],"curies":[{"name":"wp","href":"https:\/\/api.w.org\/{rel}","templated":true}]}}