{"id":1994,"date":"2026-01-15T17:01:15","date_gmt":"2026-01-15T15:01:15","guid":{"rendered":"https:mlnr.ro\/galardones-de-excelencia\/"},"modified":"2026-01-20T14:49:51","modified_gmt":"2026-01-20T12:49:51","slug":"galardones-de-excelencia","status":"publish","type":"page","link":"https:\/\/www.mlnr.ro\/es\/galardones-de-excelencia\/","title":{"rendered":"Galardones de Excelencia"},"content":{"rendered":"\n    <div class=\"container  container-header-line-only\" style=\"position: relative\">\n        <h2 class=\"header-line\">Las \u00faltimas galas de excelencia<\/h2>\n        <div class=\"container slick-vertical-slider-container\" style=\"padding-top: 10px\">\n            <div class=\"slick-vertical-slider\">\n                \r\n\r\n<div>\r\n    <div class=\"row\">\r\n        <div class=\"col-lg-4\">\r\n            <div class=\"background-image-holder\" style=\"background-image: url('https:\/\/www.mlnr.ro\/wp-content\/uploads\/2026\/01\/Gala-Excelentei-Sibiene-\u2013-Editia-a-III-a-1-1024x768.jpeg')\">\r\n            <\/div>\r\n\r\n        <\/div>\r\n        <div class=\"col-lg-8 d-flex flex-column justify-content-start\">\r\n            <p><\/p>\r\n            <h2 class=\"banner-title\">\r\n                Gala de la Excelencia de Sibiu \u2013 III edici\u00f3n            <\/h2>\r\n            <p class=\"banner-description\">\r\n                Filarm\u00f3nica Estatal de Sibiu La excelencia no es un acto aislado, sino el resultado de una construcci\u00f3n asumida a lo largo del tiempo, mediante el trabajo, la responsabilidad y la...            <\/p>\r\n            <a href=\"https:\/\/www.mlnr.ro\/es\/gala-excelenta\/gala-excelentei-sibiene-editia-a-iii-a\/\" class=\"btn-more-link banner-button\">M\u00e1s informaci\u00f3n<\/a>\r\n        <\/div>\r\n    <\/div>\r\n<\/div>\r\n\r\n\r\n\r\n\r\n\r\n\r\n\n                \r\n\r\n<div>\r\n    <div class=\"row\">\r\n        <div class=\"col-lg-4\">\r\n            <div class=\"background-image-holder\" style=\"background-image: url('https:\/\/www.mlnr.ro\/wp-content\/uploads\/2026\/01\/WhatsApp-Image-2026-01-21-at-15.59.59-1024x768.jpeg')\">\r\n            <\/div>\r\n\r\n        <\/div>\r\n        <div class=\"col-lg-8 d-flex flex-column justify-content-start\">\r\n            <p><\/p>\r\n            <h2 class=\"banner-title\">\r\n                Gala de las \u00c9lites de Cluj 2025: un compromiso firme con el futuro de Ruman\u00eda            <\/h2>\r\n            <p class=\"banner-description\">\r\n                Cuando los puntos de referencia se desvanecen, la excelencia se convierte en un acto de valent\u00eda. En una \u00e9poca de cambios acelerados, en la que los valores morales e intelectuales...            <\/p>\r\n            <a href=\"https:\/\/www.mlnr.ro\/es\/gala-excelenta\/gala-elitelor-clujene-2025-un-angajament-ferm-pentru-viitorul-romaniei\/\" class=\"btn-more-link banner-button\">M\u00e1s informaci\u00f3n<\/a>\r\n        <\/div>\r\n    <\/div>\r\n<\/div>\r\n\r\n\r\n\r\n\r\n\r\n\r\n\n                \r\n\r\n<div>\r\n    <div class=\"row\">\r\n        <div class=\"col-lg-4\">\r\n            <div class=\"background-image-holder\" style=\"background-image: url('https:\/\/www.mlnr.ro\/wp-content\/uploads\/2026\/01\/WhatsApp-Image-2026-01-21-at-16.11.24-1024x473.jpeg')\">\r\n            <\/div>\r\n\r\n        <\/div>\r\n        <div class=\"col-lg-8 d-flex flex-column justify-content-start\">\r\n            <p><\/p>\r\n            <h2 class=\"banner-title\">\r\n                Gala de la Excelencia de Arges            <\/h2>\r\n            <p class=\"banner-description\">\r\n                Filarm\u00f3nica de Pite\u0219tiEl futuro se construye con valores Hay momentos en los que una comunidad se detiene para mirar hacia adelante. El 15 de noviembre de 2025, la Filarm\u00f3nica de...            <\/p>\r\n            <a href=\"https:\/\/www.mlnr.ro\/es\/gala-excelenta\/gala-excelentei-argesene\/\" class=\"btn-more-link banner-button\">M\u00e1s informaci\u00f3n<\/a>\r\n        <\/div>\r\n    <\/div>\r\n<\/div>\r\n\r\n\r\n\r\n\r\n\r\n\r\n\n                \r\n\r\n<div>\r\n    <div class=\"row\">\r\n        <div class=\"col-lg-4\">\r\n            <div class=\"background-image-holder\" style=\"background-image: url('https:\/\/www.mlnr.ro\/wp-content\/uploads\/2025\/10\/WhatsApp-Image-2026-01-19-at-17.17.28-1024x682.jpeg')\">\r\n            <\/div>\r\n\r\n        <\/div>\r\n        <div class=\"col-lg-8 d-flex flex-column justify-content-start\">\r\n            <p><\/p>\r\n            <h2 class=\"banner-title\">\r\n                Gala de Excelencia Hunedoara \u2013 IX edici\u00f3n            <\/h2>\r\n            <p class=\"banner-description\">\r\n                Centro Cultural \u00abCorviniana\u00bb, HunedoaraCuando los j\u00f3venes sobresalen, el futuro toma forma En reconocimiento a los logros en materia de educaci\u00f3n y cultura, la Gran Logia Nacional de Ruman\u00eda ha vuelto...            <\/p>\r\n            <a href=\"https:\/\/www.mlnr.ro\/es\/gala-excelenta\/gala-de-excelenta-hunedoara-10-10-2025\/\" class=\"btn-more-link banner-button\">M\u00e1s informaci\u00f3n<\/a>\r\n        <\/div>\r\n    <\/div>\r\n<\/div>\r\n\r\n\r\n\r\n\r\n\r\n\r\n\n                \r\n\r\n<div>\r\n    <div class=\"row\">\r\n        <div class=\"col-lg-4\">\r\n            <div class=\"background-image-holder\" style=\"background-image: url('https:\/\/www.mlnr.ro\/wp-content\/uploads\/2026\/01\/Gala-Excelentei-in-Educatie-Valcea-editia-a-IV-a-2025-3-1024x701.jpeg')\">\r\n            <\/div>\r\n\r\n        <\/div>\r\n        <div class=\"col-lg-8 d-flex flex-column justify-content-start\">\r\n            <p><\/p>\r\n            <h2 class=\"banner-title\">\r\n                Gala de la Excelencia en Educaci\u00f3n \u2013 V\u00e2lcea, cuarta edici\u00f3n (2025)            <\/h2>\r\n            <p class=\"banner-description\">\r\n                El 19 de septiembre de 2025, la ciudad de R\u00e2mnicu V\u00e2lcea acogi\u00f3 la cuarta edici\u00f3n de la Gala de la Excelencia en la Educaci\u00f3n \u2013 V\u00e2lcea, un evento dedicado al...            <\/p>\r\n            <a href=\"https:\/\/www.mlnr.ro\/es\/gala-excelenta\/gala-excelentei-in-educatie-valcea-editia-a-iv-a-2025\/\" class=\"btn-more-link banner-button\">M\u00e1s informaci\u00f3n<\/a>\r\n        <\/div>\r\n    <\/div>\r\n<\/div>\r\n\r\n\r\n\r\n\r\n\r\n\r\n\n                \r\n\r\n<div>\r\n    <div class=\"row\">\r\n        <div class=\"col-lg-4\">\r\n            <div class=\"background-image-holder\" style=\"background-image: url('https:\/\/www.mlnr.ro\/wp-content\/uploads\/2026\/01\/WhatsApp-Image-2026-01-21-at-16.10.14-1024x785.jpeg')\">\r\n            <\/div>\r\n\r\n        <\/div>\r\n        <div class=\"col-lg-8 d-flex flex-column justify-content-start\">\r\n            <p><\/p>\r\n            <h2 class=\"banner-title\">\r\n                Gala de la Excelencia de Dobrogea            <\/h2>\r\n            <p class=\"banner-description\">\r\n                Constan\u021baCuando se reconoce el valor, el futuro adquiere direcci\u00f3n Hay lugares que no son simples decorados, sino testigos de la historia. El 13 de septiembre de 2025, bajo la simb\u00f3lica...            <\/p>\r\n            <a href=\"https:\/\/www.mlnr.ro\/es\/gala-excelenta\/gala-excelentei-dobrogene\/\" class=\"btn-more-link banner-button\">M\u00e1s informaci\u00f3n<\/a>\r\n        <\/div>\r\n    <\/div>\r\n<\/div>\r\n\r\n\r\n\r\n\r\n\r\n\r\n\n                \n            <\/div>\n        <\/div>\n    <\/div>\n\n\n\n\n    \n\n\n        <div class=\"align-items-start d-flex\">\n            <select name=\"blog_filter\" class=\"js-blog-filter select-filter\" >\n                <option value=\"\">Todo<\/option>\n                                        <option value=\"103\">\n                            Gala de Excelencia de Arad                        <\/option>\n                                                <option value=\"107\">\n                            Gala de Excelencia de Sibiu                        <\/option>\n                                                <option value=\"108\">\n                            Gala de Excelencia en Educaci\u00f3n V\u00e2lcea                        <\/option>\n                                                <option value=\"82\">\n                            Gala de la Excelencia de Arge\u0219                        <\/option>\n                                                <option value=\"84\">\n                            Gala de la Excelencia de Banat                        <\/option>\n                                                <option value=\"91\">\n                            Gala de la Excelencia de Dobrogea                        <\/option>\n                                                <option value=\"92\">\n                            Gala de la Excelencia de Hunedoara                        <\/option>\n                                                <option value=\"99\">\n                            Gala de la Excelencia de Oltenia                        <\/option>\n                                                <option value=\"76\">\n                            Gala de las \u00e9lites de Cluj                        <\/option>\n                                    <\/select>\n            <button class=\"btn-filter js-blog-filter-button \"\n                    data-post-type=\"gala_excelenta\"\n                    data-offset=\"0\"\n                    data-max=\"4\"\n\n                    data-category=\"\"\n            >Filtrar<\/button>\n        <\/div>\n        \n    <div class=\"loading-spinner d-none justify-content-center align-items-center mb-4 js-loading-spinner text-center\" >\n        <div class=\"spinner-border text-primary\" role=\"status\">\n            <span class=\"visually-hidden\">Loading...<\/span>\n        <\/div>\n    <\/div>\n    <div class=\"list-personalities-shortcode alignfull list-personalities-shortcode--gala_excelenta\">\n        <div class=\"row d-flex \">\n            \r\n<div class=\"row mt-2 mb-5 preview-post-info-row\">\r\n    <div class=\"col-lg-6 \">\r\n        <div class=\"background-image-post-preview \" style=\"background-image: url(https:\/\/www.mlnr.ro\/wp-content\/uploads\/2026\/01\/Gala-Excelentei-Sibiene-\u2013-Editia-a-III-a-1-1024x768.jpeg); background-size: cover; background-position: center;\" >\r\n\r\n        <\/div>\r\n    <\/div>\r\n    <div class=\"col-lg-6 d-flex align-items-center preview-post-info-container\">\r\n        <div class=\"preview-post-info\">\r\n            <p><\/p>\r\n            <h3>Gala de la Excelencia de Sibiu \u2013 III edici\u00f3n<\/h3>\r\n            <p>Filarm\u00f3nica Estatal de Sibiu La excelencia no es un acto aislado, sino el resultado de una construcci\u00f3n asumida a lo largo del tiempo, mediante el trabajo, la responsabilidad y la...<\/p>\r\n            <a href=\"https:\/\/www.mlnr.ro\/es\/gala-excelenta\/gala-excelentei-sibiene-editia-a-iii-a\/\" class=\"btn-more-link\">M\u00e1s informaci\u00f3n<\/a>\r\n        <\/div>\r\n\r\n    <\/div>\r\n<\/div>\r\n\n            \r\n<div class=\"row mt-2 mb-5 preview-post-info-row\">\r\n    <div class=\"col-lg-6  order-lg-2\">\r\n        <div class=\"background-image-post-preview \" style=\"background-image: url(https:\/\/www.mlnr.ro\/wp-content\/uploads\/2026\/01\/WhatsApp-Image-2026-01-21-at-15.59.59-1024x768.jpeg); background-size: cover; background-position: center;\" >\r\n\r\n        <\/div>\r\n    <\/div>\r\n    <div class=\"col-lg-6 d-flex align-items-center preview-post-info-container\">\r\n        <div class=\"preview-post-info\">\r\n            <p><\/p>\r\n            <h3>Gala de las \u00c9lites de Cluj 2025: un compromiso firme con el futuro de Ruman\u00eda<\/h3>\r\n            <p>Cuando los puntos de referencia se desvanecen, la excelencia se convierte en un acto de valent\u00eda. En una \u00e9poca de cambios acelerados, en la que los valores morales e intelectuales...<\/p>\r\n            <a href=\"https:\/\/www.mlnr.ro\/es\/gala-excelenta\/gala-elitelor-clujene-2025-un-angajament-ferm-pentru-viitorul-romaniei\/\" class=\"btn-more-link\">M\u00e1s informaci\u00f3n<\/a>\r\n        <\/div>\r\n\r\n    <\/div>\r\n<\/div>\r\n\n            \r\n<div class=\"row mt-2 mb-5 preview-post-info-row\">\r\n    <div class=\"col-lg-6 \">\r\n        <div class=\"background-image-post-preview \" style=\"background-image: url(https:\/\/www.mlnr.ro\/wp-content\/uploads\/2026\/01\/WhatsApp-Image-2026-01-21-at-16.11.24-1024x473.jpeg); background-size: cover; background-position: center;\" >\r\n\r\n        <\/div>\r\n    <\/div>\r\n    <div class=\"col-lg-6 d-flex align-items-center preview-post-info-container\">\r\n        <div class=\"preview-post-info\">\r\n            <p><\/p>\r\n            <h3>Gala de la Excelencia de Arges<\/h3>\r\n            <p>Filarm\u00f3nica de Pite\u0219tiEl futuro se construye con valores Hay momentos en los que una comunidad se detiene para mirar hacia adelante. El 15 de noviembre de 2025, la Filarm\u00f3nica de...<\/p>\r\n            <a href=\"https:\/\/www.mlnr.ro\/es\/gala-excelenta\/gala-excelentei-argesene\/\" class=\"btn-more-link\">M\u00e1s informaci\u00f3n<\/a>\r\n        <\/div>\r\n\r\n    <\/div>\r\n<\/div>\r\n\n            \r\n<div class=\"row mt-2 mb-5 preview-post-info-row\">\r\n    <div class=\"col-lg-6  order-lg-2\">\r\n        <div class=\"background-image-post-preview \" style=\"background-image: url(https:\/\/www.mlnr.ro\/wp-content\/uploads\/2025\/10\/WhatsApp-Image-2026-01-19-at-17.17.28-1024x682.jpeg); background-size: cover; background-position: center;\" >\r\n\r\n        <\/div>\r\n    <\/div>\r\n    <div class=\"col-lg-6 d-flex align-items-center preview-post-info-container\">\r\n        <div class=\"preview-post-info\">\r\n            <p><\/p>\r\n            <h3>Gala de Excelencia Hunedoara \u2013 IX edici\u00f3n<\/h3>\r\n            <p>Centro Cultural \u00abCorviniana\u00bb, HunedoaraCuando los j\u00f3venes sobresalen, el futuro toma forma En reconocimiento a los logros en materia de educaci\u00f3n y cultura, la Gran Logia Nacional de Ruman\u00eda ha vuelto...<\/p>\r\n            <a href=\"https:\/\/www.mlnr.ro\/es\/gala-excelenta\/gala-de-excelenta-hunedoara-10-10-2025\/\" class=\"btn-more-link\">M\u00e1s informaci\u00f3n<\/a>\r\n        <\/div>\r\n\r\n    <\/div>\r\n<\/div>\r\n\n                    <\/div>\n    <\/div>\n    <div class=\"load-more-container text-center\">\n                <button class=\"btn btn-primary js-load-more-2 js-load-more--gala_excelenta \"\n                data-post-type=\"gala_excelenta\"\n                data-offset=\"4\"\n                data-max=\"4\"\n\n                data-category=\"\">\n            Cargar m\u00e1s        <\/button>\n    <\/div>\n\n\n\n\n\n\n\n    \n","protected":false},"excerpt":{"rendered":"","protected":false},"author":1,"featured_media":1435,"parent":0,"menu_order":0,"comment_status":"closed","ping_status":"closed","template":"","meta":{"_acf_changed":false,"footnotes":""},"class_list":["post-1994","page","type-page","status-publish","has-post-thumbnail","hentry","entry"],"acf":[],"yoast_head":"<!-- This site is optimized with the Yoast SEO plugin v27.0 - https:\/\/yoast.com\/product\/yoast-seo-wordpress\/ -->\n<title>Galardones de Excelencia - MLNR<\/title>\n<meta name=\"robots\" content=\"index, follow, max-snippet:-1, max-image-preview:large, max-video-preview:-1\" \/>\n<link rel=\"canonical\" href=\"https:\/\/www.mlnr.ro\/es\/galardones-de-excelencia\/\" \/>\n<meta property=\"og:locale\" content=\"es_ES\" \/>\n<meta property=\"og:type\" content=\"article\" \/>\n<meta property=\"og:title\" content=\"Galardones de Excelencia - MLNR\" \/>\n<meta property=\"og:url\" content=\"https:\/\/www.mlnr.ro\/es\/galardones-de-excelencia\/\" \/>\n<meta property=\"og:site_name\" content=\"MLNR\" \/>\n<meta property=\"article:modified_time\" content=\"2026-01-20T12:49:51+00:00\" \/>\n<meta property=\"og:image\" content=\"https:\/\/www.mlnr.ro\/wp-content\/uploads\/2026\/01\/DSC03419-Enhanced-NR-1024x768.png\" \/>\n\t<meta property=\"og:image:width\" content=\"1024\" \/>\n\t<meta property=\"og:image:height\" content=\"768\" \/>\n\t<meta property=\"og:image:type\" content=\"image\/png\" \/>\n<meta name=\"twitter:card\" content=\"summary_large_image\" \/>\n<script type=\"application\/ld+json\" class=\"yoast-schema-graph\">{\"@context\":\"https:\/\/schema.org\",\"@graph\":[{\"@type\":\"WebPage\",\"@id\":\"https:\/\/www.mlnr.ro\/es\/galardones-de-excelencia\/\",\"url\":\"https:\/\/www.mlnr.ro\/es\/galardones-de-excelencia\/\",\"name\":\"Galardones de Excelencia - MLNR\",\"isPartOf\":{\"@id\":\"https:\/\/www.mlnr.ro\/es\/#website\"},\"primaryImageOfPage\":{\"@id\":\"https:\/\/www.mlnr.ro\/es\/galardones-de-excelencia\/#primaryimage\"},\"image\":{\"@id\":\"https:\/\/www.mlnr.ro\/es\/galardones-de-excelencia\/#primaryimage\"},\"thumbnailUrl\":\"https:\/\/www.mlnr.ro\/wp-content\/uploads\/2026\/01\/DSC03419-Enhanced-NR-scaled.png\",\"datePublished\":\"2026-01-15T15:01:15+00:00\",\"dateModified\":\"2026-01-20T12:49:51+00:00\",\"breadcrumb\":{\"@id\":\"https:\/\/www.mlnr.ro\/es\/galardones-de-excelencia\/#breadcrumb\"},\"inLanguage\":\"es-ES\",\"potentialAction\":[{\"@type\":\"ReadAction\",\"target\":[\"https:\/\/www.mlnr.ro\/es\/galardones-de-excelencia\/\"]}]},{\"@type\":\"ImageObject\",\"inLanguage\":\"es-ES\",\"@id\":\"https:\/\/www.mlnr.ro\/es\/galardones-de-excelencia\/#primaryimage\",\"url\":\"https:\/\/www.mlnr.ro\/wp-content\/uploads\/2026\/01\/DSC03419-Enhanced-NR-scaled.png\",\"contentUrl\":\"https:\/\/www.mlnr.ro\/wp-content\/uploads\/2026\/01\/DSC03419-Enhanced-NR-scaled.png\",\"width\":2560,\"height\":1920},{\"@type\":\"BreadcrumbList\",\"@id\":\"https:\/\/www.mlnr.ro\/es\/galardones-de-excelencia\/#breadcrumb\",\"itemListElement\":[{\"@type\":\"ListItem\",\"position\":1,\"name\":\"Prima pagin\u0103\",\"item\":\"https:\/\/www.mlnr.ro\/es\/\"},{\"@type\":\"ListItem\",\"position\":2,\"name\":\"Galardones de Excelencia\"}]},{\"@type\":\"WebSite\",\"@id\":\"https:\/\/www.mlnr.ro\/es\/#website\",\"url\":\"https:\/\/www.mlnr.ro\/es\/\",\"name\":\"MLNR\",\"description\":\"\",\"publisher\":{\"@id\":\"https:\/\/www.mlnr.ro\/es\/#organization\"},\"potentialAction\":[{\"@type\":\"SearchAction\",\"target\":{\"@type\":\"EntryPoint\",\"urlTemplate\":\"https:\/\/www.mlnr.ro\/es\/?s={search_term_string}\"},\"query-input\":{\"@type\":\"PropertyValueSpecification\",\"valueRequired\":true,\"valueName\":\"search_term_string\"}}],\"inLanguage\":\"es-ES\"},{\"@type\":\"Organization\",\"@id\":\"https:\/\/www.mlnr.ro\/es\/#organization\",\"name\":\"MLNR\",\"url\":\"https:\/\/www.mlnr.ro\/es\/\",\"logo\":{\"@type\":\"ImageObject\",\"inLanguage\":\"es-ES\",\"@id\":\"https:\/\/www.mlnr.ro\/es\/#\/schema\/logo\/image\/\",\"url\":\"https:\/\/www.mlnr.ro\/wp-content\/uploads\/2025\/12\/prj-edited.png\",\"contentUrl\":\"https:\/\/www.mlnr.ro\/wp-content\/uploads\/2025\/12\/prj-edited.png\",\"width\":300,\"height\":188,\"caption\":\"MLNR\"},\"image\":{\"@id\":\"https:\/\/www.mlnr.ro\/es\/#\/schema\/logo\/image\/\"}}]}<\/script>\n<!-- \/ Yoast SEO plugin. -->","yoast_head_json":{"title":"Galardones de Excelencia - MLNR","robots":{"index":"index","follow":"follow","max-snippet":"max-snippet:-1","max-image-preview":"max-image-preview:large","max-video-preview":"max-video-preview:-1"},"canonical":"https:\/\/www.mlnr.ro\/es\/galardones-de-excelencia\/","og_locale":"es_ES","og_type":"article","og_title":"Galardones de Excelencia - MLNR","og_url":"https:\/\/www.mlnr.ro\/es\/galardones-de-excelencia\/","og_site_name":"MLNR","article_modified_time":"2026-01-20T12:49:51+00:00","og_image":[{"width":1024,"height":768,"url":"https:\/\/www.mlnr.ro\/wp-content\/uploads\/2026\/01\/DSC03419-Enhanced-NR-1024x768.png","type":"image\/png"}],"twitter_card":"summary_large_image","schema":{"@context":"https:\/\/schema.org","@graph":[{"@type":"WebPage","@id":"https:\/\/www.mlnr.ro\/es\/galardones-de-excelencia\/","url":"https:\/\/www.mlnr.ro\/es\/galardones-de-excelencia\/","name":"Galardones de Excelencia - MLNR","isPartOf":{"@id":"https:\/\/www.mlnr.ro\/es\/#website"},"primaryImageOfPage":{"@id":"https:\/\/www.mlnr.ro\/es\/galardones-de-excelencia\/#primaryimage"},"image":{"@id":"https:\/\/www.mlnr.ro\/es\/galardones-de-excelencia\/#primaryimage"},"thumbnailUrl":"https:\/\/www.mlnr.ro\/wp-content\/uploads\/2026\/01\/DSC03419-Enhanced-NR-scaled.png","datePublished":"2026-01-15T15:01:15+00:00","dateModified":"2026-01-20T12:49:51+00:00","breadcrumb":{"@id":"https:\/\/www.mlnr.ro\/es\/galardones-de-excelencia\/#breadcrumb"},"inLanguage":"es-ES","potentialAction":[{"@type":"ReadAction","target":["https:\/\/www.mlnr.ro\/es\/galardones-de-excelencia\/"]}]},{"@type":"ImageObject","inLanguage":"es-ES","@id":"https:\/\/www.mlnr.ro\/es\/galardones-de-excelencia\/#primaryimage","url":"https:\/\/www.mlnr.ro\/wp-content\/uploads\/2026\/01\/DSC03419-Enhanced-NR-scaled.png","contentUrl":"https:\/\/www.mlnr.ro\/wp-content\/uploads\/2026\/01\/DSC03419-Enhanced-NR-scaled.png","width":2560,"height":1920},{"@type":"BreadcrumbList","@id":"https:\/\/www.mlnr.ro\/es\/galardones-de-excelencia\/#breadcrumb","itemListElement":[{"@type":"ListItem","position":1,"name":"Prima pagin\u0103","item":"https:\/\/www.mlnr.ro\/es\/"},{"@type":"ListItem","position":2,"name":"Galardones de Excelencia"}]},{"@type":"WebSite","@id":"https:\/\/www.mlnr.ro\/es\/#website","url":"https:\/\/www.mlnr.ro\/es\/","name":"MLNR","description":"","publisher":{"@id":"https:\/\/www.mlnr.ro\/es\/#organization"},"potentialAction":[{"@type":"SearchAction","target":{"@type":"EntryPoint","urlTemplate":"https:\/\/www.mlnr.ro\/es\/?s={search_term_string}"},"query-input":{"@type":"PropertyValueSpecification","valueRequired":true,"valueName":"search_term_string"}}],"inLanguage":"es-ES"},{"@type":"Organization","@id":"https:\/\/www.mlnr.ro\/es\/#organization","name":"MLNR","url":"https:\/\/www.mlnr.ro\/es\/","logo":{"@type":"ImageObject","inLanguage":"es-ES","@id":"https:\/\/www.mlnr.ro\/es\/#\/schema\/logo\/image\/","url":"https:\/\/www.mlnr.ro\/wp-content\/uploads\/2025\/12\/prj-edited.png","contentUrl":"https:\/\/www.mlnr.ro\/wp-content\/uploads\/2025\/12\/prj-edited.png","width":300,"height":188,"caption":"MLNR"},"image":{"@id":"https:\/\/www.mlnr.ro\/es\/#\/schema\/logo\/image\/"}}]}},"_links":{"self":[{"href":"https:\/\/www.mlnr.ro\/es\/wp-json\/wp\/v2\/pages\/1994","targetHints":{"allow":["GET"]}}],"collection":[{"href":"https:\/\/www.mlnr.ro\/es\/wp-json\/wp\/v2\/pages"}],"about":[{"href":"https:\/\/www.mlnr.ro\/es\/wp-json\/wp\/v2\/types\/page"}],"author":[{"embeddable":true,"href":"https:\/\/www.mlnr.ro\/es\/wp-json\/wp\/v2\/users\/1"}],"replies":[{"embeddable":true,"href":"https:\/\/www.mlnr.ro\/es\/wp-json\/wp\/v2\/comments?post=1994"}],"version-history":[{"count":2,"href":"https:\/\/www.mlnr.ro\/es\/wp-json\/wp\/v2\/pages\/1994\/revisions"}],"predecessor-version":[{"id":2668,"href":"https:\/\/www.mlnr.ro\/es\/wp-json\/wp\/v2\/pages\/1994\/revisions\/2668"}],"wp:featuredmedia":[{"embeddable":true,"href":"https:\/\/www.mlnr.ro\/es\/wp-json\/wp\/v2\/media\/1435"}],"wp:attachment":[{"href":"https:\/\/www.mlnr.ro\/es\/wp-json\/wp\/v2\/media?parent=1994"}],"curies":[{"name":"wp","href":"https:\/\/api.w.org\/{rel}","templated":true}]}}