{"id":2004,"date":"2026-01-15T17:11:30","date_gmt":"2026-01-15T15:11:30","guid":{"rendered":"https:mlnr.ro\/gala-de-los-premios-de-la-gran-logia\/"},"modified":"2026-03-06T13:31:18","modified_gmt":"2026-03-06T11:31:18","slug":"gala-de-los-premios-de-la-gran-logia","status":"publish","type":"page","link":"https:\/\/www.mlnr.ro\/es\/gala-de-los-premios-de-la-gran-logia\/","title":{"rendered":"Gala de los Premios de la Gran Logia"},"content":{"rendered":"\n<p class=\"background-text-main-inline\">MLNR en colaboraci\u00f3n con la Sociedad Civil<\/p>\n\n<p>La GALA DE PREMIOS MLNR se organiza en colaboraci\u00f3n con la Academia Rumana, el Ministerio de Educaci\u00f3n, el Ministerio de Cultura y la Universidad Babe\u0219 Bolyai de Cluj Napoca, la Universidad de Bucarest, la ASE, la Universidad de Medicina Carol Davila de Bucarest, la Universidad Alexandru Ioan Cuza de Ia\u0219i, la Universidad del Oeste de Timi\u0219oara, la SNSPA, la Universidad Nacional de Artes Constantin Br\u00e2ncu\u0219i de Bucarest, la Universidad de Artes George Enescu de Ia\u0219i, la Universidad Transilvania de Bra\u0219ov, la Universidad Lucian Blaga de Sibiu y la Universidad de Craiova.<\/p>\n\n<h3 class=\"wp-block-heading background-text-main-inline\">Misi\u00f3n<\/h3>\n\n<p><strong>La Gala de los Premios MLNR se propone promover y recompensar el esp\u00edritu creador, innovador e inventivo del pueblo rumano en \u00e1mbitos vitales para nuestro destino colectivo.<\/strong><\/p>\n\n<p>La Gala de los Premios MLNR busca estimular y desarrollar el conocimiento en cualquier campo de investigaci\u00f3n, incluidas las ciencias socio-humanas, tanto a trav\u00e9s de la investigaci\u00f3n fundamental como de investigaciones avanzadas para el desarrollo de problemas complejos, mediante la adquisici\u00f3n de nuevos conocimientos sobre fen\u00f3menos y procesos, la formulaci\u00f3n y validaci\u00f3n de hip\u00f3tesis originales, modelos conceptuales y teor\u00edas.<\/p>\n\n<p>La Gala de los Premios MLNR tiene como objetivo promover investigaciones originales y aumentar la capacidad de investigaci\u00f3n, con implicaciones favorables en la competitividad internacional de la investigaci\u00f3n rumana.<\/p>\n\n<h3 class=\"wp-block-heading background-text-main-inline\">7 premios cada a\u00f1o<\/h3>\n\n<p>Cada a\u00f1o, el 21 de junio, la MLNR otorga, en el marco de una festividad organizada en el Ateneo Rumano, 7 premios de 10.000 euros cada uno, para los siguientes \u00e1mbitos de referencia:<\/p>\n\n<ol class=\"wp-block-list\">\n<li>Premio Grigore Moisil para Ciencias Exactas;<\/li>\n\n\n\n<li>Premio Henri Coand\u0103 para Ciencias Aplicadas;<\/li>\n\n\n\n<li>Premio Carol Davila para Medicina;<\/li>\n\n\n\n<li>Premio Constantin Br\u00e2ncu\u015fi para Arte y Cultura;<\/li>\n\n\n\n<li>Premio Nicolae Titulescu para Diplomacia y Ciencia Pol\u00edtica;<\/li>\n\n\n\n<li>Premio Eugeniu Carada para Econom\u00eda;<\/li>\n\n\n\n<li>Premio Spiru Haret para Social, Medio Ambiente, Educaci\u00f3n.<\/li>\n<\/ol>\n\n<p>Los premios llevan el nombre de personalidades representativas del \u00e1mbito de referencia y que han pertenecido a la confraternidad m\u00e1s respetable del mundo: la Francmasoner\u00eda.<\/p>\n\n<p>Los premios se conceden a todos los ciudadanos rumanos residentes o no residentes en el territorio de Ruman\u00eda, independientemente de su sexo, religi\u00f3n o edad, francmasones o profanos, que en el transcurso del a\u00f1o anterior a la concesi\u00f3n de los premios hayan realizado una obra, un descubrimiento, invenci\u00f3n o innovaci\u00f3n, hayan emitido una teor\u00eda, teorema, ecuaci\u00f3n, hayan puesto a punto una t\u00e9cnica, m\u00e9todo, procedimiento con impacto macro-social en uno de los 7 \u00e1mbitos premiados o que, mediante el ejercicio de la profesi\u00f3n o de la dignidad p\u00fablica, hayan aportado importantes servicios o beneficios al pa\u00eds.<\/p>\n\n<p>Menci\u00f3n especial merece el abogado Dr. Remus Borza, Gran Maestro de Honor de la Gran Logia Nacional de Ruman\u00eda.<\/p>\n\n    <div class=\"loading-spinner d-none justify-content-center align-items-center mb-4 js-loading-spinner text-center\" >\n        <div class=\"spinner-border text-primary\" role=\"status\">\n            <span class=\"visually-hidden\">Loading...<\/span>\n        <\/div>\n    <\/div>\n    <div class=\"list-personalities-shortcode alignfull list-personalities-shortcode--gala_premiilor\">\n        <div class=\"row d-flex \">\n            \r\n<div class=\"row mt-2 mb-5 preview-post-info-row\">\r\n    <div class=\"col-lg-6 \">\r\n        <div class=\"background-image-post-preview \" style=\"background-image: url(https:\/\/www.mlnr.ro\/wp-content\/uploads\/2024\/09\/ateneul-1024x538.jpg); background-size: cover; background-position: center;\" >\r\n\r\n        <\/div>\r\n    <\/div>\r\n    <div class=\"col-lg-6 d-flex align-items-center preview-post-info-container\">\r\n        <div class=\"preview-post-info\">\r\n            <p><\/p>\r\n            <h3>XII edici\u00f3n de la Gala de los Premios MLNR<\/h3>\r\n            <p>El Ateneo Rumano Una celebraci\u00f3n de la excelencia rumana en el Ateneo Rumano La duod\u00e9cima edici\u00f3n de la Gala de los Premios de la Gran Logia Nacional de Ruman\u00eda (MLNR)...<\/p>\r\n            <a href=\"https:\/\/www.mlnr.ro\/es\/gala-premiilor\/xii-edicion-de-la-gala-de-los-premios-mlnr\/\" class=\"btn-more-link\">M\u00e1s informaci\u00f3n<\/a>\r\n        <\/div>\r\n\r\n    <\/div>\r\n<\/div>\r\n\n            \r\n<div class=\"row mt-2 mb-5 preview-post-info-row\">\r\n    <div class=\"col-lg-6  order-lg-2\">\r\n        <div class=\"background-image-post-preview \" style=\"background-image: url(https:\/\/www.mlnr.ro\/wp-content\/uploads\/2024\/09\/ateneul-1024x538.jpg); background-size: cover; background-position: center;\" >\r\n\r\n        <\/div>\r\n    <\/div>\r\n    <div class=\"col-lg-6 d-flex align-items-center preview-post-info-container\">\r\n        <div class=\"preview-post-info\">\r\n            <p><\/p>\r\n            <h3>XI edici\u00f3n de la Gala de Premios MLNR<\/h3>\r\n            <p>Premios y galardonados Premio \u00abGrigore Moisil\u00bb de Ciencias ExactasEl Dr. Paul Vasos, del Instituto de Ingenier\u00eda y F\u00edsica Nuclear \u00abHoria Hulubei\u00bb y de la Universidad de Bucarest, ha sido galardonado...<\/p>\r\n            <a href=\"https:\/\/www.mlnr.ro\/es\/gala-premiilor\/xi-edicion-de-la-gala-de-premios-mlnr\/\" class=\"btn-more-link\">M\u00e1s informaci\u00f3n<\/a>\r\n        <\/div>\r\n\r\n    <\/div>\r\n<\/div>\r\n\n            \r\n<div class=\"row mt-2 mb-5 preview-post-info-row\">\r\n    <div class=\"col-lg-6 \">\r\n        <div class=\"background-image-post-preview \" style=\"background-image: url(https:\/\/www.mlnr.ro\/wp-content\/uploads\/2024\/09\/ateneul-1024x538.jpg); background-size: cover; background-position: center;\" >\r\n\r\n        <\/div>\r\n    <\/div>\r\n    <div class=\"col-lg-6 d-flex align-items-center preview-post-info-container\">\r\n        <div class=\"preview-post-info\">\r\n            <p><\/p>\r\n            <h3>X edici\u00f3n de la Gala de Premios MLNR<\/h3>\r\n            <p>Ganadores Premio Grigore Moisil de Ciencias Exactas: Acad. Gabriela Marinoschi por su monograf\u00eda \u00abDual Variational Approach to Nonlinear Diffusion Equations\u00bb (Enfoque variacional dual de ecuaciones de difusi\u00f3n no lineales). Premio...<\/p>\r\n            <a href=\"https:\/\/www.mlnr.ro\/es\/gala-premiilor\/x-edicion-de-la-gala-de-premios-mlnr\/\" class=\"btn-more-link\">M\u00e1s informaci\u00f3n<\/a>\r\n        <\/div>\r\n\r\n    <\/div>\r\n<\/div>\r\n\n            \r\n<div class=\"row mt-2 mb-5 preview-post-info-row\">\r\n    <div class=\"col-lg-6  order-lg-2\">\r\n        <div class=\"background-image-post-preview \" style=\"background-image: url(https:\/\/www.mlnr.ro\/wp-content\/uploads\/2024\/09\/ateneul-1024x538.jpg); background-size: cover; background-position: center;\" >\r\n\r\n        <\/div>\r\n    <\/div>\r\n    <div class=\"col-lg-6 d-flex align-items-center preview-post-info-container\">\r\n        <div class=\"preview-post-info\">\r\n            <p><\/p>\r\n            <h3>La IX edici\u00f3n de la Gala de los Premios MLNR<\/h3>\r\n            <p>Ganadores Premio Grigore Moisil de ciencias exactas: El Dr. Radu Purice, investigador cient\u00edfico del Instituto de Matem\u00e1ticas Simion Stoilov, fue galardonado por sus trabajos publicados en prestigiosas revistas. \u00abAgradezco a...<\/p>\r\n            <a href=\"https:\/\/www.mlnr.ro\/es\/gala-premiilor\/la-ix-edicion-de-la-gala-de-los-premios-mlnr\/\" class=\"btn-more-link\">M\u00e1s informaci\u00f3n<\/a>\r\n        <\/div>\r\n\r\n    <\/div>\r\n<\/div>\r\n\n            \r\n<div class=\"row mt-2 mb-5 preview-post-info-row\">\r\n    <div class=\"col-lg-6 \">\r\n        <div class=\"background-image-post-preview \" style=\"background-image: url(https:\/\/www.mlnr.ro\/wp-content\/uploads\/2024\/09\/ateneul-1024x538.jpg); background-size: cover; background-position: center;\" >\r\n\r\n        <\/div>\r\n    <\/div>\r\n    <div class=\"col-lg-6 d-flex align-items-center preview-post-info-container\">\r\n        <div class=\"preview-post-info\">\r\n            <p><\/p>\r\n            <h3>VIII edici\u00f3n de la Gala de Premios MLNR<\/h3>\r\n            <p>Ganadores Ganadores de la VIII edici\u00f3n de la Gala de Premios de la Gran Logia Nacional de Ruman\u00eda: 1. PREMIO GRIGORE MOISIL DE CIENCIAS EXACTAS Laureados: Profesor Doctor Victor David...<\/p>\r\n            <a href=\"https:\/\/www.mlnr.ro\/es\/gala-premiilor\/viii-edicion-de-la-gala-de-premios-mlnr\/\" class=\"btn-more-link\">M\u00e1s informaci\u00f3n<\/a>\r\n        <\/div>\r\n\r\n    <\/div>\r\n<\/div>\r\n\n            \r\n<div class=\"row mt-2 mb-5 preview-post-info-row\">\r\n    <div class=\"col-lg-6  order-lg-2\">\r\n        <div class=\"background-image-post-preview \" style=\"background-image: url(https:\/\/www.mlnr.ro\/wp-content\/uploads\/2024\/09\/ateneul-1024x538.jpg); background-size: cover; background-position: center;\" >\r\n\r\n        <\/div>\r\n    <\/div>\r\n    <div class=\"col-lg-6 d-flex align-items-center preview-post-info-container\">\r\n        <div class=\"preview-post-info\">\r\n            <p><\/p>\r\n            <h3>VII edici\u00f3n de la Gala de Premios MLNR<\/h3>\r\n            <p>Ganadores 1. PREMIO GRIGORE MOISIL DE CIENCIAS EXACTAS Galardonado: Profesor Doctor Cristian En\u0103chescu 2. PREMIO HENRI COAND\u0102 DE CIENCIAS APLICADAS Galardonado: Profesor Doctor Mircea Eremia 3. PREMIO CAROL DAVILA DE...<\/p>\r\n            <a href=\"https:\/\/www.mlnr.ro\/es\/gala-premiilor\/vii-edicion-de-la-gala-de-premios-mlnr\/\" class=\"btn-more-link\">M\u00e1s informaci\u00f3n<\/a>\r\n        <\/div>\r\n\r\n    <\/div>\r\n<\/div>\r\n\n                    <\/div>\n    <\/div>\n    <div class=\"load-more-container text-center\">\n                <button class=\"btn btn-primary js-load-more js-load-more--gala_premiilor \"\n                data-post-type=\"gala_premiilor\"\n                data-offset=\"6\"\n                data-max=\"6\"\n\n                data-category=\"\">\n            \u00cencarc\u0103 mai multe\n        <\/button>\n    <\/div>\n\n\n\n\n\n\n\n    \n","protected":false},"excerpt":{"rendered":"<p>MLNR en colaboraci\u00f3n con la Sociedad Civil La GALA DE PREMIOS MLNR se organiza en colaboraci\u00f3n con la Academia Rumana, el Ministerio de Educaci\u00f3n, el Ministerio de Cultura y la Universidad Babe\u0219 Bolyai de Cluj Napoca, la Universidad de Bucarest, la ASE, la Universidad de Medicina Carol Davila de Bucarest, la Universidad Alexandru Ioan Cuza&hellip; <a class=\"more-link\" href=\"https:\/\/www.mlnr.ro\/es\/gala-premiilor\/vii-edicion-de-la-gala-de-premios-mlnr\/\">Continue reading <span class=\"screen-reader-text\">VII edici\u00f3n de la Gala de Premios MLNR<\/span><\/a><\/p>\n","protected":false},"author":1,"featured_media":2005,"parent":0,"menu_order":0,"comment_status":"closed","ping_status":"closed","template":"","meta":{"_acf_changed":false,"footnotes":""},"class_list":["post-2004","page","type-page","status-publish","has-post-thumbnail","hentry","entry"],"acf":[],"yoast_head":"<!-- This site is optimized with the Yoast SEO plugin v27.0 - https:\/\/yoast.com\/product\/yoast-seo-wordpress\/ -->\n<title>Gala de los Premios de la Gran Logia - MLNR<\/title>\n<meta name=\"robots\" content=\"index, follow, max-snippet:-1, max-image-preview:large, max-video-preview:-1\" \/>\n<link rel=\"canonical\" href=\"https:\/\/www.mlnr.ro\/es\/gala-de-los-premios-de-la-gran-logia\/\" \/>\n<meta property=\"og:locale\" content=\"es_ES\" \/>\n<meta property=\"og:type\" content=\"article\" \/>\n<meta property=\"og:title\" content=\"Gala de los Premios de la Gran Logia - MLNR\" \/>\n<meta property=\"og:description\" content=\"MLNR en colaboraci\u00f3n con la Sociedad Civil La GALA DE PREMIOS MLNR se organiza en colaboraci\u00f3n con la Academia Rumana, el Ministerio de Educaci\u00f3n, el Ministerio de Cultura y la Universidad Babe\u0219 Bolyai de Cluj Napoca, la Universidad de Bucarest, la ASE, la Universidad de Medicina Carol Davila de Bucarest, la Universidad Alexandru Ioan Cuza&hellip; Continue reading VII edici\u00f3n de la Gala de Premios MLNR\" \/>\n<meta property=\"og:url\" content=\"https:\/\/www.mlnr.ro\/es\/gala-de-los-premios-de-la-gran-logia\/\" \/>\n<meta property=\"og:site_name\" content=\"MLNR\" \/>\n<meta property=\"article:modified_time\" content=\"2026-03-06T11:31:18+00:00\" \/>\n<meta property=\"og:image\" content=\"https:\/\/www.mlnr.ro\/wp-content\/uploads\/2024\/09\/ateneul.jpg\" \/>\n\t<meta property=\"og:image:width\" content=\"1920\" \/>\n\t<meta property=\"og:image:height\" content=\"1008\" \/>\n\t<meta property=\"og:image:type\" content=\"image\/jpeg\" \/>\n<meta name=\"twitter:card\" content=\"summary_large_image\" \/>\n<meta name=\"twitter:label1\" content=\"Tiempo de lectura\" \/>\n\t<meta name=\"twitter:data1\" content=\"2 minutes\" \/>\n<script type=\"application\/ld+json\" class=\"yoast-schema-graph\">{\"@context\":\"https:\/\/schema.org\",\"@graph\":[{\"@type\":\"WebPage\",\"@id\":\"https:\/\/www.mlnr.ro\/es\/gala-de-los-premios-de-la-gran-logia\/\",\"url\":\"https:\/\/www.mlnr.ro\/es\/gala-de-los-premios-de-la-gran-logia\/\",\"name\":\"Gala de los Premios de la Gran Logia - MLNR\",\"isPartOf\":{\"@id\":\"https:\/\/www.mlnr.ro\/es\/#website\"},\"primaryImageOfPage\":{\"@id\":\"https:\/\/www.mlnr.ro\/es\/gala-de-los-premios-de-la-gran-logia\/#primaryimage\"},\"image\":{\"@id\":\"https:\/\/www.mlnr.ro\/es\/gala-de-los-premios-de-la-gran-logia\/#primaryimage\"},\"thumbnailUrl\":\"https:\/\/www.mlnr.ro\/wp-content\/uploads\/2024\/09\/ateneul.jpg\",\"datePublished\":\"2026-01-15T15:11:30+00:00\",\"dateModified\":\"2026-03-06T11:31:18+00:00\",\"breadcrumb\":{\"@id\":\"https:\/\/www.mlnr.ro\/es\/gala-de-los-premios-de-la-gran-logia\/#breadcrumb\"},\"inLanguage\":\"es-ES\",\"potentialAction\":[{\"@type\":\"ReadAction\",\"target\":[\"https:\/\/www.mlnr.ro\/es\/gala-de-los-premios-de-la-gran-logia\/\"]}]},{\"@type\":\"ImageObject\",\"inLanguage\":\"es-ES\",\"@id\":\"https:\/\/www.mlnr.ro\/es\/gala-de-los-premios-de-la-gran-logia\/#primaryimage\",\"url\":\"https:\/\/www.mlnr.ro\/wp-content\/uploads\/2024\/09\/ateneul.jpg\",\"contentUrl\":\"https:\/\/www.mlnr.ro\/wp-content\/uploads\/2024\/09\/ateneul.jpg\",\"width\":1920,\"height\":1008},{\"@type\":\"BreadcrumbList\",\"@id\":\"https:\/\/www.mlnr.ro\/es\/gala-de-los-premios-de-la-gran-logia\/#breadcrumb\",\"itemListElement\":[{\"@type\":\"ListItem\",\"position\":1,\"name\":\"Prima pagin\u0103\",\"item\":\"https:\/\/www.mlnr.ro\/es\/\"},{\"@type\":\"ListItem\",\"position\":2,\"name\":\"Gala de los Premios de la Gran Logia\"}]},{\"@type\":\"WebSite\",\"@id\":\"https:\/\/www.mlnr.ro\/es\/#website\",\"url\":\"https:\/\/www.mlnr.ro\/es\/\",\"name\":\"MLNR\",\"description\":\"\",\"publisher\":{\"@id\":\"https:\/\/www.mlnr.ro\/es\/#organization\"},\"potentialAction\":[{\"@type\":\"SearchAction\",\"target\":{\"@type\":\"EntryPoint\",\"urlTemplate\":\"https:\/\/www.mlnr.ro\/es\/?s={search_term_string}\"},\"query-input\":{\"@type\":\"PropertyValueSpecification\",\"valueRequired\":true,\"valueName\":\"search_term_string\"}}],\"inLanguage\":\"es-ES\"},{\"@type\":\"Organization\",\"@id\":\"https:\/\/www.mlnr.ro\/es\/#organization\",\"name\":\"MLNR\",\"url\":\"https:\/\/www.mlnr.ro\/es\/\",\"logo\":{\"@type\":\"ImageObject\",\"inLanguage\":\"es-ES\",\"@id\":\"https:\/\/www.mlnr.ro\/es\/#\/schema\/logo\/image\/\",\"url\":\"https:\/\/www.mlnr.ro\/wp-content\/uploads\/2025\/12\/prj-edited.png\",\"contentUrl\":\"https:\/\/www.mlnr.ro\/wp-content\/uploads\/2025\/12\/prj-edited.png\",\"width\":300,\"height\":188,\"caption\":\"MLNR\"},\"image\":{\"@id\":\"https:\/\/www.mlnr.ro\/es\/#\/schema\/logo\/image\/\"}}]}<\/script>\n<!-- \/ Yoast SEO plugin. -->","yoast_head_json":{"title":"Gala de los Premios de la Gran Logia - MLNR","robots":{"index":"index","follow":"follow","max-snippet":"max-snippet:-1","max-image-preview":"max-image-preview:large","max-video-preview":"max-video-preview:-1"},"canonical":"https:\/\/www.mlnr.ro\/es\/gala-de-los-premios-de-la-gran-logia\/","og_locale":"es_ES","og_type":"article","og_title":"Gala de los Premios de la Gran Logia - MLNR","og_description":"MLNR en colaboraci\u00f3n con la Sociedad Civil La GALA DE PREMIOS MLNR se organiza en colaboraci\u00f3n con la Academia Rumana, el Ministerio de Educaci\u00f3n, el Ministerio de Cultura y la Universidad Babe\u0219 Bolyai de Cluj Napoca, la Universidad de Bucarest, la ASE, la Universidad de Medicina Carol Davila de Bucarest, la Universidad Alexandru Ioan Cuza&hellip; Continue reading VII edici\u00f3n de la Gala de Premios MLNR","og_url":"https:\/\/www.mlnr.ro\/es\/gala-de-los-premios-de-la-gran-logia\/","og_site_name":"MLNR","article_modified_time":"2026-03-06T11:31:18+00:00","og_image":[{"width":1920,"height":1008,"url":"https:\/\/www.mlnr.ro\/wp-content\/uploads\/2024\/09\/ateneul.jpg","type":"image\/jpeg"}],"twitter_card":"summary_large_image","twitter_misc":{"Tiempo de lectura":"2 minutes"},"schema":{"@context":"https:\/\/schema.org","@graph":[{"@type":"WebPage","@id":"https:\/\/www.mlnr.ro\/es\/gala-de-los-premios-de-la-gran-logia\/","url":"https:\/\/www.mlnr.ro\/es\/gala-de-los-premios-de-la-gran-logia\/","name":"Gala de los Premios de la Gran Logia - MLNR","isPartOf":{"@id":"https:\/\/www.mlnr.ro\/es\/#website"},"primaryImageOfPage":{"@id":"https:\/\/www.mlnr.ro\/es\/gala-de-los-premios-de-la-gran-logia\/#primaryimage"},"image":{"@id":"https:\/\/www.mlnr.ro\/es\/gala-de-los-premios-de-la-gran-logia\/#primaryimage"},"thumbnailUrl":"https:\/\/www.mlnr.ro\/wp-content\/uploads\/2024\/09\/ateneul.jpg","datePublished":"2026-01-15T15:11:30+00:00","dateModified":"2026-03-06T11:31:18+00:00","breadcrumb":{"@id":"https:\/\/www.mlnr.ro\/es\/gala-de-los-premios-de-la-gran-logia\/#breadcrumb"},"inLanguage":"es-ES","potentialAction":[{"@type":"ReadAction","target":["https:\/\/www.mlnr.ro\/es\/gala-de-los-premios-de-la-gran-logia\/"]}]},{"@type":"ImageObject","inLanguage":"es-ES","@id":"https:\/\/www.mlnr.ro\/es\/gala-de-los-premios-de-la-gran-logia\/#primaryimage","url":"https:\/\/www.mlnr.ro\/wp-content\/uploads\/2024\/09\/ateneul.jpg","contentUrl":"https:\/\/www.mlnr.ro\/wp-content\/uploads\/2024\/09\/ateneul.jpg","width":1920,"height":1008},{"@type":"BreadcrumbList","@id":"https:\/\/www.mlnr.ro\/es\/gala-de-los-premios-de-la-gran-logia\/#breadcrumb","itemListElement":[{"@type":"ListItem","position":1,"name":"Prima pagin\u0103","item":"https:\/\/www.mlnr.ro\/es\/"},{"@type":"ListItem","position":2,"name":"Gala de los Premios de la Gran Logia"}]},{"@type":"WebSite","@id":"https:\/\/www.mlnr.ro\/es\/#website","url":"https:\/\/www.mlnr.ro\/es\/","name":"MLNR","description":"","publisher":{"@id":"https:\/\/www.mlnr.ro\/es\/#organization"},"potentialAction":[{"@type":"SearchAction","target":{"@type":"EntryPoint","urlTemplate":"https:\/\/www.mlnr.ro\/es\/?s={search_term_string}"},"query-input":{"@type":"PropertyValueSpecification","valueRequired":true,"valueName":"search_term_string"}}],"inLanguage":"es-ES"},{"@type":"Organization","@id":"https:\/\/www.mlnr.ro\/es\/#organization","name":"MLNR","url":"https:\/\/www.mlnr.ro\/es\/","logo":{"@type":"ImageObject","inLanguage":"es-ES","@id":"https:\/\/www.mlnr.ro\/es\/#\/schema\/logo\/image\/","url":"https:\/\/www.mlnr.ro\/wp-content\/uploads\/2025\/12\/prj-edited.png","contentUrl":"https:\/\/www.mlnr.ro\/wp-content\/uploads\/2025\/12\/prj-edited.png","width":300,"height":188,"caption":"MLNR"},"image":{"@id":"https:\/\/www.mlnr.ro\/es\/#\/schema\/logo\/image\/"}}]}},"_links":{"self":[{"href":"https:\/\/www.mlnr.ro\/es\/wp-json\/wp\/v2\/pages\/2004","targetHints":{"allow":["GET"]}}],"collection":[{"href":"https:\/\/www.mlnr.ro\/es\/wp-json\/wp\/v2\/pages"}],"about":[{"href":"https:\/\/www.mlnr.ro\/es\/wp-json\/wp\/v2\/types\/page"}],"author":[{"embeddable":true,"href":"https:\/\/www.mlnr.ro\/es\/wp-json\/wp\/v2\/users\/1"}],"replies":[{"embeddable":true,"href":"https:\/\/www.mlnr.ro\/es\/wp-json\/wp\/v2\/comments?post=2004"}],"version-history":[{"count":2,"href":"https:\/\/www.mlnr.ro\/es\/wp-json\/wp\/v2\/pages\/2004\/revisions"}],"predecessor-version":[{"id":4729,"href":"https:\/\/www.mlnr.ro\/es\/wp-json\/wp\/v2\/pages\/2004\/revisions\/4729"}],"wp:featuredmedia":[{"embeddable":true,"href":"https:\/\/www.mlnr.ro\/es\/wp-json\/wp\/v2\/media\/2005"}],"wp:attachment":[{"href":"https:\/\/www.mlnr.ro\/es\/wp-json\/wp\/v2\/media?parent=2004"}],"curies":[{"name":"wp","href":"https:\/\/api.w.org\/{rel}","templated":true}]}}