{"id":2033,"date":"2026-01-15T17:25:33","date_gmt":"2026-01-15T15:25:33","guid":{"rendered":"https:mlnr.ro\/actividades-sociales\/"},"modified":"2026-01-23T18:24:35","modified_gmt":"2026-01-23T16:24:35","slug":"actividades-sociales","status":"publish","type":"page","link":"https:\/\/www.mlnr.ro\/es\/actividades-sociales\/","title":{"rendered":"Actividades sociales"},"content":{"rendered":"\n    <div class=\"loading-spinner d-none justify-content-center align-items-center mb-4 js-loading-spinner text-center\" >\n        <div class=\"spinner-border text-primary\" role=\"status\">\n            <span class=\"visually-hidden\">Loading...<\/span>\n        <\/div>\n    <\/div>\n    <div class=\"list-personalities-shortcode alignfull list-personalities-shortcode--activitati_sociale\">\n        <div class=\"row d-flex \">\n                                <div class=\"col-12 stretched-type\">\n                        \r\n<div class=\"row mt-2 mb-5 preview-post-info-row\">\r\n    <div class=\"col-lg-6 \">\r\n        <div class=\"background-image-post-preview \" style=\"background-image: url(https:\/\/www.mlnr.ro\/wp-content\/uploads\/2026\/03\/image1-1024x682.jpeg); background-size: cover; background-position: center;\" >\r\n\r\n        <\/div>\r\n    <\/div>\r\n    <div class=\"col-lg-6 d-flex align-items-center preview-post-info-container\">\r\n        <div class=\"preview-post-info\">\r\n            <p><\/p>\r\n            <h3>Nadia Com\u0103neci, homenajeada por la Gran Logia Nacional de Ruman\u00eda: 50 a\u00f1os desde su primer 10<\/h3>\r\n            <p>La noche del 12 de marzo de 2026, el Museo Nacional de Arte de Ruman\u00eda acogi\u00f3 un acto dedicado a la excelencia, organizado por la Gran Logia Nacional de Ruman\u00eda....<\/p>\r\n            <a href=\"https:\/\/www.mlnr.ro\/es\/activitati_sociale\/nadia-comaneci-homenajeada-por-la-gran-logia-nacional-de-rumania-50-anos-desde-su-primer-10\/\" class=\"btn-more-link\">M\u00e1s informaci\u00f3n<\/a>\r\n        <\/div>\r\n\r\n    <\/div>\r\n<\/div>\r\n\n                    <\/div>\n                    \n            \r\n<div class=\"col-lg-4 col-md-6 mt-2 mb-4 preview-post-info-row align-self-stretch\">\r\n    <div class=\"col-lg-12  \">\r\n        <div class=\"background-image-post-preview \" style=\"background-image: url(https:\/\/www.mlnr.ro\/wp-content\/uploads\/2026\/01\/WhatsApp-Image-2026-01-23-at-14.54.07-1024x768.jpeg); background-size: cover; background-position: center;\" >\r\n\r\n        <\/div>\r\n    <\/div>\r\n    <div class=\"col-lg-12 d-flex align-items-center preview-post-info-container no-offset\">\r\n        <div class=\"preview-post-info align-self-stretch\">\r\n            <p><\/p>\r\n            <h3>\u00bfQu\u00e9 sucede cuando la palabra se encuentra con el sonido?<\/h3>\r\n            <p>El D\u00eda de la Cultura Nacional, el 15 de enero de 2026, la poes\u00eda y la m\u00fasica se unieron en una velada que nos acerc\u00f3 al pasado.Las letras de Mihai...<\/p>\r\n            <a href=\"https:\/\/www.mlnr.ro\/es\/activitati_sociale\/que-sucede-cuando-la-palabra-se-encuentra-con-el-sonido\/\" class=\"btn-more-link\">M\u00e1s informaci\u00f3n<\/a>\r\n        <\/div>\r\n\r\n    <\/div>\r\n<\/div>\r\n\n            \r\n<div class=\"col-lg-4 col-md-6 mt-2 mb-4 preview-post-info-row align-self-stretch\">\r\n    <div class=\"col-lg-12 \">\r\n        <div class=\"background-image-post-preview \" style=\"background-image: url(https:\/\/www.mlnr.ro\/wp-content\/uploads\/2026\/01\/WhatsApp-Image-2026-01-21-at-16.09.11-1024x768.jpeg); background-size: cover; background-position: center;\" >\r\n\r\n        <\/div>\r\n    <\/div>\r\n    <div class=\"col-lg-12 d-flex align-items-center preview-post-info-container no-offset\">\r\n        <div class=\"preview-post-info align-self-stretch\">\r\n            <p><\/p>\r\n            <h3>Gaudeamus 2025<\/h3>\r\n            <p>Un nuevo cap\u00edtulo: la editorial MLNR en Gaudeamus 2025 Ciertos momentos no pueden definirse solo como acontecimientos, sino como hitos. Marcan la continuidad de una obra en curso y abren...<\/p>\r\n            <a href=\"https:\/\/www.mlnr.ro\/es\/activitati_sociale\/gaudeamus-2025\/\" class=\"btn-more-link\">M\u00e1s informaci\u00f3n<\/a>\r\n        <\/div>\r\n\r\n    <\/div>\r\n<\/div>\r\n\n            \r\n<div class=\"col-lg-4 col-md-6 mt-2 mb-4 preview-post-info-row align-self-stretch\">\r\n    <div class=\"col-lg-12  \">\r\n        <div class=\"background-image-post-preview \" style=\"background-image: url(https:\/\/www.mlnr.ro\/wp-content\/uploads\/2026\/01\/WhatsApp-Image-2026-01-21-at-16.08.24-1024x683.jpeg); background-size: cover; background-position: center;\" >\r\n\r\n        <\/div>\r\n    <\/div>\r\n    <div class=\"col-lg-12 d-flex align-items-center preview-post-info-container no-offset\">\r\n        <div class=\"preview-post-info align-self-stretch\">\r\n            <p><\/p>\r\n            <h3>Gala del Centenario de la Federaci\u00f3n Rumana de Remo<\/h3>\r\n            <p>El Palacio del Parlamento Hay momentos en la historia de una naci\u00f3n en los que el esfuerzo individual se convierte en ritmo colectivo y el trabajo se transforma en arte....<\/p>\r\n            <a href=\"https:\/\/www.mlnr.ro\/es\/activitati_sociale\/gala-del-centenario-de-la-federacion-rumana-de-remo\/\" class=\"btn-more-link\">M\u00e1s informaci\u00f3n<\/a>\r\n        <\/div>\r\n\r\n    <\/div>\r\n<\/div>\r\n\n            \r\n<div class=\"col-lg-4 col-md-6 mt-2 mb-4 preview-post-info-row align-self-stretch\">\r\n    <div class=\"col-lg-12 \">\r\n        <div class=\"background-image-post-preview \" style=\"background-image: url(https:\/\/www.mlnr.ro\/wp-content\/uploads\/2026\/01\/WhatsApp-Image-2026-01-21-at-16.01.18-2.jpeg); background-size: cover; background-position: center;\" >\r\n\r\n        <\/div>\r\n    <\/div>\r\n    <div class=\"col-lg-12 d-flex align-items-center preview-post-info-container no-offset\">\r\n        <div class=\"preview-post-info align-self-stretch\">\r\n            <p><\/p>\r\n            <h3>Baile MLNR en la \u00d3pera Nacional de Bucarest<\/h3>\r\n            <p>Una velada bajo el signo de la Luz Primera edici\u00f3n del Baile MLNR en la \u00d3pera Nacional de Bucarest Hay noches que pasan. Y hay noches que permanecen. El 20...<\/p>\r\n            <a href=\"https:\/\/www.mlnr.ro\/es\/activitati_sociale\/baile-mlnr-en-la-opera-nacional-de-bucarest\/\" class=\"btn-more-link\">M\u00e1s informaci\u00f3n<\/a>\r\n        <\/div>\r\n\r\n    <\/div>\r\n<\/div>\r\n\n            \r\n<div class=\"col-lg-4 col-md-6 mt-2 mb-4 preview-post-info-row align-self-stretch\">\r\n    <div class=\"col-lg-12  \">\r\n        <div class=\"background-image-post-preview \" style=\"background-image: url(https:\/\/www.mlnr.ro\/wp-content\/uploads\/2026\/01\/e56cc6f1-29ae-497f-ac0f-33794f2834f5-1-768x1024.jpg); background-size: cover; background-position: center;\" >\r\n\r\n        <\/div>\r\n    <\/div>\r\n    <div class=\"col-lg-12 d-flex align-items-center preview-post-info-container no-offset\">\r\n        <div class=\"preview-post-info align-self-stretch\">\r\n            <p><\/p>\r\n            <h3>Busto del acad\u00e9mico Henri Marie Coand\u0103<\/h3>\r\n            <p>En el esp\u00edritu de su misi\u00f3n fundamental de promover y honrar el patrimonio cultural rumano, as\u00ed como a las personalidades ilustres que, a trav\u00e9s de sus contribuciones sustanciales en arte,...<\/p>\r\n            <a href=\"https:\/\/www.mlnr.ro\/es\/activitati_sociale\/busto-del-academico-henri-marie-coanda\/\" class=\"btn-more-link\">M\u00e1s informaci\u00f3n<\/a>\r\n        <\/div>\r\n\r\n    <\/div>\r\n<\/div>\r\n\n            \r\n<div class=\"col-lg-4 col-md-6 mt-2 mb-4 preview-post-info-row align-self-stretch\">\r\n    <div class=\"col-lg-12 \">\r\n        <div class=\"background-image-post-preview \" style=\"background-image: url(https:\/\/www.mlnr.ro\/wp-content\/uploads\/2026\/01\/1-1024x537.jpg); background-size: cover; background-position: center;\" >\r\n\r\n        <\/div>\r\n    <\/div>\r\n    <div class=\"col-lg-12 d-flex align-items-center preview-post-info-container no-offset\">\r\n        <div class=\"preview-post-info align-self-stretch\">\r\n            <p><\/p>\r\n            <h3>Museo por un d\u00eda<\/h3>\r\n            <p>En el contexto del \u00abA\u00f1o Mihai Eminescu\u00bb, declarado por la Gran Logia Nacional de Ruman\u00eda en 2025, con motivo del 175 aniversario del nacimiento del poeta, el proyecto Museo por...<\/p>\r\n            <a href=\"https:\/\/www.mlnr.ro\/es\/activitati_sociale\/museo-por-un-dia\/\" class=\"btn-more-link\">M\u00e1s informaci\u00f3n<\/a>\r\n        <\/div>\r\n\r\n    <\/div>\r\n<\/div>\r\n\n                    <\/div>\n    <\/div>\n    <div class=\"load-more-container text-center\">\n                <button class=\"btn btn-primary js-load-more-2 js-load-more--activitati_sociale \"\n                data-post-type=\"activitati_sociale\"\n                data-offset=\"7\"\n                data-max=\"7\"\n\n                data-category=\"\">\n            Cargar m\u00e1s        <\/button>\n    <\/div>\n\n\n\n\n\n\n\n    \n\n\n\n<p><\/p>\n","protected":false},"excerpt":{"rendered":"","protected":false},"author":1,"featured_media":2829,"parent":0,"menu_order":0,"comment_status":"closed","ping_status":"closed","template":"","meta":{"_acf_changed":false,"footnotes":""},"class_list":["post-2033","page","type-page","status-publish","has-post-thumbnail","hentry","entry"],"acf":[],"yoast_head":"<!-- This site is optimized with the Yoast SEO plugin v27.0 - https:\/\/yoast.com\/product\/yoast-seo-wordpress\/ -->\n<title>Actividades sociales - MLNR<\/title>\n<meta name=\"robots\" content=\"index, follow, max-snippet:-1, max-image-preview:large, max-video-preview:-1\" \/>\n<link rel=\"canonical\" href=\"https:\/\/www.mlnr.ro\/es\/actividades-sociales\/\" \/>\n<meta property=\"og:locale\" content=\"es_ES\" \/>\n<meta property=\"og:type\" content=\"article\" \/>\n<meta property=\"og:title\" content=\"Actividades sociales - MLNR\" \/>\n<meta property=\"og:url\" content=\"https:\/\/www.mlnr.ro\/es\/actividades-sociales\/\" \/>\n<meta property=\"og:site_name\" content=\"MLNR\" \/>\n<meta property=\"article:modified_time\" content=\"2026-01-23T16:24:35+00:00\" \/>\n<meta property=\"og:image\" content=\"https:\/\/www.mlnr.ro\/wp-content\/uploads\/2026\/01\/Activitati-Sociale.jpeg\" \/>\n\t<meta property=\"og:image:width\" content=\"1600\" \/>\n\t<meta property=\"og:image:height\" content=\"708\" \/>\n\t<meta property=\"og:image:type\" content=\"image\/jpeg\" \/>\n<meta name=\"twitter:card\" content=\"summary_large_image\" \/>\n<script type=\"application\/ld+json\" class=\"yoast-schema-graph\">{\"@context\":\"https:\/\/schema.org\",\"@graph\":[{\"@type\":\"WebPage\",\"@id\":\"https:\/\/www.mlnr.ro\/es\/actividades-sociales\/\",\"url\":\"https:\/\/www.mlnr.ro\/es\/actividades-sociales\/\",\"name\":\"Actividades sociales - MLNR\",\"isPartOf\":{\"@id\":\"https:\/\/www.mlnr.ro\/es\/#website\"},\"primaryImageOfPage\":{\"@id\":\"https:\/\/www.mlnr.ro\/es\/actividades-sociales\/#primaryimage\"},\"image\":{\"@id\":\"https:\/\/www.mlnr.ro\/es\/actividades-sociales\/#primaryimage\"},\"thumbnailUrl\":\"https:\/\/www.mlnr.ro\/wp-content\/uploads\/2026\/01\/Activitati-Sociale.jpeg\",\"datePublished\":\"2026-01-15T15:25:33+00:00\",\"dateModified\":\"2026-01-23T16:24:35+00:00\",\"breadcrumb\":{\"@id\":\"https:\/\/www.mlnr.ro\/es\/actividades-sociales\/#breadcrumb\"},\"inLanguage\":\"es-ES\",\"potentialAction\":[{\"@type\":\"ReadAction\",\"target\":[\"https:\/\/www.mlnr.ro\/es\/actividades-sociales\/\"]}]},{\"@type\":\"ImageObject\",\"inLanguage\":\"es-ES\",\"@id\":\"https:\/\/www.mlnr.ro\/es\/actividades-sociales\/#primaryimage\",\"url\":\"https:\/\/www.mlnr.ro\/wp-content\/uploads\/2026\/01\/Activitati-Sociale.jpeg\",\"contentUrl\":\"https:\/\/www.mlnr.ro\/wp-content\/uploads\/2026\/01\/Activitati-Sociale.jpeg\",\"width\":1600,\"height\":708},{\"@type\":\"BreadcrumbList\",\"@id\":\"https:\/\/www.mlnr.ro\/es\/actividades-sociales\/#breadcrumb\",\"itemListElement\":[{\"@type\":\"ListItem\",\"position\":1,\"name\":\"Prima pagin\u0103\",\"item\":\"https:\/\/www.mlnr.ro\/es\/\"},{\"@type\":\"ListItem\",\"position\":2,\"name\":\"Actividades sociales\"}]},{\"@type\":\"WebSite\",\"@id\":\"https:\/\/www.mlnr.ro\/es\/#website\",\"url\":\"https:\/\/www.mlnr.ro\/es\/\",\"name\":\"MLNR\",\"description\":\"\",\"publisher\":{\"@id\":\"https:\/\/www.mlnr.ro\/es\/#organization\"},\"potentialAction\":[{\"@type\":\"SearchAction\",\"target\":{\"@type\":\"EntryPoint\",\"urlTemplate\":\"https:\/\/www.mlnr.ro\/es\/?s={search_term_string}\"},\"query-input\":{\"@type\":\"PropertyValueSpecification\",\"valueRequired\":true,\"valueName\":\"search_term_string\"}}],\"inLanguage\":\"es-ES\"},{\"@type\":\"Organization\",\"@id\":\"https:\/\/www.mlnr.ro\/es\/#organization\",\"name\":\"MLNR\",\"url\":\"https:\/\/www.mlnr.ro\/es\/\",\"logo\":{\"@type\":\"ImageObject\",\"inLanguage\":\"es-ES\",\"@id\":\"https:\/\/www.mlnr.ro\/es\/#\/schema\/logo\/image\/\",\"url\":\"https:\/\/www.mlnr.ro\/wp-content\/uploads\/2025\/12\/prj-edited.png\",\"contentUrl\":\"https:\/\/www.mlnr.ro\/wp-content\/uploads\/2025\/12\/prj-edited.png\",\"width\":300,\"height\":188,\"caption\":\"MLNR\"},\"image\":{\"@id\":\"https:\/\/www.mlnr.ro\/es\/#\/schema\/logo\/image\/\"}}]}<\/script>\n<!-- \/ Yoast SEO plugin. -->","yoast_head_json":{"title":"Actividades sociales - MLNR","robots":{"index":"index","follow":"follow","max-snippet":"max-snippet:-1","max-image-preview":"max-image-preview:large","max-video-preview":"max-video-preview:-1"},"canonical":"https:\/\/www.mlnr.ro\/es\/actividades-sociales\/","og_locale":"es_ES","og_type":"article","og_title":"Actividades sociales - MLNR","og_url":"https:\/\/www.mlnr.ro\/es\/actividades-sociales\/","og_site_name":"MLNR","article_modified_time":"2026-01-23T16:24:35+00:00","og_image":[{"width":1600,"height":708,"url":"https:\/\/www.mlnr.ro\/wp-content\/uploads\/2026\/01\/Activitati-Sociale.jpeg","type":"image\/jpeg"}],"twitter_card":"summary_large_image","schema":{"@context":"https:\/\/schema.org","@graph":[{"@type":"WebPage","@id":"https:\/\/www.mlnr.ro\/es\/actividades-sociales\/","url":"https:\/\/www.mlnr.ro\/es\/actividades-sociales\/","name":"Actividades sociales - MLNR","isPartOf":{"@id":"https:\/\/www.mlnr.ro\/es\/#website"},"primaryImageOfPage":{"@id":"https:\/\/www.mlnr.ro\/es\/actividades-sociales\/#primaryimage"},"image":{"@id":"https:\/\/www.mlnr.ro\/es\/actividades-sociales\/#primaryimage"},"thumbnailUrl":"https:\/\/www.mlnr.ro\/wp-content\/uploads\/2026\/01\/Activitati-Sociale.jpeg","datePublished":"2026-01-15T15:25:33+00:00","dateModified":"2026-01-23T16:24:35+00:00","breadcrumb":{"@id":"https:\/\/www.mlnr.ro\/es\/actividades-sociales\/#breadcrumb"},"inLanguage":"es-ES","potentialAction":[{"@type":"ReadAction","target":["https:\/\/www.mlnr.ro\/es\/actividades-sociales\/"]}]},{"@type":"ImageObject","inLanguage":"es-ES","@id":"https:\/\/www.mlnr.ro\/es\/actividades-sociales\/#primaryimage","url":"https:\/\/www.mlnr.ro\/wp-content\/uploads\/2026\/01\/Activitati-Sociale.jpeg","contentUrl":"https:\/\/www.mlnr.ro\/wp-content\/uploads\/2026\/01\/Activitati-Sociale.jpeg","width":1600,"height":708},{"@type":"BreadcrumbList","@id":"https:\/\/www.mlnr.ro\/es\/actividades-sociales\/#breadcrumb","itemListElement":[{"@type":"ListItem","position":1,"name":"Prima pagin\u0103","item":"https:\/\/www.mlnr.ro\/es\/"},{"@type":"ListItem","position":2,"name":"Actividades sociales"}]},{"@type":"WebSite","@id":"https:\/\/www.mlnr.ro\/es\/#website","url":"https:\/\/www.mlnr.ro\/es\/","name":"MLNR","description":"","publisher":{"@id":"https:\/\/www.mlnr.ro\/es\/#organization"},"potentialAction":[{"@type":"SearchAction","target":{"@type":"EntryPoint","urlTemplate":"https:\/\/www.mlnr.ro\/es\/?s={search_term_string}"},"query-input":{"@type":"PropertyValueSpecification","valueRequired":true,"valueName":"search_term_string"}}],"inLanguage":"es-ES"},{"@type":"Organization","@id":"https:\/\/www.mlnr.ro\/es\/#organization","name":"MLNR","url":"https:\/\/www.mlnr.ro\/es\/","logo":{"@type":"ImageObject","inLanguage":"es-ES","@id":"https:\/\/www.mlnr.ro\/es\/#\/schema\/logo\/image\/","url":"https:\/\/www.mlnr.ro\/wp-content\/uploads\/2025\/12\/prj-edited.png","contentUrl":"https:\/\/www.mlnr.ro\/wp-content\/uploads\/2025\/12\/prj-edited.png","width":300,"height":188,"caption":"MLNR"},"image":{"@id":"https:\/\/www.mlnr.ro\/es\/#\/schema\/logo\/image\/"}}]}},"_links":{"self":[{"href":"https:\/\/www.mlnr.ro\/es\/wp-json\/wp\/v2\/pages\/2033","targetHints":{"allow":["GET"]}}],"collection":[{"href":"https:\/\/www.mlnr.ro\/es\/wp-json\/wp\/v2\/pages"}],"about":[{"href":"https:\/\/www.mlnr.ro\/es\/wp-json\/wp\/v2\/types\/page"}],"author":[{"embeddable":true,"href":"https:\/\/www.mlnr.ro\/es\/wp-json\/wp\/v2\/users\/1"}],"replies":[{"embeddable":true,"href":"https:\/\/www.mlnr.ro\/es\/wp-json\/wp\/v2\/comments?post=2033"}],"version-history":[{"count":2,"href":"https:\/\/www.mlnr.ro\/es\/wp-json\/wp\/v2\/pages\/2033\/revisions"}],"predecessor-version":[{"id":3427,"href":"https:\/\/www.mlnr.ro\/es\/wp-json\/wp\/v2\/pages\/2033\/revisions\/3427"}],"wp:featuredmedia":[{"embeddable":true,"href":"https:\/\/www.mlnr.ro\/es\/wp-json\/wp\/v2\/media\/2829"}],"wp:attachment":[{"href":"https:\/\/www.mlnr.ro\/es\/wp-json\/wp\/v2\/media?parent=2033"}],"curies":[{"name":"wp","href":"https:\/\/api.w.org\/{rel}","templated":true}]}}