{"id":2090,"date":"2026-01-15T17:46:35","date_gmt":"2026-01-15T15:46:35","guid":{"rendered":"https:mlnr.ro\/noticias\/"},"modified":"2026-01-22T21:00:36","modified_gmt":"2026-01-22T19:00:36","slug":"noticias","status":"publish","type":"page","link":"https:\/\/www.mlnr.ro\/es\/noticias\/","title":{"rendered":"Noticias"},"content":{"rendered":"\n    <div class=\"container  container-header-line-only\" style=\"position: relative\">\n        <h2 class=\"header-line\">\u00daltimas noticias<\/h2>\n        <div class=\"container slick-vertical-slider-container\" style=\"padding-top: 10px\">\n            <div class=\"slick-vertical-slider\">\n                \r\n\r\n<div>\r\n    <div class=\"row\">\r\n        <div class=\"col-lg-4\">\r\n            <div class=\"background-image-holder\" style=\"background-image: url('https:\/\/www.mlnr.ro\/wp-content\/uploads\/2026\/03\/image1-1024x682.jpeg')\">\r\n            <\/div>\r\n\r\n        <\/div>\r\n        <div class=\"col-lg-8 d-flex flex-column justify-content-start\">\r\n            <p><\/p>\r\n            <h2 class=\"banner-title\">\r\n                Nadia Com\u0103neci, homenajeada por la Gran Logia Nacional de Ruman\u00eda: 50 a\u00f1os desde su primer 10            <\/h2>\r\n            <p class=\"banner-description\">\r\n                La noche del 12 de marzo de 2026, el Museo Nacional de Arte de Ruman\u00eda acogi\u00f3 un acto dedicado a la excelencia, organizado por la Gran Logia Nacional de Ruman\u00eda....            <\/p>\r\n            <a href=\"https:\/\/www.mlnr.ro\/es\/activitati_sociale\/nadia-comaneci-homenajeada-por-la-gran-logia-nacional-de-rumania-50-anos-desde-su-primer-10\/\" class=\"btn-more-link banner-button\">M\u00e1s informaci\u00f3n<\/a>\r\n        <\/div>\r\n    <\/div>\r\n<\/div>\r\n\r\n\r\n\r\n\r\n\r\n\r\n\n                \r\n\r\n<div>\r\n    <div class=\"row\">\r\n        <div class=\"col-lg-4\">\r\n            <div class=\"background-image-holder\" style=\"background-image: url('https:\/\/www.mlnr.ro\/wp-content\/uploads\/2026\/03\/image1-1-768x1024.jpeg')\">\r\n            <\/div>\r\n\r\n        <\/div>\r\n        <div class=\"col-lg-8 d-flex flex-column justify-content-start\">\r\n            <p><\/p>\r\n            <h2 class=\"banner-title\">\r\n                Educaci\u00f3n contra el consumo de drogas: 350 participantes en la Conferencia Antidrogas de Chisin\u00e1u            <\/h2>\r\n            <p class=\"banner-description\">\r\n                El 12 de febrero de 2026, en la Sala de Festividades de la Prefectura del Sector R\u00ee\u0219cani de Chi\u0219in\u0103u, se celebr\u00f3 la Conferencia Antidrogas, organizada en colaboraci\u00f3n con la Asociaci\u00f3n...            <\/p>\r\n            <a href=\"https:\/\/www.mlnr.ro\/es\/educacion-contra-el-consumo-de-drogas-350-participantes-en-la-conferencia-antidrogas-de-chisinau\/\" class=\"btn-more-link banner-button\">M\u00e1s informaci\u00f3n<\/a>\r\n        <\/div>\r\n    <\/div>\r\n<\/div>\r\n\r\n\r\n\r\n\r\n\r\n\r\n\n                \r\n\r\n<div>\r\n    <div class=\"row\">\r\n        <div class=\"col-lg-4\">\r\n            <div class=\"background-image-holder\" style=\"background-image: url('https:\/\/www.mlnr.ro\/wp-content\/uploads\/2026\/01\/WhatsApp-Image-2026-01-23-at-14.54.07-1024x768.jpeg')\">\r\n            <\/div>\r\n\r\n        <\/div>\r\n        <div class=\"col-lg-8 d-flex flex-column justify-content-start\">\r\n            <p><\/p>\r\n            <h2 class=\"banner-title\">\r\n                \u00bfQu\u00e9 sucede cuando la palabra se encuentra con el sonido?            <\/h2>\r\n            <p class=\"banner-description\">\r\n                El D\u00eda de la Cultura Nacional, el 15 de enero de 2026, la poes\u00eda y la m\u00fasica se unieron en una velada que nos acerc\u00f3 al pasado.Las letras de Mihai...            <\/p>\r\n            <a href=\"https:\/\/www.mlnr.ro\/es\/activitati_sociale\/que-sucede-cuando-la-palabra-se-encuentra-con-el-sonido\/\" class=\"btn-more-link banner-button\">M\u00e1s informaci\u00f3n<\/a>\r\n        <\/div>\r\n    <\/div>\r\n<\/div>\r\n\r\n\r\n\r\n\r\n\r\n\r\n\n                \r\n\r\n<div>\r\n    <div class=\"row\">\r\n        <div class=\"col-lg-4\">\r\n            <div class=\"background-image-holder\" style=\"background-image: url('https:\/\/www.mlnr.ro\/wp-content\/uploads\/2026\/01\/WhatsApp-Image-2026-01-21-at-16.09.11-1024x768.jpeg')\">\r\n            <\/div>\r\n\r\n        <\/div>\r\n        <div class=\"col-lg-8 d-flex flex-column justify-content-start\">\r\n            <p><\/p>\r\n            <h2 class=\"banner-title\">\r\n                Gaudeamus 2025            <\/h2>\r\n            <p class=\"banner-description\">\r\n                Un nuevo cap\u00edtulo: la editorial MLNR en Gaudeamus 2025 Ciertos momentos no pueden definirse solo como acontecimientos, sino como hitos. Marcan la continuidad de una obra en curso y abren...            <\/p>\r\n            <a href=\"https:\/\/www.mlnr.ro\/es\/activitati_sociale\/gaudeamus-2025\/\" class=\"btn-more-link banner-button\">M\u00e1s informaci\u00f3n<\/a>\r\n        <\/div>\r\n    <\/div>\r\n<\/div>\r\n\r\n\r\n\r\n\r\n\r\n\r\n\n                \r\n\r\n<div>\r\n    <div class=\"row\">\r\n        <div class=\"col-lg-4\">\r\n            <div class=\"background-image-holder\" style=\"background-image: url('https:\/\/www.mlnr.ro\/wp-content\/uploads\/2026\/01\/Gala-Excelentei-Sibiene-\u2013-Editia-a-III-a-1-1024x768.jpeg')\">\r\n            <\/div>\r\n\r\n        <\/div>\r\n        <div class=\"col-lg-8 d-flex flex-column justify-content-start\">\r\n            <p><\/p>\r\n            <h2 class=\"banner-title\">\r\n                Gala de la Excelencia de Sibiu \u2013 III edici\u00f3n            <\/h2>\r\n            <p class=\"banner-description\">\r\n                Filarm\u00f3nica Estatal de Sibiu La excelencia no es un acto aislado, sino el resultado de una construcci\u00f3n asumida a lo largo del tiempo, mediante el trabajo, la responsabilidad y la...            <\/p>\r\n            <a href=\"https:\/\/www.mlnr.ro\/es\/gala-excelenta\/gala-excelentei-sibiene-editia-a-iii-a\/\" class=\"btn-more-link banner-button\">M\u00e1s informaci\u00f3n<\/a>\r\n        <\/div>\r\n    <\/div>\r\n<\/div>\r\n\r\n\r\n\r\n\r\n\r\n\r\n\n                \r\n\r\n<div>\r\n    <div class=\"row\">\r\n        <div class=\"col-lg-4\">\r\n            <div class=\"background-image-holder\" style=\"background-image: url('https:\/\/www.mlnr.ro\/wp-content\/uploads\/2026\/01\/WhatsApp-Image-2026-01-21-at-16.08.24-1024x683.jpeg')\">\r\n            <\/div>\r\n\r\n        <\/div>\r\n        <div class=\"col-lg-8 d-flex flex-column justify-content-start\">\r\n            <p><\/p>\r\n            <h2 class=\"banner-title\">\r\n                Gala del Centenario de la Federaci\u00f3n Rumana de Remo            <\/h2>\r\n            <p class=\"banner-description\">\r\n                El Palacio del Parlamento Hay momentos en la historia de una naci\u00f3n en los que el esfuerzo individual se convierte en ritmo colectivo y el trabajo se transforma en arte....            <\/p>\r\n            <a href=\"https:\/\/www.mlnr.ro\/es\/activitati_sociale\/gala-del-centenario-de-la-federacion-rumana-de-remo\/\" class=\"btn-more-link banner-button\">M\u00e1s informaci\u00f3n<\/a>\r\n        <\/div>\r\n    <\/div>\r\n<\/div>\r\n\r\n\r\n\r\n\r\n\r\n\r\n\n                \n            <\/div>\n        <\/div>\n    <\/div>\n\n\n\n\n    \n\n\n\n    <div class=\"loading-spinner d-none justify-content-center align-items-center mb-4 js-loading-spinner text-center\" >\n        <div class=\"spinner-border text-primary\" role=\"status\">\n            <span class=\"visually-hidden\">Loading...<\/span>\n        <\/div>\n    <\/div>\n    <div class=\"list-personalities-shortcode alignfull list-personalities-shortcode--noutati\">\n        <div class=\"row d-flex \">\n            \r\n<div class=\"row mt-2 mb-5 preview-post-info-row\">\r\n    <div class=\"col-lg-6 \">\r\n        <div class=\"background-image-post-preview \" style=\"background-image: url(https:\/\/www.mlnr.ro\/wp-content\/uploads\/2026\/03\/image1-1024x682.jpeg); background-size: cover; background-position: center;\" >\r\n\r\n        <\/div>\r\n    <\/div>\r\n    <div class=\"col-lg-6 d-flex align-items-center preview-post-info-container\">\r\n        <div class=\"preview-post-info\">\r\n            <p><\/p>\r\n            <h3>Nadia Com\u0103neci, homenajeada por la Gran Logia Nacional de Ruman\u00eda: 50 a\u00f1os desde su primer 10<\/h3>\r\n            <p>La noche del 12 de marzo de 2026, el Museo Nacional de Arte de Ruman\u00eda acogi\u00f3 un acto dedicado a la excelencia, organizado por la Gran Logia Nacional de Ruman\u00eda....<\/p>\r\n            <a href=\"https:\/\/www.mlnr.ro\/es\/activitati_sociale\/nadia-comaneci-homenajeada-por-la-gran-logia-nacional-de-rumania-50-anos-desde-su-primer-10\/\" class=\"btn-more-link\">M\u00e1s informaci\u00f3n<\/a>\r\n        <\/div>\r\n\r\n    <\/div>\r\n<\/div>\r\n\n            \r\n<div class=\"row mt-2 mb-5 preview-post-info-row\">\r\n    <div class=\"col-lg-6  order-lg-2\">\r\n        <div class=\"background-image-post-preview \" style=\"background-image: url(https:\/\/www.mlnr.ro\/wp-content\/uploads\/2026\/03\/image1-1-768x1024.jpeg); background-size: cover; background-position: center;\" >\r\n\r\n        <\/div>\r\n    <\/div>\r\n    <div class=\"col-lg-6 d-flex align-items-center preview-post-info-container\">\r\n        <div class=\"preview-post-info\">\r\n            <p><\/p>\r\n            <h3>Educaci\u00f3n contra el consumo de drogas: 350 participantes en la Conferencia Antidrogas de Chisin\u00e1u<\/h3>\r\n            <p>El 12 de febrero de 2026, en la Sala de Festividades de la Prefectura del Sector R\u00ee\u0219cani de Chi\u0219in\u0103u, se celebr\u00f3 la Conferencia Antidrogas, organizada en colaboraci\u00f3n con la Asociaci\u00f3n...<\/p>\r\n            <a href=\"https:\/\/www.mlnr.ro\/es\/educacion-contra-el-consumo-de-drogas-350-participantes-en-la-conferencia-antidrogas-de-chisinau\/\" class=\"btn-more-link\">M\u00e1s informaci\u00f3n<\/a>\r\n        <\/div>\r\n\r\n    <\/div>\r\n<\/div>\r\n\n            \r\n<div class=\"row mt-2 mb-5 preview-post-info-row\">\r\n    <div class=\"col-lg-6 \">\r\n        <div class=\"background-image-post-preview \" style=\"background-image: url(https:\/\/www.mlnr.ro\/wp-content\/uploads\/2026\/01\/WhatsApp-Image-2026-01-23-at-14.54.07-1024x768.jpeg); background-size: cover; background-position: center;\" >\r\n\r\n        <\/div>\r\n    <\/div>\r\n    <div class=\"col-lg-6 d-flex align-items-center preview-post-info-container\">\r\n        <div class=\"preview-post-info\">\r\n            <p><\/p>\r\n            <h3>\u00bfQu\u00e9 sucede cuando la palabra se encuentra con el sonido?<\/h3>\r\n            <p>El D\u00eda de la Cultura Nacional, el 15 de enero de 2026, la poes\u00eda y la m\u00fasica se unieron en una velada que nos acerc\u00f3 al pasado.Las letras de Mihai...<\/p>\r\n            <a href=\"https:\/\/www.mlnr.ro\/es\/activitati_sociale\/que-sucede-cuando-la-palabra-se-encuentra-con-el-sonido\/\" class=\"btn-more-link\">M\u00e1s informaci\u00f3n<\/a>\r\n        <\/div>\r\n\r\n    <\/div>\r\n<\/div>\r\n\n            \r\n<div class=\"row mt-2 mb-5 preview-post-info-row\">\r\n    <div class=\"col-lg-6  order-lg-2\">\r\n        <div class=\"background-image-post-preview \" style=\"background-image: url(https:\/\/www.mlnr.ro\/wp-content\/uploads\/2026\/01\/WhatsApp-Image-2026-01-21-at-16.09.11-1024x768.jpeg); background-size: cover; background-position: center;\" >\r\n\r\n        <\/div>\r\n    <\/div>\r\n    <div class=\"col-lg-6 d-flex align-items-center preview-post-info-container\">\r\n        <div class=\"preview-post-info\">\r\n            <p><\/p>\r\n            <h3>Gaudeamus 2025<\/h3>\r\n            <p>Un nuevo cap\u00edtulo: la editorial MLNR en Gaudeamus 2025 Ciertos momentos no pueden definirse solo como acontecimientos, sino como hitos. Marcan la continuidad de una obra en curso y abren...<\/p>\r\n            <a href=\"https:\/\/www.mlnr.ro\/es\/activitati_sociale\/gaudeamus-2025\/\" class=\"btn-more-link\">M\u00e1s informaci\u00f3n<\/a>\r\n        <\/div>\r\n\r\n    <\/div>\r\n<\/div>\r\n\n            \r\n<div class=\"row mt-2 mb-5 preview-post-info-row\">\r\n    <div class=\"col-lg-6 \">\r\n        <div class=\"background-image-post-preview \" style=\"background-image: url(https:\/\/www.mlnr.ro\/wp-content\/uploads\/2026\/01\/Gala-Excelentei-Sibiene-\u2013-Editia-a-III-a-1-1024x768.jpeg); background-size: cover; background-position: center;\" >\r\n\r\n        <\/div>\r\n    <\/div>\r\n    <div class=\"col-lg-6 d-flex align-items-center preview-post-info-container\">\r\n        <div class=\"preview-post-info\">\r\n            <p><\/p>\r\n            <h3>Gala de la Excelencia de Sibiu \u2013 III edici\u00f3n<\/h3>\r\n            <p>Filarm\u00f3nica Estatal de Sibiu La excelencia no es un acto aislado, sino el resultado de una construcci\u00f3n asumida a lo largo del tiempo, mediante el trabajo, la responsabilidad y la...<\/p>\r\n            <a href=\"https:\/\/www.mlnr.ro\/es\/gala-excelenta\/gala-excelentei-sibiene-editia-a-iii-a\/\" class=\"btn-more-link\">M\u00e1s informaci\u00f3n<\/a>\r\n        <\/div>\r\n\r\n    <\/div>\r\n<\/div>\r\n\n            \r\n<div class=\"row mt-2 mb-5 preview-post-info-row\">\r\n    <div class=\"col-lg-6  order-lg-2\">\r\n        <div class=\"background-image-post-preview \" style=\"background-image: url(https:\/\/www.mlnr.ro\/wp-content\/uploads\/2026\/01\/WhatsApp-Image-2026-01-21-at-16.08.24-1024x683.jpeg); background-size: cover; background-position: center;\" >\r\n\r\n        <\/div>\r\n    <\/div>\r\n    <div class=\"col-lg-6 d-flex align-items-center preview-post-info-container\">\r\n        <div class=\"preview-post-info\">\r\n            <p><\/p>\r\n            <h3>Gala del Centenario de la Federaci\u00f3n Rumana de Remo<\/h3>\r\n            <p>El Palacio del Parlamento Hay momentos en la historia de una naci\u00f3n en los que el esfuerzo individual se convierte en ritmo colectivo y el trabajo se transforma en arte....<\/p>\r\n            <a href=\"https:\/\/www.mlnr.ro\/es\/activitati_sociale\/gala-del-centenario-de-la-federacion-rumana-de-remo\/\" class=\"btn-more-link\">M\u00e1s informaci\u00f3n<\/a>\r\n        <\/div>\r\n\r\n    <\/div>\r\n<\/div>\r\n\n                    <\/div>\n    <\/div>\n    <div class=\"load-more-container text-center\">\n                <button class=\"btn btn-primary js-load-more js-load-more--noutati \"\n                data-post-type=\"noutati\"\n                data-offset=\"6\"\n                data-max=\"6\"\n\n                data-category=\"\">\n            Cargar m\u00e1s        <\/button>\n    <\/div>\n\n\n\n\n\n\n\n    \n","protected":false},"excerpt":{"rendered":"","protected":false},"author":1,"featured_media":2679,"parent":0,"menu_order":0,"comment_status":"closed","ping_status":"closed","template":"","meta":{"_acf_changed":false,"footnotes":""},"class_list":["post-2090","page","type-page","status-publish","has-post-thumbnail","hentry","entry"],"acf":[],"yoast_head":"<!-- This site is optimized with the Yoast SEO plugin v27.0 - https:\/\/yoast.com\/product\/yoast-seo-wordpress\/ -->\n<title>Noticias - MLNR<\/title>\n<meta name=\"robots\" content=\"index, follow, max-snippet:-1, max-image-preview:large, max-video-preview:-1\" \/>\n<link rel=\"canonical\" href=\"https:\/\/www.mlnr.ro\/es\/noticias\/\" \/>\n<meta property=\"og:locale\" content=\"es_ES\" \/>\n<meta property=\"og:type\" content=\"article\" \/>\n<meta property=\"og:title\" content=\"Noticias - MLNR\" \/>\n<meta property=\"og:url\" content=\"https:\/\/www.mlnr.ro\/es\/noticias\/\" \/>\n<meta property=\"og:site_name\" content=\"MLNR\" \/>\n<meta property=\"article:modified_time\" content=\"2026-01-22T19:00:36+00:00\" \/>\n<meta property=\"og:image\" content=\"https:\/\/www.mlnr.ro\/wp-content\/uploads\/2026\/01\/Istoria-FRM3-1024x453.png\" \/>\n\t<meta property=\"og:image:width\" content=\"1024\" \/>\n\t<meta property=\"og:image:height\" content=\"453\" \/>\n\t<meta property=\"og:image:type\" content=\"image\/png\" \/>\n<meta name=\"twitter:card\" content=\"summary_large_image\" \/>\n<script type=\"application\/ld+json\" class=\"yoast-schema-graph\">{\"@context\":\"https:\/\/schema.org\",\"@graph\":[{\"@type\":\"WebPage\",\"@id\":\"https:\/\/www.mlnr.ro\/es\/noticias\/\",\"url\":\"https:\/\/www.mlnr.ro\/es\/noticias\/\",\"name\":\"Noticias - MLNR\",\"isPartOf\":{\"@id\":\"https:\/\/www.mlnr.ro\/es\/#website\"},\"primaryImageOfPage\":{\"@id\":\"https:\/\/www.mlnr.ro\/es\/noticias\/#primaryimage\"},\"image\":{\"@id\":\"https:\/\/www.mlnr.ro\/es\/noticias\/#primaryimage\"},\"thumbnailUrl\":\"https:\/\/www.mlnr.ro\/wp-content\/uploads\/2026\/01\/Istoria-FRM3.png\",\"datePublished\":\"2026-01-15T15:46:35+00:00\",\"dateModified\":\"2026-01-22T19:00:36+00:00\",\"breadcrumb\":{\"@id\":\"https:\/\/www.mlnr.ro\/es\/noticias\/#breadcrumb\"},\"inLanguage\":\"es-ES\",\"potentialAction\":[{\"@type\":\"ReadAction\",\"target\":[\"https:\/\/www.mlnr.ro\/es\/noticias\/\"]}]},{\"@type\":\"ImageObject\",\"inLanguage\":\"es-ES\",\"@id\":\"https:\/\/www.mlnr.ro\/es\/noticias\/#primaryimage\",\"url\":\"https:\/\/www.mlnr.ro\/wp-content\/uploads\/2026\/01\/Istoria-FRM3.png\",\"contentUrl\":\"https:\/\/www.mlnr.ro\/wp-content\/uploads\/2026\/01\/Istoria-FRM3.png\",\"width\":1920,\"height\":850},{\"@type\":\"BreadcrumbList\",\"@id\":\"https:\/\/www.mlnr.ro\/es\/noticias\/#breadcrumb\",\"itemListElement\":[{\"@type\":\"ListItem\",\"position\":1,\"name\":\"Prima pagin\u0103\",\"item\":\"https:\/\/www.mlnr.ro\/es\/\"},{\"@type\":\"ListItem\",\"position\":2,\"name\":\"Noticias\"}]},{\"@type\":\"WebSite\",\"@id\":\"https:\/\/www.mlnr.ro\/es\/#website\",\"url\":\"https:\/\/www.mlnr.ro\/es\/\",\"name\":\"MLNR\",\"description\":\"\",\"publisher\":{\"@id\":\"https:\/\/www.mlnr.ro\/es\/#organization\"},\"potentialAction\":[{\"@type\":\"SearchAction\",\"target\":{\"@type\":\"EntryPoint\",\"urlTemplate\":\"https:\/\/www.mlnr.ro\/es\/?s={search_term_string}\"},\"query-input\":{\"@type\":\"PropertyValueSpecification\",\"valueRequired\":true,\"valueName\":\"search_term_string\"}}],\"inLanguage\":\"es-ES\"},{\"@type\":\"Organization\",\"@id\":\"https:\/\/www.mlnr.ro\/es\/#organization\",\"name\":\"MLNR\",\"url\":\"https:\/\/www.mlnr.ro\/es\/\",\"logo\":{\"@type\":\"ImageObject\",\"inLanguage\":\"es-ES\",\"@id\":\"https:\/\/www.mlnr.ro\/es\/#\/schema\/logo\/image\/\",\"url\":\"https:\/\/www.mlnr.ro\/wp-content\/uploads\/2025\/12\/prj-edited.png\",\"contentUrl\":\"https:\/\/www.mlnr.ro\/wp-content\/uploads\/2025\/12\/prj-edited.png\",\"width\":300,\"height\":188,\"caption\":\"MLNR\"},\"image\":{\"@id\":\"https:\/\/www.mlnr.ro\/es\/#\/schema\/logo\/image\/\"}}]}<\/script>\n<!-- \/ Yoast SEO plugin. -->","yoast_head_json":{"title":"Noticias - MLNR","robots":{"index":"index","follow":"follow","max-snippet":"max-snippet:-1","max-image-preview":"max-image-preview:large","max-video-preview":"max-video-preview:-1"},"canonical":"https:\/\/www.mlnr.ro\/es\/noticias\/","og_locale":"es_ES","og_type":"article","og_title":"Noticias - MLNR","og_url":"https:\/\/www.mlnr.ro\/es\/noticias\/","og_site_name":"MLNR","article_modified_time":"2026-01-22T19:00:36+00:00","og_image":[{"width":1024,"height":453,"url":"https:\/\/www.mlnr.ro\/wp-content\/uploads\/2026\/01\/Istoria-FRM3-1024x453.png","type":"image\/png"}],"twitter_card":"summary_large_image","schema":{"@context":"https:\/\/schema.org","@graph":[{"@type":"WebPage","@id":"https:\/\/www.mlnr.ro\/es\/noticias\/","url":"https:\/\/www.mlnr.ro\/es\/noticias\/","name":"Noticias - MLNR","isPartOf":{"@id":"https:\/\/www.mlnr.ro\/es\/#website"},"primaryImageOfPage":{"@id":"https:\/\/www.mlnr.ro\/es\/noticias\/#primaryimage"},"image":{"@id":"https:\/\/www.mlnr.ro\/es\/noticias\/#primaryimage"},"thumbnailUrl":"https:\/\/www.mlnr.ro\/wp-content\/uploads\/2026\/01\/Istoria-FRM3.png","datePublished":"2026-01-15T15:46:35+00:00","dateModified":"2026-01-22T19:00:36+00:00","breadcrumb":{"@id":"https:\/\/www.mlnr.ro\/es\/noticias\/#breadcrumb"},"inLanguage":"es-ES","potentialAction":[{"@type":"ReadAction","target":["https:\/\/www.mlnr.ro\/es\/noticias\/"]}]},{"@type":"ImageObject","inLanguage":"es-ES","@id":"https:\/\/www.mlnr.ro\/es\/noticias\/#primaryimage","url":"https:\/\/www.mlnr.ro\/wp-content\/uploads\/2026\/01\/Istoria-FRM3.png","contentUrl":"https:\/\/www.mlnr.ro\/wp-content\/uploads\/2026\/01\/Istoria-FRM3.png","width":1920,"height":850},{"@type":"BreadcrumbList","@id":"https:\/\/www.mlnr.ro\/es\/noticias\/#breadcrumb","itemListElement":[{"@type":"ListItem","position":1,"name":"Prima pagin\u0103","item":"https:\/\/www.mlnr.ro\/es\/"},{"@type":"ListItem","position":2,"name":"Noticias"}]},{"@type":"WebSite","@id":"https:\/\/www.mlnr.ro\/es\/#website","url":"https:\/\/www.mlnr.ro\/es\/","name":"MLNR","description":"","publisher":{"@id":"https:\/\/www.mlnr.ro\/es\/#organization"},"potentialAction":[{"@type":"SearchAction","target":{"@type":"EntryPoint","urlTemplate":"https:\/\/www.mlnr.ro\/es\/?s={search_term_string}"},"query-input":{"@type":"PropertyValueSpecification","valueRequired":true,"valueName":"search_term_string"}}],"inLanguage":"es-ES"},{"@type":"Organization","@id":"https:\/\/www.mlnr.ro\/es\/#organization","name":"MLNR","url":"https:\/\/www.mlnr.ro\/es\/","logo":{"@type":"ImageObject","inLanguage":"es-ES","@id":"https:\/\/www.mlnr.ro\/es\/#\/schema\/logo\/image\/","url":"https:\/\/www.mlnr.ro\/wp-content\/uploads\/2025\/12\/prj-edited.png","contentUrl":"https:\/\/www.mlnr.ro\/wp-content\/uploads\/2025\/12\/prj-edited.png","width":300,"height":188,"caption":"MLNR"},"image":{"@id":"https:\/\/www.mlnr.ro\/es\/#\/schema\/logo\/image\/"}}]}},"_links":{"self":[{"href":"https:\/\/www.mlnr.ro\/es\/wp-json\/wp\/v2\/pages\/2090","targetHints":{"allow":["GET"]}}],"collection":[{"href":"https:\/\/www.mlnr.ro\/es\/wp-json\/wp\/v2\/pages"}],"about":[{"href":"https:\/\/www.mlnr.ro\/es\/wp-json\/wp\/v2\/types\/page"}],"author":[{"embeddable":true,"href":"https:\/\/www.mlnr.ro\/es\/wp-json\/wp\/v2\/users\/1"}],"replies":[{"embeddable":true,"href":"https:\/\/www.mlnr.ro\/es\/wp-json\/wp\/v2\/comments?post=2090"}],"version-history":[{"count":2,"href":"https:\/\/www.mlnr.ro\/es\/wp-json\/wp\/v2\/pages\/2090\/revisions"}],"predecessor-version":[{"id":3096,"href":"https:\/\/www.mlnr.ro\/es\/wp-json\/wp\/v2\/pages\/2090\/revisions\/3096"}],"wp:featuredmedia":[{"embeddable":true,"href":"https:\/\/www.mlnr.ro\/es\/wp-json\/wp\/v2\/media\/2679"}],"wp:attachment":[{"href":"https:\/\/www.mlnr.ro\/es\/wp-json\/wp\/v2\/media?parent=2090"}],"curies":[{"name":"wp","href":"https:\/\/api.w.org\/{rel}","templated":true}]}}