{"id":1679,"date":"2026-01-15T16:37:34","date_gmt":"2026-01-15T14:37:34","guid":{"rendered":"https:mlnr.ro\/quest-ce-que-la-franc-maconnerie\/"},"modified":"2026-01-23T18:30:49","modified_gmt":"2026-01-23T16:30:49","slug":"quest-ce-que-la-franc-maconnerie","status":"publish","type":"page","link":"https:\/\/www.mlnr.ro\/fr\/quest-ce-que-la-franc-maconnerie\/","title":{"rendered":"Qu\u2019est-ce que la franc-ma\u00e7onnerie ?"},"content":{"rendered":"\n<p>La franc-ma\u00e7onnerie r\u00e9guli\u00e8re, dans son acception moderne, repr\u00e9sente une structure, form\u00e9e d&#8217;hommes, organis\u00e9s en une Grande Loge, avec des valeurs communes, \u00e0 vocation universelle, \u2013 croyance en Dieu, quelle que soit la religion, respect des lois du pays, \u00e9galit\u00e9 des droits, amour du pays et de la famille, charit\u00e9 et respect mutuel envers les hommes \u2013 qui s&#8217;\u00e9duquent dans le but de la connaissance de soi, du d\u00e9veloppement spirituel, pour la construction d&#8217;une soci\u00e9t\u00e9 \u00e9duqu\u00e9e, orient\u00e9e vers l&#8217;humanit\u00e9.<\/p>\n\n<p>Avec une composante non homog\u00e8ne, l&#8217;atelier travaille, toutefois, pour un projet commun, selon des principes qui viennent de l&#8217;antiquit\u00e9, avec des positions et des attributions claires et sp\u00e9cifiques, unanimement connues et respect\u00e9es par tous les membres, selon un algorithme, qui contient des \u00e9l\u00e9ments d&#8217;organisation utilis\u00e9s pour des constructions \u00e9poquales, en commen\u00e7ant par le Temple de Salomon, concr\u00e9tis\u00e9es dans des rituels.<\/p>\n\n<p>La franc-ma\u00e7onnerie instruit ses membres par l&#8217;admission progressive \u00e0 des grades initiatiques, chacun avec ses propres enseignements, symboles et message, qui supposent la connaissance de plus en plus approfondie des Lois de l&#8217;Univers et de la lutte pour la V\u00e9rit\u00e9 au service de la soci\u00e9t\u00e9 humaine.<\/p>\n\n<p>L&#8217;\u00e9ducation continue, la justice, la v\u00e9rit\u00e9, la connaissance et la lutte contre le vice, mais aussi la promotion de la vertu, sont autant d&#8217;\u00e9l\u00e9ments d\u00e9finitoires de la construction du Temple int\u00e9rieur du Franc-ma\u00e7on, que, une fois acquis, il a l&#8217;obligation de les promouvoir dans la soci\u00e9t\u00e9, pour la construction d&#8217;un monde meilleur et r\u00e9silient.<\/p>\n\n<p>L&#8217;universalit\u00e9 de la cha\u00eene franc-ma\u00e7onnique conf\u00e8re \u00e0 l&#8217;initi\u00e9 une ouverture maximale pour la connaissance et la relation directe avec des adeptes de presque n&#8217;importe quel point du globe, unis par des id\u00e9aux et des buts communs. Pour un franc-ma\u00e7on, la libert\u00e9 de pens\u00e9e, d&#8217;expression et d&#8217;action appartient \u00e0 l&#8217;humanit\u00e9 enti\u00e8re : ind\u00e9pendamment de la race, de la religion ou du sexe. <\/p>\n\n<p>L&#8217;ouverture vers la soci\u00e9t\u00e9, l&#8217;offrande au n\u00e9cessiteux du fruit de ton travail, discr\u00e8tement et sans besoin de reconnaissance, la stimulation et le soutien des jeunes avec des talents r\u00e9els, la reconnaissance de l&#8217;excellence et la promotion de ceux qui l&#8217;ont atteinte, la promotion de la culture par l&#8217;organisation de manifestations et de lancements de livre, l&#8217;organisation de conf\u00e9rences dans lesquelles des personnalit\u00e9s du domaine vis\u00e9 partagent leur vision sur des probl\u00e9matiques actuelles de la soci\u00e9t\u00e9, sont autant de manifestations et d&#8217;\u00e9v\u00e9nements destin\u00e9s \u00e0 offrir des valeurs spirituelles et mat\u00e9rielles des membres de l&#8217;ordre franc-ma\u00e7onnique.<\/p>\n\n<p>Notre mission est de construire, d&#8217;\u00e9duquer et de perfectionner continuellement notre personnalit\u00e9 et d&#8217;offrir \u00e0 l&#8217;Univers tout ce que nous avons de meilleur de cette construction.<\/p>\n\n<figure class=\"wp-block-image\"><img decoding=\"async\" src=\"https:\/\/web.mlnr.xyz\/wp-content\/uploads\/2021\/06\/CE-ESTE-FRANCMASONERIA.jpg\" alt=\"\" class=\"wp-image-62\"\/><\/figure>\n\n<p><\/p>\n","protected":false},"excerpt":{"rendered":"<p>La franc-ma\u00e7onnerie r\u00e9guli\u00e8re, dans son acception moderne, repr\u00e9sente une structure, form\u00e9e d&#8217;hommes, organis\u00e9s en une Grande Loge, avec des valeurs communes, \u00e0 vocation universelle, \u2013 croyance en Dieu, quelle que soit la religion, respect des lois du pays, \u00e9galit\u00e9 des droits, amour du pays et de la famille, charit\u00e9 et respect mutuel envers les hommes&hellip; <a class=\"more-link\" href=\"https:\/\/www.mlnr.ro\/fr\/quest-ce-que-la-franc-maconnerie\/\">Continue reading <span class=\"screen-reader-text\">Qu\u2019est-ce que la franc-ma\u00e7onnerie ?<\/span><\/a><\/p>\n","protected":false},"author":1,"featured_media":1402,"parent":0,"menu_order":0,"comment_status":"closed","ping_status":"closed","template":"","meta":{"_acf_changed":false,"footnotes":""},"class_list":["post-1679","page","type-page","status-publish","has-post-thumbnail","hentry","entry"],"acf":[],"yoast_head":"<!-- This site is optimized with the Yoast SEO plugin v27.0 - https:\/\/yoast.com\/product\/yoast-seo-wordpress\/ -->\n<title>Qu\u2019est-ce que la franc-ma\u00e7onnerie ? - MLNR<\/title>\n<meta name=\"robots\" content=\"index, follow, max-snippet:-1, max-image-preview:large, max-video-preview:-1\" \/>\n<link rel=\"canonical\" href=\"https:\/\/www.mlnr.ro\/fr\/quest-ce-que-la-franc-maconnerie\/\" \/>\n<meta property=\"og:locale\" content=\"fr_FR\" \/>\n<meta property=\"og:type\" content=\"article\" \/>\n<meta property=\"og:title\" content=\"Qu\u2019est-ce que la franc-ma\u00e7onnerie ? - MLNR\" \/>\n<meta property=\"og:description\" content=\"La franc-ma\u00e7onnerie r\u00e9guli\u00e8re, dans son acception moderne, repr\u00e9sente une structure, form\u00e9e d&#8217;hommes, organis\u00e9s en une Grande Loge, avec des valeurs communes, \u00e0 vocation universelle, \u2013 croyance en Dieu, quelle que soit la religion, respect des lois du pays, \u00e9galit\u00e9 des droits, amour du pays et de la famille, charit\u00e9 et respect mutuel envers les hommes&hellip; Continue reading Qu\u2019est-ce que la franc-ma\u00e7onnerie ?\" \/>\n<meta property=\"og:url\" content=\"https:\/\/www.mlnr.ro\/fr\/quest-ce-que-la-franc-maconnerie\/\" \/>\n<meta property=\"og:site_name\" content=\"MLNR\" \/>\n<meta property=\"article:modified_time\" content=\"2026-01-23T16:30:49+00:00\" \/>\n<meta property=\"og:image\" content=\"https:\/\/www.mlnr.ro\/wp-content\/uploads\/2026\/01\/bibleandkompasss.jpg\" \/>\n\t<meta property=\"og:image:width\" content=\"800\" \/>\n\t<meta property=\"og:image:height\" content=\"531\" \/>\n\t<meta property=\"og:image:type\" content=\"image\/jpeg\" \/>\n<meta name=\"twitter:card\" content=\"summary_large_image\" \/>\n<meta name=\"twitter:label1\" content=\"Dur\u00e9e de lecture estim\u00e9e\" \/>\n\t<meta name=\"twitter:data1\" content=\"2 minutes\" \/>\n<script type=\"application\/ld+json\" class=\"yoast-schema-graph\">{\"@context\":\"https:\/\/schema.org\",\"@graph\":[{\"@type\":\"WebPage\",\"@id\":\"https:\/\/www.mlnr.ro\/fr\/quest-ce-que-la-franc-maconnerie\/\",\"url\":\"https:\/\/www.mlnr.ro\/fr\/quest-ce-que-la-franc-maconnerie\/\",\"name\":\"Qu\u2019est-ce que la franc-ma\u00e7onnerie ? - MLNR\",\"isPartOf\":{\"@id\":\"https:\/\/www.mlnr.ro\/fr\/#website\"},\"primaryImageOfPage\":{\"@id\":\"https:\/\/www.mlnr.ro\/fr\/quest-ce-que-la-franc-maconnerie\/#primaryimage\"},\"image\":{\"@id\":\"https:\/\/www.mlnr.ro\/fr\/quest-ce-que-la-franc-maconnerie\/#primaryimage\"},\"thumbnailUrl\":\"https:\/\/www.mlnr.ro\/wp-content\/uploads\/2026\/01\/bibleandkompasss.jpg\",\"datePublished\":\"2026-01-15T14:37:34+00:00\",\"dateModified\":\"2026-01-23T16:30:49+00:00\",\"breadcrumb\":{\"@id\":\"https:\/\/www.mlnr.ro\/fr\/quest-ce-que-la-franc-maconnerie\/#breadcrumb\"},\"inLanguage\":\"fr-FR\",\"potentialAction\":[{\"@type\":\"ReadAction\",\"target\":[\"https:\/\/www.mlnr.ro\/fr\/quest-ce-que-la-franc-maconnerie\/\"]}]},{\"@type\":\"ImageObject\",\"inLanguage\":\"fr-FR\",\"@id\":\"https:\/\/www.mlnr.ro\/fr\/quest-ce-que-la-franc-maconnerie\/#primaryimage\",\"url\":\"https:\/\/www.mlnr.ro\/wp-content\/uploads\/2026\/01\/bibleandkompasss.jpg\",\"contentUrl\":\"https:\/\/www.mlnr.ro\/wp-content\/uploads\/2026\/01\/bibleandkompasss.jpg\",\"width\":800,\"height\":531},{\"@type\":\"BreadcrumbList\",\"@id\":\"https:\/\/www.mlnr.ro\/fr\/quest-ce-que-la-franc-maconnerie\/#breadcrumb\",\"itemListElement\":[{\"@type\":\"ListItem\",\"position\":1,\"name\":\"Prima pagin\u0103\",\"item\":\"https:\/\/www.mlnr.ro\/fr\/\"},{\"@type\":\"ListItem\",\"position\":2,\"name\":\"Qu\u2019est-ce que la franc-ma\u00e7onnerie ?\"}]},{\"@type\":\"WebSite\",\"@id\":\"https:\/\/www.mlnr.ro\/fr\/#website\",\"url\":\"https:\/\/www.mlnr.ro\/fr\/\",\"name\":\"MLNR\",\"description\":\"\",\"publisher\":{\"@id\":\"https:\/\/www.mlnr.ro\/fr\/#organization\"},\"potentialAction\":[{\"@type\":\"SearchAction\",\"target\":{\"@type\":\"EntryPoint\",\"urlTemplate\":\"https:\/\/www.mlnr.ro\/fr\/?s={search_term_string}\"},\"query-input\":{\"@type\":\"PropertyValueSpecification\",\"valueRequired\":true,\"valueName\":\"search_term_string\"}}],\"inLanguage\":\"fr-FR\"},{\"@type\":\"Organization\",\"@id\":\"https:\/\/www.mlnr.ro\/fr\/#organization\",\"name\":\"MLNR\",\"url\":\"https:\/\/www.mlnr.ro\/fr\/\",\"logo\":{\"@type\":\"ImageObject\",\"inLanguage\":\"fr-FR\",\"@id\":\"https:\/\/www.mlnr.ro\/fr\/#\/schema\/logo\/image\/\",\"url\":\"https:\/\/www.mlnr.ro\/wp-content\/uploads\/2025\/12\/prj-edited.png\",\"contentUrl\":\"https:\/\/www.mlnr.ro\/wp-content\/uploads\/2025\/12\/prj-edited.png\",\"width\":300,\"height\":188,\"caption\":\"MLNR\"},\"image\":{\"@id\":\"https:\/\/www.mlnr.ro\/fr\/#\/schema\/logo\/image\/\"}}]}<\/script>\n<!-- \/ Yoast SEO plugin. -->","yoast_head_json":{"title":"Qu\u2019est-ce que la franc-ma\u00e7onnerie ? - MLNR","robots":{"index":"index","follow":"follow","max-snippet":"max-snippet:-1","max-image-preview":"max-image-preview:large","max-video-preview":"max-video-preview:-1"},"canonical":"https:\/\/www.mlnr.ro\/fr\/quest-ce-que-la-franc-maconnerie\/","og_locale":"fr_FR","og_type":"article","og_title":"Qu\u2019est-ce que la franc-ma\u00e7onnerie ? - MLNR","og_description":"La franc-ma\u00e7onnerie r\u00e9guli\u00e8re, dans son acception moderne, repr\u00e9sente une structure, form\u00e9e d&#8217;hommes, organis\u00e9s en une Grande Loge, avec des valeurs communes, \u00e0 vocation universelle, \u2013 croyance en Dieu, quelle que soit la religion, respect des lois du pays, \u00e9galit\u00e9 des droits, amour du pays et de la famille, charit\u00e9 et respect mutuel envers les hommes&hellip; Continue reading Qu\u2019est-ce que la franc-ma\u00e7onnerie ?","og_url":"https:\/\/www.mlnr.ro\/fr\/quest-ce-que-la-franc-maconnerie\/","og_site_name":"MLNR","article_modified_time":"2026-01-23T16:30:49+00:00","og_image":[{"width":800,"height":531,"url":"https:\/\/www.mlnr.ro\/wp-content\/uploads\/2026\/01\/bibleandkompasss.jpg","type":"image\/jpeg"}],"twitter_card":"summary_large_image","twitter_misc":{"Dur\u00e9e de lecture estim\u00e9e":"2 minutes"},"schema":{"@context":"https:\/\/schema.org","@graph":[{"@type":"WebPage","@id":"https:\/\/www.mlnr.ro\/fr\/quest-ce-que-la-franc-maconnerie\/","url":"https:\/\/www.mlnr.ro\/fr\/quest-ce-que-la-franc-maconnerie\/","name":"Qu\u2019est-ce que la franc-ma\u00e7onnerie ? - MLNR","isPartOf":{"@id":"https:\/\/www.mlnr.ro\/fr\/#website"},"primaryImageOfPage":{"@id":"https:\/\/www.mlnr.ro\/fr\/quest-ce-que-la-franc-maconnerie\/#primaryimage"},"image":{"@id":"https:\/\/www.mlnr.ro\/fr\/quest-ce-que-la-franc-maconnerie\/#primaryimage"},"thumbnailUrl":"https:\/\/www.mlnr.ro\/wp-content\/uploads\/2026\/01\/bibleandkompasss.jpg","datePublished":"2026-01-15T14:37:34+00:00","dateModified":"2026-01-23T16:30:49+00:00","breadcrumb":{"@id":"https:\/\/www.mlnr.ro\/fr\/quest-ce-que-la-franc-maconnerie\/#breadcrumb"},"inLanguage":"fr-FR","potentialAction":[{"@type":"ReadAction","target":["https:\/\/www.mlnr.ro\/fr\/quest-ce-que-la-franc-maconnerie\/"]}]},{"@type":"ImageObject","inLanguage":"fr-FR","@id":"https:\/\/www.mlnr.ro\/fr\/quest-ce-que-la-franc-maconnerie\/#primaryimage","url":"https:\/\/www.mlnr.ro\/wp-content\/uploads\/2026\/01\/bibleandkompasss.jpg","contentUrl":"https:\/\/www.mlnr.ro\/wp-content\/uploads\/2026\/01\/bibleandkompasss.jpg","width":800,"height":531},{"@type":"BreadcrumbList","@id":"https:\/\/www.mlnr.ro\/fr\/quest-ce-que-la-franc-maconnerie\/#breadcrumb","itemListElement":[{"@type":"ListItem","position":1,"name":"Prima pagin\u0103","item":"https:\/\/www.mlnr.ro\/fr\/"},{"@type":"ListItem","position":2,"name":"Qu\u2019est-ce que la franc-ma\u00e7onnerie ?"}]},{"@type":"WebSite","@id":"https:\/\/www.mlnr.ro\/fr\/#website","url":"https:\/\/www.mlnr.ro\/fr\/","name":"MLNR","description":"","publisher":{"@id":"https:\/\/www.mlnr.ro\/fr\/#organization"},"potentialAction":[{"@type":"SearchAction","target":{"@type":"EntryPoint","urlTemplate":"https:\/\/www.mlnr.ro\/fr\/?s={search_term_string}"},"query-input":{"@type":"PropertyValueSpecification","valueRequired":true,"valueName":"search_term_string"}}],"inLanguage":"fr-FR"},{"@type":"Organization","@id":"https:\/\/www.mlnr.ro\/fr\/#organization","name":"MLNR","url":"https:\/\/www.mlnr.ro\/fr\/","logo":{"@type":"ImageObject","inLanguage":"fr-FR","@id":"https:\/\/www.mlnr.ro\/fr\/#\/schema\/logo\/image\/","url":"https:\/\/www.mlnr.ro\/wp-content\/uploads\/2025\/12\/prj-edited.png","contentUrl":"https:\/\/www.mlnr.ro\/wp-content\/uploads\/2025\/12\/prj-edited.png","width":300,"height":188,"caption":"MLNR"},"image":{"@id":"https:\/\/www.mlnr.ro\/fr\/#\/schema\/logo\/image\/"}}]}},"_links":{"self":[{"href":"https:\/\/www.mlnr.ro\/fr\/wp-json\/wp\/v2\/pages\/1679","targetHints":{"allow":["GET"]}}],"collection":[{"href":"https:\/\/www.mlnr.ro\/fr\/wp-json\/wp\/v2\/pages"}],"about":[{"href":"https:\/\/www.mlnr.ro\/fr\/wp-json\/wp\/v2\/types\/page"}],"author":[{"embeddable":true,"href":"https:\/\/www.mlnr.ro\/fr\/wp-json\/wp\/v2\/users\/1"}],"replies":[{"embeddable":true,"href":"https:\/\/www.mlnr.ro\/fr\/wp-json\/wp\/v2\/comments?post=1679"}],"version-history":[{"count":2,"href":"https:\/\/www.mlnr.ro\/fr\/wp-json\/wp\/v2\/pages\/1679\/revisions"}],"predecessor-version":[{"id":3429,"href":"https:\/\/www.mlnr.ro\/fr\/wp-json\/wp\/v2\/pages\/1679\/revisions\/3429"}],"wp:featuredmedia":[{"embeddable":true,"href":"https:\/\/www.mlnr.ro\/fr\/wp-json\/wp\/v2\/media\/1402"}],"wp:attachment":[{"href":"https:\/\/www.mlnr.ro\/fr\/wp-json\/wp\/v2\/media?parent=1679"}],"curies":[{"name":"wp","href":"https:\/\/api.w.org\/{rel}","templated":true}]}}