{"id":1701,"date":"2026-01-15T16:50:45","date_gmt":"2026-01-15T14:50:45","guid":{"rendered":"https:mlnr.ro\/a-propos-de-la-mlnr\/"},"modified":"2026-02-18T16:00:39","modified_gmt":"2026-02-18T14:00:39","slug":"a-propos-de-la-mlnr","status":"publish","type":"page","link":"https:\/\/www.mlnr.ro\/fr\/a-propos-de-la-mlnr\/","title":{"rendered":"\u00c0 propos de la MLNR"},"content":{"rendered":"\n<p>La franc-ma\u00e7onnerie est l&#8217;une des plus anciennes soci\u00e9t\u00e9s fraternelles. Les lignes ci-dessous expliquent comment la franc-ma\u00e7onnerie est pratiqu\u00e9e par la Grande Loge Nationale de Roumanie (MLNR), Grande Loge qui administre toutes les loges r\u00e9guli\u00e8res sur le territoire roumain, et visent \u00e0 clarifier, en toute bonne foi, certaines id\u00e9es pr\u00e9con\u00e7ues sur la franc-ma\u00e7onnerie. <\/p>\n\n<p>La franc-ma\u00e7onnerie ne peut \u00eatre d\u00e9finie en quelques phrases. Elle est souvent d\u00e9crite comme un syst\u00e8me all\u00e9gorique de moralit\u00e9, illustr\u00e9 par des symboles. Au-del\u00e0 de cette dimension, la franc-ma\u00e7onnerie est \u00e9galement une institution organis\u00e9e, avec des r\u00e8gles claires, des principes et des coutumes transmis et pr\u00e9serv\u00e9s avec soin au fil des si\u00e8cles.  <\/p>\n\n<p>En cultivant la responsabilit\u00e9, la moralit\u00e9 et la v\u00e9rit\u00e9 parmi ses membres, la franc-ma\u00e7onnerie encourage les francs-ma\u00e7ons \u00e0 appliquer dans leur vie quotidienne les le\u00e7ons apprises lors des rituels all\u00e9goriques.<\/p>\n\n<h2 class=\"wp-block-heading\" id=\"introducere1\">Reconnaissance et r\u00e9gularit\u00e9<\/h2>\n\n<p>La MLNR est une Grande Loge r\u00e9guli\u00e8re, dont l&#8217;activit\u00e9 s&#8217;exerce conform\u00e9ment aux principes et coutumes traditionnels de la Franc-ma\u00e7onnerie r\u00e9guli\u00e8re universelle. Au niveau international, la MLNR est reconnue par la Grande Loge unie d&#8217;Angleterre (UGLE) et par de nombreuses Grandes Loges r\u00e9guli\u00e8res \u00e0 travers le monde, sur la base des crit\u00e8res de r\u00e9gularit\u00e9 universellement accept\u00e9s. <\/p>\n\n<h2 class=\"wp-block-heading\" id=\"introducere2\">Condition essentielle pour \u00eatre admis dans l&#8217;Ordre<\/h2>\n\n<p>La condition essentielle pour \u00eatre admis dans l&#8217;Ordre est la croyance en la Divinit\u00e9 \u2013 appel\u00e9e g\u00e9n\u00e9riquement le Grand Architecte de l&#8217;Univers \u2013 et la croyance en l&#8217;immortalit\u00e9 de l&#8217;\u00e2me.<\/p>\n\n<p>L&#8217;ordre est ouvert aux hommes \u00e2g\u00e9s de 21 ans r\u00e9volus, de toute race ou religion, de bonne r\u00e9putation, et qui remplissent les conditions d&#8217;admission mentionn\u00e9es ci-dessus.<\/p>\n\n<h2 class=\"wp-block-heading\" id=\"introducere3\">La franc-ma\u00e7onnerie et la religion<\/h2>\n\n<p>La franc-ma\u00e7onnerie n&#8217;est ni une religion ni un substitut \u00e0 la religion. Elle s&#8217;adresse aux pratiquants de toutes les religions, qui sont enti\u00e8rement libres, apr\u00e8s leur entr\u00e9e dans l&#8217;Ordre, de suivre leur foi sans entrave. <\/p>\n\n<p>Dans le m\u00eame temps, au sein des loges ma\u00e7onniques, il est interdit aux membres de la confr\u00e9rie \u2013 sous peine d&#8217;irr\u00e9gularit\u00e9 ma\u00e7onnique \u2013 de d\u00e9battre ou de s&#8217;engager dans des disputes sur des questions religieuses.<\/p>\n\n<h2 class=\"wp-block-heading\" id=\"introducere4\">Les trois grands principes de la franc-ma\u00e7onnerie<\/h2>\n\n<p>Depuis ses d\u00e9buts, la franc-ma\u00e7onnerie suit avec coh\u00e9rence trois principes fondamentaux : l&#8217;amour fraternel, l&#8217;entraide et la v\u00e9rit\u00e9.<\/p>\n\n<p>L&#8217;amour fraternel signifie la tol\u00e9rance et le respect des opinions d&#8217;autrui, ainsi qu&#8217;une conduite caract\u00e9ris\u00e9e par la bont\u00e9 et la compr\u00e9hension envers tout \u00eatre humain.<\/p>\n\n<p>L&#8217;entraide est une vertu pratiqu\u00e9e non seulement envers la famille, mais aussi envers la communaut\u00e9 dans laquelle nous vivons, \u00e0 travers des efforts individuels concrets. Le sort des orphelins, des personnes souffrantes et des personnes \u00e2g\u00e9es a toujours \u00e9t\u00e9, depuis les temps les plus anciens, une pr\u00e9occupation constante des membres de l&#8217;Ordre. <\/p>\n\n<p>Pour les francs-ma\u00e7ons, la v\u00e9rit\u00e9 est la pierre de touche de leur formation et doit pr\u00e9valoir en toutes circonstances.<\/p>\n\n<p>Les francs-ma\u00e7ons croient fermement que la mise en pratique de ces principes est la voie vers les normes comportementales les plus \u00e9lev\u00e9es pour chaque \u00eatre humain.<\/p>\n\n<h2 class=\"wp-block-heading\" id=\"introducere5\">La franc-ma\u00e7onnerie et la soci\u00e9t\u00e9<\/h2>\n\n<p>La franc-ma\u00e7onnerie exige de chaque membre qu&#8217;il respecte strictement les lois du pays dans lequel il exerce ses activit\u00e9s et qu&#8217;il ne participe \u00e0 aucune action qui porterait atteinte \u00e0 la souverainet\u00e9 ou au bien-\u00eatre de son propre peuple ou du pays dans lequel il r\u00e9side temporairement, toute infraction entra\u00eenant l&#8217;expulsion de l&#8217;Ordre.<\/p>\n\n<p>Les principes de la franc-ma\u00e7onnerie ne sont pas en conflit avec les devoirs civiques des membres de l&#8217;Ordre ; au contraire, la Fraternit\u00e9 demande \u00e0 chaque membre de remplir loyalement ses devoirs civiques.<\/p>\n\n<h2 class=\"wp-block-heading\" id=\"introducere6\">Discr\u00e9tion et \u00ab secret \u00bb<\/h2>\n\n<p>La franc-ma\u00e7onnerie n&#8217;est pas une soci\u00e9t\u00e9 secr\u00e8te, dans la mesure o\u00f9 chaque Grande Loge r\u00e9guli\u00e8re est une institution l\u00e9galement constitu\u00e9e, officiellement reconnue et fonctionnant conform\u00e9ment \u00e0 la l\u00e9gislation de chaque pays.<\/p>\n\n<p>La franc-ma\u00e7onnerie est une soci\u00e9t\u00e9 discr\u00e8te, mais pas secr\u00e8te. Les seuls \u00ab secrets \u00bb concernent les rituels et les modes traditionnels de reconnaissance entre Fr\u00e8res. Les principes, les symboles, les coutumes et les objectifs de l&#8217;Ordre sont publics ; et le fait que certaines questions internes ne soient pas rendues publiques est tout \u00e0 fait normal pour toute association qui traite ses affaires internes avec discr\u00e9tion.  <\/p>\n\n<p>Le statut de la Grande Loge Nationale de Roumanie est public, \u00e9tant enregistr\u00e9 au Registre National des Personnes Juridiques Sans But Patrimonial, et la Grande Loge Nationale de Roumanie est reconnue par le Gouvernement Roumain comme Association d&#8217;Utilit\u00e9 Publique.<\/p>\n\n<h2 class=\"wp-block-heading\" id=\"introducere7\">La franc-ma\u00e7onnerie et la politique<\/h2>\n\n<p>Respectant les opinions politiques de ses membres, la franc-ma\u00e7onnerie interdit les d\u00e9bats et l&#8217;adoption de r\u00e9solutions dans les loges sur des questions politiques, toute infraction entra\u00eenant une irr\u00e9gularit\u00e9 et l&#8217;expulsion de l&#8217;Ordre. De m\u00eame, les discussions relatives aux int\u00e9r\u00eats \u00e9conomiques ne sont pas autoris\u00e9es dans les loges. <\/p>\n\n<h2 class=\"wp-block-heading\" id=\"introducere8\">Autres organisations pr\u00e9tendument franc-ma\u00e7onniques<\/h2>\n\n<p>La franc-ma\u00e7onnerie r\u00e9guli\u00e8re universelle est pratiqu\u00e9e par de nombreuses Grandes Loges ind\u00e9pendantes, qui respectent la condition fondamentale pour acc\u00e9der \u00e0 l&#8217;Ordre \u2013 la croyance en l&#8217;\u00catre supr\u00eame et en l&#8217;immortalit\u00e9 de l&#8217;\u00e2me \u2013 ainsi que les coutumes de la Fraternit\u00e9 connues sous le nom de Landmarks.<\/p>\n\n<p>Il existe cependant des Grandes Loges et d&#8217;autres organismes pr\u00e9tendument ma\u00e7onniques qui n&#8217;exigent pas de leurs membres qu&#8217;ils croient en l&#8217;\u00catre supr\u00eame et leur permettent de d\u00e9battre et d&#8217;adopter des r\u00e9solutions sur des questions politiques au sein des loges. Ces structures (souvent appel\u00e9es Grands Orient), ainsi que les organisations pr\u00e9tendument ma\u00e7onniques, ne sont pas reconnues comme r\u00e9guli\u00e8res par la Grande Loge unie d&#8217;Angleterre et, par cons\u00e9quent, par l&#8217;ensemble de la franc-ma\u00e7onnerie universelle r\u00e9guli\u00e8re. <\/p>\n\n<h2 class=\"wp-block-heading\" id=\"introducere9\">Conclusion<\/h2>\n\n<p>Le franc-ma\u00e7on doit avant tout servir son pays avec d\u00e9vouement et loyaut\u00e9 et accomplir son devoir envers le Cr\u00e9ateur supr\u00eame, quel que soit le nom sous lequel il est connu, selon sa croyance.<\/p>\n\n<p>On peut \u00e9galement affirmer sans r\u00e9serve que les id\u00e9es ci-dessus n&#8217;appartiennent pas exclusivement \u00e0 la franc-ma\u00e7onnerie, mais peuvent \u00eatre accept\u00e9es par des personnes de bonne foi qui se soucient de savoir si demain nous aurons ou non un monde meilleur.<\/p>\n","protected":false},"excerpt":{"rendered":"<p>La franc-ma\u00e7onnerie est l&#8217;une des plus anciennes soci\u00e9t\u00e9s fraternelles. Les lignes ci-dessous expliquent comment la franc-ma\u00e7onnerie est pratiqu\u00e9e par la Grande Loge Nationale de Roumanie (MLNR), Grande Loge qui administre toutes les loges r\u00e9guli\u00e8res sur le territoire roumain, et visent \u00e0 clarifier, en toute bonne foi, certaines id\u00e9es pr\u00e9con\u00e7ues sur la franc-ma\u00e7onnerie. La franc-ma\u00e7onnerie ne&hellip; <a class=\"more-link\" href=\"https:\/\/www.mlnr.ro\/fr\/a-propos-de-la-mlnr\/\">Continue reading <span class=\"screen-reader-text\">\u00c0 propos de la MLNR<\/span><\/a><\/p>\n","protected":false},"author":1,"featured_media":2652,"parent":0,"menu_order":0,"comment_status":"closed","ping_status":"closed","template":"","meta":{"_acf_changed":false,"footnotes":""},"class_list":["post-1701","page","type-page","status-publish","has-post-thumbnail","hentry","entry"],"acf":[],"yoast_head":"<!-- This site is optimized with the Yoast SEO plugin v27.0 - https:\/\/yoast.com\/product\/yoast-seo-wordpress\/ -->\n<title>\u00c0 propos de la MLNR - MLNR<\/title>\n<meta name=\"robots\" content=\"index, follow, max-snippet:-1, max-image-preview:large, max-video-preview:-1\" \/>\n<link rel=\"canonical\" href=\"https:\/\/www.mlnr.ro\/fr\/a-propos-de-la-mlnr\/\" \/>\n<meta property=\"og:locale\" content=\"fr_FR\" \/>\n<meta property=\"og:type\" content=\"article\" \/>\n<meta property=\"og:title\" content=\"\u00c0 propos de la MLNR - MLNR\" \/>\n<meta property=\"og:description\" content=\"La franc-ma\u00e7onnerie est l&#8217;une des plus anciennes soci\u00e9t\u00e9s fraternelles. Les lignes ci-dessous expliquent comment la franc-ma\u00e7onnerie est pratiqu\u00e9e par la Grande Loge Nationale de Roumanie (MLNR), Grande Loge qui administre toutes les loges r\u00e9guli\u00e8res sur le territoire roumain, et visent \u00e0 clarifier, en toute bonne foi, certaines id\u00e9es pr\u00e9con\u00e7ues sur la franc-ma\u00e7onnerie. La franc-ma\u00e7onnerie ne&hellip; Continue reading \u00c0 propos de la MLNR\" \/>\n<meta property=\"og:url\" content=\"https:\/\/www.mlnr.ro\/fr\/a-propos-de-la-mlnr\/\" \/>\n<meta property=\"og:site_name\" content=\"MLNR\" \/>\n<meta property=\"article:modified_time\" content=\"2026-02-18T14:00:39+00:00\" \/>\n<meta property=\"og:image\" content=\"https:\/\/www.mlnr.ro\/wp-content\/uploads\/2026\/01\/Despre-MLNR2-1024x453.png\" \/>\n\t<meta property=\"og:image:width\" content=\"1024\" \/>\n\t<meta property=\"og:image:height\" content=\"453\" \/>\n\t<meta property=\"og:image:type\" content=\"image\/png\" \/>\n<meta name=\"twitter:card\" content=\"summary_large_image\" \/>\n<meta name=\"twitter:label1\" content=\"Dur\u00e9e de lecture estim\u00e9e\" \/>\n\t<meta name=\"twitter:data1\" content=\"5 minutes\" \/>\n<script type=\"application\/ld+json\" class=\"yoast-schema-graph\">{\"@context\":\"https:\/\/schema.org\",\"@graph\":[{\"@type\":\"WebPage\",\"@id\":\"https:\/\/www.mlnr.ro\/fr\/a-propos-de-la-mlnr\/\",\"url\":\"https:\/\/www.mlnr.ro\/fr\/a-propos-de-la-mlnr\/\",\"name\":\"\u00c0 propos de la MLNR - MLNR\",\"isPartOf\":{\"@id\":\"https:\/\/www.mlnr.ro\/fr\/#website\"},\"primaryImageOfPage\":{\"@id\":\"https:\/\/www.mlnr.ro\/fr\/a-propos-de-la-mlnr\/#primaryimage\"},\"image\":{\"@id\":\"https:\/\/www.mlnr.ro\/fr\/a-propos-de-la-mlnr\/#primaryimage\"},\"thumbnailUrl\":\"https:\/\/www.mlnr.ro\/wp-content\/uploads\/2026\/01\/Despre-MLNR2.png\",\"datePublished\":\"2026-01-15T14:50:45+00:00\",\"dateModified\":\"2026-02-18T14:00:39+00:00\",\"breadcrumb\":{\"@id\":\"https:\/\/www.mlnr.ro\/fr\/a-propos-de-la-mlnr\/#breadcrumb\"},\"inLanguage\":\"fr-FR\",\"potentialAction\":[{\"@type\":\"ReadAction\",\"target\":[\"https:\/\/www.mlnr.ro\/fr\/a-propos-de-la-mlnr\/\"]}]},{\"@type\":\"ImageObject\",\"inLanguage\":\"fr-FR\",\"@id\":\"https:\/\/www.mlnr.ro\/fr\/a-propos-de-la-mlnr\/#primaryimage\",\"url\":\"https:\/\/www.mlnr.ro\/wp-content\/uploads\/2026\/01\/Despre-MLNR2.png\",\"contentUrl\":\"https:\/\/www.mlnr.ro\/wp-content\/uploads\/2026\/01\/Despre-MLNR2.png\",\"width\":1920,\"height\":850},{\"@type\":\"BreadcrumbList\",\"@id\":\"https:\/\/www.mlnr.ro\/fr\/a-propos-de-la-mlnr\/#breadcrumb\",\"itemListElement\":[{\"@type\":\"ListItem\",\"position\":1,\"name\":\"Prima pagin\u0103\",\"item\":\"https:\/\/www.mlnr.ro\/fr\/\"},{\"@type\":\"ListItem\",\"position\":2,\"name\":\"\u00c0 propos de la MLNR\"}]},{\"@type\":\"WebSite\",\"@id\":\"https:\/\/www.mlnr.ro\/fr\/#website\",\"url\":\"https:\/\/www.mlnr.ro\/fr\/\",\"name\":\"MLNR\",\"description\":\"\",\"publisher\":{\"@id\":\"https:\/\/www.mlnr.ro\/fr\/#organization\"},\"potentialAction\":[{\"@type\":\"SearchAction\",\"target\":{\"@type\":\"EntryPoint\",\"urlTemplate\":\"https:\/\/www.mlnr.ro\/fr\/?s={search_term_string}\"},\"query-input\":{\"@type\":\"PropertyValueSpecification\",\"valueRequired\":true,\"valueName\":\"search_term_string\"}}],\"inLanguage\":\"fr-FR\"},{\"@type\":\"Organization\",\"@id\":\"https:\/\/www.mlnr.ro\/fr\/#organization\",\"name\":\"MLNR\",\"url\":\"https:\/\/www.mlnr.ro\/fr\/\",\"logo\":{\"@type\":\"ImageObject\",\"inLanguage\":\"fr-FR\",\"@id\":\"https:\/\/www.mlnr.ro\/fr\/#\/schema\/logo\/image\/\",\"url\":\"https:\/\/www.mlnr.ro\/wp-content\/uploads\/2025\/12\/prj-edited.png\",\"contentUrl\":\"https:\/\/www.mlnr.ro\/wp-content\/uploads\/2025\/12\/prj-edited.png\",\"width\":300,\"height\":188,\"caption\":\"MLNR\"},\"image\":{\"@id\":\"https:\/\/www.mlnr.ro\/fr\/#\/schema\/logo\/image\/\"}}]}<\/script>\n<!-- \/ Yoast SEO plugin. -->","yoast_head_json":{"title":"\u00c0 propos de la MLNR - MLNR","robots":{"index":"index","follow":"follow","max-snippet":"max-snippet:-1","max-image-preview":"max-image-preview:large","max-video-preview":"max-video-preview:-1"},"canonical":"https:\/\/www.mlnr.ro\/fr\/a-propos-de-la-mlnr\/","og_locale":"fr_FR","og_type":"article","og_title":"\u00c0 propos de la MLNR - MLNR","og_description":"La franc-ma\u00e7onnerie est l&#8217;une des plus anciennes soci\u00e9t\u00e9s fraternelles. Les lignes ci-dessous expliquent comment la franc-ma\u00e7onnerie est pratiqu\u00e9e par la Grande Loge Nationale de Roumanie (MLNR), Grande Loge qui administre toutes les loges r\u00e9guli\u00e8res sur le territoire roumain, et visent \u00e0 clarifier, en toute bonne foi, certaines id\u00e9es pr\u00e9con\u00e7ues sur la franc-ma\u00e7onnerie. La franc-ma\u00e7onnerie ne&hellip; Continue reading \u00c0 propos de la MLNR","og_url":"https:\/\/www.mlnr.ro\/fr\/a-propos-de-la-mlnr\/","og_site_name":"MLNR","article_modified_time":"2026-02-18T14:00:39+00:00","og_image":[{"width":1024,"height":453,"url":"https:\/\/www.mlnr.ro\/wp-content\/uploads\/2026\/01\/Despre-MLNR2-1024x453.png","type":"image\/png"}],"twitter_card":"summary_large_image","twitter_misc":{"Dur\u00e9e de lecture estim\u00e9e":"5 minutes"},"schema":{"@context":"https:\/\/schema.org","@graph":[{"@type":"WebPage","@id":"https:\/\/www.mlnr.ro\/fr\/a-propos-de-la-mlnr\/","url":"https:\/\/www.mlnr.ro\/fr\/a-propos-de-la-mlnr\/","name":"\u00c0 propos de la MLNR - MLNR","isPartOf":{"@id":"https:\/\/www.mlnr.ro\/fr\/#website"},"primaryImageOfPage":{"@id":"https:\/\/www.mlnr.ro\/fr\/a-propos-de-la-mlnr\/#primaryimage"},"image":{"@id":"https:\/\/www.mlnr.ro\/fr\/a-propos-de-la-mlnr\/#primaryimage"},"thumbnailUrl":"https:\/\/www.mlnr.ro\/wp-content\/uploads\/2026\/01\/Despre-MLNR2.png","datePublished":"2026-01-15T14:50:45+00:00","dateModified":"2026-02-18T14:00:39+00:00","breadcrumb":{"@id":"https:\/\/www.mlnr.ro\/fr\/a-propos-de-la-mlnr\/#breadcrumb"},"inLanguage":"fr-FR","potentialAction":[{"@type":"ReadAction","target":["https:\/\/www.mlnr.ro\/fr\/a-propos-de-la-mlnr\/"]}]},{"@type":"ImageObject","inLanguage":"fr-FR","@id":"https:\/\/www.mlnr.ro\/fr\/a-propos-de-la-mlnr\/#primaryimage","url":"https:\/\/www.mlnr.ro\/wp-content\/uploads\/2026\/01\/Despre-MLNR2.png","contentUrl":"https:\/\/www.mlnr.ro\/wp-content\/uploads\/2026\/01\/Despre-MLNR2.png","width":1920,"height":850},{"@type":"BreadcrumbList","@id":"https:\/\/www.mlnr.ro\/fr\/a-propos-de-la-mlnr\/#breadcrumb","itemListElement":[{"@type":"ListItem","position":1,"name":"Prima pagin\u0103","item":"https:\/\/www.mlnr.ro\/fr\/"},{"@type":"ListItem","position":2,"name":"\u00c0 propos de la MLNR"}]},{"@type":"WebSite","@id":"https:\/\/www.mlnr.ro\/fr\/#website","url":"https:\/\/www.mlnr.ro\/fr\/","name":"MLNR","description":"","publisher":{"@id":"https:\/\/www.mlnr.ro\/fr\/#organization"},"potentialAction":[{"@type":"SearchAction","target":{"@type":"EntryPoint","urlTemplate":"https:\/\/www.mlnr.ro\/fr\/?s={search_term_string}"},"query-input":{"@type":"PropertyValueSpecification","valueRequired":true,"valueName":"search_term_string"}}],"inLanguage":"fr-FR"},{"@type":"Organization","@id":"https:\/\/www.mlnr.ro\/fr\/#organization","name":"MLNR","url":"https:\/\/www.mlnr.ro\/fr\/","logo":{"@type":"ImageObject","inLanguage":"fr-FR","@id":"https:\/\/www.mlnr.ro\/fr\/#\/schema\/logo\/image\/","url":"https:\/\/www.mlnr.ro\/wp-content\/uploads\/2025\/12\/prj-edited.png","contentUrl":"https:\/\/www.mlnr.ro\/wp-content\/uploads\/2025\/12\/prj-edited.png","width":300,"height":188,"caption":"MLNR"},"image":{"@id":"https:\/\/www.mlnr.ro\/fr\/#\/schema\/logo\/image\/"}}]}},"_links":{"self":[{"href":"https:\/\/www.mlnr.ro\/fr\/wp-json\/wp\/v2\/pages\/1701","targetHints":{"allow":["GET"]}}],"collection":[{"href":"https:\/\/www.mlnr.ro\/fr\/wp-json\/wp\/v2\/pages"}],"about":[{"href":"https:\/\/www.mlnr.ro\/fr\/wp-json\/wp\/v2\/types\/page"}],"author":[{"embeddable":true,"href":"https:\/\/www.mlnr.ro\/fr\/wp-json\/wp\/v2\/users\/1"}],"replies":[{"embeddable":true,"href":"https:\/\/www.mlnr.ro\/fr\/wp-json\/wp\/v2\/comments?post=1701"}],"version-history":[{"count":2,"href":"https:\/\/www.mlnr.ro\/fr\/wp-json\/wp\/v2\/pages\/1701\/revisions"}],"predecessor-version":[{"id":3908,"href":"https:\/\/www.mlnr.ro\/fr\/wp-json\/wp\/v2\/pages\/1701\/revisions\/3908"}],"wp:featuredmedia":[{"embeddable":true,"href":"https:\/\/www.mlnr.ro\/fr\/wp-json\/wp\/v2\/media\/2652"}],"wp:attachment":[{"href":"https:\/\/www.mlnr.ro\/fr\/wp-json\/wp\/v2\/media?parent=1701"}],"curies":[{"name":"wp","href":"https:\/\/api.w.org\/{rel}","templated":true}]}}