{"id":1712,"date":"2026-01-15T16:55:58","date_gmt":"2026-01-15T14:55:58","guid":{"rendered":"https:mlnr.ro\/le-grand-temple\/"},"modified":"2026-02-25T19:10:43","modified_gmt":"2026-02-25T17:10:43","slug":"lobjectif-socioculturel","status":"publish","type":"page","link":"https:\/\/www.mlnr.ro\/fr\/lobjectif-socioculturel\/","title":{"rendered":"L&#8217;objectif socioculturel"},"content":{"rendered":"\n<p>L&#8217;objectif socioculturel repr\u00e9sente un rep\u00e8re institutionnel et culturel majeur, con\u00e7u comme si\u00e8ge repr\u00e9sentatif de la Grande Loge Nationale de Roumanie (MLNR) et centre culturel et \u00e9ducatif. Le b\u00e2timent int\u00e9grera \u00e0 la fois des espaces administratifs et des zones d\u00e9di\u00e9es aux activit\u00e9s internes des Fr\u00e8res, organis\u00e9es dans plusieurs temples r\u00e9unis harmonieusement au sein du m\u00eame ensemble architectural. En compl\u00e9ment de sa fonction institutionnelle, l&#8217;objectif accueillera des \u00e9v\u00e9nements culturels et \u00e9ducatifs destin\u00e9s au grand public \u2014 expositions, conf\u00e9rences, lancements et programmes th\u00e9matiques \u2014 ouverts au dialogue et aux initiatives culturelles. Dans ce cadre, seront valoris\u00e9s des rep\u00e8res historiques, symboliques et philosophiques li\u00e9s \u00e0 la tradition de la franc-ma\u00e7onnerie, ainsi que d&#8217;autres sujets d&#8217;int\u00e9r\u00eat culturel et \u00e9ducatif. Par cette double vocation, le projet contribue \u00e0 l&#8217;enrichissement du patrimoine culturel et spirituel et au renforcement du dialogue entre l&#8217;institution et la communaut\u00e9.<\/p>\n\n\n\n<p><a href=\"https:\/\/mlnr.ro\/fr\/galerie\/\">Galerie d&#8217;images<\/a><\/p>\n","protected":false},"excerpt":{"rendered":"<p>L&#8217;objectif socioculturel repr\u00e9sente un rep\u00e8re institutionnel et culturel majeur, con\u00e7u comme si\u00e8ge repr\u00e9sentatif de la Grande Loge Nationale de Roumanie (MLNR) et centre culturel et \u00e9ducatif. Le b\u00e2timent int\u00e9grera \u00e0 la fois des espaces administratifs et des zones d\u00e9di\u00e9es aux activit\u00e9s internes des Fr\u00e8res, organis\u00e9es dans plusieurs temples r\u00e9unis harmonieusement au sein du m\u00eame ensemble&hellip; <a class=\"more-link\" href=\"https:\/\/www.mlnr.ro\/fr\/lobjectif-socioculturel\/\">Continue reading <span class=\"screen-reader-text\">L&#8217;objectif socioculturel<\/span><\/a><\/p>\n","protected":false},"author":1,"featured_media":1802,"parent":0,"menu_order":0,"comment_status":"closed","ping_status":"closed","template":"","meta":{"_acf_changed":false,"footnotes":""},"class_list":["post-1712","page","type-page","status-publish","has-post-thumbnail","hentry","entry"],"acf":[],"yoast_head":"<!-- This site is optimized with the Yoast SEO plugin v27.0 - https:\/\/yoast.com\/product\/yoast-seo-wordpress\/ -->\n<title>L&#039;objectif socioculturel - MLNR<\/title>\n<meta name=\"robots\" content=\"index, follow, max-snippet:-1, max-image-preview:large, max-video-preview:-1\" \/>\n<link rel=\"canonical\" href=\"https:\/\/www.mlnr.ro\/fr\/lobjectif-socioculturel\/\" \/>\n<meta property=\"og:locale\" content=\"fr_FR\" \/>\n<meta property=\"og:type\" content=\"article\" \/>\n<meta property=\"og:title\" content=\"L&#039;objectif socioculturel - MLNR\" \/>\n<meta property=\"og:description\" content=\"L&#8217;objectif socioculturel repr\u00e9sente un rep\u00e8re institutionnel et culturel majeur, con\u00e7u comme si\u00e8ge repr\u00e9sentatif de la Grande Loge Nationale de Roumanie (MLNR) et centre culturel et \u00e9ducatif. Le b\u00e2timent int\u00e9grera \u00e0 la fois des espaces administratifs et des zones d\u00e9di\u00e9es aux activit\u00e9s internes des Fr\u00e8res, organis\u00e9es dans plusieurs temples r\u00e9unis harmonieusement au sein du m\u00eame ensemble&hellip; Continue reading L&#8217;objectif socioculturel\" \/>\n<meta property=\"og:url\" content=\"https:\/\/www.mlnr.ro\/fr\/lobjectif-socioculturel\/\" \/>\n<meta property=\"og:site_name\" content=\"MLNR\" \/>\n<meta property=\"article:modified_time\" content=\"2026-02-25T17:10:43+00:00\" \/>\n<meta property=\"og:image\" content=\"https:\/\/www.mlnr.ro\/wp-content\/uploads\/2025\/12\/Marele-Templu-MLNR-scaled.jpg\" \/>\n\t<meta property=\"og:image:width\" content=\"2560\" \/>\n\t<meta property=\"og:image:height\" content=\"1643\" \/>\n\t<meta property=\"og:image:type\" content=\"image\/jpeg\" \/>\n<meta name=\"twitter:card\" content=\"summary_large_image\" \/>\n<meta name=\"twitter:label1\" content=\"Dur\u00e9e de lecture estim\u00e9e\" \/>\n\t<meta name=\"twitter:data1\" content=\"1 minute\" \/>\n<script type=\"application\/ld+json\" class=\"yoast-schema-graph\">{\"@context\":\"https:\/\/schema.org\",\"@graph\":[{\"@type\":\"WebPage\",\"@id\":\"https:\/\/www.mlnr.ro\/fr\/lobjectif-socioculturel\/\",\"url\":\"https:\/\/www.mlnr.ro\/fr\/lobjectif-socioculturel\/\",\"name\":\"L'objectif socioculturel - MLNR\",\"isPartOf\":{\"@id\":\"https:\/\/www.mlnr.ro\/fr\/#website\"},\"primaryImageOfPage\":{\"@id\":\"https:\/\/www.mlnr.ro\/fr\/lobjectif-socioculturel\/#primaryimage\"},\"image\":{\"@id\":\"https:\/\/www.mlnr.ro\/fr\/lobjectif-socioculturel\/#primaryimage\"},\"thumbnailUrl\":\"https:\/\/www.mlnr.ro\/wp-content\/uploads\/2025\/12\/Marele-Templu-MLNR-scaled.jpg\",\"datePublished\":\"2026-01-15T14:55:58+00:00\",\"dateModified\":\"2026-02-25T17:10:43+00:00\",\"breadcrumb\":{\"@id\":\"https:\/\/www.mlnr.ro\/fr\/lobjectif-socioculturel\/#breadcrumb\"},\"inLanguage\":\"fr-FR\",\"potentialAction\":[{\"@type\":\"ReadAction\",\"target\":[\"https:\/\/www.mlnr.ro\/fr\/lobjectif-socioculturel\/\"]}]},{\"@type\":\"ImageObject\",\"inLanguage\":\"fr-FR\",\"@id\":\"https:\/\/www.mlnr.ro\/fr\/lobjectif-socioculturel\/#primaryimage\",\"url\":\"https:\/\/www.mlnr.ro\/wp-content\/uploads\/2025\/12\/Marele-Templu-MLNR-scaled.jpg\",\"contentUrl\":\"https:\/\/www.mlnr.ro\/wp-content\/uploads\/2025\/12\/Marele-Templu-MLNR-scaled.jpg\",\"width\":2560,\"height\":1643},{\"@type\":\"BreadcrumbList\",\"@id\":\"https:\/\/www.mlnr.ro\/fr\/lobjectif-socioculturel\/#breadcrumb\",\"itemListElement\":[{\"@type\":\"ListItem\",\"position\":1,\"name\":\"Prima pagin\u0103\",\"item\":\"https:\/\/www.mlnr.ro\/fr\/\"},{\"@type\":\"ListItem\",\"position\":2,\"name\":\"L&#8217;objectif socioculturel\"}]},{\"@type\":\"WebSite\",\"@id\":\"https:\/\/www.mlnr.ro\/fr\/#website\",\"url\":\"https:\/\/www.mlnr.ro\/fr\/\",\"name\":\"MLNR\",\"description\":\"\",\"publisher\":{\"@id\":\"https:\/\/www.mlnr.ro\/fr\/#organization\"},\"potentialAction\":[{\"@type\":\"SearchAction\",\"target\":{\"@type\":\"EntryPoint\",\"urlTemplate\":\"https:\/\/www.mlnr.ro\/fr\/?s={search_term_string}\"},\"query-input\":{\"@type\":\"PropertyValueSpecification\",\"valueRequired\":true,\"valueName\":\"search_term_string\"}}],\"inLanguage\":\"fr-FR\"},{\"@type\":\"Organization\",\"@id\":\"https:\/\/www.mlnr.ro\/fr\/#organization\",\"name\":\"MLNR\",\"url\":\"https:\/\/www.mlnr.ro\/fr\/\",\"logo\":{\"@type\":\"ImageObject\",\"inLanguage\":\"fr-FR\",\"@id\":\"https:\/\/www.mlnr.ro\/fr\/#\/schema\/logo\/image\/\",\"url\":\"https:\/\/www.mlnr.ro\/wp-content\/uploads\/2025\/12\/prj-edited.png\",\"contentUrl\":\"https:\/\/www.mlnr.ro\/wp-content\/uploads\/2025\/12\/prj-edited.png\",\"width\":300,\"height\":188,\"caption\":\"MLNR\"},\"image\":{\"@id\":\"https:\/\/www.mlnr.ro\/fr\/#\/schema\/logo\/image\/\"}}]}<\/script>\n<!-- \/ Yoast SEO plugin. -->","yoast_head_json":{"title":"L'objectif socioculturel - MLNR","robots":{"index":"index","follow":"follow","max-snippet":"max-snippet:-1","max-image-preview":"max-image-preview:large","max-video-preview":"max-video-preview:-1"},"canonical":"https:\/\/www.mlnr.ro\/fr\/lobjectif-socioculturel\/","og_locale":"fr_FR","og_type":"article","og_title":"L'objectif socioculturel - MLNR","og_description":"L&#8217;objectif socioculturel repr\u00e9sente un rep\u00e8re institutionnel et culturel majeur, con\u00e7u comme si\u00e8ge repr\u00e9sentatif de la Grande Loge Nationale de Roumanie (MLNR) et centre culturel et \u00e9ducatif. Le b\u00e2timent int\u00e9grera \u00e0 la fois des espaces administratifs et des zones d\u00e9di\u00e9es aux activit\u00e9s internes des Fr\u00e8res, organis\u00e9es dans plusieurs temples r\u00e9unis harmonieusement au sein du m\u00eame ensemble&hellip; Continue reading L&#8217;objectif socioculturel","og_url":"https:\/\/www.mlnr.ro\/fr\/lobjectif-socioculturel\/","og_site_name":"MLNR","article_modified_time":"2026-02-25T17:10:43+00:00","og_image":[{"width":2560,"height":1643,"url":"https:\/\/www.mlnr.ro\/wp-content\/uploads\/2025\/12\/Marele-Templu-MLNR-scaled.jpg","type":"image\/jpeg"}],"twitter_card":"summary_large_image","twitter_misc":{"Dur\u00e9e de lecture estim\u00e9e":"1 minute"},"schema":{"@context":"https:\/\/schema.org","@graph":[{"@type":"WebPage","@id":"https:\/\/www.mlnr.ro\/fr\/lobjectif-socioculturel\/","url":"https:\/\/www.mlnr.ro\/fr\/lobjectif-socioculturel\/","name":"L'objectif socioculturel - MLNR","isPartOf":{"@id":"https:\/\/www.mlnr.ro\/fr\/#website"},"primaryImageOfPage":{"@id":"https:\/\/www.mlnr.ro\/fr\/lobjectif-socioculturel\/#primaryimage"},"image":{"@id":"https:\/\/www.mlnr.ro\/fr\/lobjectif-socioculturel\/#primaryimage"},"thumbnailUrl":"https:\/\/www.mlnr.ro\/wp-content\/uploads\/2025\/12\/Marele-Templu-MLNR-scaled.jpg","datePublished":"2026-01-15T14:55:58+00:00","dateModified":"2026-02-25T17:10:43+00:00","breadcrumb":{"@id":"https:\/\/www.mlnr.ro\/fr\/lobjectif-socioculturel\/#breadcrumb"},"inLanguage":"fr-FR","potentialAction":[{"@type":"ReadAction","target":["https:\/\/www.mlnr.ro\/fr\/lobjectif-socioculturel\/"]}]},{"@type":"ImageObject","inLanguage":"fr-FR","@id":"https:\/\/www.mlnr.ro\/fr\/lobjectif-socioculturel\/#primaryimage","url":"https:\/\/www.mlnr.ro\/wp-content\/uploads\/2025\/12\/Marele-Templu-MLNR-scaled.jpg","contentUrl":"https:\/\/www.mlnr.ro\/wp-content\/uploads\/2025\/12\/Marele-Templu-MLNR-scaled.jpg","width":2560,"height":1643},{"@type":"BreadcrumbList","@id":"https:\/\/www.mlnr.ro\/fr\/lobjectif-socioculturel\/#breadcrumb","itemListElement":[{"@type":"ListItem","position":1,"name":"Prima pagin\u0103","item":"https:\/\/www.mlnr.ro\/fr\/"},{"@type":"ListItem","position":2,"name":"L&#8217;objectif socioculturel"}]},{"@type":"WebSite","@id":"https:\/\/www.mlnr.ro\/fr\/#website","url":"https:\/\/www.mlnr.ro\/fr\/","name":"MLNR","description":"","publisher":{"@id":"https:\/\/www.mlnr.ro\/fr\/#organization"},"potentialAction":[{"@type":"SearchAction","target":{"@type":"EntryPoint","urlTemplate":"https:\/\/www.mlnr.ro\/fr\/?s={search_term_string}"},"query-input":{"@type":"PropertyValueSpecification","valueRequired":true,"valueName":"search_term_string"}}],"inLanguage":"fr-FR"},{"@type":"Organization","@id":"https:\/\/www.mlnr.ro\/fr\/#organization","name":"MLNR","url":"https:\/\/www.mlnr.ro\/fr\/","logo":{"@type":"ImageObject","inLanguage":"fr-FR","@id":"https:\/\/www.mlnr.ro\/fr\/#\/schema\/logo\/image\/","url":"https:\/\/www.mlnr.ro\/wp-content\/uploads\/2025\/12\/prj-edited.png","contentUrl":"https:\/\/www.mlnr.ro\/wp-content\/uploads\/2025\/12\/prj-edited.png","width":300,"height":188,"caption":"MLNR"},"image":{"@id":"https:\/\/www.mlnr.ro\/fr\/#\/schema\/logo\/image\/"}}]}},"_links":{"self":[{"href":"https:\/\/www.mlnr.ro\/fr\/wp-json\/wp\/v2\/pages\/1712","targetHints":{"allow":["GET"]}}],"collection":[{"href":"https:\/\/www.mlnr.ro\/fr\/wp-json\/wp\/v2\/pages"}],"about":[{"href":"https:\/\/www.mlnr.ro\/fr\/wp-json\/wp\/v2\/types\/page"}],"author":[{"embeddable":true,"href":"https:\/\/www.mlnr.ro\/fr\/wp-json\/wp\/v2\/users\/1"}],"replies":[{"embeddable":true,"href":"https:\/\/www.mlnr.ro\/fr\/wp-json\/wp\/v2\/comments?post=1712"}],"version-history":[{"count":4,"href":"https:\/\/www.mlnr.ro\/fr\/wp-json\/wp\/v2\/pages\/1712\/revisions"}],"predecessor-version":[{"id":3967,"href":"https:\/\/www.mlnr.ro\/fr\/wp-json\/wp\/v2\/pages\/1712\/revisions\/3967"}],"wp:featuredmedia":[{"embeddable":true,"href":"https:\/\/www.mlnr.ro\/fr\/wp-json\/wp\/v2\/media\/1802"}],"wp:attachment":[{"href":"https:\/\/www.mlnr.ro\/fr\/wp-json\/wp\/v2\/media?parent=1712"}],"curies":[{"name":"wp","href":"https:\/\/api.w.org\/{rel}","templated":true}]}}