{"id":1990,"date":"2026-01-15T17:00:32","date_gmt":"2026-01-15T15:00:32","guid":{"rendered":"https:mlnr.ro\/gala-de-lexcellence\/"},"modified":"2026-01-20T14:49:22","modified_gmt":"2026-01-20T12:49:22","slug":"gala-de-lexcellence","status":"publish","type":"page","link":"https:\/\/www.mlnr.ro\/fr\/gala-de-lexcellence\/","title":{"rendered":"Gala de l&#8217;Excellence"},"content":{"rendered":"\n    <div class=\"container  container-header-line-only\" style=\"position: relative\">\n        <h2 class=\"header-line\">Les derni\u00e8res galas d'excellence<\/h2>\n        <div class=\"container slick-vertical-slider-container\" style=\"padding-top: 10px\">\n            <div class=\"slick-vertical-slider\">\n                \r\n\r\n<div>\r\n    <div class=\"row\">\r\n        <div class=\"col-lg-4\">\r\n            <div class=\"background-image-holder\" style=\"background-image: url('https:\/\/www.mlnr.ro\/wp-content\/uploads\/2026\/01\/Gala-Excelentei-Sibiene-\u2013-Editia-a-III-a-1-1024x768.jpeg')\">\r\n            <\/div>\r\n\r\n        <\/div>\r\n        <div class=\"col-lg-8 d-flex flex-column justify-content-start\">\r\n            <p><\/p>\r\n            <h2 class=\"banner-title\">\r\n                Gala de l&#8217;excellence de Sibiu \u2013 3e \u00e9dition            <\/h2>\r\n            <p class=\"banner-description\">\r\n                Orchestre philharmonique national de Sibiu L'excellence n'est pas un acte isol\u00e9, mais le r\u00e9sultat d'un travail de longue haleine, fond\u00e9 sur l'engagement, la responsabilit\u00e9 et la vocation. Au cours d'une...            <\/p>\r\n            <a href=\"https:\/\/www.mlnr.ro\/fr\/gala-excelenta\/gala-excelentei-sibiene-editia-a-iii-a\/\" class=\"btn-more-link banner-button\">En savoir plus<\/a>\r\n        <\/div>\r\n    <\/div>\r\n<\/div>\r\n\r\n\r\n\r\n\r\n\r\n\r\n\n                \r\n\r\n<div>\r\n    <div class=\"row\">\r\n        <div class=\"col-lg-4\">\r\n            <div class=\"background-image-holder\" style=\"background-image: url('https:\/\/www.mlnr.ro\/wp-content\/uploads\/2026\/01\/WhatsApp-Image-2026-01-21-at-15.59.59-1024x768.jpeg')\">\r\n            <\/div>\r\n\r\n        <\/div>\r\n        <div class=\"col-lg-8 d-flex flex-column justify-content-start\">\r\n            <p><\/p>\r\n            <h2 class=\"banner-title\">\r\n                Gala des \u00e9lites de Cluj 2025 \u2013 Un engagement ferme pour l&#8217;avenir de la Roumanie            <\/h2>\r\n            <p class=\"banner-description\">\r\n                Quand les rep\u00e8res s'estompent, l'excellence devient un acte de courage \u00c0 une \u00e9poque de transformations acc\u00e9l\u00e9r\u00e9es, o\u00f9 les rep\u00e8res moraux et intellectuels semblent souvent dilu\u00e9s, la Grande Loge Nationale de...            <\/p>\r\n            <a href=\"https:\/\/www.mlnr.ro\/fr\/gala-excelenta\/gala-elitelor-clujene-2025-un-angajament-ferm-pentru-viitorul-romaniei\/\" class=\"btn-more-link banner-button\">En savoir plus<\/a>\r\n        <\/div>\r\n    <\/div>\r\n<\/div>\r\n\r\n\r\n\r\n\r\n\r\n\r\n\n                \r\n\r\n<div>\r\n    <div class=\"row\">\r\n        <div class=\"col-lg-4\">\r\n            <div class=\"background-image-holder\" style=\"background-image: url('https:\/\/www.mlnr.ro\/wp-content\/uploads\/2026\/01\/WhatsApp-Image-2026-01-21-at-16.11.24-1024x473.jpeg')\">\r\n            <\/div>\r\n\r\n        <\/div>\r\n        <div class=\"col-lg-8 d-flex flex-column justify-content-start\">\r\n            <p><\/p>\r\n            <h2 class=\"banner-title\">\r\n                Gala de l&#8217;excellence d&#8217;Arges\u0326e            <\/h2>\r\n            <p class=\"banner-description\">\r\n                Orchestre philharmonique de Pite\u0219tiL'avenir se construit gr\u00e2ce \u00e0 la valeur Il y a des moments o\u00f9 une communaut\u00e9 s'arr\u00eate pour regarder vers l'avenir. Le 15 novembre 2025, l'Orchestre philharmonique de...            <\/p>\r\n            <a href=\"https:\/\/www.mlnr.ro\/fr\/gala-excelenta\/gala-excelentei-argesene\/\" class=\"btn-more-link banner-button\">En savoir plus<\/a>\r\n        <\/div>\r\n    <\/div>\r\n<\/div>\r\n\r\n\r\n\r\n\r\n\r\n\r\n\n                \r\n\r\n<div>\r\n    <div class=\"row\">\r\n        <div class=\"col-lg-4\">\r\n            <div class=\"background-image-holder\" style=\"background-image: url('https:\/\/www.mlnr.ro\/wp-content\/uploads\/2025\/10\/WhatsApp-Image-2026-01-19-at-17.17.28-1024x682.jpeg')\">\r\n            <\/div>\r\n\r\n        <\/div>\r\n        <div class=\"col-lg-8 d-flex flex-column justify-content-start\">\r\n            <p><\/p>\r\n            <h2 class=\"banner-title\">\r\n                Gala d&#8217;excellence de Hunedoara \u2013 9e \u00e9dition            <\/h2>\r\n            <p class=\"banner-description\">\r\n                Centre culturel \u00ab Corviniana \u00bb, HunedoaraQuand les jeunes excellent, l'avenir prend forme En signe de reconnaissance pour leurs performances dans les domaines de l'\u00e9ducation et de la culture, la Grande...            <\/p>\r\n            <a href=\"https:\/\/www.mlnr.ro\/fr\/gala-excelenta\/gala-de-excelenta-hunedoara-10-10-2025\/\" class=\"btn-more-link banner-button\">En savoir plus<\/a>\r\n        <\/div>\r\n    <\/div>\r\n<\/div>\r\n\r\n\r\n\r\n\r\n\r\n\r\n\n                \r\n\r\n<div>\r\n    <div class=\"row\">\r\n        <div class=\"col-lg-4\">\r\n            <div class=\"background-image-holder\" style=\"background-image: url('https:\/\/www.mlnr.ro\/wp-content\/uploads\/2026\/01\/Gala-Excelentei-in-Educatie-Valcea-editia-a-IV-a-2025-3-1024x701.jpeg')\">\r\n            <\/div>\r\n\r\n        <\/div>\r\n        <div class=\"col-lg-8 d-flex flex-column justify-content-start\">\r\n            <p><\/p>\r\n            <h2 class=\"banner-title\">\r\n                Gala de l&#8217;excellence dans l&#8217;\u00e9ducation \u2013 V\u00e2lcea, 4e \u00e9dition (2025)            <\/h2>\r\n            <p class=\"banner-description\">\r\n                Le 19 septembre 2025, la ville de R\u00e2mnicu V\u00e2lcea a accueilli la quatri\u00e8me \u00e9dition du Gala de l'excellence dans l'\u00e9ducation \u2013 V\u00e2lcea, un \u00e9v\u00e9nement d\u00e9di\u00e9 \u00e0 la reconnaissance de la...            <\/p>\r\n            <a href=\"https:\/\/www.mlnr.ro\/fr\/gala-excelenta\/gala-excelentei-in-educatie-valcea-editia-a-iv-a-2025\/\" class=\"btn-more-link banner-button\">En savoir plus<\/a>\r\n        <\/div>\r\n    <\/div>\r\n<\/div>\r\n\r\n\r\n\r\n\r\n\r\n\r\n\n                \r\n\r\n<div>\r\n    <div class=\"row\">\r\n        <div class=\"col-lg-4\">\r\n            <div class=\"background-image-holder\" style=\"background-image: url('https:\/\/www.mlnr.ro\/wp-content\/uploads\/2026\/01\/WhatsApp-Image-2026-01-21-at-16.10.14-1024x785.jpeg')\">\r\n            <\/div>\r\n\r\n        <\/div>\r\n        <div class=\"col-lg-8 d-flex flex-column justify-content-start\">\r\n            <p><\/p>\r\n            <h2 class=\"banner-title\">\r\n                Gala de l&#8217;excellence de Dobrogea            <\/h2>\r\n            <p class=\"banner-description\">\r\n                Constan\u021baQuand la valeur est reconnue, l'avenir prend une direction Il existe des lieux qui ne sont pas de simples d\u00e9cors, mais des t\u00e9moins de l'histoire. Le 13 septembre 2025, sous...            <\/p>\r\n            <a href=\"https:\/\/www.mlnr.ro\/fr\/gala-excelenta\/gala-excelentei-dobrogene\/\" class=\"btn-more-link banner-button\">En savoir plus<\/a>\r\n        <\/div>\r\n    <\/div>\r\n<\/div>\r\n\r\n\r\n\r\n\r\n\r\n\r\n\n                \n            <\/div>\n        <\/div>\n    <\/div>\n\n\n\n\n    \n\n\n        <div class=\"align-items-start d-flex\">\n            <select name=\"blog_filter\" class=\"js-blog-filter select-filter\" >\n                <option value=\"\">Tout<\/option>\n                                        <option value=\"101\">\n                            Gala d&#039;excellence d&#039;Arad                        <\/option>\n                                                <option value=\"110\">\n                            Gala d&#039;excellence dans l&#039;\u00e9ducation \u00e0 V\u00e2lcea                        <\/option>\n                                                <option value=\"105\">\n                            Gala d&#039;excellence de Sibiu                        <\/option>\n                                                <option value=\"81\">\n                            Gala de l&#039;excellence d&#039;Arge\u0219                        <\/option>\n                                                <option value=\"86\">\n                            Gala de l&#039;excellence de Banat                        <\/option>\n                                                <option value=\"89\">\n                            Gala de l&#039;excellence de Dobrogea                        <\/option>\n                                                <option value=\"94\">\n                            Gala de l&#039;excellence de Hunedoara                        <\/option>\n                                                <option value=\"97\">\n                            Gala de l&#039;excellence en Oltenie                        <\/option>\n                                                <option value=\"78\">\n                            Gala des \u00e9lites de Cluj                        <\/option>\n                                    <\/select>\n            <button class=\"btn-filter js-blog-filter-button \"\n                    data-post-type=\"gala_excelenta\"\n                    data-offset=\"0\"\n                    data-max=\"4\"\n\n                    data-category=\"\"\n            >Filtrer<\/button>\n        <\/div>\n        \n    <div class=\"loading-spinner d-none justify-content-center align-items-center mb-4 js-loading-spinner text-center\" >\n        <div class=\"spinner-border text-primary\" role=\"status\">\n            <span class=\"visually-hidden\">Loading...<\/span>\n        <\/div>\n    <\/div>\n    <div class=\"list-personalities-shortcode alignfull list-personalities-shortcode--gala_excelenta\">\n        <div class=\"row d-flex \">\n            \r\n<div class=\"row mt-2 mb-5 preview-post-info-row\">\r\n    <div class=\"col-lg-6 \">\r\n        <div class=\"background-image-post-preview \" style=\"background-image: url(https:\/\/www.mlnr.ro\/wp-content\/uploads\/2026\/01\/Gala-Excelentei-Sibiene-\u2013-Editia-a-III-a-1-1024x768.jpeg); background-size: cover; background-position: center;\" >\r\n\r\n        <\/div>\r\n    <\/div>\r\n    <div class=\"col-lg-6 d-flex align-items-center preview-post-info-container\">\r\n        <div class=\"preview-post-info\">\r\n            <p><\/p>\r\n            <h3>Gala de l&#8217;excellence de Sibiu \u2013 3e \u00e9dition<\/h3>\r\n            <p>Orchestre philharmonique national de Sibiu L'excellence n'est pas un acte isol\u00e9, mais le r\u00e9sultat d'un travail de longue haleine, fond\u00e9 sur l'engagement, la responsabilit\u00e9 et la vocation. Au cours d'une...<\/p>\r\n            <a href=\"https:\/\/www.mlnr.ro\/fr\/gala-excelenta\/gala-excelentei-sibiene-editia-a-iii-a\/\" class=\"btn-more-link\">En savoir plus<\/a>\r\n        <\/div>\r\n\r\n    <\/div>\r\n<\/div>\r\n\n            \r\n<div class=\"row mt-2 mb-5 preview-post-info-row\">\r\n    <div class=\"col-lg-6  order-lg-2\">\r\n        <div class=\"background-image-post-preview \" style=\"background-image: url(https:\/\/www.mlnr.ro\/wp-content\/uploads\/2026\/01\/WhatsApp-Image-2026-01-21-at-15.59.59-1024x768.jpeg); background-size: cover; background-position: center;\" >\r\n\r\n        <\/div>\r\n    <\/div>\r\n    <div class=\"col-lg-6 d-flex align-items-center preview-post-info-container\">\r\n        <div class=\"preview-post-info\">\r\n            <p><\/p>\r\n            <h3>Gala des \u00e9lites de Cluj 2025 \u2013 Un engagement ferme pour l&#8217;avenir de la Roumanie<\/h3>\r\n            <p>Quand les rep\u00e8res s'estompent, l'excellence devient un acte de courage \u00c0 une \u00e9poque de transformations acc\u00e9l\u00e9r\u00e9es, o\u00f9 les rep\u00e8res moraux et intellectuels semblent souvent dilu\u00e9s, la Grande Loge Nationale de...<\/p>\r\n            <a href=\"https:\/\/www.mlnr.ro\/fr\/gala-excelenta\/gala-elitelor-clujene-2025-un-angajament-ferm-pentru-viitorul-romaniei\/\" class=\"btn-more-link\">En savoir plus<\/a>\r\n        <\/div>\r\n\r\n    <\/div>\r\n<\/div>\r\n\n            \r\n<div class=\"row mt-2 mb-5 preview-post-info-row\">\r\n    <div class=\"col-lg-6 \">\r\n        <div class=\"background-image-post-preview \" style=\"background-image: url(https:\/\/www.mlnr.ro\/wp-content\/uploads\/2026\/01\/WhatsApp-Image-2026-01-21-at-16.11.24-1024x473.jpeg); background-size: cover; background-position: center;\" >\r\n\r\n        <\/div>\r\n    <\/div>\r\n    <div class=\"col-lg-6 d-flex align-items-center preview-post-info-container\">\r\n        <div class=\"preview-post-info\">\r\n            <p><\/p>\r\n            <h3>Gala de l&#8217;excellence d&#8217;Arges\u0326e<\/h3>\r\n            <p>Orchestre philharmonique de Pite\u0219tiL'avenir se construit gr\u00e2ce \u00e0 la valeur Il y a des moments o\u00f9 une communaut\u00e9 s'arr\u00eate pour regarder vers l'avenir. Le 15 novembre 2025, l'Orchestre philharmonique de...<\/p>\r\n            <a href=\"https:\/\/www.mlnr.ro\/fr\/gala-excelenta\/gala-excelentei-argesene\/\" class=\"btn-more-link\">En savoir plus<\/a>\r\n        <\/div>\r\n\r\n    <\/div>\r\n<\/div>\r\n\n            \r\n<div class=\"row mt-2 mb-5 preview-post-info-row\">\r\n    <div class=\"col-lg-6  order-lg-2\">\r\n        <div class=\"background-image-post-preview \" style=\"background-image: url(https:\/\/www.mlnr.ro\/wp-content\/uploads\/2025\/10\/WhatsApp-Image-2026-01-19-at-17.17.28-1024x682.jpeg); background-size: cover; background-position: center;\" >\r\n\r\n        <\/div>\r\n    <\/div>\r\n    <div class=\"col-lg-6 d-flex align-items-center preview-post-info-container\">\r\n        <div class=\"preview-post-info\">\r\n            <p><\/p>\r\n            <h3>Gala d&#8217;excellence de Hunedoara \u2013 9e \u00e9dition<\/h3>\r\n            <p>Centre culturel \u00ab Corviniana \u00bb, HunedoaraQuand les jeunes excellent, l'avenir prend forme En signe de reconnaissance pour leurs performances dans les domaines de l'\u00e9ducation et de la culture, la Grande...<\/p>\r\n            <a href=\"https:\/\/www.mlnr.ro\/fr\/gala-excelenta\/gala-de-excelenta-hunedoara-10-10-2025\/\" class=\"btn-more-link\">En savoir plus<\/a>\r\n        <\/div>\r\n\r\n    <\/div>\r\n<\/div>\r\n\n                    <\/div>\n    <\/div>\n    <div class=\"load-more-container text-center\">\n                <button class=\"btn btn-primary js-load-more-2 js-load-more--gala_excelenta \"\n                data-post-type=\"gala_excelenta\"\n                data-offset=\"4\"\n                data-max=\"4\"\n\n                data-category=\"\">\n            Charger plus        <\/button>\n    <\/div>\n\n\n\n\n\n\n\n    \n","protected":false},"excerpt":{"rendered":"","protected":false},"author":1,"featured_media":1433,"parent":0,"menu_order":0,"comment_status":"closed","ping_status":"closed","template":"","meta":{"_acf_changed":false,"footnotes":""},"class_list":["post-1990","page","type-page","status-publish","has-post-thumbnail","hentry","entry"],"acf":[],"yoast_head":"<!-- This site is optimized with the Yoast SEO plugin v27.0 - https:\/\/yoast.com\/product\/yoast-seo-wordpress\/ -->\n<title>Gala de l&#039;Excellence - MLNR<\/title>\n<meta name=\"robots\" content=\"index, follow, max-snippet:-1, max-image-preview:large, max-video-preview:-1\" \/>\n<link rel=\"canonical\" href=\"https:\/\/www.mlnr.ro\/fr\/gala-de-lexcellence\/\" \/>\n<meta property=\"og:locale\" content=\"fr_FR\" \/>\n<meta property=\"og:type\" content=\"article\" \/>\n<meta property=\"og:title\" content=\"Gala de l&#039;Excellence - MLNR\" \/>\n<meta property=\"og:url\" content=\"https:\/\/www.mlnr.ro\/fr\/gala-de-lexcellence\/\" \/>\n<meta property=\"og:site_name\" content=\"MLNR\" \/>\n<meta property=\"article:modified_time\" content=\"2026-01-20T12:49:22+00:00\" \/>\n<meta property=\"og:image\" content=\"https:\/\/www.mlnr.ro\/wp-content\/uploads\/2026\/01\/DSC03419-Enhanced-NR-1024x768.png\" \/>\n\t<meta property=\"og:image:width\" content=\"1024\" \/>\n\t<meta property=\"og:image:height\" content=\"768\" \/>\n\t<meta property=\"og:image:type\" content=\"image\/png\" \/>\n<meta name=\"twitter:card\" content=\"summary_large_image\" \/>\n<script type=\"application\/ld+json\" class=\"yoast-schema-graph\">{\"@context\":\"https:\/\/schema.org\",\"@graph\":[{\"@type\":\"WebPage\",\"@id\":\"https:\/\/www.mlnr.ro\/fr\/gala-de-lexcellence\/\",\"url\":\"https:\/\/www.mlnr.ro\/fr\/gala-de-lexcellence\/\",\"name\":\"Gala de l'Excellence - MLNR\",\"isPartOf\":{\"@id\":\"https:\/\/www.mlnr.ro\/fr\/#website\"},\"primaryImageOfPage\":{\"@id\":\"https:\/\/www.mlnr.ro\/fr\/gala-de-lexcellence\/#primaryimage\"},\"image\":{\"@id\":\"https:\/\/www.mlnr.ro\/fr\/gala-de-lexcellence\/#primaryimage\"},\"thumbnailUrl\":\"https:\/\/www.mlnr.ro\/wp-content\/uploads\/2026\/01\/DSC03419-Enhanced-NR-scaled.png\",\"datePublished\":\"2026-01-15T15:00:32+00:00\",\"dateModified\":\"2026-01-20T12:49:22+00:00\",\"breadcrumb\":{\"@id\":\"https:\/\/www.mlnr.ro\/fr\/gala-de-lexcellence\/#breadcrumb\"},\"inLanguage\":\"fr-FR\",\"potentialAction\":[{\"@type\":\"ReadAction\",\"target\":[\"https:\/\/www.mlnr.ro\/fr\/gala-de-lexcellence\/\"]}]},{\"@type\":\"ImageObject\",\"inLanguage\":\"fr-FR\",\"@id\":\"https:\/\/www.mlnr.ro\/fr\/gala-de-lexcellence\/#primaryimage\",\"url\":\"https:\/\/www.mlnr.ro\/wp-content\/uploads\/2026\/01\/DSC03419-Enhanced-NR-scaled.png\",\"contentUrl\":\"https:\/\/www.mlnr.ro\/wp-content\/uploads\/2026\/01\/DSC03419-Enhanced-NR-scaled.png\",\"width\":2560,\"height\":1920},{\"@type\":\"BreadcrumbList\",\"@id\":\"https:\/\/www.mlnr.ro\/fr\/gala-de-lexcellence\/#breadcrumb\",\"itemListElement\":[{\"@type\":\"ListItem\",\"position\":1,\"name\":\"Prima pagin\u0103\",\"item\":\"https:\/\/www.mlnr.ro\/fr\/\"},{\"@type\":\"ListItem\",\"position\":2,\"name\":\"Gala de l&#8217;Excellence\"}]},{\"@type\":\"WebSite\",\"@id\":\"https:\/\/www.mlnr.ro\/fr\/#website\",\"url\":\"https:\/\/www.mlnr.ro\/fr\/\",\"name\":\"MLNR\",\"description\":\"\",\"publisher\":{\"@id\":\"https:\/\/www.mlnr.ro\/fr\/#organization\"},\"potentialAction\":[{\"@type\":\"SearchAction\",\"target\":{\"@type\":\"EntryPoint\",\"urlTemplate\":\"https:\/\/www.mlnr.ro\/fr\/?s={search_term_string}\"},\"query-input\":{\"@type\":\"PropertyValueSpecification\",\"valueRequired\":true,\"valueName\":\"search_term_string\"}}],\"inLanguage\":\"fr-FR\"},{\"@type\":\"Organization\",\"@id\":\"https:\/\/www.mlnr.ro\/fr\/#organization\",\"name\":\"MLNR\",\"url\":\"https:\/\/www.mlnr.ro\/fr\/\",\"logo\":{\"@type\":\"ImageObject\",\"inLanguage\":\"fr-FR\",\"@id\":\"https:\/\/www.mlnr.ro\/fr\/#\/schema\/logo\/image\/\",\"url\":\"https:\/\/www.mlnr.ro\/wp-content\/uploads\/2025\/12\/prj-edited.png\",\"contentUrl\":\"https:\/\/www.mlnr.ro\/wp-content\/uploads\/2025\/12\/prj-edited.png\",\"width\":300,\"height\":188,\"caption\":\"MLNR\"},\"image\":{\"@id\":\"https:\/\/www.mlnr.ro\/fr\/#\/schema\/logo\/image\/\"}}]}<\/script>\n<!-- \/ Yoast SEO plugin. -->","yoast_head_json":{"title":"Gala de l'Excellence - MLNR","robots":{"index":"index","follow":"follow","max-snippet":"max-snippet:-1","max-image-preview":"max-image-preview:large","max-video-preview":"max-video-preview:-1"},"canonical":"https:\/\/www.mlnr.ro\/fr\/gala-de-lexcellence\/","og_locale":"fr_FR","og_type":"article","og_title":"Gala de l'Excellence - MLNR","og_url":"https:\/\/www.mlnr.ro\/fr\/gala-de-lexcellence\/","og_site_name":"MLNR","article_modified_time":"2026-01-20T12:49:22+00:00","og_image":[{"width":1024,"height":768,"url":"https:\/\/www.mlnr.ro\/wp-content\/uploads\/2026\/01\/DSC03419-Enhanced-NR-1024x768.png","type":"image\/png"}],"twitter_card":"summary_large_image","schema":{"@context":"https:\/\/schema.org","@graph":[{"@type":"WebPage","@id":"https:\/\/www.mlnr.ro\/fr\/gala-de-lexcellence\/","url":"https:\/\/www.mlnr.ro\/fr\/gala-de-lexcellence\/","name":"Gala de l'Excellence - MLNR","isPartOf":{"@id":"https:\/\/www.mlnr.ro\/fr\/#website"},"primaryImageOfPage":{"@id":"https:\/\/www.mlnr.ro\/fr\/gala-de-lexcellence\/#primaryimage"},"image":{"@id":"https:\/\/www.mlnr.ro\/fr\/gala-de-lexcellence\/#primaryimage"},"thumbnailUrl":"https:\/\/www.mlnr.ro\/wp-content\/uploads\/2026\/01\/DSC03419-Enhanced-NR-scaled.png","datePublished":"2026-01-15T15:00:32+00:00","dateModified":"2026-01-20T12:49:22+00:00","breadcrumb":{"@id":"https:\/\/www.mlnr.ro\/fr\/gala-de-lexcellence\/#breadcrumb"},"inLanguage":"fr-FR","potentialAction":[{"@type":"ReadAction","target":["https:\/\/www.mlnr.ro\/fr\/gala-de-lexcellence\/"]}]},{"@type":"ImageObject","inLanguage":"fr-FR","@id":"https:\/\/www.mlnr.ro\/fr\/gala-de-lexcellence\/#primaryimage","url":"https:\/\/www.mlnr.ro\/wp-content\/uploads\/2026\/01\/DSC03419-Enhanced-NR-scaled.png","contentUrl":"https:\/\/www.mlnr.ro\/wp-content\/uploads\/2026\/01\/DSC03419-Enhanced-NR-scaled.png","width":2560,"height":1920},{"@type":"BreadcrumbList","@id":"https:\/\/www.mlnr.ro\/fr\/gala-de-lexcellence\/#breadcrumb","itemListElement":[{"@type":"ListItem","position":1,"name":"Prima pagin\u0103","item":"https:\/\/www.mlnr.ro\/fr\/"},{"@type":"ListItem","position":2,"name":"Gala de l&#8217;Excellence"}]},{"@type":"WebSite","@id":"https:\/\/www.mlnr.ro\/fr\/#website","url":"https:\/\/www.mlnr.ro\/fr\/","name":"MLNR","description":"","publisher":{"@id":"https:\/\/www.mlnr.ro\/fr\/#organization"},"potentialAction":[{"@type":"SearchAction","target":{"@type":"EntryPoint","urlTemplate":"https:\/\/www.mlnr.ro\/fr\/?s={search_term_string}"},"query-input":{"@type":"PropertyValueSpecification","valueRequired":true,"valueName":"search_term_string"}}],"inLanguage":"fr-FR"},{"@type":"Organization","@id":"https:\/\/www.mlnr.ro\/fr\/#organization","name":"MLNR","url":"https:\/\/www.mlnr.ro\/fr\/","logo":{"@type":"ImageObject","inLanguage":"fr-FR","@id":"https:\/\/www.mlnr.ro\/fr\/#\/schema\/logo\/image\/","url":"https:\/\/www.mlnr.ro\/wp-content\/uploads\/2025\/12\/prj-edited.png","contentUrl":"https:\/\/www.mlnr.ro\/wp-content\/uploads\/2025\/12\/prj-edited.png","width":300,"height":188,"caption":"MLNR"},"image":{"@id":"https:\/\/www.mlnr.ro\/fr\/#\/schema\/logo\/image\/"}}]}},"_links":{"self":[{"href":"https:\/\/www.mlnr.ro\/fr\/wp-json\/wp\/v2\/pages\/1990","targetHints":{"allow":["GET"]}}],"collection":[{"href":"https:\/\/www.mlnr.ro\/fr\/wp-json\/wp\/v2\/pages"}],"about":[{"href":"https:\/\/www.mlnr.ro\/fr\/wp-json\/wp\/v2\/types\/page"}],"author":[{"embeddable":true,"href":"https:\/\/www.mlnr.ro\/fr\/wp-json\/wp\/v2\/users\/1"}],"replies":[{"embeddable":true,"href":"https:\/\/www.mlnr.ro\/fr\/wp-json\/wp\/v2\/comments?post=1990"}],"version-history":[{"count":2,"href":"https:\/\/www.mlnr.ro\/fr\/wp-json\/wp\/v2\/pages\/1990\/revisions"}],"predecessor-version":[{"id":2666,"href":"https:\/\/www.mlnr.ro\/fr\/wp-json\/wp\/v2\/pages\/1990\/revisions\/2666"}],"wp:featuredmedia":[{"embeddable":true,"href":"https:\/\/www.mlnr.ro\/fr\/wp-json\/wp\/v2\/media\/1433"}],"wp:attachment":[{"href":"https:\/\/www.mlnr.ro\/fr\/wp-json\/wp\/v2\/media?parent=1990"}],"curies":[{"name":"wp","href":"https:\/\/api.w.org\/{rel}","templated":true}]}}