{"id":1998,"date":"2026-01-15T17:07:14","date_gmt":"2026-01-15T15:07:14","guid":{"rendered":"https:mlnr.ro\/gala-des-prix-de-la-grande-loge\/"},"modified":"2026-03-06T13:30:10","modified_gmt":"2026-03-06T11:30:10","slug":"gala-des-prix-de-la-grande-loge","status":"publish","type":"page","link":"https:\/\/www.mlnr.ro\/fr\/gala-des-prix-de-la-grande-loge\/","title":{"rendered":"Gala des Prix de la Grande Loge"},"content":{"rendered":"\n<p class=\"background-text-main-inline\">La MLNR en partenariat avec la Soci\u00e9t\u00e9 Civile<\/p>\n\n<p>La C\u00c9R\u00c9MONIE DE REMISE DES PRIX MLNR est organis\u00e9e en partenariat avec l&#8217;Acad\u00e9mie roumaine, le minist\u00e8re de l&#8217;\u00c9ducation, le minist\u00e8re de la Culture, l&#8217;universit\u00e9 Babe\u0219 Bolyai de Cluj Napoca, l&#8217;universit\u00e9 de Bucarest, l&#8217;ASE, l&#8217;universit\u00e9 de m\u00e9decine Carol Davila de Bucarest, l&#8217;universit\u00e9 Alexandru Ioan Cuza de Ia\u0219i, l&#8217;universit\u00e9 de l&#8217;Ouest de Timi\u0219oara, la SNSPA, l&#8217;Universit\u00e9 nationale des arts Constantin Br\u00e2ncu\u0219i de Bucarest, l&#8217;Universit\u00e9 des arts George Enescu de Ia\u0219i, l&#8217;Universit\u00e9 Transilvania de Bra\u0219ov, l&#8217;Universit\u00e9 Lucian Blaga de Sibiu et l&#8217;Universit\u00e9 de Craiova.<\/p>\n\n<h3 class=\"wp-block-heading background-text-main-inline\">Mission<\/h3>\n\n<p><strong>La Gala des Prix de la MLNR a pour objectif de promouvoir et de r\u00e9compenser l&#8217;esprit cr\u00e9atif, innovant et inventif du peuple roumain dans des domaines vitaux pour notre destin collectif.<\/strong><\/p>\n\n<p>La Gala des Prix de la MLNR vise \u00e0 stimuler et \u00e0 d\u00e9velopper la connaissance dans tous les domaines de la recherche, y compris les sciences socio-humaines, tant par la recherche fondamentale que par la recherche avanc\u00e9e pour le d\u00e9veloppement de probl\u00e8mes complexes, par l&#8217;acquisition de nouvelles connaissances sur les ph\u00e9nom\u00e8nes et les processus, la formulation et la validation d&#8217;hypoth\u00e8ses originales, de mod\u00e8les conceptuels et de th\u00e9ories.<\/p>\n\n<p>La Gala des Prix de la MLNR a pour objectif de promouvoir les recherches originales et d&#8217;accro\u00eetre la capacit\u00e9 de recherche, avec des implications favorables sur la comp\u00e9titivit\u00e9 internationale de la recherche roumaine.<\/p>\n\n<h3 class=\"wp-block-heading background-text-main-inline\">7 prix chaque ann\u00e9e<\/h3>\n\n<p>Chaque ann\u00e9e, le 21 juin, la MLNR d\u00e9cerne, lors d&#8217;une c\u00e9r\u00e9monie organis\u00e9e \u00e0 l&#8217;Ath\u00e9n\u00e9e roumain, 7 prix de 10 000 euros chacun, pour les domaines de r\u00e9f\u00e9rence suivants :<\/p>\n\n<ol class=\"wp-block-list\">\n<li>Prix Grigore Moisil pour les Sciences Exactes ;<\/li>\n\n\n\n<li>Prix Henri Coand\u0103 pour les Sciences Appliqu\u00e9es ;<\/li>\n\n\n\n<li>Prix Carol Davila pour la M\u00e9decine ;<\/li>\n\n\n\n<li>Prix Constantin Br\u00e2ncu\u015fi pour l&#8217;Art et la Culture ;<\/li>\n\n\n\n<li>Prix Nicolae Titulescu pour la Diplomatie et la Politologie ;<\/li>\n\n\n\n<li>Prix Eugeniu Carada pour l&#8217;\u00c9conomie ;<\/li>\n\n\n\n<li>Prix Spiru Haret pour le Social, l&#8217;Environnement, l&#8217;\u00c9ducation.<\/li>\n<\/ol>\n\n<p>Les prix portent le nom de personnalit\u00e9s repr\u00e9sentatives du domaine de r\u00e9f\u00e9rence et qui ont appartenu \u00e0 la plus respectable confr\u00e9rie du monde \u2013 la Franc-ma\u00e7onnerie.<\/p>\n\n<p>Les prix sont d\u00e9cern\u00e9s \u00e0 tous les citoyens roumains r\u00e9sidents ou non-r\u00e9sidents sur le territoire de la Roumanie, sans distinction de sexe, de religion ou d&#8217;\u00e2ge, francs-ma\u00e7ons ou profanes, qui, au cours de l&#8217;ann\u00e9e pr\u00e9c\u00e9dant l&#8217;attribution des prix, ont r\u00e9alis\u00e9 un travail, une d\u00e9couverte, une invention ou une innovation, ont \u00e9mis une th\u00e9orie, un th\u00e9or\u00e8me, une \u00e9quation, ont mis au point une technique, une m\u00e9thode, un proc\u00e9d\u00e9 ayant un impact macro-social dans l&#8217;un des 7 domaines prim\u00e9s ou, par l&#8217;exercice de leur profession ou de leur dignit\u00e9 publique, ont rendu d&#8217;importants services ou avantages au pays.<\/p>\n\n<p>Une mention sp\u00e9ciale revient \u00e0 Ma\u00eetre Remus Borza, Grand Ma\u00eetre d&#8217;honneur de la Grande Loge nationale de Roumanie.<\/p>\n\n    <div class=\"loading-spinner d-none justify-content-center align-items-center mb-4 js-loading-spinner text-center\" >\n        <div class=\"spinner-border text-primary\" role=\"status\">\n            <span class=\"visually-hidden\">Loading...<\/span>\n        <\/div>\n    <\/div>\n    <div class=\"list-personalities-shortcode alignfull list-personalities-shortcode--gala_premiilor\">\n        <div class=\"row d-flex \">\n            \r\n<div class=\"row mt-2 mb-5 preview-post-info-row\">\r\n    <div class=\"col-lg-6 \">\r\n        <div class=\"background-image-post-preview \" style=\"background-image: url(https:\/\/www.mlnr.ro\/wp-content\/uploads\/2024\/09\/ateneul-1024x538.jpg); background-size: cover; background-position: center;\" >\r\n\r\n        <\/div>\r\n    <\/div>\r\n    <div class=\"col-lg-6 d-flex align-items-center preview-post-info-container\">\r\n        <div class=\"preview-post-info\">\r\n            <p><\/p>\r\n            <h3>La 12e \u00e9dition du Gala des Prix MLNR<\/h3>\r\n            <p>Ath\u00e9n\u00e9e roumain Une c\u00e9l\u00e9bration de l'excellence roumaine \u00e0 l'Ath\u00e9n\u00e9e roumain La douzi\u00e8me \u00e9dition du Gala des Prix de la Grande Loge Nationale de Roumanie (MLNR) a \u00e9t\u00e9 une c\u00e9l\u00e9bration de...<\/p>\r\n            <a href=\"https:\/\/www.mlnr.ro\/fr\/gala-premiilor\/la-12e-edition-du-gala-des-prix-mlnr\/\" class=\"btn-more-link\">En savoir plus<\/a>\r\n        <\/div>\r\n\r\n    <\/div>\r\n<\/div>\r\n\n            \r\n<div class=\"row mt-2 mb-5 preview-post-info-row\">\r\n    <div class=\"col-lg-6  order-lg-2\">\r\n        <div class=\"background-image-post-preview \" style=\"background-image: url(https:\/\/www.mlnr.ro\/wp-content\/uploads\/2024\/09\/ateneul-1024x538.jpg); background-size: cover; background-position: center;\" >\r\n\r\n        <\/div>\r\n    <\/div>\r\n    <div class=\"col-lg-6 d-flex align-items-center preview-post-info-container\">\r\n        <div class=\"preview-post-info\">\r\n            <p><\/p>\r\n            <h3>La 11e \u00e9dition du Gala des Prix MLNR<\/h3>\r\n            <p>Prix et laur\u00e9ats Prix \u00ab Grigore Moisil \u00bb pour les sciences exactesLe Dr Paul Vasos, de l'Institut d'ing\u00e9nierie et de physique nucl\u00e9aire \u00ab Horia Hulubei \u00bb et de l'Universit\u00e9 de...<\/p>\r\n            <a href=\"https:\/\/www.mlnr.ro\/fr\/gala-premiilor\/la-11e-edition-du-gala-des-prix-mlnr\/\" class=\"btn-more-link\">En savoir plus<\/a>\r\n        <\/div>\r\n\r\n    <\/div>\r\n<\/div>\r\n\n            \r\n<div class=\"row mt-2 mb-5 preview-post-info-row\">\r\n    <div class=\"col-lg-6 \">\r\n        <div class=\"background-image-post-preview \" style=\"background-image: url(https:\/\/www.mlnr.ro\/wp-content\/uploads\/2024\/09\/ateneul-1024x538.jpg); background-size: cover; background-position: center;\" >\r\n\r\n        <\/div>\r\n    <\/div>\r\n    <div class=\"col-lg-6 d-flex align-items-center preview-post-info-container\">\r\n        <div class=\"preview-post-info\">\r\n            <p><\/p>\r\n            <h3>10e \u00e9dition du Gala des prix MLNR<\/h3>\r\n            <p>Laur\u00e9ats Prix Grigore Moisil pour les sciences exactes : Acad. Gabriela Marinoschi pour sa monographie \u00ab Dual Variational Approach to Nonlinear Diffusion Equations \u00bb. Prix Henri Coand\u0103 pour les sciences...<\/p>\r\n            <a href=\"https:\/\/www.mlnr.ro\/fr\/gala-premiilor\/10e-edition-du-gala-des-prix-mlnr\/\" class=\"btn-more-link\">En savoir plus<\/a>\r\n        <\/div>\r\n\r\n    <\/div>\r\n<\/div>\r\n\n            \r\n<div class=\"row mt-2 mb-5 preview-post-info-row\">\r\n    <div class=\"col-lg-6  order-lg-2\">\r\n        <div class=\"background-image-post-preview \" style=\"background-image: url(https:\/\/www.mlnr.ro\/wp-content\/uploads\/2024\/09\/ateneul-1024x538.jpg); background-size: cover; background-position: center;\" >\r\n\r\n        <\/div>\r\n    <\/div>\r\n    <div class=\"col-lg-6 d-flex align-items-center preview-post-info-container\">\r\n        <div class=\"preview-post-info\">\r\n            <p><\/p>\r\n            <h3>La 9e \u00e9dition du Gala des Prix MLNR<\/h3>\r\n            <p>Laur\u00e9ats Prix Grigore Moisil pour les sciences exactes : le Dr Radu Purice, chercheur scientifique \u00e0 l'Institut de math\u00e9matiques Simion Stoilov, a \u00e9t\u00e9 r\u00e9compens\u00e9 pour ses travaux publi\u00e9s dans des...<\/p>\r\n            <a href=\"https:\/\/www.mlnr.ro\/fr\/gala-premiilor\/la-9e-edition-du-gala-des-prix-mlnr\/\" class=\"btn-more-link\">En savoir plus<\/a>\r\n        <\/div>\r\n\r\n    <\/div>\r\n<\/div>\r\n\n            \r\n<div class=\"row mt-2 mb-5 preview-post-info-row\">\r\n    <div class=\"col-lg-6 \">\r\n        <div class=\"background-image-post-preview \" style=\"background-image: url(https:\/\/www.mlnr.ro\/wp-content\/uploads\/2024\/09\/ateneul-1024x538.jpg); background-size: cover; background-position: center;\" >\r\n\r\n        <\/div>\r\n    <\/div>\r\n    <div class=\"col-lg-6 d-flex align-items-center preview-post-info-container\">\r\n        <div class=\"preview-post-info\">\r\n            <p><\/p>\r\n            <h3>La 8e \u00e9dition du Gala des Prix MLNR<\/h3>\r\n            <p>Laur\u00e9ats Laur\u00e9ats de la VIIIe \u00e9dition du Gala des Prix de la Grande Loge Nationale de Roumanie : 1. PRIX GRIGORE MOISIL POUR LES SCIENCES EXACTES Laur\u00e9ats : Professeur Docteur...<\/p>\r\n            <a href=\"https:\/\/www.mlnr.ro\/fr\/gala-premiilor\/la-8e-edition-du-gala-des-prix-mlnr\/\" class=\"btn-more-link\">En savoir plus<\/a>\r\n        <\/div>\r\n\r\n    <\/div>\r\n<\/div>\r\n\n            \r\n<div class=\"row mt-2 mb-5 preview-post-info-row\">\r\n    <div class=\"col-lg-6  order-lg-2\">\r\n        <div class=\"background-image-post-preview \" style=\"background-image: url(https:\/\/www.mlnr.ro\/wp-content\/uploads\/2024\/09\/ateneul-1024x538.jpg); background-size: cover; background-position: center;\" >\r\n\r\n        <\/div>\r\n    <\/div>\r\n    <div class=\"col-lg-6 d-flex align-items-center preview-post-info-container\">\r\n        <div class=\"preview-post-info\">\r\n            <p><\/p>\r\n            <h3>VIIe \u00e9dition du Gala des Prix MLNR<\/h3>\r\n            <p>Laur\u00e9ats 1. PRIX GRIGORE MOISIL POUR LES SCIENCES EXACTES Laur\u00e9at : Professeur Docteur Cristian En\u0103chescu 2. PRIX HENRI COAND\u0102 POUR LES SCIENCES APPLIQU\u00c9ES Laur\u00e9at : Professeur Docteur Mircea Eremia 3....<\/p>\r\n            <a href=\"https:\/\/www.mlnr.ro\/fr\/gala-premiilor\/viie-edition-du-gala-des-prix-mlnr\/\" class=\"btn-more-link\">En savoir plus<\/a>\r\n        <\/div>\r\n\r\n    <\/div>\r\n<\/div>\r\n\n                    <\/div>\n    <\/div>\n    <div class=\"load-more-container text-center\">\n                <button class=\"btn btn-primary js-load-more js-load-more--gala_premiilor \"\n                data-post-type=\"gala_premiilor\"\n                data-offset=\"6\"\n                data-max=\"6\"\n\n                data-category=\"\">\n            \u00cencarc\u0103 mai multe\n        <\/button>\n    <\/div>\n\n\n\n\n\n\n\n    \n","protected":false},"excerpt":{"rendered":"<p>La MLNR en partenariat avec la Soci\u00e9t\u00e9 Civile La C\u00c9R\u00c9MONIE DE REMISE DES PRIX MLNR est organis\u00e9e en partenariat avec l&#8217;Acad\u00e9mie roumaine, le minist\u00e8re de l&#8217;\u00c9ducation, le minist\u00e8re de la Culture, l&#8217;universit\u00e9 Babe\u0219 Bolyai de Cluj Napoca, l&#8217;universit\u00e9 de Bucarest, l&#8217;ASE, l&#8217;universit\u00e9 de m\u00e9decine Carol Davila de Bucarest, l&#8217;universit\u00e9 Alexandru Ioan Cuza de Ia\u0219i, l&#8217;universit\u00e9&hellip; <a class=\"more-link\" href=\"https:\/\/www.mlnr.ro\/fr\/gala-premiilor\/viie-edition-du-gala-des-prix-mlnr\/\">Continue reading <span class=\"screen-reader-text\">VIIe \u00e9dition du Gala des Prix MLNR<\/span><\/a><\/p>\n","protected":false},"author":1,"featured_media":1999,"parent":0,"menu_order":0,"comment_status":"closed","ping_status":"closed","template":"","meta":{"_acf_changed":false,"footnotes":""},"class_list":["post-1998","page","type-page","status-publish","has-post-thumbnail","hentry","entry"],"acf":[],"yoast_head":"<!-- This site is optimized with the Yoast SEO plugin v27.0 - https:\/\/yoast.com\/product\/yoast-seo-wordpress\/ -->\n<title>Gala des Prix de la Grande Loge - MLNR<\/title>\n<meta name=\"robots\" content=\"index, follow, max-snippet:-1, max-image-preview:large, max-video-preview:-1\" \/>\n<link rel=\"canonical\" href=\"https:\/\/www.mlnr.ro\/fr\/gala-des-prix-de-la-grande-loge\/\" \/>\n<meta property=\"og:locale\" content=\"fr_FR\" \/>\n<meta property=\"og:type\" content=\"article\" \/>\n<meta property=\"og:title\" content=\"Gala des Prix de la Grande Loge - MLNR\" \/>\n<meta property=\"og:description\" content=\"La MLNR en partenariat avec la Soci\u00e9t\u00e9 Civile La C\u00c9R\u00c9MONIE DE REMISE DES PRIX MLNR est organis\u00e9e en partenariat avec l&#8217;Acad\u00e9mie roumaine, le minist\u00e8re de l&#8217;\u00c9ducation, le minist\u00e8re de la Culture, l&#8217;universit\u00e9 Babe\u0219 Bolyai de Cluj Napoca, l&#8217;universit\u00e9 de Bucarest, l&#8217;ASE, l&#8217;universit\u00e9 de m\u00e9decine Carol Davila de Bucarest, l&#8217;universit\u00e9 Alexandru Ioan Cuza de Ia\u0219i, l&#8217;universit\u00e9&hellip; Continue reading VIIe \u00e9dition du Gala des Prix MLNR\" \/>\n<meta property=\"og:url\" content=\"https:\/\/www.mlnr.ro\/fr\/gala-des-prix-de-la-grande-loge\/\" \/>\n<meta property=\"og:site_name\" content=\"MLNR\" \/>\n<meta property=\"article:modified_time\" content=\"2026-03-06T11:30:10+00:00\" \/>\n<meta property=\"og:image\" content=\"https:\/\/www.mlnr.ro\/wp-content\/uploads\/2024\/09\/ateneul.jpg\" \/>\n\t<meta property=\"og:image:width\" content=\"1920\" \/>\n\t<meta property=\"og:image:height\" content=\"1008\" \/>\n\t<meta property=\"og:image:type\" content=\"image\/jpeg\" \/>\n<meta name=\"twitter:card\" content=\"summary_large_image\" \/>\n<meta name=\"twitter:label1\" content=\"Dur\u00e9e de lecture estim\u00e9e\" \/>\n\t<meta name=\"twitter:data1\" content=\"3 minutes\" \/>\n<script type=\"application\/ld+json\" class=\"yoast-schema-graph\">{\"@context\":\"https:\/\/schema.org\",\"@graph\":[{\"@type\":\"WebPage\",\"@id\":\"https:\/\/www.mlnr.ro\/fr\/gala-des-prix-de-la-grande-loge\/\",\"url\":\"https:\/\/www.mlnr.ro\/fr\/gala-des-prix-de-la-grande-loge\/\",\"name\":\"Gala des Prix de la Grande Loge - MLNR\",\"isPartOf\":{\"@id\":\"https:\/\/www.mlnr.ro\/fr\/#website\"},\"primaryImageOfPage\":{\"@id\":\"https:\/\/www.mlnr.ro\/fr\/gala-des-prix-de-la-grande-loge\/#primaryimage\"},\"image\":{\"@id\":\"https:\/\/www.mlnr.ro\/fr\/gala-des-prix-de-la-grande-loge\/#primaryimage\"},\"thumbnailUrl\":\"https:\/\/www.mlnr.ro\/wp-content\/uploads\/2024\/09\/ateneul.jpg\",\"datePublished\":\"2026-01-15T15:07:14+00:00\",\"dateModified\":\"2026-03-06T11:30:10+00:00\",\"breadcrumb\":{\"@id\":\"https:\/\/www.mlnr.ro\/fr\/gala-des-prix-de-la-grande-loge\/#breadcrumb\"},\"inLanguage\":\"fr-FR\",\"potentialAction\":[{\"@type\":\"ReadAction\",\"target\":[\"https:\/\/www.mlnr.ro\/fr\/gala-des-prix-de-la-grande-loge\/\"]}]},{\"@type\":\"ImageObject\",\"inLanguage\":\"fr-FR\",\"@id\":\"https:\/\/www.mlnr.ro\/fr\/gala-des-prix-de-la-grande-loge\/#primaryimage\",\"url\":\"https:\/\/www.mlnr.ro\/wp-content\/uploads\/2024\/09\/ateneul.jpg\",\"contentUrl\":\"https:\/\/www.mlnr.ro\/wp-content\/uploads\/2024\/09\/ateneul.jpg\",\"width\":1920,\"height\":1008},{\"@type\":\"BreadcrumbList\",\"@id\":\"https:\/\/www.mlnr.ro\/fr\/gala-des-prix-de-la-grande-loge\/#breadcrumb\",\"itemListElement\":[{\"@type\":\"ListItem\",\"position\":1,\"name\":\"Prima pagin\u0103\",\"item\":\"https:\/\/www.mlnr.ro\/fr\/\"},{\"@type\":\"ListItem\",\"position\":2,\"name\":\"Gala des Prix de la Grande Loge\"}]},{\"@type\":\"WebSite\",\"@id\":\"https:\/\/www.mlnr.ro\/fr\/#website\",\"url\":\"https:\/\/www.mlnr.ro\/fr\/\",\"name\":\"MLNR\",\"description\":\"\",\"publisher\":{\"@id\":\"https:\/\/www.mlnr.ro\/fr\/#organization\"},\"potentialAction\":[{\"@type\":\"SearchAction\",\"target\":{\"@type\":\"EntryPoint\",\"urlTemplate\":\"https:\/\/www.mlnr.ro\/fr\/?s={search_term_string}\"},\"query-input\":{\"@type\":\"PropertyValueSpecification\",\"valueRequired\":true,\"valueName\":\"search_term_string\"}}],\"inLanguage\":\"fr-FR\"},{\"@type\":\"Organization\",\"@id\":\"https:\/\/www.mlnr.ro\/fr\/#organization\",\"name\":\"MLNR\",\"url\":\"https:\/\/www.mlnr.ro\/fr\/\",\"logo\":{\"@type\":\"ImageObject\",\"inLanguage\":\"fr-FR\",\"@id\":\"https:\/\/www.mlnr.ro\/fr\/#\/schema\/logo\/image\/\",\"url\":\"https:\/\/www.mlnr.ro\/wp-content\/uploads\/2025\/12\/prj-edited.png\",\"contentUrl\":\"https:\/\/www.mlnr.ro\/wp-content\/uploads\/2025\/12\/prj-edited.png\",\"width\":300,\"height\":188,\"caption\":\"MLNR\"},\"image\":{\"@id\":\"https:\/\/www.mlnr.ro\/fr\/#\/schema\/logo\/image\/\"}}]}<\/script>\n<!-- \/ Yoast SEO plugin. -->","yoast_head_json":{"title":"Gala des Prix de la Grande Loge - MLNR","robots":{"index":"index","follow":"follow","max-snippet":"max-snippet:-1","max-image-preview":"max-image-preview:large","max-video-preview":"max-video-preview:-1"},"canonical":"https:\/\/www.mlnr.ro\/fr\/gala-des-prix-de-la-grande-loge\/","og_locale":"fr_FR","og_type":"article","og_title":"Gala des Prix de la Grande Loge - MLNR","og_description":"La MLNR en partenariat avec la Soci\u00e9t\u00e9 Civile La C\u00c9R\u00c9MONIE DE REMISE DES PRIX MLNR est organis\u00e9e en partenariat avec l&#8217;Acad\u00e9mie roumaine, le minist\u00e8re de l&#8217;\u00c9ducation, le minist\u00e8re de la Culture, l&#8217;universit\u00e9 Babe\u0219 Bolyai de Cluj Napoca, l&#8217;universit\u00e9 de Bucarest, l&#8217;ASE, l&#8217;universit\u00e9 de m\u00e9decine Carol Davila de Bucarest, l&#8217;universit\u00e9 Alexandru Ioan Cuza de Ia\u0219i, l&#8217;universit\u00e9&hellip; Continue reading VIIe \u00e9dition du Gala des Prix MLNR","og_url":"https:\/\/www.mlnr.ro\/fr\/gala-des-prix-de-la-grande-loge\/","og_site_name":"MLNR","article_modified_time":"2026-03-06T11:30:10+00:00","og_image":[{"width":1920,"height":1008,"url":"https:\/\/www.mlnr.ro\/wp-content\/uploads\/2024\/09\/ateneul.jpg","type":"image\/jpeg"}],"twitter_card":"summary_large_image","twitter_misc":{"Dur\u00e9e de lecture estim\u00e9e":"3 minutes"},"schema":{"@context":"https:\/\/schema.org","@graph":[{"@type":"WebPage","@id":"https:\/\/www.mlnr.ro\/fr\/gala-des-prix-de-la-grande-loge\/","url":"https:\/\/www.mlnr.ro\/fr\/gala-des-prix-de-la-grande-loge\/","name":"Gala des Prix de la Grande Loge - MLNR","isPartOf":{"@id":"https:\/\/www.mlnr.ro\/fr\/#website"},"primaryImageOfPage":{"@id":"https:\/\/www.mlnr.ro\/fr\/gala-des-prix-de-la-grande-loge\/#primaryimage"},"image":{"@id":"https:\/\/www.mlnr.ro\/fr\/gala-des-prix-de-la-grande-loge\/#primaryimage"},"thumbnailUrl":"https:\/\/www.mlnr.ro\/wp-content\/uploads\/2024\/09\/ateneul.jpg","datePublished":"2026-01-15T15:07:14+00:00","dateModified":"2026-03-06T11:30:10+00:00","breadcrumb":{"@id":"https:\/\/www.mlnr.ro\/fr\/gala-des-prix-de-la-grande-loge\/#breadcrumb"},"inLanguage":"fr-FR","potentialAction":[{"@type":"ReadAction","target":["https:\/\/www.mlnr.ro\/fr\/gala-des-prix-de-la-grande-loge\/"]}]},{"@type":"ImageObject","inLanguage":"fr-FR","@id":"https:\/\/www.mlnr.ro\/fr\/gala-des-prix-de-la-grande-loge\/#primaryimage","url":"https:\/\/www.mlnr.ro\/wp-content\/uploads\/2024\/09\/ateneul.jpg","contentUrl":"https:\/\/www.mlnr.ro\/wp-content\/uploads\/2024\/09\/ateneul.jpg","width":1920,"height":1008},{"@type":"BreadcrumbList","@id":"https:\/\/www.mlnr.ro\/fr\/gala-des-prix-de-la-grande-loge\/#breadcrumb","itemListElement":[{"@type":"ListItem","position":1,"name":"Prima pagin\u0103","item":"https:\/\/www.mlnr.ro\/fr\/"},{"@type":"ListItem","position":2,"name":"Gala des Prix de la Grande Loge"}]},{"@type":"WebSite","@id":"https:\/\/www.mlnr.ro\/fr\/#website","url":"https:\/\/www.mlnr.ro\/fr\/","name":"MLNR","description":"","publisher":{"@id":"https:\/\/www.mlnr.ro\/fr\/#organization"},"potentialAction":[{"@type":"SearchAction","target":{"@type":"EntryPoint","urlTemplate":"https:\/\/www.mlnr.ro\/fr\/?s={search_term_string}"},"query-input":{"@type":"PropertyValueSpecification","valueRequired":true,"valueName":"search_term_string"}}],"inLanguage":"fr-FR"},{"@type":"Organization","@id":"https:\/\/www.mlnr.ro\/fr\/#organization","name":"MLNR","url":"https:\/\/www.mlnr.ro\/fr\/","logo":{"@type":"ImageObject","inLanguage":"fr-FR","@id":"https:\/\/www.mlnr.ro\/fr\/#\/schema\/logo\/image\/","url":"https:\/\/www.mlnr.ro\/wp-content\/uploads\/2025\/12\/prj-edited.png","contentUrl":"https:\/\/www.mlnr.ro\/wp-content\/uploads\/2025\/12\/prj-edited.png","width":300,"height":188,"caption":"MLNR"},"image":{"@id":"https:\/\/www.mlnr.ro\/fr\/#\/schema\/logo\/image\/"}}]}},"_links":{"self":[{"href":"https:\/\/www.mlnr.ro\/fr\/wp-json\/wp\/v2\/pages\/1998","targetHints":{"allow":["GET"]}}],"collection":[{"href":"https:\/\/www.mlnr.ro\/fr\/wp-json\/wp\/v2\/pages"}],"about":[{"href":"https:\/\/www.mlnr.ro\/fr\/wp-json\/wp\/v2\/types\/page"}],"author":[{"embeddable":true,"href":"https:\/\/www.mlnr.ro\/fr\/wp-json\/wp\/v2\/users\/1"}],"replies":[{"embeddable":true,"href":"https:\/\/www.mlnr.ro\/fr\/wp-json\/wp\/v2\/comments?post=1998"}],"version-history":[{"count":2,"href":"https:\/\/www.mlnr.ro\/fr\/wp-json\/wp\/v2\/pages\/1998\/revisions"}],"predecessor-version":[{"id":4727,"href":"https:\/\/www.mlnr.ro\/fr\/wp-json\/wp\/v2\/pages\/1998\/revisions\/4727"}],"wp:featuredmedia":[{"embeddable":true,"href":"https:\/\/www.mlnr.ro\/fr\/wp-json\/wp\/v2\/media\/1999"}],"wp:attachment":[{"href":"https:\/\/www.mlnr.ro\/fr\/wp-json\/wp\/v2\/media?parent=1998"}],"curies":[{"name":"wp","href":"https:\/\/api.w.org\/{rel}","templated":true}]}}