{"id":2018,"date":"2026-01-15T17:18:56","date_gmt":"2026-01-15T15:18:56","guid":{"rendered":"https:mlnr.ro\/conferences-sur-la-protection-de-lenvironnement\/"},"modified":"2026-01-23T18:20:44","modified_gmt":"2026-01-23T16:20:44","slug":"conferences-sur-la-protection-de-lenvironnement","status":"publish","type":"page","link":"https:\/\/www.mlnr.ro\/fr\/conferences-sur-la-protection-de-lenvironnement\/","title":{"rendered":"Actions pour la protection de l&#8217;environnement"},"content":{"rendered":"\n    <div class=\"container  container-header-line-only\" style=\"position: relative\">\n        <h2 class=\"header-line\">Derni\u00e8res actions en faveur de la protection de l'environnement<\/h2>\n        <div class=\"container slick-vertical-slider-container\" style=\"padding-top: 10px\">\n            <div class=\"slick-vertical-slider\">\n                \r\n\r\n<div>\r\n    <div class=\"row\">\r\n        <div class=\"col-lg-4\">\r\n            <div class=\"background-image-holder\" style=\"background-image: url('https:\/\/www.mlnr.ro\/wp-content\/uploads\/2026\/01\/WhatsApp-Image-2026-01-23-at-15.06.45-1024x753.jpeg')\">\r\n            <\/div>\r\n\r\n        <\/div>\r\n        <div class=\"col-lg-8 d-flex flex-column justify-content-start\">\r\n            <p><\/p>\r\n            <h2 class=\"banner-title\">\r\n                Conf\u00e9rence sur l&#8217;environnement \u2013 Les effets du changement climatique | Arad            <\/h2>\r\n            <p class=\"banner-description\">\r\n                Sous l'\u00e9gide de la Grande Loge nationale de Roumanie, la Conf\u00e9rence sur l'environnement \u2013 Les effets du changement climatique s'est tenue le 7 novembre \u00e0 Arad. Cet \u00e9v\u00e9nement \u00e9tait consacr\u00e9...            <\/p>\r\n            <a href=\"https:\/\/www.mlnr.ro\/fr\/actiuni_mediu\/conferinta-de-mediu-efectele-schimbarilor-climatice-arad\/\" class=\"btn-more-link banner-button\">En savoir plus<\/a>\r\n        <\/div>\r\n    <\/div>\r\n<\/div>\r\n\r\n\r\n\r\n\r\n\r\n\r\n\n                \r\n\r\n<div>\r\n    <div class=\"row\">\r\n        <div class=\"col-lg-4\">\r\n            <div class=\"background-image-holder\" style=\"background-image: url('https:\/\/www.mlnr.ro\/wp-content\/uploads\/2026\/01\/WhatsApp-Image-2026-01-23-at-15.07.16-1-1024x678.jpeg')\">\r\n            <\/div>\r\n\r\n        <\/div>\r\n        <div class=\"col-lg-8 d-flex flex-column justify-content-start\">\r\n            <p><\/p>\r\n            <h2 class=\"banner-title\">\r\n                Conf\u00e9rence \u00ab Le signe sous la nature \u00bb \u2013 Ia\u0219i            <\/h2>\r\n            <p class=\"banner-description\">\r\n                Le 9 avril 2025, \u00e0 l'universit\u00e9 \u00ab Alexandru Ioan Cuza \u00bb de Ia\u0219i, dans l'Aula Magna \u00ab Mihai Eminescu \u00bb, s'est tenue la conf\u00e9rence \u00ab Semnul sub Naturii \u00bb (Le...            <\/p>\r\n            <a href=\"https:\/\/www.mlnr.ro\/fr\/actiuni_mediu\/conferinta-semnul-sub-naturii-iasi-9-aprilie-2025\/\" class=\"btn-more-link banner-button\">En savoir plus<\/a>\r\n        <\/div>\r\n    <\/div>\r\n<\/div>\r\n\r\n\r\n\r\n\r\n\r\n\r\n\n                \r\n\r\n<div>\r\n    <div class=\"row\">\r\n        <div class=\"col-lg-4\">\r\n            <div class=\"background-image-holder\" style=\"background-image: url('https:\/\/www.mlnr.ro\/wp-content\/uploads\/2025\/12\/DSC_0996-MEDIU-1024x683.webp')\">\r\n            <\/div>\r\n\r\n        <\/div>\r\n        <div class=\"col-lg-8 d-flex flex-column justify-content-start\">\r\n            <p><\/p>\r\n            <h2 class=\"banner-title\">\r\n                Si nous avions le pouvoir de changer l&#8217;avenir, comment aimerions-nous qu&#8217;il soit ?            <\/h2>\r\n            <p class=\"banner-description\">\r\n                La Grande Loge nationale de Roumanie a accueilli une conf\u00e9rence remarquable, anim\u00e9e par le th\u00e8me essentiel de la durabilit\u00e9. Sous la coupole imposante du Palais du Parlement, dans un d\u00e9cor...            <\/p>\r\n            <a href=\"https:\/\/www.mlnr.ro\/fr\/actiuni_mediu\/daca-am-avea-puterea-sa-schimbam-viitorul-cum-ne-am-dori-sa-arate\/\" class=\"btn-more-link banner-button\">En savoir plus<\/a>\r\n        <\/div>\r\n    <\/div>\r\n<\/div>\r\n\r\n\r\n\r\n\r\n\r\n\r\n\n                \n            <\/div>\n        <\/div>\n    <\/div>\n\n\n\n\n    \n\n\n        <div>\n            <div class=\"personalities-filter\">\n                <button class=\"btn-filter js-filter-ajax-type active \" data-parent=\"0\" data-type=\"actiuni_mediu\" data-filter=\"all\">Tout<\/button>\n                                        <button class=\"btn-filter js-filter-ajax-type  \"\n                                data-type=\"actiuni_mediu\" data-filter=\"bucuresti\"\n                                data-parent=\"0\"\n                                data-id=\"151\"\n                        >\n                            Bucarest                        <\/button>\n                                            <button class=\"btn-filter js-filter-ajax-type  \"\n                                data-type=\"actiuni_mediu\" data-filter=\"in-tara\"\n                                data-parent=\"0\"\n                                data-id=\"155\"\n                        >\n                            Dans le pays                        <\/button>\n                                <\/div>\n        <\/div>\n        \n    <div class=\"loading-spinner d-none justify-content-center align-items-center mb-4 js-loading-spinner text-center\" >\n        <div class=\"spinner-border text-primary\" role=\"status\">\n            <span class=\"visually-hidden\">Loading...<\/span>\n        <\/div>\n    <\/div>\n    <div class=\"list-personalities-shortcode alignfull list-personalities-shortcode--actiuni_mediu\">\n        <div class=\"row d-flex \">\n            \r\n<div class=\"row mt-2 mb-5 preview-post-info-row\">\r\n    <div class=\"col-lg-6 \">\r\n        <div class=\"background-image-post-preview \" style=\"background-image: url(https:\/\/www.mlnr.ro\/wp-content\/uploads\/2026\/01\/WhatsApp-Image-2026-01-23-at-15.06.45-1024x753.jpeg); background-size: cover; background-position: center;\" >\r\n\r\n        <\/div>\r\n    <\/div>\r\n    <div class=\"col-lg-6 d-flex align-items-center preview-post-info-container\">\r\n        <div class=\"preview-post-info\">\r\n            <p><\/p>\r\n            <h3>Conf\u00e9rence sur l&#8217;environnement \u2013 Les effets du changement climatique | Arad<\/h3>\r\n            <p>Sous l'\u00e9gide de la Grande Loge nationale de Roumanie, la Conf\u00e9rence sur l'environnement \u2013 Les effets du changement climatique s'est tenue le 7 novembre \u00e0 Arad. Cet \u00e9v\u00e9nement \u00e9tait consacr\u00e9...<\/p>\r\n            <a href=\"https:\/\/www.mlnr.ro\/fr\/actiuni_mediu\/conferinta-de-mediu-efectele-schimbarilor-climatice-arad\/\" class=\"btn-more-link\">En savoir plus<\/a>\r\n        <\/div>\r\n\r\n    <\/div>\r\n<\/div>\r\n\n            \r\n<div class=\"row mt-2 mb-5 preview-post-info-row\">\r\n    <div class=\"col-lg-6  order-lg-2\">\r\n        <div class=\"background-image-post-preview \" style=\"background-image: url(https:\/\/www.mlnr.ro\/wp-content\/uploads\/2026\/01\/WhatsApp-Image-2026-01-23-at-15.07.16-1-1024x678.jpeg); background-size: cover; background-position: center;\" >\r\n\r\n        <\/div>\r\n    <\/div>\r\n    <div class=\"col-lg-6 d-flex align-items-center preview-post-info-container\">\r\n        <div class=\"preview-post-info\">\r\n            <p><\/p>\r\n            <h3>Conf\u00e9rence \u00ab Le signe sous la nature \u00bb \u2013 Ia\u0219i<\/h3>\r\n            <p>Le 9 avril 2025, \u00e0 l'universit\u00e9 \u00ab Alexandru Ioan Cuza \u00bb de Ia\u0219i, dans l'Aula Magna \u00ab Mihai Eminescu \u00bb, s'est tenue la conf\u00e9rence \u00ab Semnul sub Naturii \u00bb (Le...<\/p>\r\n            <a href=\"https:\/\/www.mlnr.ro\/fr\/actiuni_mediu\/conferinta-semnul-sub-naturii-iasi-9-aprilie-2025\/\" class=\"btn-more-link\">En savoir plus<\/a>\r\n        <\/div>\r\n\r\n    <\/div>\r\n<\/div>\r\n\n            \r\n<div class=\"row mt-2 mb-5 preview-post-info-row\">\r\n    <div class=\"col-lg-6 \">\r\n        <div class=\"background-image-post-preview \" style=\"background-image: url(https:\/\/www.mlnr.ro\/wp-content\/uploads\/2025\/12\/DSC_0996-MEDIU-1024x683.webp); background-size: cover; background-position: center;\" >\r\n\r\n        <\/div>\r\n    <\/div>\r\n    <div class=\"col-lg-6 d-flex align-items-center preview-post-info-container\">\r\n        <div class=\"preview-post-info\">\r\n            <p><\/p>\r\n            <h3>Si nous avions le pouvoir de changer l&#8217;avenir, comment aimerions-nous qu&#8217;il soit ?<\/h3>\r\n            <p>La Grande Loge nationale de Roumanie a accueilli une conf\u00e9rence remarquable, anim\u00e9e par le th\u00e8me essentiel de la durabilit\u00e9. Sous la coupole imposante du Palais du Parlement, dans un d\u00e9cor...<\/p>\r\n            <a href=\"https:\/\/www.mlnr.ro\/fr\/actiuni_mediu\/daca-am-avea-puterea-sa-schimbam-viitorul-cum-ne-am-dori-sa-arate\/\" class=\"btn-more-link\">En savoir plus<\/a>\r\n        <\/div>\r\n\r\n    <\/div>\r\n<\/div>\r\n\n                    <\/div>\n    <\/div>\n    <div class=\"load-more-container text-center\">\n                <button class=\"btn btn-primary js-load-more js-load-more--actiuni_mediu d-none\"\n                data-post-type=\"actiuni_mediu\"\n                data-offset=\"3\"\n                data-max=\"6\"\n\n                data-category=\"17\">\n            \u00cencarc\u0103 mai multe\n        <\/button>\n    <\/div>\n\n\n\n\n\n\n\n    \n","protected":false},"excerpt":{"rendered":"","protected":false},"author":1,"featured_media":2019,"parent":0,"menu_order":0,"comment_status":"closed","ping_status":"closed","template":"","meta":{"_acf_changed":false,"footnotes":""},"class_list":["post-2018","page","type-page","status-publish","has-post-thumbnail","hentry","entry"],"acf":[],"yoast_head":"<!-- This site is optimized with the Yoast SEO plugin v27.0 - https:\/\/yoast.com\/product\/yoast-seo-wordpress\/ -->\n<title>Actions pour la protection de l&#039;environnement - MLNR<\/title>\n<meta name=\"robots\" content=\"index, follow, max-snippet:-1, max-image-preview:large, max-video-preview:-1\" \/>\n<link rel=\"canonical\" href=\"https:\/\/www.mlnr.ro\/fr\/conferences-sur-la-protection-de-lenvironnement\/\" \/>\n<meta property=\"og:locale\" content=\"fr_FR\" \/>\n<meta property=\"og:type\" content=\"article\" \/>\n<meta property=\"og:title\" content=\"Actions pour la protection de l&#039;environnement - MLNR\" \/>\n<meta property=\"og:url\" content=\"https:\/\/www.mlnr.ro\/fr\/conferences-sur-la-protection-de-lenvironnement\/\" \/>\n<meta property=\"og:site_name\" content=\"MLNR\" \/>\n<meta property=\"article:modified_time\" content=\"2026-01-23T16:20:44+00:00\" \/>\n<meta property=\"og:image\" content=\"https:\/\/www.mlnr.ro\/wp-content\/uploads\/2025\/12\/DSC_0996-MEDIU.webp\" \/>\n\t<meta property=\"og:image:width\" content=\"2048\" \/>\n\t<meta property=\"og:image:height\" content=\"1365\" \/>\n\t<meta property=\"og:image:type\" content=\"image\/webp\" \/>\n<meta name=\"twitter:card\" content=\"summary_large_image\" \/>\n<script type=\"application\/ld+json\" class=\"yoast-schema-graph\">{\"@context\":\"https:\/\/schema.org\",\"@graph\":[{\"@type\":\"WebPage\",\"@id\":\"https:\/\/www.mlnr.ro\/fr\/conferences-sur-la-protection-de-lenvironnement\/\",\"url\":\"https:\/\/www.mlnr.ro\/fr\/conferences-sur-la-protection-de-lenvironnement\/\",\"name\":\"Actions pour la protection de l'environnement - MLNR\",\"isPartOf\":{\"@id\":\"https:\/\/www.mlnr.ro\/fr\/#website\"},\"primaryImageOfPage\":{\"@id\":\"https:\/\/www.mlnr.ro\/fr\/conferences-sur-la-protection-de-lenvironnement\/#primaryimage\"},\"image\":{\"@id\":\"https:\/\/www.mlnr.ro\/fr\/conferences-sur-la-protection-de-lenvironnement\/#primaryimage\"},\"thumbnailUrl\":\"https:\/\/www.mlnr.ro\/wp-content\/uploads\/2025\/12\/DSC_0996-MEDIU.webp\",\"datePublished\":\"2026-01-15T15:18:56+00:00\",\"dateModified\":\"2026-01-23T16:20:44+00:00\",\"breadcrumb\":{\"@id\":\"https:\/\/www.mlnr.ro\/fr\/conferences-sur-la-protection-de-lenvironnement\/#breadcrumb\"},\"inLanguage\":\"fr-FR\",\"potentialAction\":[{\"@type\":\"ReadAction\",\"target\":[\"https:\/\/www.mlnr.ro\/fr\/conferences-sur-la-protection-de-lenvironnement\/\"]}]},{\"@type\":\"ImageObject\",\"inLanguage\":\"fr-FR\",\"@id\":\"https:\/\/www.mlnr.ro\/fr\/conferences-sur-la-protection-de-lenvironnement\/#primaryimage\",\"url\":\"https:\/\/www.mlnr.ro\/wp-content\/uploads\/2025\/12\/DSC_0996-MEDIU.webp\",\"contentUrl\":\"https:\/\/www.mlnr.ro\/wp-content\/uploads\/2025\/12\/DSC_0996-MEDIU.webp\",\"width\":2048,\"height\":1365},{\"@type\":\"BreadcrumbList\",\"@id\":\"https:\/\/www.mlnr.ro\/fr\/conferences-sur-la-protection-de-lenvironnement\/#breadcrumb\",\"itemListElement\":[{\"@type\":\"ListItem\",\"position\":1,\"name\":\"Prima pagin\u0103\",\"item\":\"https:\/\/www.mlnr.ro\/fr\/\"},{\"@type\":\"ListItem\",\"position\":2,\"name\":\"Actions pour la protection de l&#8217;environnement\"}]},{\"@type\":\"WebSite\",\"@id\":\"https:\/\/www.mlnr.ro\/fr\/#website\",\"url\":\"https:\/\/www.mlnr.ro\/fr\/\",\"name\":\"MLNR\",\"description\":\"\",\"publisher\":{\"@id\":\"https:\/\/www.mlnr.ro\/fr\/#organization\"},\"potentialAction\":[{\"@type\":\"SearchAction\",\"target\":{\"@type\":\"EntryPoint\",\"urlTemplate\":\"https:\/\/www.mlnr.ro\/fr\/?s={search_term_string}\"},\"query-input\":{\"@type\":\"PropertyValueSpecification\",\"valueRequired\":true,\"valueName\":\"search_term_string\"}}],\"inLanguage\":\"fr-FR\"},{\"@type\":\"Organization\",\"@id\":\"https:\/\/www.mlnr.ro\/fr\/#organization\",\"name\":\"MLNR\",\"url\":\"https:\/\/www.mlnr.ro\/fr\/\",\"logo\":{\"@type\":\"ImageObject\",\"inLanguage\":\"fr-FR\",\"@id\":\"https:\/\/www.mlnr.ro\/fr\/#\/schema\/logo\/image\/\",\"url\":\"https:\/\/www.mlnr.ro\/wp-content\/uploads\/2025\/12\/prj-edited.png\",\"contentUrl\":\"https:\/\/www.mlnr.ro\/wp-content\/uploads\/2025\/12\/prj-edited.png\",\"width\":300,\"height\":188,\"caption\":\"MLNR\"},\"image\":{\"@id\":\"https:\/\/www.mlnr.ro\/fr\/#\/schema\/logo\/image\/\"}}]}<\/script>\n<!-- \/ Yoast SEO plugin. -->","yoast_head_json":{"title":"Actions pour la protection de l'environnement - MLNR","robots":{"index":"index","follow":"follow","max-snippet":"max-snippet:-1","max-image-preview":"max-image-preview:large","max-video-preview":"max-video-preview:-1"},"canonical":"https:\/\/www.mlnr.ro\/fr\/conferences-sur-la-protection-de-lenvironnement\/","og_locale":"fr_FR","og_type":"article","og_title":"Actions pour la protection de l'environnement - MLNR","og_url":"https:\/\/www.mlnr.ro\/fr\/conferences-sur-la-protection-de-lenvironnement\/","og_site_name":"MLNR","article_modified_time":"2026-01-23T16:20:44+00:00","og_image":[{"width":2048,"height":1365,"url":"https:\/\/www.mlnr.ro\/wp-content\/uploads\/2025\/12\/DSC_0996-MEDIU.webp","type":"image\/webp"}],"twitter_card":"summary_large_image","schema":{"@context":"https:\/\/schema.org","@graph":[{"@type":"WebPage","@id":"https:\/\/www.mlnr.ro\/fr\/conferences-sur-la-protection-de-lenvironnement\/","url":"https:\/\/www.mlnr.ro\/fr\/conferences-sur-la-protection-de-lenvironnement\/","name":"Actions pour la protection de l'environnement - MLNR","isPartOf":{"@id":"https:\/\/www.mlnr.ro\/fr\/#website"},"primaryImageOfPage":{"@id":"https:\/\/www.mlnr.ro\/fr\/conferences-sur-la-protection-de-lenvironnement\/#primaryimage"},"image":{"@id":"https:\/\/www.mlnr.ro\/fr\/conferences-sur-la-protection-de-lenvironnement\/#primaryimage"},"thumbnailUrl":"https:\/\/www.mlnr.ro\/wp-content\/uploads\/2025\/12\/DSC_0996-MEDIU.webp","datePublished":"2026-01-15T15:18:56+00:00","dateModified":"2026-01-23T16:20:44+00:00","breadcrumb":{"@id":"https:\/\/www.mlnr.ro\/fr\/conferences-sur-la-protection-de-lenvironnement\/#breadcrumb"},"inLanguage":"fr-FR","potentialAction":[{"@type":"ReadAction","target":["https:\/\/www.mlnr.ro\/fr\/conferences-sur-la-protection-de-lenvironnement\/"]}]},{"@type":"ImageObject","inLanguage":"fr-FR","@id":"https:\/\/www.mlnr.ro\/fr\/conferences-sur-la-protection-de-lenvironnement\/#primaryimage","url":"https:\/\/www.mlnr.ro\/wp-content\/uploads\/2025\/12\/DSC_0996-MEDIU.webp","contentUrl":"https:\/\/www.mlnr.ro\/wp-content\/uploads\/2025\/12\/DSC_0996-MEDIU.webp","width":2048,"height":1365},{"@type":"BreadcrumbList","@id":"https:\/\/www.mlnr.ro\/fr\/conferences-sur-la-protection-de-lenvironnement\/#breadcrumb","itemListElement":[{"@type":"ListItem","position":1,"name":"Prima pagin\u0103","item":"https:\/\/www.mlnr.ro\/fr\/"},{"@type":"ListItem","position":2,"name":"Actions pour la protection de l&#8217;environnement"}]},{"@type":"WebSite","@id":"https:\/\/www.mlnr.ro\/fr\/#website","url":"https:\/\/www.mlnr.ro\/fr\/","name":"MLNR","description":"","publisher":{"@id":"https:\/\/www.mlnr.ro\/fr\/#organization"},"potentialAction":[{"@type":"SearchAction","target":{"@type":"EntryPoint","urlTemplate":"https:\/\/www.mlnr.ro\/fr\/?s={search_term_string}"},"query-input":{"@type":"PropertyValueSpecification","valueRequired":true,"valueName":"search_term_string"}}],"inLanguage":"fr-FR"},{"@type":"Organization","@id":"https:\/\/www.mlnr.ro\/fr\/#organization","name":"MLNR","url":"https:\/\/www.mlnr.ro\/fr\/","logo":{"@type":"ImageObject","inLanguage":"fr-FR","@id":"https:\/\/www.mlnr.ro\/fr\/#\/schema\/logo\/image\/","url":"https:\/\/www.mlnr.ro\/wp-content\/uploads\/2025\/12\/prj-edited.png","contentUrl":"https:\/\/www.mlnr.ro\/wp-content\/uploads\/2025\/12\/prj-edited.png","width":300,"height":188,"caption":"MLNR"},"image":{"@id":"https:\/\/www.mlnr.ro\/fr\/#\/schema\/logo\/image\/"}}]}},"_links":{"self":[{"href":"https:\/\/www.mlnr.ro\/fr\/wp-json\/wp\/v2\/pages\/2018","targetHints":{"allow":["GET"]}}],"collection":[{"href":"https:\/\/www.mlnr.ro\/fr\/wp-json\/wp\/v2\/pages"}],"about":[{"href":"https:\/\/www.mlnr.ro\/fr\/wp-json\/wp\/v2\/types\/page"}],"author":[{"embeddable":true,"href":"https:\/\/www.mlnr.ro\/fr\/wp-json\/wp\/v2\/users\/1"}],"replies":[{"embeddable":true,"href":"https:\/\/www.mlnr.ro\/fr\/wp-json\/wp\/v2\/comments?post=2018"}],"version-history":[{"count":3,"href":"https:\/\/www.mlnr.ro\/fr\/wp-json\/wp\/v2\/pages\/2018\/revisions"}],"predecessor-version":[{"id":3416,"href":"https:\/\/www.mlnr.ro\/fr\/wp-json\/wp\/v2\/pages\/2018\/revisions\/3416"}],"wp:featuredmedia":[{"embeddable":true,"href":"https:\/\/www.mlnr.ro\/fr\/wp-json\/wp\/v2\/media\/2019"}],"wp:attachment":[{"href":"https:\/\/www.mlnr.ro\/fr\/wp-json\/wp\/v2\/media?parent=2018"}],"curies":[{"name":"wp","href":"https:\/\/api.w.org\/{rel}","templated":true}]}}