{"id":2029,"date":"2026-01-15T17:24:22","date_gmt":"2026-01-15T15:24:22","guid":{"rendered":"https:mlnr.ro\/activites-sociales\/"},"modified":"2026-01-23T18:24:06","modified_gmt":"2026-01-23T16:24:06","slug":"activites-sociales","status":"publish","type":"page","link":"https:\/\/www.mlnr.ro\/fr\/activites-sociales\/","title":{"rendered":"Activit\u00e9s sociales"},"content":{"rendered":"\n    <div class=\"loading-spinner d-none justify-content-center align-items-center mb-4 js-loading-spinner text-center\" >\n        <div class=\"spinner-border text-primary\" role=\"status\">\n            <span class=\"visually-hidden\">Loading...<\/span>\n        <\/div>\n    <\/div>\n    <div class=\"list-personalities-shortcode alignfull list-personalities-shortcode--activitati_sociale\">\n        <div class=\"row d-flex \">\n                                <div class=\"col-12 stretched-type\">\n                        \r\n<div class=\"row mt-2 mb-5 preview-post-info-row\">\r\n    <div class=\"col-lg-6 \">\r\n        <div class=\"background-image-post-preview \" style=\"background-image: url(https:\/\/www.mlnr.ro\/wp-content\/uploads\/2026\/03\/image1-1024x682.jpeg); background-size: cover; background-position: center;\" >\r\n\r\n        <\/div>\r\n    <\/div>\r\n    <div class=\"col-lg-6 d-flex align-items-center preview-post-info-container\">\r\n        <div class=\"preview-post-info\">\r\n            <p><\/p>\r\n            <h3>Nadia Com\u0103neci, mise \u00e0 l&#8217;honneur par la Grande Loge nationale de Roumanie \u2013 50 ans apr\u00e8s son premier 10<\/h3>\r\n            <p>Dans la soir\u00e9e du 12 mars 2026, le Mus\u00e9e national d'art de Roumanie a accueilli un \u00e9v\u00e9nement d\u00e9di\u00e9 \u00e0 l'excellence, organis\u00e9 par la Grande Loge nationale de Roumanie. Cet \u00e9v\u00e9nement...<\/p>\r\n            <a href=\"https:\/\/www.mlnr.ro\/fr\/activitati_sociale\/nadia-comaneci-mise-a-lhonneur-par-la-grande-loge-nationale-de-roumanie-50-ans-apres-son-premier-10\/\" class=\"btn-more-link\">En savoir plus<\/a>\r\n        <\/div>\r\n\r\n    <\/div>\r\n<\/div>\r\n\n                    <\/div>\n                    \n            \r\n<div class=\"col-lg-4 col-md-6 mt-2 mb-4 preview-post-info-row align-self-stretch\">\r\n    <div class=\"col-lg-12  \">\r\n        <div class=\"background-image-post-preview \" style=\"background-image: url(https:\/\/www.mlnr.ro\/wp-content\/uploads\/2026\/01\/WhatsApp-Image-2026-01-23-at-14.54.07-1024x768.jpeg); background-size: cover; background-position: center;\" >\r\n\r\n        <\/div>\r\n    <\/div>\r\n    <div class=\"col-lg-12 d-flex align-items-center preview-post-info-container no-offset\">\r\n        <div class=\"preview-post-info align-self-stretch\">\r\n            <p><\/p>\r\n            <h3>Que se passe-t-il lorsque le mot rencontre le son ?<\/h3>\r\n            <p>\u00c0 l'occasion de la Journ\u00e9e nationale de la culture, le 15 janvier 2026, la po\u00e9sie et la musique se sont rencontr\u00e9es lors d'une soir\u00e9e qui nous a rapproch\u00e9s du pass\u00e9.Les...<\/p>\r\n            <a href=\"https:\/\/www.mlnr.ro\/fr\/activitati_sociale\/que-se-passe-t-il-lorsque-le-mot-rencontre-le-son\/\" class=\"btn-more-link\">En savoir plus<\/a>\r\n        <\/div>\r\n\r\n    <\/div>\r\n<\/div>\r\n\n            \r\n<div class=\"col-lg-4 col-md-6 mt-2 mb-4 preview-post-info-row align-self-stretch\">\r\n    <div class=\"col-lg-12 \">\r\n        <div class=\"background-image-post-preview \" style=\"background-image: url(https:\/\/www.mlnr.ro\/wp-content\/uploads\/2026\/01\/WhatsApp-Image-2026-01-21-at-16.09.11-1024x768.jpeg); background-size: cover; background-position: center;\" >\r\n\r\n        <\/div>\r\n    <\/div>\r\n    <div class=\"col-lg-12 d-flex align-items-center preview-post-info-container no-offset\">\r\n        <div class=\"preview-post-info align-self-stretch\">\r\n            <p><\/p>\r\n            <h3>Gaudeamus 2025<\/h3>\r\n            <p>Un nouveau chapitre : les \u00e9ditions MLNR \u00e0 Gaudeamus 2025 Certains moments ne peuvent \u00eatre d\u00e9finis uniquement comme des \u00e9v\u00e9nements, mais comme des rep\u00e8res. Ils marquent la continuit\u00e9 d'un travail...<\/p>\r\n            <a href=\"https:\/\/www.mlnr.ro\/fr\/activitati_sociale\/gaudeamus-2025\/\" class=\"btn-more-link\">En savoir plus<\/a>\r\n        <\/div>\r\n\r\n    <\/div>\r\n<\/div>\r\n\n            \r\n<div class=\"col-lg-4 col-md-6 mt-2 mb-4 preview-post-info-row align-self-stretch\">\r\n    <div class=\"col-lg-12  \">\r\n        <div class=\"background-image-post-preview \" style=\"background-image: url(https:\/\/www.mlnr.ro\/wp-content\/uploads\/2026\/01\/WhatsApp-Image-2026-01-21-at-16.08.24-1024x683.jpeg); background-size: cover; background-position: center;\" >\r\n\r\n        <\/div>\r\n    <\/div>\r\n    <div class=\"col-lg-12 d-flex align-items-center preview-post-info-container no-offset\">\r\n        <div class=\"preview-post-info align-self-stretch\">\r\n            <p><\/p>\r\n            <h3>Gala du centenaire de la F\u00e9d\u00e9ration roumaine d&#8217;aviron<\/h3>\r\n            <p>Palais du Parlement Il y a des moments dans l'histoire d'une nation o\u00f9 l'effort individuel se transforme en rythme collectif et o\u00f9 le travail devient art. Un tel moment a...<\/p>\r\n            <a href=\"https:\/\/www.mlnr.ro\/fr\/activitati_sociale\/gala-du-centenaire-de-la-federation-roumaine-daviron\/\" class=\"btn-more-link\">En savoir plus<\/a>\r\n        <\/div>\r\n\r\n    <\/div>\r\n<\/div>\r\n\n            \r\n<div class=\"col-lg-4 col-md-6 mt-2 mb-4 preview-post-info-row align-self-stretch\">\r\n    <div class=\"col-lg-12 \">\r\n        <div class=\"background-image-post-preview \" style=\"background-image: url(https:\/\/www.mlnr.ro\/wp-content\/uploads\/2026\/01\/WhatsApp-Image-2026-01-21-at-16.01.18-2.jpeg); background-size: cover; background-position: center;\" >\r\n\r\n        <\/div>\r\n    <\/div>\r\n    <div class=\"col-lg-12 d-flex align-items-center preview-post-info-container no-offset\">\r\n        <div class=\"preview-post-info align-self-stretch\">\r\n            <p><\/p>\r\n            <h3>Le bal du MLNR \u00e0 l&#8217;Op\u00e9ra national de Bucarest<\/h3>\r\n            <p>Une soir\u00e9e sous le signe de la lumi\u00e8re Premi\u00e8re \u00e9dition du Bal MLNR \u00e0 l'Op\u00e9ra national de Bucarest Il y a des soir\u00e9es qui passent. Et il y a des...<\/p>\r\n            <a href=\"https:\/\/www.mlnr.ro\/fr\/activitati_sociale\/le-bal-du-mlnr-a-lopera-national-de-bucarest\/\" class=\"btn-more-link\">En savoir plus<\/a>\r\n        <\/div>\r\n\r\n    <\/div>\r\n<\/div>\r\n\n            \r\n<div class=\"col-lg-4 col-md-6 mt-2 mb-4 preview-post-info-row align-self-stretch\">\r\n    <div class=\"col-lg-12  \">\r\n        <div class=\"background-image-post-preview \" style=\"background-image: url(https:\/\/www.mlnr.ro\/wp-content\/uploads\/2026\/01\/e56cc6f1-29ae-497f-ac0f-33794f2834f5-1-768x1024.jpg); background-size: cover; background-position: center;\" >\r\n\r\n        <\/div>\r\n    <\/div>\r\n    <div class=\"col-lg-12 d-flex align-items-center preview-post-info-container no-offset\">\r\n        <div class=\"preview-post-info align-self-stretch\">\r\n            <p><\/p>\r\n            <h3>Buste de l&#8217;acad\u00e9micien Henri Marie Coand\u0103<\/h3>\r\n            <p>Dans l'esprit de sa mission fondamentale de promouvoir et d'honorer le patrimoine culturel roumain, ainsi que les personnalit\u00e9s illustres qui, par leurs contributions substantielles dans l'art, la culture, la science,...<\/p>\r\n            <a href=\"https:\/\/www.mlnr.ro\/fr\/activitati_sociale\/buste-de-lacademicien-henri-marie-coanda\/\" class=\"btn-more-link\">En savoir plus<\/a>\r\n        <\/div>\r\n\r\n    <\/div>\r\n<\/div>\r\n\n            \r\n<div class=\"col-lg-4 col-md-6 mt-2 mb-4 preview-post-info-row align-self-stretch\">\r\n    <div class=\"col-lg-12 \">\r\n        <div class=\"background-image-post-preview \" style=\"background-image: url(https:\/\/www.mlnr.ro\/wp-content\/uploads\/2026\/01\/1-1024x537.jpg); background-size: cover; background-position: center;\" >\r\n\r\n        <\/div>\r\n    <\/div>\r\n    <div class=\"col-lg-12 d-flex align-items-center preview-post-info-container no-offset\">\r\n        <div class=\"preview-post-info align-self-stretch\">\r\n            <p><\/p>\r\n            <h3>Mus\u00e9e pour un jour<\/h3>\r\n            <p>Dans le cadre de \u00ab l'Ann\u00e9e Mihai Eminescu \u00bb, proclam\u00e9e par la Grande Loge nationale de Roumanie en 2025, \u00e0 l'occasion du 175e anniversaire de la naissance du po\u00e8te, le...<\/p>\r\n            <a href=\"https:\/\/www.mlnr.ro\/fr\/activitati_sociale\/musee-pour-un-jour\/\" class=\"btn-more-link\">En savoir plus<\/a>\r\n        <\/div>\r\n\r\n    <\/div>\r\n<\/div>\r\n\n                    <\/div>\n    <\/div>\n    <div class=\"load-more-container text-center\">\n                <button class=\"btn btn-primary js-load-more-2 js-load-more--activitati_sociale \"\n                data-post-type=\"activitati_sociale\"\n                data-offset=\"7\"\n                data-max=\"7\"\n\n                data-category=\"\">\n            Charger plus        <\/button>\n    <\/div>\n\n\n\n\n\n\n\n    \n\n\n\n<p><\/p>\n","protected":false},"excerpt":{"rendered":"","protected":false},"author":1,"featured_media":2827,"parent":0,"menu_order":0,"comment_status":"closed","ping_status":"closed","template":"","meta":{"_acf_changed":false,"footnotes":""},"class_list":["post-2029","page","type-page","status-publish","has-post-thumbnail","hentry","entry"],"acf":[],"yoast_head":"<!-- This site is optimized with the Yoast SEO plugin v27.0 - https:\/\/yoast.com\/product\/yoast-seo-wordpress\/ -->\n<title>Activit\u00e9s sociales - MLNR<\/title>\n<meta name=\"robots\" content=\"index, follow, max-snippet:-1, max-image-preview:large, max-video-preview:-1\" \/>\n<link rel=\"canonical\" href=\"https:\/\/www.mlnr.ro\/fr\/activites-sociales\/\" \/>\n<meta property=\"og:locale\" content=\"fr_FR\" \/>\n<meta property=\"og:type\" content=\"article\" \/>\n<meta property=\"og:title\" content=\"Activit\u00e9s sociales - MLNR\" \/>\n<meta property=\"og:url\" content=\"https:\/\/www.mlnr.ro\/fr\/activites-sociales\/\" \/>\n<meta property=\"og:site_name\" content=\"MLNR\" \/>\n<meta property=\"article:modified_time\" content=\"2026-01-23T16:24:06+00:00\" \/>\n<meta property=\"og:image\" content=\"https:\/\/www.mlnr.ro\/wp-content\/uploads\/2026\/01\/Activitati-Sociale.jpeg\" \/>\n\t<meta property=\"og:image:width\" content=\"1600\" \/>\n\t<meta property=\"og:image:height\" content=\"708\" \/>\n\t<meta property=\"og:image:type\" content=\"image\/jpeg\" \/>\n<meta name=\"twitter:card\" content=\"summary_large_image\" \/>\n<script type=\"application\/ld+json\" class=\"yoast-schema-graph\">{\"@context\":\"https:\/\/schema.org\",\"@graph\":[{\"@type\":\"WebPage\",\"@id\":\"https:\/\/www.mlnr.ro\/fr\/activites-sociales\/\",\"url\":\"https:\/\/www.mlnr.ro\/fr\/activites-sociales\/\",\"name\":\"Activit\u00e9s sociales - MLNR\",\"isPartOf\":{\"@id\":\"https:\/\/www.mlnr.ro\/fr\/#website\"},\"primaryImageOfPage\":{\"@id\":\"https:\/\/www.mlnr.ro\/fr\/activites-sociales\/#primaryimage\"},\"image\":{\"@id\":\"https:\/\/www.mlnr.ro\/fr\/activites-sociales\/#primaryimage\"},\"thumbnailUrl\":\"https:\/\/www.mlnr.ro\/wp-content\/uploads\/2026\/01\/Activitati-Sociale.jpeg\",\"datePublished\":\"2026-01-15T15:24:22+00:00\",\"dateModified\":\"2026-01-23T16:24:06+00:00\",\"breadcrumb\":{\"@id\":\"https:\/\/www.mlnr.ro\/fr\/activites-sociales\/#breadcrumb\"},\"inLanguage\":\"fr-FR\",\"potentialAction\":[{\"@type\":\"ReadAction\",\"target\":[\"https:\/\/www.mlnr.ro\/fr\/activites-sociales\/\"]}]},{\"@type\":\"ImageObject\",\"inLanguage\":\"fr-FR\",\"@id\":\"https:\/\/www.mlnr.ro\/fr\/activites-sociales\/#primaryimage\",\"url\":\"https:\/\/www.mlnr.ro\/wp-content\/uploads\/2026\/01\/Activitati-Sociale.jpeg\",\"contentUrl\":\"https:\/\/www.mlnr.ro\/wp-content\/uploads\/2026\/01\/Activitati-Sociale.jpeg\",\"width\":1600,\"height\":708},{\"@type\":\"BreadcrumbList\",\"@id\":\"https:\/\/www.mlnr.ro\/fr\/activites-sociales\/#breadcrumb\",\"itemListElement\":[{\"@type\":\"ListItem\",\"position\":1,\"name\":\"Prima pagin\u0103\",\"item\":\"https:\/\/www.mlnr.ro\/fr\/\"},{\"@type\":\"ListItem\",\"position\":2,\"name\":\"Activit\u00e9s sociales\"}]},{\"@type\":\"WebSite\",\"@id\":\"https:\/\/www.mlnr.ro\/fr\/#website\",\"url\":\"https:\/\/www.mlnr.ro\/fr\/\",\"name\":\"MLNR\",\"description\":\"\",\"publisher\":{\"@id\":\"https:\/\/www.mlnr.ro\/fr\/#organization\"},\"potentialAction\":[{\"@type\":\"SearchAction\",\"target\":{\"@type\":\"EntryPoint\",\"urlTemplate\":\"https:\/\/www.mlnr.ro\/fr\/?s={search_term_string}\"},\"query-input\":{\"@type\":\"PropertyValueSpecification\",\"valueRequired\":true,\"valueName\":\"search_term_string\"}}],\"inLanguage\":\"fr-FR\"},{\"@type\":\"Organization\",\"@id\":\"https:\/\/www.mlnr.ro\/fr\/#organization\",\"name\":\"MLNR\",\"url\":\"https:\/\/www.mlnr.ro\/fr\/\",\"logo\":{\"@type\":\"ImageObject\",\"inLanguage\":\"fr-FR\",\"@id\":\"https:\/\/www.mlnr.ro\/fr\/#\/schema\/logo\/image\/\",\"url\":\"https:\/\/www.mlnr.ro\/wp-content\/uploads\/2025\/12\/prj-edited.png\",\"contentUrl\":\"https:\/\/www.mlnr.ro\/wp-content\/uploads\/2025\/12\/prj-edited.png\",\"width\":300,\"height\":188,\"caption\":\"MLNR\"},\"image\":{\"@id\":\"https:\/\/www.mlnr.ro\/fr\/#\/schema\/logo\/image\/\"}}]}<\/script>\n<!-- \/ Yoast SEO plugin. -->","yoast_head_json":{"title":"Activit\u00e9s sociales - MLNR","robots":{"index":"index","follow":"follow","max-snippet":"max-snippet:-1","max-image-preview":"max-image-preview:large","max-video-preview":"max-video-preview:-1"},"canonical":"https:\/\/www.mlnr.ro\/fr\/activites-sociales\/","og_locale":"fr_FR","og_type":"article","og_title":"Activit\u00e9s sociales - MLNR","og_url":"https:\/\/www.mlnr.ro\/fr\/activites-sociales\/","og_site_name":"MLNR","article_modified_time":"2026-01-23T16:24:06+00:00","og_image":[{"width":1600,"height":708,"url":"https:\/\/www.mlnr.ro\/wp-content\/uploads\/2026\/01\/Activitati-Sociale.jpeg","type":"image\/jpeg"}],"twitter_card":"summary_large_image","schema":{"@context":"https:\/\/schema.org","@graph":[{"@type":"WebPage","@id":"https:\/\/www.mlnr.ro\/fr\/activites-sociales\/","url":"https:\/\/www.mlnr.ro\/fr\/activites-sociales\/","name":"Activit\u00e9s sociales - MLNR","isPartOf":{"@id":"https:\/\/www.mlnr.ro\/fr\/#website"},"primaryImageOfPage":{"@id":"https:\/\/www.mlnr.ro\/fr\/activites-sociales\/#primaryimage"},"image":{"@id":"https:\/\/www.mlnr.ro\/fr\/activites-sociales\/#primaryimage"},"thumbnailUrl":"https:\/\/www.mlnr.ro\/wp-content\/uploads\/2026\/01\/Activitati-Sociale.jpeg","datePublished":"2026-01-15T15:24:22+00:00","dateModified":"2026-01-23T16:24:06+00:00","breadcrumb":{"@id":"https:\/\/www.mlnr.ro\/fr\/activites-sociales\/#breadcrumb"},"inLanguage":"fr-FR","potentialAction":[{"@type":"ReadAction","target":["https:\/\/www.mlnr.ro\/fr\/activites-sociales\/"]}]},{"@type":"ImageObject","inLanguage":"fr-FR","@id":"https:\/\/www.mlnr.ro\/fr\/activites-sociales\/#primaryimage","url":"https:\/\/www.mlnr.ro\/wp-content\/uploads\/2026\/01\/Activitati-Sociale.jpeg","contentUrl":"https:\/\/www.mlnr.ro\/wp-content\/uploads\/2026\/01\/Activitati-Sociale.jpeg","width":1600,"height":708},{"@type":"BreadcrumbList","@id":"https:\/\/www.mlnr.ro\/fr\/activites-sociales\/#breadcrumb","itemListElement":[{"@type":"ListItem","position":1,"name":"Prima pagin\u0103","item":"https:\/\/www.mlnr.ro\/fr\/"},{"@type":"ListItem","position":2,"name":"Activit\u00e9s sociales"}]},{"@type":"WebSite","@id":"https:\/\/www.mlnr.ro\/fr\/#website","url":"https:\/\/www.mlnr.ro\/fr\/","name":"MLNR","description":"","publisher":{"@id":"https:\/\/www.mlnr.ro\/fr\/#organization"},"potentialAction":[{"@type":"SearchAction","target":{"@type":"EntryPoint","urlTemplate":"https:\/\/www.mlnr.ro\/fr\/?s={search_term_string}"},"query-input":{"@type":"PropertyValueSpecification","valueRequired":true,"valueName":"search_term_string"}}],"inLanguage":"fr-FR"},{"@type":"Organization","@id":"https:\/\/www.mlnr.ro\/fr\/#organization","name":"MLNR","url":"https:\/\/www.mlnr.ro\/fr\/","logo":{"@type":"ImageObject","inLanguage":"fr-FR","@id":"https:\/\/www.mlnr.ro\/fr\/#\/schema\/logo\/image\/","url":"https:\/\/www.mlnr.ro\/wp-content\/uploads\/2025\/12\/prj-edited.png","contentUrl":"https:\/\/www.mlnr.ro\/wp-content\/uploads\/2025\/12\/prj-edited.png","width":300,"height":188,"caption":"MLNR"},"image":{"@id":"https:\/\/www.mlnr.ro\/fr\/#\/schema\/logo\/image\/"}}]}},"_links":{"self":[{"href":"https:\/\/www.mlnr.ro\/fr\/wp-json\/wp\/v2\/pages\/2029","targetHints":{"allow":["GET"]}}],"collection":[{"href":"https:\/\/www.mlnr.ro\/fr\/wp-json\/wp\/v2\/pages"}],"about":[{"href":"https:\/\/www.mlnr.ro\/fr\/wp-json\/wp\/v2\/types\/page"}],"author":[{"embeddable":true,"href":"https:\/\/www.mlnr.ro\/fr\/wp-json\/wp\/v2\/users\/1"}],"replies":[{"embeddable":true,"href":"https:\/\/www.mlnr.ro\/fr\/wp-json\/wp\/v2\/comments?post=2029"}],"version-history":[{"count":2,"href":"https:\/\/www.mlnr.ro\/fr\/wp-json\/wp\/v2\/pages\/2029\/revisions"}],"predecessor-version":[{"id":3425,"href":"https:\/\/www.mlnr.ro\/fr\/wp-json\/wp\/v2\/pages\/2029\/revisions\/3425"}],"wp:featuredmedia":[{"embeddable":true,"href":"https:\/\/www.mlnr.ro\/fr\/wp-json\/wp\/v2\/media\/2827"}],"wp:attachment":[{"href":"https:\/\/www.mlnr.ro\/fr\/wp-json\/wp\/v2\/media?parent=2029"}],"curies":[{"name":"wp","href":"https:\/\/api.w.org\/{rel}","templated":true}]}}