{"id":2086,"date":"2026-01-15T17:46:04","date_gmt":"2026-01-15T15:46:04","guid":{"rendered":"https:mlnr.ro\/actualites\/"},"modified":"2026-01-22T20:59:57","modified_gmt":"2026-01-22T18:59:57","slug":"actualites","status":"publish","type":"page","link":"https:\/\/www.mlnr.ro\/fr\/actualites\/","title":{"rendered":"Actualit\u00e9s"},"content":{"rendered":"\n    <div class=\"container  container-header-line-only\" style=\"position: relative\">\n        <h2 class=\"header-line\">Derni\u00e8res nouvelles<\/h2>\n        <div class=\"container slick-vertical-slider-container\" style=\"padding-top: 10px\">\n            <div class=\"slick-vertical-slider\">\n                \r\n\r\n<div>\r\n    <div class=\"row\">\r\n        <div class=\"col-lg-4\">\r\n            <div class=\"background-image-holder\" style=\"background-image: url('https:\/\/www.mlnr.ro\/wp-content\/uploads\/2026\/03\/image1-1024x682.jpeg')\">\r\n            <\/div>\r\n\r\n        <\/div>\r\n        <div class=\"col-lg-8 d-flex flex-column justify-content-start\">\r\n            <p><\/p>\r\n            <h2 class=\"banner-title\">\r\n                Nadia Com\u0103neci, mise \u00e0 l&#8217;honneur par la Grande Loge nationale de Roumanie \u2013 50 ans apr\u00e8s son premier 10            <\/h2>\r\n            <p class=\"banner-description\">\r\n                Dans la soir\u00e9e du 12 mars 2026, le Mus\u00e9e national d'art de Roumanie a accueilli un \u00e9v\u00e9nement d\u00e9di\u00e9 \u00e0 l'excellence, organis\u00e9 par la Grande Loge nationale de Roumanie. Cet \u00e9v\u00e9nement...            <\/p>\r\n            <a href=\"https:\/\/www.mlnr.ro\/fr\/activitati_sociale\/nadia-comaneci-mise-a-lhonneur-par-la-grande-loge-nationale-de-roumanie-50-ans-apres-son-premier-10\/\" class=\"btn-more-link banner-button\">En savoir plus<\/a>\r\n        <\/div>\r\n    <\/div>\r\n<\/div>\r\n\r\n\r\n\r\n\r\n\r\n\r\n\n                \r\n\r\n<div>\r\n    <div class=\"row\">\r\n        <div class=\"col-lg-4\">\r\n            <div class=\"background-image-holder\" style=\"background-image: url('https:\/\/www.mlnr.ro\/wp-content\/uploads\/2026\/03\/image1-1-768x1024.jpeg')\">\r\n            <\/div>\r\n\r\n        <\/div>\r\n        <div class=\"col-lg-8 d-flex flex-column justify-content-start\">\r\n            <p><\/p>\r\n            <h2 class=\"banner-title\">\r\n                \u00c9ducation contre la consommation de drogues \u2013 350 participants \u00e0 la Conf\u00e9rence antidrogue \u00e0 Chi\u0219in\u0103u            <\/h2>\r\n            <p class=\"banner-description\">\r\n                Le 12 f\u00e9vrier 2026, la salle des f\u00eates de la mairie du district de R\u00ee\u0219cani \u00e0 Chi\u0219in\u0103u a accueilli la conf\u00e9rence antidrogue, organis\u00e9e en partenariat par l'association Synergy Moldova, la...            <\/p>\r\n            <a href=\"https:\/\/www.mlnr.ro\/fr\/education-contre-la-consommation-de-drogues-350-participants-a-la-conference-antidrogue-a-chisinau\/\" class=\"btn-more-link banner-button\">En savoir plus<\/a>\r\n        <\/div>\r\n    <\/div>\r\n<\/div>\r\n\r\n\r\n\r\n\r\n\r\n\r\n\n                \r\n\r\n<div>\r\n    <div class=\"row\">\r\n        <div class=\"col-lg-4\">\r\n            <div class=\"background-image-holder\" style=\"background-image: url('https:\/\/www.mlnr.ro\/wp-content\/uploads\/2026\/01\/WhatsApp-Image-2026-01-23-at-14.54.07-1024x768.jpeg')\">\r\n            <\/div>\r\n\r\n        <\/div>\r\n        <div class=\"col-lg-8 d-flex flex-column justify-content-start\">\r\n            <p><\/p>\r\n            <h2 class=\"banner-title\">\r\n                Que se passe-t-il lorsque le mot rencontre le son ?            <\/h2>\r\n            <p class=\"banner-description\">\r\n                \u00c0 l'occasion de la Journ\u00e9e nationale de la culture, le 15 janvier 2026, la po\u00e9sie et la musique se sont rencontr\u00e9es lors d'une soir\u00e9e qui nous a rapproch\u00e9s du pass\u00e9.Les...            <\/p>\r\n            <a href=\"https:\/\/www.mlnr.ro\/fr\/activitati_sociale\/que-se-passe-t-il-lorsque-le-mot-rencontre-le-son\/\" class=\"btn-more-link banner-button\">En savoir plus<\/a>\r\n        <\/div>\r\n    <\/div>\r\n<\/div>\r\n\r\n\r\n\r\n\r\n\r\n\r\n\n                \r\n\r\n<div>\r\n    <div class=\"row\">\r\n        <div class=\"col-lg-4\">\r\n            <div class=\"background-image-holder\" style=\"background-image: url('https:\/\/www.mlnr.ro\/wp-content\/uploads\/2026\/01\/WhatsApp-Image-2026-01-21-at-16.09.11-1024x768.jpeg')\">\r\n            <\/div>\r\n\r\n        <\/div>\r\n        <div class=\"col-lg-8 d-flex flex-column justify-content-start\">\r\n            <p><\/p>\r\n            <h2 class=\"banner-title\">\r\n                Gaudeamus 2025            <\/h2>\r\n            <p class=\"banner-description\">\r\n                Un nouveau chapitre : les \u00e9ditions MLNR \u00e0 Gaudeamus 2025 Certains moments ne peuvent \u00eatre d\u00e9finis uniquement comme des \u00e9v\u00e9nements, mais comme des rep\u00e8res. Ils marquent la continuit\u00e9 d'un travail...            <\/p>\r\n            <a href=\"https:\/\/www.mlnr.ro\/fr\/activitati_sociale\/gaudeamus-2025\/\" class=\"btn-more-link banner-button\">En savoir plus<\/a>\r\n        <\/div>\r\n    <\/div>\r\n<\/div>\r\n\r\n\r\n\r\n\r\n\r\n\r\n\n                \r\n\r\n<div>\r\n    <div class=\"row\">\r\n        <div class=\"col-lg-4\">\r\n            <div class=\"background-image-holder\" style=\"background-image: url('https:\/\/www.mlnr.ro\/wp-content\/uploads\/2026\/01\/Gala-Excelentei-Sibiene-\u2013-Editia-a-III-a-1-1024x768.jpeg')\">\r\n            <\/div>\r\n\r\n        <\/div>\r\n        <div class=\"col-lg-8 d-flex flex-column justify-content-start\">\r\n            <p><\/p>\r\n            <h2 class=\"banner-title\">\r\n                Gala de l&#8217;excellence de Sibiu \u2013 3e \u00e9dition            <\/h2>\r\n            <p class=\"banner-description\">\r\n                Orchestre philharmonique national de Sibiu L'excellence n'est pas un acte isol\u00e9, mais le r\u00e9sultat d'un travail de longue haleine, fond\u00e9 sur l'engagement, la responsabilit\u00e9 et la vocation. Au cours d'une...            <\/p>\r\n            <a href=\"https:\/\/www.mlnr.ro\/fr\/gala-excelenta\/gala-excelentei-sibiene-editia-a-iii-a\/\" class=\"btn-more-link banner-button\">En savoir plus<\/a>\r\n        <\/div>\r\n    <\/div>\r\n<\/div>\r\n\r\n\r\n\r\n\r\n\r\n\r\n\n                \r\n\r\n<div>\r\n    <div class=\"row\">\r\n        <div class=\"col-lg-4\">\r\n            <div class=\"background-image-holder\" style=\"background-image: url('https:\/\/www.mlnr.ro\/wp-content\/uploads\/2026\/01\/WhatsApp-Image-2026-01-21-at-16.08.24-1024x683.jpeg')\">\r\n            <\/div>\r\n\r\n        <\/div>\r\n        <div class=\"col-lg-8 d-flex flex-column justify-content-start\">\r\n            <p><\/p>\r\n            <h2 class=\"banner-title\">\r\n                Gala du centenaire de la F\u00e9d\u00e9ration roumaine d&#8217;aviron            <\/h2>\r\n            <p class=\"banner-description\">\r\n                Palais du Parlement Il y a des moments dans l'histoire d'une nation o\u00f9 l'effort individuel se transforme en rythme collectif et o\u00f9 le travail devient art. Un tel moment a...            <\/p>\r\n            <a href=\"https:\/\/www.mlnr.ro\/fr\/activitati_sociale\/gala-du-centenaire-de-la-federation-roumaine-daviron\/\" class=\"btn-more-link banner-button\">En savoir plus<\/a>\r\n        <\/div>\r\n    <\/div>\r\n<\/div>\r\n\r\n\r\n\r\n\r\n\r\n\r\n\n                \n            <\/div>\n        <\/div>\n    <\/div>\n\n\n\n\n    \n\n\n\n    <div class=\"loading-spinner d-none justify-content-center align-items-center mb-4 js-loading-spinner text-center\" >\n        <div class=\"spinner-border text-primary\" role=\"status\">\n            <span class=\"visually-hidden\">Loading...<\/span>\n        <\/div>\n    <\/div>\n    <div class=\"list-personalities-shortcode alignfull list-personalities-shortcode--noutati\">\n        <div class=\"row d-flex \">\n            \r\n<div class=\"row mt-2 mb-5 preview-post-info-row\">\r\n    <div class=\"col-lg-6 \">\r\n        <div class=\"background-image-post-preview \" style=\"background-image: url(https:\/\/www.mlnr.ro\/wp-content\/uploads\/2026\/03\/image1-1024x682.jpeg); background-size: cover; background-position: center;\" >\r\n\r\n        <\/div>\r\n    <\/div>\r\n    <div class=\"col-lg-6 d-flex align-items-center preview-post-info-container\">\r\n        <div class=\"preview-post-info\">\r\n            <p><\/p>\r\n            <h3>Nadia Com\u0103neci, mise \u00e0 l&#8217;honneur par la Grande Loge nationale de Roumanie \u2013 50 ans apr\u00e8s son premier 10<\/h3>\r\n            <p>Dans la soir\u00e9e du 12 mars 2026, le Mus\u00e9e national d'art de Roumanie a accueilli un \u00e9v\u00e9nement d\u00e9di\u00e9 \u00e0 l'excellence, organis\u00e9 par la Grande Loge nationale de Roumanie. Cet \u00e9v\u00e9nement...<\/p>\r\n            <a href=\"https:\/\/www.mlnr.ro\/fr\/activitati_sociale\/nadia-comaneci-mise-a-lhonneur-par-la-grande-loge-nationale-de-roumanie-50-ans-apres-son-premier-10\/\" class=\"btn-more-link\">En savoir plus<\/a>\r\n        <\/div>\r\n\r\n    <\/div>\r\n<\/div>\r\n\n            \r\n<div class=\"row mt-2 mb-5 preview-post-info-row\">\r\n    <div class=\"col-lg-6  order-lg-2\">\r\n        <div class=\"background-image-post-preview \" style=\"background-image: url(https:\/\/www.mlnr.ro\/wp-content\/uploads\/2026\/03\/image1-1-768x1024.jpeg); background-size: cover; background-position: center;\" >\r\n\r\n        <\/div>\r\n    <\/div>\r\n    <div class=\"col-lg-6 d-flex align-items-center preview-post-info-container\">\r\n        <div class=\"preview-post-info\">\r\n            <p><\/p>\r\n            <h3>\u00c9ducation contre la consommation de drogues \u2013 350 participants \u00e0 la Conf\u00e9rence antidrogue \u00e0 Chi\u0219in\u0103u<\/h3>\r\n            <p>Le 12 f\u00e9vrier 2026, la salle des f\u00eates de la mairie du district de R\u00ee\u0219cani \u00e0 Chi\u0219in\u0103u a accueilli la conf\u00e9rence antidrogue, organis\u00e9e en partenariat par l'association Synergy Moldova, la...<\/p>\r\n            <a href=\"https:\/\/www.mlnr.ro\/fr\/education-contre-la-consommation-de-drogues-350-participants-a-la-conference-antidrogue-a-chisinau\/\" class=\"btn-more-link\">En savoir plus<\/a>\r\n        <\/div>\r\n\r\n    <\/div>\r\n<\/div>\r\n\n            \r\n<div class=\"row mt-2 mb-5 preview-post-info-row\">\r\n    <div class=\"col-lg-6 \">\r\n        <div class=\"background-image-post-preview \" style=\"background-image: url(https:\/\/www.mlnr.ro\/wp-content\/uploads\/2026\/01\/WhatsApp-Image-2026-01-23-at-14.54.07-1024x768.jpeg); background-size: cover; background-position: center;\" >\r\n\r\n        <\/div>\r\n    <\/div>\r\n    <div class=\"col-lg-6 d-flex align-items-center preview-post-info-container\">\r\n        <div class=\"preview-post-info\">\r\n            <p><\/p>\r\n            <h3>Que se passe-t-il lorsque le mot rencontre le son ?<\/h3>\r\n            <p>\u00c0 l'occasion de la Journ\u00e9e nationale de la culture, le 15 janvier 2026, la po\u00e9sie et la musique se sont rencontr\u00e9es lors d'une soir\u00e9e qui nous a rapproch\u00e9s du pass\u00e9.Les...<\/p>\r\n            <a href=\"https:\/\/www.mlnr.ro\/fr\/activitati_sociale\/que-se-passe-t-il-lorsque-le-mot-rencontre-le-son\/\" class=\"btn-more-link\">En savoir plus<\/a>\r\n        <\/div>\r\n\r\n    <\/div>\r\n<\/div>\r\n\n            \r\n<div class=\"row mt-2 mb-5 preview-post-info-row\">\r\n    <div class=\"col-lg-6  order-lg-2\">\r\n        <div class=\"background-image-post-preview \" style=\"background-image: url(https:\/\/www.mlnr.ro\/wp-content\/uploads\/2026\/01\/WhatsApp-Image-2026-01-21-at-16.09.11-1024x768.jpeg); background-size: cover; background-position: center;\" >\r\n\r\n        <\/div>\r\n    <\/div>\r\n    <div class=\"col-lg-6 d-flex align-items-center preview-post-info-container\">\r\n        <div class=\"preview-post-info\">\r\n            <p><\/p>\r\n            <h3>Gaudeamus 2025<\/h3>\r\n            <p>Un nouveau chapitre : les \u00e9ditions MLNR \u00e0 Gaudeamus 2025 Certains moments ne peuvent \u00eatre d\u00e9finis uniquement comme des \u00e9v\u00e9nements, mais comme des rep\u00e8res. Ils marquent la continuit\u00e9 d'un travail...<\/p>\r\n            <a href=\"https:\/\/www.mlnr.ro\/fr\/activitati_sociale\/gaudeamus-2025\/\" class=\"btn-more-link\">En savoir plus<\/a>\r\n        <\/div>\r\n\r\n    <\/div>\r\n<\/div>\r\n\n            \r\n<div class=\"row mt-2 mb-5 preview-post-info-row\">\r\n    <div class=\"col-lg-6 \">\r\n        <div class=\"background-image-post-preview \" style=\"background-image: url(https:\/\/www.mlnr.ro\/wp-content\/uploads\/2026\/01\/Gala-Excelentei-Sibiene-\u2013-Editia-a-III-a-1-1024x768.jpeg); background-size: cover; background-position: center;\" >\r\n\r\n        <\/div>\r\n    <\/div>\r\n    <div class=\"col-lg-6 d-flex align-items-center preview-post-info-container\">\r\n        <div class=\"preview-post-info\">\r\n            <p><\/p>\r\n            <h3>Gala de l&#8217;excellence de Sibiu \u2013 3e \u00e9dition<\/h3>\r\n            <p>Orchestre philharmonique national de Sibiu L'excellence n'est pas un acte isol\u00e9, mais le r\u00e9sultat d'un travail de longue haleine, fond\u00e9 sur l'engagement, la responsabilit\u00e9 et la vocation. Au cours d'une...<\/p>\r\n            <a href=\"https:\/\/www.mlnr.ro\/fr\/gala-excelenta\/gala-excelentei-sibiene-editia-a-iii-a\/\" class=\"btn-more-link\">En savoir plus<\/a>\r\n        <\/div>\r\n\r\n    <\/div>\r\n<\/div>\r\n\n            \r\n<div class=\"row mt-2 mb-5 preview-post-info-row\">\r\n    <div class=\"col-lg-6  order-lg-2\">\r\n        <div class=\"background-image-post-preview \" style=\"background-image: url(https:\/\/www.mlnr.ro\/wp-content\/uploads\/2026\/01\/WhatsApp-Image-2026-01-21-at-16.08.24-1024x683.jpeg); background-size: cover; background-position: center;\" >\r\n\r\n        <\/div>\r\n    <\/div>\r\n    <div class=\"col-lg-6 d-flex align-items-center preview-post-info-container\">\r\n        <div class=\"preview-post-info\">\r\n            <p><\/p>\r\n            <h3>Gala du centenaire de la F\u00e9d\u00e9ration roumaine d&#8217;aviron<\/h3>\r\n            <p>Palais du Parlement Il y a des moments dans l'histoire d'une nation o\u00f9 l'effort individuel se transforme en rythme collectif et o\u00f9 le travail devient art. Un tel moment a...<\/p>\r\n            <a href=\"https:\/\/www.mlnr.ro\/fr\/activitati_sociale\/gala-du-centenaire-de-la-federation-roumaine-daviron\/\" class=\"btn-more-link\">En savoir plus<\/a>\r\n        <\/div>\r\n\r\n    <\/div>\r\n<\/div>\r\n\n                    <\/div>\n    <\/div>\n    <div class=\"load-more-container text-center\">\n                <button class=\"btn btn-primary js-load-more js-load-more--noutati \"\n                data-post-type=\"noutati\"\n                data-offset=\"6\"\n                data-max=\"6\"\n\n                data-category=\"\">\n            Charger plus        <\/button>\n    <\/div>\n\n\n\n\n\n\n\n    \n","protected":false},"excerpt":{"rendered":"","protected":false},"author":1,"featured_media":2677,"parent":0,"menu_order":0,"comment_status":"closed","ping_status":"closed","template":"","meta":{"_acf_changed":false,"footnotes":""},"class_list":["post-2086","page","type-page","status-publish","has-post-thumbnail","hentry","entry"],"acf":[],"yoast_head":"<!-- This site is optimized with the Yoast SEO plugin v27.0 - https:\/\/yoast.com\/product\/yoast-seo-wordpress\/ -->\n<title>Actualit\u00e9s - MLNR<\/title>\n<meta name=\"robots\" content=\"index, follow, max-snippet:-1, max-image-preview:large, max-video-preview:-1\" \/>\n<link rel=\"canonical\" href=\"https:\/\/www.mlnr.ro\/fr\/actualites\/\" \/>\n<meta property=\"og:locale\" content=\"fr_FR\" \/>\n<meta property=\"og:type\" content=\"article\" \/>\n<meta property=\"og:title\" content=\"Actualit\u00e9s - MLNR\" \/>\n<meta property=\"og:url\" content=\"https:\/\/www.mlnr.ro\/fr\/actualites\/\" \/>\n<meta property=\"og:site_name\" content=\"MLNR\" \/>\n<meta property=\"article:modified_time\" content=\"2026-01-22T18:59:57+00:00\" \/>\n<meta property=\"og:image\" content=\"https:\/\/www.mlnr.ro\/wp-content\/uploads\/2026\/01\/Istoria-FRM3-1024x453.png\" \/>\n\t<meta property=\"og:image:width\" content=\"1024\" \/>\n\t<meta property=\"og:image:height\" content=\"453\" \/>\n\t<meta property=\"og:image:type\" content=\"image\/png\" \/>\n<meta name=\"twitter:card\" content=\"summary_large_image\" \/>\n<script type=\"application\/ld+json\" class=\"yoast-schema-graph\">{\"@context\":\"https:\/\/schema.org\",\"@graph\":[{\"@type\":\"WebPage\",\"@id\":\"https:\/\/www.mlnr.ro\/fr\/actualites\/\",\"url\":\"https:\/\/www.mlnr.ro\/fr\/actualites\/\",\"name\":\"Actualit\u00e9s - MLNR\",\"isPartOf\":{\"@id\":\"https:\/\/www.mlnr.ro\/fr\/#website\"},\"primaryImageOfPage\":{\"@id\":\"https:\/\/www.mlnr.ro\/fr\/actualites\/#primaryimage\"},\"image\":{\"@id\":\"https:\/\/www.mlnr.ro\/fr\/actualites\/#primaryimage\"},\"thumbnailUrl\":\"https:\/\/www.mlnr.ro\/wp-content\/uploads\/2026\/01\/Istoria-FRM3.png\",\"datePublished\":\"2026-01-15T15:46:04+00:00\",\"dateModified\":\"2026-01-22T18:59:57+00:00\",\"breadcrumb\":{\"@id\":\"https:\/\/www.mlnr.ro\/fr\/actualites\/#breadcrumb\"},\"inLanguage\":\"fr-FR\",\"potentialAction\":[{\"@type\":\"ReadAction\",\"target\":[\"https:\/\/www.mlnr.ro\/fr\/actualites\/\"]}]},{\"@type\":\"ImageObject\",\"inLanguage\":\"fr-FR\",\"@id\":\"https:\/\/www.mlnr.ro\/fr\/actualites\/#primaryimage\",\"url\":\"https:\/\/www.mlnr.ro\/wp-content\/uploads\/2026\/01\/Istoria-FRM3.png\",\"contentUrl\":\"https:\/\/www.mlnr.ro\/wp-content\/uploads\/2026\/01\/Istoria-FRM3.png\",\"width\":1920,\"height\":850},{\"@type\":\"BreadcrumbList\",\"@id\":\"https:\/\/www.mlnr.ro\/fr\/actualites\/#breadcrumb\",\"itemListElement\":[{\"@type\":\"ListItem\",\"position\":1,\"name\":\"Prima pagin\u0103\",\"item\":\"https:\/\/www.mlnr.ro\/fr\/\"},{\"@type\":\"ListItem\",\"position\":2,\"name\":\"Actualit\u00e9s\"}]},{\"@type\":\"WebSite\",\"@id\":\"https:\/\/www.mlnr.ro\/fr\/#website\",\"url\":\"https:\/\/www.mlnr.ro\/fr\/\",\"name\":\"MLNR\",\"description\":\"\",\"publisher\":{\"@id\":\"https:\/\/www.mlnr.ro\/fr\/#organization\"},\"potentialAction\":[{\"@type\":\"SearchAction\",\"target\":{\"@type\":\"EntryPoint\",\"urlTemplate\":\"https:\/\/www.mlnr.ro\/fr\/?s={search_term_string}\"},\"query-input\":{\"@type\":\"PropertyValueSpecification\",\"valueRequired\":true,\"valueName\":\"search_term_string\"}}],\"inLanguage\":\"fr-FR\"},{\"@type\":\"Organization\",\"@id\":\"https:\/\/www.mlnr.ro\/fr\/#organization\",\"name\":\"MLNR\",\"url\":\"https:\/\/www.mlnr.ro\/fr\/\",\"logo\":{\"@type\":\"ImageObject\",\"inLanguage\":\"fr-FR\",\"@id\":\"https:\/\/www.mlnr.ro\/fr\/#\/schema\/logo\/image\/\",\"url\":\"https:\/\/www.mlnr.ro\/wp-content\/uploads\/2025\/12\/prj-edited.png\",\"contentUrl\":\"https:\/\/www.mlnr.ro\/wp-content\/uploads\/2025\/12\/prj-edited.png\",\"width\":300,\"height\":188,\"caption\":\"MLNR\"},\"image\":{\"@id\":\"https:\/\/www.mlnr.ro\/fr\/#\/schema\/logo\/image\/\"}}]}<\/script>\n<!-- \/ Yoast SEO plugin. -->","yoast_head_json":{"title":"Actualit\u00e9s - MLNR","robots":{"index":"index","follow":"follow","max-snippet":"max-snippet:-1","max-image-preview":"max-image-preview:large","max-video-preview":"max-video-preview:-1"},"canonical":"https:\/\/www.mlnr.ro\/fr\/actualites\/","og_locale":"fr_FR","og_type":"article","og_title":"Actualit\u00e9s - MLNR","og_url":"https:\/\/www.mlnr.ro\/fr\/actualites\/","og_site_name":"MLNR","article_modified_time":"2026-01-22T18:59:57+00:00","og_image":[{"width":1024,"height":453,"url":"https:\/\/www.mlnr.ro\/wp-content\/uploads\/2026\/01\/Istoria-FRM3-1024x453.png","type":"image\/png"}],"twitter_card":"summary_large_image","schema":{"@context":"https:\/\/schema.org","@graph":[{"@type":"WebPage","@id":"https:\/\/www.mlnr.ro\/fr\/actualites\/","url":"https:\/\/www.mlnr.ro\/fr\/actualites\/","name":"Actualit\u00e9s - MLNR","isPartOf":{"@id":"https:\/\/www.mlnr.ro\/fr\/#website"},"primaryImageOfPage":{"@id":"https:\/\/www.mlnr.ro\/fr\/actualites\/#primaryimage"},"image":{"@id":"https:\/\/www.mlnr.ro\/fr\/actualites\/#primaryimage"},"thumbnailUrl":"https:\/\/www.mlnr.ro\/wp-content\/uploads\/2026\/01\/Istoria-FRM3.png","datePublished":"2026-01-15T15:46:04+00:00","dateModified":"2026-01-22T18:59:57+00:00","breadcrumb":{"@id":"https:\/\/www.mlnr.ro\/fr\/actualites\/#breadcrumb"},"inLanguage":"fr-FR","potentialAction":[{"@type":"ReadAction","target":["https:\/\/www.mlnr.ro\/fr\/actualites\/"]}]},{"@type":"ImageObject","inLanguage":"fr-FR","@id":"https:\/\/www.mlnr.ro\/fr\/actualites\/#primaryimage","url":"https:\/\/www.mlnr.ro\/wp-content\/uploads\/2026\/01\/Istoria-FRM3.png","contentUrl":"https:\/\/www.mlnr.ro\/wp-content\/uploads\/2026\/01\/Istoria-FRM3.png","width":1920,"height":850},{"@type":"BreadcrumbList","@id":"https:\/\/www.mlnr.ro\/fr\/actualites\/#breadcrumb","itemListElement":[{"@type":"ListItem","position":1,"name":"Prima pagin\u0103","item":"https:\/\/www.mlnr.ro\/fr\/"},{"@type":"ListItem","position":2,"name":"Actualit\u00e9s"}]},{"@type":"WebSite","@id":"https:\/\/www.mlnr.ro\/fr\/#website","url":"https:\/\/www.mlnr.ro\/fr\/","name":"MLNR","description":"","publisher":{"@id":"https:\/\/www.mlnr.ro\/fr\/#organization"},"potentialAction":[{"@type":"SearchAction","target":{"@type":"EntryPoint","urlTemplate":"https:\/\/www.mlnr.ro\/fr\/?s={search_term_string}"},"query-input":{"@type":"PropertyValueSpecification","valueRequired":true,"valueName":"search_term_string"}}],"inLanguage":"fr-FR"},{"@type":"Organization","@id":"https:\/\/www.mlnr.ro\/fr\/#organization","name":"MLNR","url":"https:\/\/www.mlnr.ro\/fr\/","logo":{"@type":"ImageObject","inLanguage":"fr-FR","@id":"https:\/\/www.mlnr.ro\/fr\/#\/schema\/logo\/image\/","url":"https:\/\/www.mlnr.ro\/wp-content\/uploads\/2025\/12\/prj-edited.png","contentUrl":"https:\/\/www.mlnr.ro\/wp-content\/uploads\/2025\/12\/prj-edited.png","width":300,"height":188,"caption":"MLNR"},"image":{"@id":"https:\/\/www.mlnr.ro\/fr\/#\/schema\/logo\/image\/"}}]}},"_links":{"self":[{"href":"https:\/\/www.mlnr.ro\/fr\/wp-json\/wp\/v2\/pages\/2086","targetHints":{"allow":["GET"]}}],"collection":[{"href":"https:\/\/www.mlnr.ro\/fr\/wp-json\/wp\/v2\/pages"}],"about":[{"href":"https:\/\/www.mlnr.ro\/fr\/wp-json\/wp\/v2\/types\/page"}],"author":[{"embeddable":true,"href":"https:\/\/www.mlnr.ro\/fr\/wp-json\/wp\/v2\/users\/1"}],"replies":[{"embeddable":true,"href":"https:\/\/www.mlnr.ro\/fr\/wp-json\/wp\/v2\/comments?post=2086"}],"version-history":[{"count":2,"href":"https:\/\/www.mlnr.ro\/fr\/wp-json\/wp\/v2\/pages\/2086\/revisions"}],"predecessor-version":[{"id":3094,"href":"https:\/\/www.mlnr.ro\/fr\/wp-json\/wp\/v2\/pages\/2086\/revisions\/3094"}],"wp:featuredmedia":[{"embeddable":true,"href":"https:\/\/www.mlnr.ro\/fr\/wp-json\/wp\/v2\/media\/2677"}],"wp:attachment":[{"href":"https:\/\/www.mlnr.ro\/fr\/wp-json\/wp\/v2\/media?parent=2086"}],"curies":[{"name":"wp","href":"https:\/\/api.w.org\/{rel}","templated":true}]}}