{"id":1685,"date":"2026-01-15T16:37:57","date_gmt":"2026-01-15T14:37:57","guid":{"rendered":"https:mlnr.ro\/cose-la-massoneria\/"},"modified":"2026-01-23T18:32:01","modified_gmt":"2026-01-23T16:32:01","slug":"cose-la-massoneria","status":"publish","type":"page","link":"https:\/\/www.mlnr.ro\/it\/cose-la-massoneria\/","title":{"rendered":"Cos&#8217;\u00e8 la Massoneria"},"content":{"rendered":"\n<p>La Massoneria regolare, nella sua accezione moderna, rappresenta una struttura formata da uomini, organizzati in una Gran Loggia, con valori comuni, con vocazione universale \u2013 fede in Dio, indipendentemente dalla religione, rispetto delle leggi del paese, uguaglianza dei diritti, amore per la patria e la famiglia, carit\u00e0 e rispetto reciproco verso le persone \u2013 che si educano allo scopo della conoscenza di s\u00e9, dello sviluppo spirituale, per la costruzione di una societ\u00e0 educata, orientata verso l&#8217;umanit\u00e0.<\/p>\n\n<p>Con una componente non omogenea, l&#8217;officina lavora, tuttavia, per un progetto comune, secondo principi che vengono dall&#8217;antichit\u00e0, con posizioni e attribuzioni chiare e specifiche, unanimemente conosciute e rispettate da tutti i membri, secondo un algoritmo che contiene elementi di organizzazione utilizzati per costruzioni epocali, a partire dal Tempio di Salomone, concretizzati in rituali.<\/p>\n\n<p>La Massoneria istruisce i suoi membri attraverso l&#8217;ammissione graduale a gradi iniziatici, ognuno con i propri insegnamenti, simboli e messaggi, che presuppongono la conoscenza sempre pi\u00f9 approfondita delle Leggi dell&#8217;Universo e della lotta per la Verit\u00e0 al servizio della societ\u00e0 umana.<\/p>\n\n<p>L&#8217;educazione continua, la giustizia, la verit\u00e0, la conoscenza e la lotta al vizio, ma anche la promozione della virt\u00f9, sono altrettanti elementi definitori della costruzione del Tempio interiore del Massone, che, una volta acquisiti, ha l&#8217;obbligo di promuovere nella societ\u00e0, per la costruzione di un mondo migliore e resiliente.<\/p>\n\n<p>L&#8217;universalit\u00e0 della catena massonica conferisce all&#8217;iniziato la massima apertura per la conoscenza e la relazione diretta con adepti provenienti da quasi ogni punto del globo, uniti da ideali e scopi comuni. Per un massone, la libert\u00e0 di pensiero, di espressione e di azione appartiene all&#8217;intera umanit\u00e0: indipendentemente da razza, religione o sesso. <\/p>\n\n<p>L&#8217;apertura verso la societ\u00e0, l&#8217;offerta al bisognoso del frutto del tuo lavoro, in modo discreto e senza bisogno di riconoscenza, lo stimolo e il sostegno dei giovani con talenti reali, il riconoscimento dell&#8217;eccellenza e la promozione di coloro che l&#8217;hanno raggiunta, la promozione della cultura attraverso l&#8217;organizzazione di manifestazioni e presentazioni di libri, l&#8217;organizzazione di conferenze in cui personalit\u00e0 del settore interessato condividono la loro visione su problematiche attuali della societ\u00e0, sono altrettante manifestazioni ed eventi volti a offrire i valori spirituali e materiali dei membri dell&#8217;ordine massonico.<\/p>\n\n<p>La nostra missione \u00e8 costruire, educare e perfezionare continuamente la nostra personalit\u00e0 e offrire all&#8217;Universo tutto ci\u00f2 che abbiamo di meglio da questa costruzione.<\/p>\n\n<figure class=\"wp-block-image\"><img decoding=\"async\" src=\"https:\/\/web.mlnr.xyz\/wp-content\/uploads\/2021\/06\/CE-ESTE-FRANCMASONERIA.jpg\" alt=\"\" class=\"wp-image-62\"\/><\/figure>\n\n<p><\/p>\n","protected":false},"excerpt":{"rendered":"<p>La Massoneria regolare, nella sua accezione moderna, rappresenta una struttura formata da uomini, organizzati in una Gran Loggia, con valori comuni, con vocazione universale \u2013 fede in Dio, indipendentemente dalla religione, rispetto delle leggi del paese, uguaglianza dei diritti, amore per la patria e la famiglia, carit\u00e0 e rispetto reciproco verso le persone \u2013 che&hellip; <a class=\"more-link\" href=\"https:\/\/www.mlnr.ro\/it\/cose-la-massoneria\/\">Continue reading <span class=\"screen-reader-text\">Cos&#8217;\u00e8 la Massoneria<\/span><\/a><\/p>\n","protected":false},"author":1,"featured_media":1403,"parent":0,"menu_order":0,"comment_status":"closed","ping_status":"closed","template":"","meta":{"_acf_changed":false,"footnotes":""},"class_list":["post-1685","page","type-page","status-publish","has-post-thumbnail","hentry","entry"],"acf":[],"yoast_head":"<!-- This site is optimized with the Yoast SEO plugin v27.0 - https:\/\/yoast.com\/product\/yoast-seo-wordpress\/ -->\n<title>Cos&#039;\u00e8 la Massoneria - MLNR<\/title>\n<meta name=\"robots\" content=\"index, follow, max-snippet:-1, max-image-preview:large, max-video-preview:-1\" \/>\n<link rel=\"canonical\" href=\"https:\/\/www.mlnr.ro\/it\/cose-la-massoneria\/\" \/>\n<meta property=\"og:locale\" content=\"it_IT\" \/>\n<meta property=\"og:type\" content=\"article\" \/>\n<meta property=\"og:title\" content=\"Cos&#039;\u00e8 la Massoneria - MLNR\" \/>\n<meta property=\"og:description\" content=\"La Massoneria regolare, nella sua accezione moderna, rappresenta una struttura formata da uomini, organizzati in una Gran Loggia, con valori comuni, con vocazione universale \u2013 fede in Dio, indipendentemente dalla religione, rispetto delle leggi del paese, uguaglianza dei diritti, amore per la patria e la famiglia, carit\u00e0 e rispetto reciproco verso le persone \u2013 che&hellip; Continue reading Cos&#8217;\u00e8 la Massoneria\" \/>\n<meta property=\"og:url\" content=\"https:\/\/www.mlnr.ro\/it\/cose-la-massoneria\/\" \/>\n<meta property=\"og:site_name\" content=\"MLNR\" \/>\n<meta property=\"article:modified_time\" content=\"2026-01-23T16:32:01+00:00\" \/>\n<meta property=\"og:image\" content=\"https:\/\/www.mlnr.ro\/wp-content\/uploads\/2026\/01\/bibleandkompasss.jpg\" \/>\n\t<meta property=\"og:image:width\" content=\"800\" \/>\n\t<meta property=\"og:image:height\" content=\"531\" \/>\n\t<meta property=\"og:image:type\" content=\"image\/jpeg\" \/>\n<meta name=\"twitter:card\" content=\"summary_large_image\" \/>\n<meta name=\"twitter:label1\" content=\"Tempo di lettura stimato\" \/>\n\t<meta name=\"twitter:data1\" content=\"2 minutes\" \/>\n<script type=\"application\/ld+json\" class=\"yoast-schema-graph\">{\"@context\":\"https:\/\/schema.org\",\"@graph\":[{\"@type\":\"WebPage\",\"@id\":\"https:\/\/www.mlnr.ro\/it\/cose-la-massoneria\/\",\"url\":\"https:\/\/www.mlnr.ro\/it\/cose-la-massoneria\/\",\"name\":\"Cos'\u00e8 la Massoneria - MLNR\",\"isPartOf\":{\"@id\":\"https:\/\/www.mlnr.ro\/it\/#website\"},\"primaryImageOfPage\":{\"@id\":\"https:\/\/www.mlnr.ro\/it\/cose-la-massoneria\/#primaryimage\"},\"image\":{\"@id\":\"https:\/\/www.mlnr.ro\/it\/cose-la-massoneria\/#primaryimage\"},\"thumbnailUrl\":\"https:\/\/www.mlnr.ro\/wp-content\/uploads\/2026\/01\/bibleandkompasss.jpg\",\"datePublished\":\"2026-01-15T14:37:57+00:00\",\"dateModified\":\"2026-01-23T16:32:01+00:00\",\"breadcrumb\":{\"@id\":\"https:\/\/www.mlnr.ro\/it\/cose-la-massoneria\/#breadcrumb\"},\"inLanguage\":\"it-IT\",\"potentialAction\":[{\"@type\":\"ReadAction\",\"target\":[\"https:\/\/www.mlnr.ro\/it\/cose-la-massoneria\/\"]}]},{\"@type\":\"ImageObject\",\"inLanguage\":\"it-IT\",\"@id\":\"https:\/\/www.mlnr.ro\/it\/cose-la-massoneria\/#primaryimage\",\"url\":\"https:\/\/www.mlnr.ro\/wp-content\/uploads\/2026\/01\/bibleandkompasss.jpg\",\"contentUrl\":\"https:\/\/www.mlnr.ro\/wp-content\/uploads\/2026\/01\/bibleandkompasss.jpg\",\"width\":800,\"height\":531},{\"@type\":\"BreadcrumbList\",\"@id\":\"https:\/\/www.mlnr.ro\/it\/cose-la-massoneria\/#breadcrumb\",\"itemListElement\":[{\"@type\":\"ListItem\",\"position\":1,\"name\":\"Prima pagin\u0103\",\"item\":\"https:\/\/www.mlnr.ro\/it\/\"},{\"@type\":\"ListItem\",\"position\":2,\"name\":\"Cos&#8217;\u00e8 la Massoneria\"}]},{\"@type\":\"WebSite\",\"@id\":\"https:\/\/www.mlnr.ro\/it\/#website\",\"url\":\"https:\/\/www.mlnr.ro\/it\/\",\"name\":\"MLNR\",\"description\":\"\",\"publisher\":{\"@id\":\"https:\/\/www.mlnr.ro\/it\/#organization\"},\"potentialAction\":[{\"@type\":\"SearchAction\",\"target\":{\"@type\":\"EntryPoint\",\"urlTemplate\":\"https:\/\/www.mlnr.ro\/it\/?s={search_term_string}\"},\"query-input\":{\"@type\":\"PropertyValueSpecification\",\"valueRequired\":true,\"valueName\":\"search_term_string\"}}],\"inLanguage\":\"it-IT\"},{\"@type\":\"Organization\",\"@id\":\"https:\/\/www.mlnr.ro\/it\/#organization\",\"name\":\"MLNR\",\"url\":\"https:\/\/www.mlnr.ro\/it\/\",\"logo\":{\"@type\":\"ImageObject\",\"inLanguage\":\"it-IT\",\"@id\":\"https:\/\/www.mlnr.ro\/it\/#\/schema\/logo\/image\/\",\"url\":\"https:\/\/www.mlnr.ro\/wp-content\/uploads\/2025\/12\/prj-edited.png\",\"contentUrl\":\"https:\/\/www.mlnr.ro\/wp-content\/uploads\/2025\/12\/prj-edited.png\",\"width\":300,\"height\":188,\"caption\":\"MLNR\"},\"image\":{\"@id\":\"https:\/\/www.mlnr.ro\/it\/#\/schema\/logo\/image\/\"}}]}<\/script>\n<!-- \/ Yoast SEO plugin. -->","yoast_head_json":{"title":"Cos'\u00e8 la Massoneria - MLNR","robots":{"index":"index","follow":"follow","max-snippet":"max-snippet:-1","max-image-preview":"max-image-preview:large","max-video-preview":"max-video-preview:-1"},"canonical":"https:\/\/www.mlnr.ro\/it\/cose-la-massoneria\/","og_locale":"it_IT","og_type":"article","og_title":"Cos'\u00e8 la Massoneria - MLNR","og_description":"La Massoneria regolare, nella sua accezione moderna, rappresenta una struttura formata da uomini, organizzati in una Gran Loggia, con valori comuni, con vocazione universale \u2013 fede in Dio, indipendentemente dalla religione, rispetto delle leggi del paese, uguaglianza dei diritti, amore per la patria e la famiglia, carit\u00e0 e rispetto reciproco verso le persone \u2013 che&hellip; Continue reading Cos&#8217;\u00e8 la Massoneria","og_url":"https:\/\/www.mlnr.ro\/it\/cose-la-massoneria\/","og_site_name":"MLNR","article_modified_time":"2026-01-23T16:32:01+00:00","og_image":[{"width":800,"height":531,"url":"https:\/\/www.mlnr.ro\/wp-content\/uploads\/2026\/01\/bibleandkompasss.jpg","type":"image\/jpeg"}],"twitter_card":"summary_large_image","twitter_misc":{"Tempo di lettura stimato":"2 minutes"},"schema":{"@context":"https:\/\/schema.org","@graph":[{"@type":"WebPage","@id":"https:\/\/www.mlnr.ro\/it\/cose-la-massoneria\/","url":"https:\/\/www.mlnr.ro\/it\/cose-la-massoneria\/","name":"Cos'\u00e8 la Massoneria - MLNR","isPartOf":{"@id":"https:\/\/www.mlnr.ro\/it\/#website"},"primaryImageOfPage":{"@id":"https:\/\/www.mlnr.ro\/it\/cose-la-massoneria\/#primaryimage"},"image":{"@id":"https:\/\/www.mlnr.ro\/it\/cose-la-massoneria\/#primaryimage"},"thumbnailUrl":"https:\/\/www.mlnr.ro\/wp-content\/uploads\/2026\/01\/bibleandkompasss.jpg","datePublished":"2026-01-15T14:37:57+00:00","dateModified":"2026-01-23T16:32:01+00:00","breadcrumb":{"@id":"https:\/\/www.mlnr.ro\/it\/cose-la-massoneria\/#breadcrumb"},"inLanguage":"it-IT","potentialAction":[{"@type":"ReadAction","target":["https:\/\/www.mlnr.ro\/it\/cose-la-massoneria\/"]}]},{"@type":"ImageObject","inLanguage":"it-IT","@id":"https:\/\/www.mlnr.ro\/it\/cose-la-massoneria\/#primaryimage","url":"https:\/\/www.mlnr.ro\/wp-content\/uploads\/2026\/01\/bibleandkompasss.jpg","contentUrl":"https:\/\/www.mlnr.ro\/wp-content\/uploads\/2026\/01\/bibleandkompasss.jpg","width":800,"height":531},{"@type":"BreadcrumbList","@id":"https:\/\/www.mlnr.ro\/it\/cose-la-massoneria\/#breadcrumb","itemListElement":[{"@type":"ListItem","position":1,"name":"Prima pagin\u0103","item":"https:\/\/www.mlnr.ro\/it\/"},{"@type":"ListItem","position":2,"name":"Cos&#8217;\u00e8 la Massoneria"}]},{"@type":"WebSite","@id":"https:\/\/www.mlnr.ro\/it\/#website","url":"https:\/\/www.mlnr.ro\/it\/","name":"MLNR","description":"","publisher":{"@id":"https:\/\/www.mlnr.ro\/it\/#organization"},"potentialAction":[{"@type":"SearchAction","target":{"@type":"EntryPoint","urlTemplate":"https:\/\/www.mlnr.ro\/it\/?s={search_term_string}"},"query-input":{"@type":"PropertyValueSpecification","valueRequired":true,"valueName":"search_term_string"}}],"inLanguage":"it-IT"},{"@type":"Organization","@id":"https:\/\/www.mlnr.ro\/it\/#organization","name":"MLNR","url":"https:\/\/www.mlnr.ro\/it\/","logo":{"@type":"ImageObject","inLanguage":"it-IT","@id":"https:\/\/www.mlnr.ro\/it\/#\/schema\/logo\/image\/","url":"https:\/\/www.mlnr.ro\/wp-content\/uploads\/2025\/12\/prj-edited.png","contentUrl":"https:\/\/www.mlnr.ro\/wp-content\/uploads\/2025\/12\/prj-edited.png","width":300,"height":188,"caption":"MLNR"},"image":{"@id":"https:\/\/www.mlnr.ro\/it\/#\/schema\/logo\/image\/"}}]}},"_links":{"self":[{"href":"https:\/\/www.mlnr.ro\/it\/wp-json\/wp\/v2\/pages\/1685","targetHints":{"allow":["GET"]}}],"collection":[{"href":"https:\/\/www.mlnr.ro\/it\/wp-json\/wp\/v2\/pages"}],"about":[{"href":"https:\/\/www.mlnr.ro\/it\/wp-json\/wp\/v2\/types\/page"}],"author":[{"embeddable":true,"href":"https:\/\/www.mlnr.ro\/it\/wp-json\/wp\/v2\/users\/1"}],"replies":[{"embeddable":true,"href":"https:\/\/www.mlnr.ro\/it\/wp-json\/wp\/v2\/comments?post=1685"}],"version-history":[{"count":2,"href":"https:\/\/www.mlnr.ro\/it\/wp-json\/wp\/v2\/pages\/1685\/revisions"}],"predecessor-version":[{"id":3430,"href":"https:\/\/www.mlnr.ro\/it\/wp-json\/wp\/v2\/pages\/1685\/revisions\/3430"}],"wp:featuredmedia":[{"embeddable":true,"href":"https:\/\/www.mlnr.ro\/it\/wp-json\/wp\/v2\/media\/1403"}],"wp:attachment":[{"href":"https:\/\/www.mlnr.ro\/it\/wp-json\/wp\/v2\/media?parent=1685"}],"curies":[{"name":"wp","href":"https:\/\/api.w.org\/{rel}","templated":true}]}}