{"id":1704,"date":"2026-01-15T16:51:22","date_gmt":"2026-01-15T14:51:22","guid":{"rendered":"https:mlnr.ro\/informazioni-sulla-mlnr\/"},"modified":"2026-02-18T16:16:13","modified_gmt":"2026-02-18T14:16:13","slug":"informazioni-sulla-mlnr","status":"publish","type":"page","link":"https:\/\/www.mlnr.ro\/it\/informazioni-sulla-mlnr\/","title":{"rendered":"Informazioni sulla MLNR"},"content":{"rendered":"\n<p>La Massoneria \u00e8 una delle pi\u00f9 antiche societ\u00e0 fraterne. Le righe che seguono spiegano come viene praticata la Massoneria dalla Grande Loggia Nazionale di Romania (MLNR), Grande Loggia che amministra tutte le Logge regolari sul territorio rumeno, e mirano a chiarire, in buona fede, alcune idee preconcette sulla Massoneria. <\/p>\n\n<p>La massoneria non pu\u00f2 essere definita in poche frasi. Viene spesso descritta come un sistema allegorico di moralit\u00e0, illustrato attraverso simboli. Al di l\u00e0 di questa dimensione, la massoneria \u00e8 anche un&#8217;istituzione organizzata, con regole chiare, principi e costumi tramandati e conservati con cura nel corso dei secoli.  <\/p>\n\n<p>Coltivando tra i propri membri la responsabilit\u00e0, la moralit\u00e0 e la verit\u00e0, la Massoneria incoraggia i Massoni ad applicare nella vita quotidiana le lezioni apprese durante i rituali allegorici.<\/p>\n\n<h2 class=\"wp-block-heading\" id=\"introducere1\">Riconoscimento e regolarit\u00e0<\/h2>\n\n<p>La MLNR \u00e8 una Grande Loggia regolare, la cui attivit\u00e0 si svolge in conformit\u00e0 con i principi e le consuetudini tradizionali della Massoneria Regolare Universale. A livello internazionale, la MLNR \u00e8 riconosciuta dalla United Grand Lodge of England (UGLE) e da numerose Grandi Logge regolari in tutto il mondo, sulla base dei criteri di regolarit\u00e0 accettati a livello universale. <\/p>\n\n<h2 class=\"wp-block-heading\" id=\"introducere2\">Condizione essenziale per l&#8217;ammissione all&#8217;Ordine<\/h2>\n\n<p>Il requisito fondamentale per poter essere ammessi nell&#8217;Ordine \u00e8 la fede nella Divinit\u00e0 \u2013 genericamente denominata Grande Architetto dell&#8217;Universo \u2013 e la fede nell&#8217;immortalit\u00e0 dell&#8217;anima.<\/p>\n\n<p>L&#8217;ordine \u00e8 aperto agli uomini che hanno compiuto 21 anni, di qualsiasi razza o religione, di buona reputazione e che soddisfano il requisito di ammissione sopra menzionato.<\/p>\n\n<h2 class=\"wp-block-heading\" id=\"introducere3\">La massoneria e la religione<\/h2>\n\n<p>La massoneria non \u00e8 una religione n\u00e9 un sostituto della religione. Si rivolge ai praticanti di qualsiasi religione, che hanno piena libert\u00e0, dopo l&#8217;ingresso nell&#8217;Ordine, di seguire la propria fede senza ostacoli. <\/p>\n\n<p>Allo stesso tempo, all&#8217;interno delle Logge Massoniche, ai membri della Confraternita \u00e8 vietato \u2013 sotto pena di irregolarit\u00e0 massonica \u2013 discutere o impegnarsi in dispute su temi religiosi.<\/p>\n\n<h2 class=\"wp-block-heading\" id=\"introducere4\">I tre grandi principi della Massoneria<\/h2>\n\n<p>Fin dalle sue origini, la Massoneria segue con coerenza tre principi fondamentali: amore fraterno, mutuo soccorso e verit\u00e0.<\/p>\n\n<p>L&#8217;amore fraterno significa tolleranza e rispetto per le opinioni degli altri e un comportamento caratterizzato da gentilezza e comprensione verso ogni essere umano.<\/p>\n\n<p>L&#8217;aiuto reciproco \u00e8 una virt\u00f9 praticata non solo nei confronti della famiglia, ma anche della comunit\u00e0 in cui viviamo, attraverso sforzi individuali concreti. Il destino degli orfani, dei sofferenti e degli anziani \u00e8 stato, fin dai tempi pi\u00f9 antichi, una preoccupazione costante dei membri dell&#8217;Ordine. <\/p>\n\n<p>Per i massoni, la verit\u00e0 rappresenta la pietra di paragone della loro formazione e deve prevalere in ogni circostanza.<\/p>\n\n<p>I massoni credono fermamente che mettere in pratica questi principi sia la strada da seguire per raggiungere i pi\u00f9 alti standard comportamentali di ogni essere umano.<\/p>\n\n<h2 class=\"wp-block-heading\" id=\"introducere5\">La massoneria e la societ\u00e0<\/h2>\n\n<p>La massoneria richiede a ciascun membro di rispettare rigorosamente le leggi del Paese in cui opera e di non partecipare ad alcuna azione che possa compromettere la sovranit\u00e0 o il benessere del proprio popolo o del Paese in cui risiede temporaneamente, pena l&#8217;espulsione dall&#8217;Ordine.<\/p>\n\n<p>I principi della Massoneria non sono in conflitto con i doveri civici dei membri dell&#8217;Ordine; al contrario, la Confraternita richiede a ciascun membro di adempiere fedelmente ai propri doveri civici.<\/p>\n\n<h2 class=\"wp-block-heading\" id=\"introducere6\">Discrezione e \u201csegretezza\u201d<\/h2>\n\n<p>La massoneria non \u00e8 una societ\u00e0 segreta, in quanto ogni Grande Loggia Regolare \u00e8 un&#8217;istituzione legalmente costituita, ufficialmente riconosciuta e che opera in conformit\u00e0 con la legislazione di ciascun paese.<\/p>\n\n<p>La massoneria \u00e8 una societ\u00e0 discreta, non segreta. Gli unici \u201csegreti\u201d riguardano i rituali e i modi tradizionali di riconoscimento tra i Fratelli. I principi, i simboli, le consuetudini e gli scopi dell&#8217;Ordine sono pubblici; e il fatto che alcune questioni interne non siano rese pubbliche rientra nella normalit\u00e0 di qualsiasi associazione che tratta con discrezione i propri affari interni.  <\/p>\n\n<p>Lo statuto della Gran Loggia Nazionale di Romania \u00e8 pubblico, essendo registrato presso il Registro Nazionale delle Persone Giuridiche Senza Scopo di Lucro, e la Gran Loggia Nazionale di Romania \u00e8 riconosciuta dal Governo rumeno come Associazione di Utilit\u00e0 Pubblica.<\/p>\n\n<h2 class=\"wp-block-heading\" id=\"introducere7\">La massoneria e la politica<\/h2>\n\n<p>Nel rispetto delle opzioni politiche dei propri membri, la Massoneria vieta la discussione e l&#8217;adozione di risoluzioni nelle Logge su questioni politiche, pena l&#8217;irregolarit\u00e0 e l&#8217;espulsione dall&#8217;Ordine. Inoltre, nelle Logge non sono consentite discussioni relative a interessi economici. <\/p>\n\n<h2 class=\"wp-block-heading\" id=\"introducere8\">Altre organizzazioni che si dichiarano massoniche<\/h2>\n\n<p>La Massoneria Regolare Universale \u00e8 praticata da numerose Grandi Logge indipendenti, che rispettano la condizione fondamentale per l&#8217;ammissione all&#8217;Ordine \u2013 la fede nell&#8217;Essere Supremo e nell&#8217;immortalit\u00e0 dell&#8217;anima \u2013 nonch\u00e9 le consuetudini della Fratellanza note come Landmark.<\/p>\n\n<p>Esistono tuttavia Grandi Logge e altri organismi che si dichiarano massonici ma non richiedono ai propri membri di credere nell&#8217;Essere Supremo e consentono loro di discutere e adottare risoluzioni su temi politici all&#8217;interno delle Logge. Queste strutture (spesso chiamate anche Grandi Orienti), cos\u00ec come le organizzazioni che si dichiarano massoniche, non sono riconosciute come regolari dalla Gran Loggia Unita d&#8217;Inghilterra e, implicitamente, nemmeno dall&#8217;intera Massoneria Universale Regolare. <\/p>\n\n<h2 class=\"wp-block-heading\" id=\"introducere9\">Conclusione<\/h2>\n\n<p>Il massone deve, innanzitutto, servire con devozione e lealt\u00e0 il proprio Paese e compiere il proprio dovere nei confronti del Creatore Supremo, indipendentemente dal nome con cui \u00e8 conosciuto, secondo la propria fede.<\/p>\n\n<p>Si pu\u00f2 anche affermare senza esitazione che le idee sopra esposte non appartengono esclusivamente alla Massoneria, ma possono essere accettate da persone di buona fede che hanno a cuore il futuro del mondo.<\/p>\n","protected":false},"excerpt":{"rendered":"<p>La Massoneria \u00e8 una delle pi\u00f9 antiche societ\u00e0 fraterne. Le righe che seguono spiegano come viene praticata la Massoneria dalla Grande Loggia Nazionale di Romania (MLNR), Grande Loggia che amministra tutte le Logge regolari sul territorio rumeno, e mirano a chiarire, in buona fede, alcune idee preconcette sulla Massoneria. La massoneria non pu\u00f2 essere definita&hellip; <a class=\"more-link\" href=\"https:\/\/www.mlnr.ro\/it\/informazioni-sulla-mlnr\/\">Continue reading <span class=\"screen-reader-text\">Informazioni sulla MLNR<\/span><\/a><\/p>\n","protected":false},"author":1,"featured_media":2653,"parent":0,"menu_order":0,"comment_status":"closed","ping_status":"closed","template":"","meta":{"_acf_changed":false,"footnotes":""},"class_list":["post-1704","page","type-page","status-publish","has-post-thumbnail","hentry","entry"],"acf":[],"yoast_head":"<!-- This site is optimized with the Yoast SEO plugin v27.0 - https:\/\/yoast.com\/product\/yoast-seo-wordpress\/ -->\n<title>Informazioni sulla MLNR - MLNR<\/title>\n<meta name=\"robots\" content=\"index, follow, max-snippet:-1, max-image-preview:large, max-video-preview:-1\" \/>\n<link rel=\"canonical\" href=\"https:\/\/www.mlnr.ro\/it\/informazioni-sulla-mlnr\/\" \/>\n<meta property=\"og:locale\" content=\"it_IT\" \/>\n<meta property=\"og:type\" content=\"article\" \/>\n<meta property=\"og:title\" content=\"Informazioni sulla MLNR - MLNR\" \/>\n<meta property=\"og:description\" content=\"La Massoneria \u00e8 una delle pi\u00f9 antiche societ\u00e0 fraterne. Le righe che seguono spiegano come viene praticata la Massoneria dalla Grande Loggia Nazionale di Romania (MLNR), Grande Loggia che amministra tutte le Logge regolari sul territorio rumeno, e mirano a chiarire, in buona fede, alcune idee preconcette sulla Massoneria. La massoneria non pu\u00f2 essere definita&hellip; Continue reading Informazioni sulla MLNR\" \/>\n<meta property=\"og:url\" content=\"https:\/\/www.mlnr.ro\/it\/informazioni-sulla-mlnr\/\" \/>\n<meta property=\"og:site_name\" content=\"MLNR\" \/>\n<meta property=\"article:modified_time\" content=\"2026-02-18T14:16:13+00:00\" \/>\n<meta property=\"og:image\" content=\"https:\/\/www.mlnr.ro\/wp-content\/uploads\/2026\/01\/Despre-MLNR2-1024x453.png\" \/>\n\t<meta property=\"og:image:width\" content=\"1024\" \/>\n\t<meta property=\"og:image:height\" content=\"453\" \/>\n\t<meta property=\"og:image:type\" content=\"image\/png\" \/>\n<meta name=\"twitter:card\" content=\"summary_large_image\" \/>\n<meta name=\"twitter:label1\" content=\"Tempo di lettura stimato\" \/>\n\t<meta name=\"twitter:data1\" content=\"4 minutes\" \/>\n<script type=\"application\/ld+json\" class=\"yoast-schema-graph\">{\"@context\":\"https:\/\/schema.org\",\"@graph\":[{\"@type\":\"WebPage\",\"@id\":\"https:\/\/www.mlnr.ro\/it\/informazioni-sulla-mlnr\/\",\"url\":\"https:\/\/www.mlnr.ro\/it\/informazioni-sulla-mlnr\/\",\"name\":\"Informazioni sulla MLNR - MLNR\",\"isPartOf\":{\"@id\":\"https:\/\/www.mlnr.ro\/it\/#website\"},\"primaryImageOfPage\":{\"@id\":\"https:\/\/www.mlnr.ro\/it\/informazioni-sulla-mlnr\/#primaryimage\"},\"image\":{\"@id\":\"https:\/\/www.mlnr.ro\/it\/informazioni-sulla-mlnr\/#primaryimage\"},\"thumbnailUrl\":\"https:\/\/www.mlnr.ro\/wp-content\/uploads\/2026\/01\/Despre-MLNR2.png\",\"datePublished\":\"2026-01-15T14:51:22+00:00\",\"dateModified\":\"2026-02-18T14:16:13+00:00\",\"breadcrumb\":{\"@id\":\"https:\/\/www.mlnr.ro\/it\/informazioni-sulla-mlnr\/#breadcrumb\"},\"inLanguage\":\"it-IT\",\"potentialAction\":[{\"@type\":\"ReadAction\",\"target\":[\"https:\/\/www.mlnr.ro\/it\/informazioni-sulla-mlnr\/\"]}]},{\"@type\":\"ImageObject\",\"inLanguage\":\"it-IT\",\"@id\":\"https:\/\/www.mlnr.ro\/it\/informazioni-sulla-mlnr\/#primaryimage\",\"url\":\"https:\/\/www.mlnr.ro\/wp-content\/uploads\/2026\/01\/Despre-MLNR2.png\",\"contentUrl\":\"https:\/\/www.mlnr.ro\/wp-content\/uploads\/2026\/01\/Despre-MLNR2.png\",\"width\":1920,\"height\":850},{\"@type\":\"BreadcrumbList\",\"@id\":\"https:\/\/www.mlnr.ro\/it\/informazioni-sulla-mlnr\/#breadcrumb\",\"itemListElement\":[{\"@type\":\"ListItem\",\"position\":1,\"name\":\"Prima pagin\u0103\",\"item\":\"https:\/\/www.mlnr.ro\/it\/\"},{\"@type\":\"ListItem\",\"position\":2,\"name\":\"Informazioni sulla MLNR\"}]},{\"@type\":\"WebSite\",\"@id\":\"https:\/\/www.mlnr.ro\/it\/#website\",\"url\":\"https:\/\/www.mlnr.ro\/it\/\",\"name\":\"MLNR\",\"description\":\"\",\"publisher\":{\"@id\":\"https:\/\/www.mlnr.ro\/it\/#organization\"},\"potentialAction\":[{\"@type\":\"SearchAction\",\"target\":{\"@type\":\"EntryPoint\",\"urlTemplate\":\"https:\/\/www.mlnr.ro\/it\/?s={search_term_string}\"},\"query-input\":{\"@type\":\"PropertyValueSpecification\",\"valueRequired\":true,\"valueName\":\"search_term_string\"}}],\"inLanguage\":\"it-IT\"},{\"@type\":\"Organization\",\"@id\":\"https:\/\/www.mlnr.ro\/it\/#organization\",\"name\":\"MLNR\",\"url\":\"https:\/\/www.mlnr.ro\/it\/\",\"logo\":{\"@type\":\"ImageObject\",\"inLanguage\":\"it-IT\",\"@id\":\"https:\/\/www.mlnr.ro\/it\/#\/schema\/logo\/image\/\",\"url\":\"https:\/\/www.mlnr.ro\/wp-content\/uploads\/2025\/12\/prj-edited.png\",\"contentUrl\":\"https:\/\/www.mlnr.ro\/wp-content\/uploads\/2025\/12\/prj-edited.png\",\"width\":300,\"height\":188,\"caption\":\"MLNR\"},\"image\":{\"@id\":\"https:\/\/www.mlnr.ro\/it\/#\/schema\/logo\/image\/\"}}]}<\/script>\n<!-- \/ Yoast SEO plugin. -->","yoast_head_json":{"title":"Informazioni sulla MLNR - MLNR","robots":{"index":"index","follow":"follow","max-snippet":"max-snippet:-1","max-image-preview":"max-image-preview:large","max-video-preview":"max-video-preview:-1"},"canonical":"https:\/\/www.mlnr.ro\/it\/informazioni-sulla-mlnr\/","og_locale":"it_IT","og_type":"article","og_title":"Informazioni sulla MLNR - MLNR","og_description":"La Massoneria \u00e8 una delle pi\u00f9 antiche societ\u00e0 fraterne. Le righe che seguono spiegano come viene praticata la Massoneria dalla Grande Loggia Nazionale di Romania (MLNR), Grande Loggia che amministra tutte le Logge regolari sul territorio rumeno, e mirano a chiarire, in buona fede, alcune idee preconcette sulla Massoneria. La massoneria non pu\u00f2 essere definita&hellip; Continue reading Informazioni sulla MLNR","og_url":"https:\/\/www.mlnr.ro\/it\/informazioni-sulla-mlnr\/","og_site_name":"MLNR","article_modified_time":"2026-02-18T14:16:13+00:00","og_image":[{"width":1024,"height":453,"url":"https:\/\/www.mlnr.ro\/wp-content\/uploads\/2026\/01\/Despre-MLNR2-1024x453.png","type":"image\/png"}],"twitter_card":"summary_large_image","twitter_misc":{"Tempo di lettura stimato":"4 minutes"},"schema":{"@context":"https:\/\/schema.org","@graph":[{"@type":"WebPage","@id":"https:\/\/www.mlnr.ro\/it\/informazioni-sulla-mlnr\/","url":"https:\/\/www.mlnr.ro\/it\/informazioni-sulla-mlnr\/","name":"Informazioni sulla MLNR - MLNR","isPartOf":{"@id":"https:\/\/www.mlnr.ro\/it\/#website"},"primaryImageOfPage":{"@id":"https:\/\/www.mlnr.ro\/it\/informazioni-sulla-mlnr\/#primaryimage"},"image":{"@id":"https:\/\/www.mlnr.ro\/it\/informazioni-sulla-mlnr\/#primaryimage"},"thumbnailUrl":"https:\/\/www.mlnr.ro\/wp-content\/uploads\/2026\/01\/Despre-MLNR2.png","datePublished":"2026-01-15T14:51:22+00:00","dateModified":"2026-02-18T14:16:13+00:00","breadcrumb":{"@id":"https:\/\/www.mlnr.ro\/it\/informazioni-sulla-mlnr\/#breadcrumb"},"inLanguage":"it-IT","potentialAction":[{"@type":"ReadAction","target":["https:\/\/www.mlnr.ro\/it\/informazioni-sulla-mlnr\/"]}]},{"@type":"ImageObject","inLanguage":"it-IT","@id":"https:\/\/www.mlnr.ro\/it\/informazioni-sulla-mlnr\/#primaryimage","url":"https:\/\/www.mlnr.ro\/wp-content\/uploads\/2026\/01\/Despre-MLNR2.png","contentUrl":"https:\/\/www.mlnr.ro\/wp-content\/uploads\/2026\/01\/Despre-MLNR2.png","width":1920,"height":850},{"@type":"BreadcrumbList","@id":"https:\/\/www.mlnr.ro\/it\/informazioni-sulla-mlnr\/#breadcrumb","itemListElement":[{"@type":"ListItem","position":1,"name":"Prima pagin\u0103","item":"https:\/\/www.mlnr.ro\/it\/"},{"@type":"ListItem","position":2,"name":"Informazioni sulla MLNR"}]},{"@type":"WebSite","@id":"https:\/\/www.mlnr.ro\/it\/#website","url":"https:\/\/www.mlnr.ro\/it\/","name":"MLNR","description":"","publisher":{"@id":"https:\/\/www.mlnr.ro\/it\/#organization"},"potentialAction":[{"@type":"SearchAction","target":{"@type":"EntryPoint","urlTemplate":"https:\/\/www.mlnr.ro\/it\/?s={search_term_string}"},"query-input":{"@type":"PropertyValueSpecification","valueRequired":true,"valueName":"search_term_string"}}],"inLanguage":"it-IT"},{"@type":"Organization","@id":"https:\/\/www.mlnr.ro\/it\/#organization","name":"MLNR","url":"https:\/\/www.mlnr.ro\/it\/","logo":{"@type":"ImageObject","inLanguage":"it-IT","@id":"https:\/\/www.mlnr.ro\/it\/#\/schema\/logo\/image\/","url":"https:\/\/www.mlnr.ro\/wp-content\/uploads\/2025\/12\/prj-edited.png","contentUrl":"https:\/\/www.mlnr.ro\/wp-content\/uploads\/2025\/12\/prj-edited.png","width":300,"height":188,"caption":"MLNR"},"image":{"@id":"https:\/\/www.mlnr.ro\/it\/#\/schema\/logo\/image\/"}}]}},"_links":{"self":[{"href":"https:\/\/www.mlnr.ro\/it\/wp-json\/wp\/v2\/pages\/1704","targetHints":{"allow":["GET"]}}],"collection":[{"href":"https:\/\/www.mlnr.ro\/it\/wp-json\/wp\/v2\/pages"}],"about":[{"href":"https:\/\/www.mlnr.ro\/it\/wp-json\/wp\/v2\/types\/page"}],"author":[{"embeddable":true,"href":"https:\/\/www.mlnr.ro\/it\/wp-json\/wp\/v2\/users\/1"}],"replies":[{"embeddable":true,"href":"https:\/\/www.mlnr.ro\/it\/wp-json\/wp\/v2\/comments?post=1704"}],"version-history":[{"count":4,"href":"https:\/\/www.mlnr.ro\/it\/wp-json\/wp\/v2\/pages\/1704\/revisions"}],"predecessor-version":[{"id":3912,"href":"https:\/\/www.mlnr.ro\/it\/wp-json\/wp\/v2\/pages\/1704\/revisions\/3912"}],"wp:featuredmedia":[{"embeddable":true,"href":"https:\/\/www.mlnr.ro\/it\/wp-json\/wp\/v2\/media\/2653"}],"wp:attachment":[{"href":"https:\/\/www.mlnr.ro\/it\/wp-json\/wp\/v2\/media?parent=1704"}],"curies":[{"name":"wp","href":"https:\/\/api.w.org\/{rel}","templated":true}]}}