{"id":1992,"date":"2026-01-15T17:00:57","date_gmt":"2026-01-15T15:00:57","guid":{"rendered":"https:mlnr.ro\/gale-di-eccellenza\/"},"modified":"2026-01-20T14:49:38","modified_gmt":"2026-01-20T12:49:38","slug":"gale-di-eccellenza","status":"publish","type":"page","link":"https:\/\/www.mlnr.ro\/it\/gale-di-eccellenza\/","title":{"rendered":"Gale di Eccellenza"},"content":{"rendered":"\n    <div class=\"container  container-header-line-only\" style=\"position: relative\">\n        <h2 class=\"header-line\">Le ultime cerimonie di premiazione per l'eccellenza<\/h2>\n        <div class=\"container slick-vertical-slider-container\" style=\"padding-top: 10px\">\n            <div class=\"slick-vertical-slider\">\n                \r\n\r\n<div>\r\n    <div class=\"row\">\r\n        <div class=\"col-lg-4\">\r\n            <div class=\"background-image-holder\" style=\"background-image: url('https:\/\/www.mlnr.ro\/wp-content\/uploads\/2026\/01\/Gala-Excelentei-Sibiene-\u2013-Editia-a-III-a-1-1024x768.jpeg')\">\r\n            <\/div>\r\n\r\n        <\/div>\r\n        <div class=\"col-lg-8 d-flex flex-column justify-content-start\">\r\n            <p><\/p>\r\n            <h2 class=\"banner-title\">\r\n                Gala dell&#8217;Eccellenza di Sibiu \u2013 Terza edizione            <\/h2>\r\n            <p class=\"banner-description\">\r\n                Filarmonica di Stato di Sibiu L'eccellenza non \u00e8 un atto isolato, ma il risultato di un percorso intrapreso nel tempo, attraverso il lavoro, la responsabilit\u00e0 e la vocazione. In una...            <\/p>\r\n            <a href=\"https:\/\/www.mlnr.ro\/it\/gala-excelenta\/gala-excelentei-sibiene-editia-a-iii-a\/\" class=\"btn-more-link banner-button\">Scopri di pi\u00f9<\/a>\r\n        <\/div>\r\n    <\/div>\r\n<\/div>\r\n\r\n\r\n\r\n\r\n\r\n\r\n\n                \r\n\r\n<div>\r\n    <div class=\"row\">\r\n        <div class=\"col-lg-4\">\r\n            <div class=\"background-image-holder\" style=\"background-image: url('https:\/\/www.mlnr.ro\/wp-content\/uploads\/2026\/01\/WhatsApp-Image-2026-01-21-at-15.59.59-1024x768.jpeg')\">\r\n            <\/div>\r\n\r\n        <\/div>\r\n        <div class=\"col-lg-8 d-flex flex-column justify-content-start\">\r\n            <p><\/p>\r\n            <h2 class=\"banner-title\">\r\n                Gala delle \u00e9lite di Cluj 2025 \u2013 Un impegno fermo per il futuro della Romania            <\/h2>\r\n            <p class=\"banner-description\">\r\n                Quando i punti di riferimento si offuscano, l'eccellenza diventa un atto di coraggio In un'epoca di rapidi cambiamenti, in cui i punti di riferimento morali e intellettuali sembrano spesso indeboliti,...            <\/p>\r\n            <a href=\"https:\/\/www.mlnr.ro\/it\/gala-excelenta\/gala-elitelor-clujene-2025-un-angajament-ferm-pentru-viitorul-romaniei\/\" class=\"btn-more-link banner-button\">Scopri di pi\u00f9<\/a>\r\n        <\/div>\r\n    <\/div>\r\n<\/div>\r\n\r\n\r\n\r\n\r\n\r\n\r\n\n                \r\n\r\n<div>\r\n    <div class=\"row\">\r\n        <div class=\"col-lg-4\">\r\n            <div class=\"background-image-holder\" style=\"background-image: url('https:\/\/www.mlnr.ro\/wp-content\/uploads\/2026\/01\/WhatsApp-Image-2026-01-21-at-16.11.24-1024x473.jpeg')\">\r\n            <\/div>\r\n\r\n        <\/div>\r\n        <div class=\"col-lg-8 d-flex flex-column justify-content-start\">\r\n            <p><\/p>\r\n            <h2 class=\"banner-title\">\r\n                Gala dell&#8217;Eccellenza dell&#8217;Arge\u0219            <\/h2>\r\n            <p class=\"banner-description\">\r\n                Filarmonica Pite\u0219tiIl futuro si costruisce attraverso il valore Ci sono momenti in cui una comunit\u00e0 si ferma per guardare avanti. Il 15 novembre 2025, la Filarmonica di Pite\u0219ti ha ospitato...            <\/p>\r\n            <a href=\"https:\/\/www.mlnr.ro\/it\/gala-excelenta\/gala-excelentei-argesene\/\" class=\"btn-more-link banner-button\">Scopri di pi\u00f9<\/a>\r\n        <\/div>\r\n    <\/div>\r\n<\/div>\r\n\r\n\r\n\r\n\r\n\r\n\r\n\n                \r\n\r\n<div>\r\n    <div class=\"row\">\r\n        <div class=\"col-lg-4\">\r\n            <div class=\"background-image-holder\" style=\"background-image: url('https:\/\/www.mlnr.ro\/wp-content\/uploads\/2025\/10\/WhatsApp-Image-2026-01-19-at-17.17.28-1024x682.jpeg')\">\r\n            <\/div>\r\n\r\n        <\/div>\r\n        <div class=\"col-lg-8 d-flex flex-column justify-content-start\">\r\n            <p><\/p>\r\n            <h2 class=\"banner-title\">\r\n                Gala dell&#8217;Eccellenza di Hunedoara \u2013 IX edizione            <\/h2>\r\n            <p class=\"banner-description\">\r\n                Centro culturale \u201cCorviniana\u201d, HunedoaraQuando i giovani eccellono, il futuro prende forma In segno di riconoscimento per i risultati ottenuti nel campo dell'istruzione e della cultura, anche quest'anno la Gran Loggia...            <\/p>\r\n            <a href=\"https:\/\/www.mlnr.ro\/it\/gala-excelenta\/gala-de-excelenta-hunedoara-10-10-2025\/\" class=\"btn-more-link banner-button\">Scopri di pi\u00f9<\/a>\r\n        <\/div>\r\n    <\/div>\r\n<\/div>\r\n\r\n\r\n\r\n\r\n\r\n\r\n\n                \r\n\r\n<div>\r\n    <div class=\"row\">\r\n        <div class=\"col-lg-4\">\r\n            <div class=\"background-image-holder\" style=\"background-image: url('https:\/\/www.mlnr.ro\/wp-content\/uploads\/2026\/01\/Gala-Excelentei-in-Educatie-Valcea-editia-a-IV-a-2025-3-1024x701.jpeg')\">\r\n            <\/div>\r\n\r\n        <\/div>\r\n        <div class=\"col-lg-8 d-flex flex-column justify-content-start\">\r\n            <p><\/p>\r\n            <h2 class=\"banner-title\">\r\n                Gala dell&#8217;Eccellenza nell&#8217;Istruzione \u2013 V\u00e2lcea, quarta edizione (2025)            <\/h2>\r\n            <p class=\"banner-description\">\r\n                Il 19 settembre 2025, la citt\u00e0 di R\u00e2mnicu V\u00e2lcea ha ospitato la quarta edizione del Gala dell'Eccellenza nell'Istruzione - V\u00e2lcea, un evento dedicato al riconoscimento del rendimento, del carattere e...            <\/p>\r\n            <a href=\"https:\/\/www.mlnr.ro\/it\/gala-excelenta\/gala-excelentei-in-educatie-valcea-editia-a-iv-a-2025\/\" class=\"btn-more-link banner-button\">Scopri di pi\u00f9<\/a>\r\n        <\/div>\r\n    <\/div>\r\n<\/div>\r\n\r\n\r\n\r\n\r\n\r\n\r\n\n                \r\n\r\n<div>\r\n    <div class=\"row\">\r\n        <div class=\"col-lg-4\">\r\n            <div class=\"background-image-holder\" style=\"background-image: url('https:\/\/www.mlnr.ro\/wp-content\/uploads\/2026\/01\/WhatsApp-Image-2026-01-21-at-16.10.14-1024x785.jpeg')\">\r\n            <\/div>\r\n\r\n        <\/div>\r\n        <div class=\"col-lg-8 d-flex flex-column justify-content-start\">\r\n            <p><\/p>\r\n            <h2 class=\"banner-title\">\r\n                Gala dell&#8217;Eccellenza della Dobrugia            <\/h2>\r\n            <p class=\"banner-description\">\r\n                CostanzaQuando il valore viene riconosciuto, il futuro acquista una direzione Ci sono luoghi che non sono semplici scenografie, ma testimoni della storia. Il 13 settembre 2025, sotto il simbolico portico...            <\/p>\r\n            <a href=\"https:\/\/www.mlnr.ro\/it\/gala-excelenta\/gala-excelentei-dobrogene\/\" class=\"btn-more-link banner-button\">Scopri di pi\u00f9<\/a>\r\n        <\/div>\r\n    <\/div>\r\n<\/div>\r\n\r\n\r\n\r\n\r\n\r\n\r\n\n                \n            <\/div>\n        <\/div>\n    <\/div>\n\n\n\n\n    \n\n\n        <div class=\"align-items-start d-flex\">\n            <select name=\"blog_filter\" class=\"js-blog-filter select-filter\" >\n                <option value=\"\">Tutto<\/option>\n                                        <option value=\"83\">\n                            Gala dell&#039;Eccellenza dell&#039;Arge\u0219                        <\/option>\n                                                <option value=\"98\">\n                            Gala dell&#039;Eccellenza dell&#039;Oltenia                        <\/option>\n                                                <option value=\"85\">\n                            Gala dell&#039;Eccellenza della Banata                        <\/option>\n                                                <option value=\"90\">\n                            Gala dell&#039;Eccellenza della Dobrugia                        <\/option>\n                                                <option value=\"102\">\n                            Gala dell&#039;Eccellenza di Arad                        <\/option>\n                                                <option value=\"93\">\n                            Gala dell&#039;Eccellenza di Hunedoara                        <\/option>\n                                                <option value=\"109\">\n                            Gala dell&#039;Eccellenza nell&#039;Istruzione V\u00e2lcea                        <\/option>\n                                                <option value=\"106\">\n                            Gala dell&#039;Eccellenza Sibiana                        <\/option>\n                                                <option value=\"77\">\n                            Gala delle \u00e9lite di Cluj                        <\/option>\n                                    <\/select>\n            <button class=\"btn-filter js-blog-filter-button \"\n                    data-post-type=\"gala_excelenta\"\n                    data-offset=\"0\"\n                    data-max=\"4\"\n\n                    data-category=\"\"\n            >Filtra<\/button>\n        <\/div>\n        \n    <div class=\"loading-spinner d-none justify-content-center align-items-center mb-4 js-loading-spinner text-center\" >\n        <div class=\"spinner-border text-primary\" role=\"status\">\n            <span class=\"visually-hidden\">Loading...<\/span>\n        <\/div>\n    <\/div>\n    <div class=\"list-personalities-shortcode alignfull list-personalities-shortcode--gala_excelenta\">\n        <div class=\"row d-flex \">\n            \r\n<div class=\"row mt-2 mb-5 preview-post-info-row\">\r\n    <div class=\"col-lg-6 \">\r\n        <div class=\"background-image-post-preview \" style=\"background-image: url(https:\/\/www.mlnr.ro\/wp-content\/uploads\/2026\/01\/Gala-Excelentei-Sibiene-\u2013-Editia-a-III-a-1-1024x768.jpeg); background-size: cover; background-position: center;\" >\r\n\r\n        <\/div>\r\n    <\/div>\r\n    <div class=\"col-lg-6 d-flex align-items-center preview-post-info-container\">\r\n        <div class=\"preview-post-info\">\r\n            <p><\/p>\r\n            <h3>Gala dell&#8217;Eccellenza di Sibiu \u2013 Terza edizione<\/h3>\r\n            <p>Filarmonica di Stato di Sibiu L'eccellenza non \u00e8 un atto isolato, ma il risultato di un percorso intrapreso nel tempo, attraverso il lavoro, la responsabilit\u00e0 e la vocazione. In una...<\/p>\r\n            <a href=\"https:\/\/www.mlnr.ro\/it\/gala-excelenta\/gala-excelentei-sibiene-editia-a-iii-a\/\" class=\"btn-more-link\">Scopri di pi\u00f9<\/a>\r\n        <\/div>\r\n\r\n    <\/div>\r\n<\/div>\r\n\n            \r\n<div class=\"row mt-2 mb-5 preview-post-info-row\">\r\n    <div class=\"col-lg-6  order-lg-2\">\r\n        <div class=\"background-image-post-preview \" style=\"background-image: url(https:\/\/www.mlnr.ro\/wp-content\/uploads\/2026\/01\/WhatsApp-Image-2026-01-21-at-15.59.59-1024x768.jpeg); background-size: cover; background-position: center;\" >\r\n\r\n        <\/div>\r\n    <\/div>\r\n    <div class=\"col-lg-6 d-flex align-items-center preview-post-info-container\">\r\n        <div class=\"preview-post-info\">\r\n            <p><\/p>\r\n            <h3>Gala delle \u00e9lite di Cluj 2025 \u2013 Un impegno fermo per il futuro della Romania<\/h3>\r\n            <p>Quando i punti di riferimento si offuscano, l'eccellenza diventa un atto di coraggio In un'epoca di rapidi cambiamenti, in cui i punti di riferimento morali e intellettuali sembrano spesso indeboliti,...<\/p>\r\n            <a href=\"https:\/\/www.mlnr.ro\/it\/gala-excelenta\/gala-elitelor-clujene-2025-un-angajament-ferm-pentru-viitorul-romaniei\/\" class=\"btn-more-link\">Scopri di pi\u00f9<\/a>\r\n        <\/div>\r\n\r\n    <\/div>\r\n<\/div>\r\n\n            \r\n<div class=\"row mt-2 mb-5 preview-post-info-row\">\r\n    <div class=\"col-lg-6 \">\r\n        <div class=\"background-image-post-preview \" style=\"background-image: url(https:\/\/www.mlnr.ro\/wp-content\/uploads\/2026\/01\/WhatsApp-Image-2026-01-21-at-16.11.24-1024x473.jpeg); background-size: cover; background-position: center;\" >\r\n\r\n        <\/div>\r\n    <\/div>\r\n    <div class=\"col-lg-6 d-flex align-items-center preview-post-info-container\">\r\n        <div class=\"preview-post-info\">\r\n            <p><\/p>\r\n            <h3>Gala dell&#8217;Eccellenza dell&#8217;Arge\u0219<\/h3>\r\n            <p>Filarmonica Pite\u0219tiIl futuro si costruisce attraverso il valore Ci sono momenti in cui una comunit\u00e0 si ferma per guardare avanti. Il 15 novembre 2025, la Filarmonica di Pite\u0219ti ha ospitato...<\/p>\r\n            <a href=\"https:\/\/www.mlnr.ro\/it\/gala-excelenta\/gala-excelentei-argesene\/\" class=\"btn-more-link\">Scopri di pi\u00f9<\/a>\r\n        <\/div>\r\n\r\n    <\/div>\r\n<\/div>\r\n\n            \r\n<div class=\"row mt-2 mb-5 preview-post-info-row\">\r\n    <div class=\"col-lg-6  order-lg-2\">\r\n        <div class=\"background-image-post-preview \" style=\"background-image: url(https:\/\/www.mlnr.ro\/wp-content\/uploads\/2025\/10\/WhatsApp-Image-2026-01-19-at-17.17.28-1024x682.jpeg); background-size: cover; background-position: center;\" >\r\n\r\n        <\/div>\r\n    <\/div>\r\n    <div class=\"col-lg-6 d-flex align-items-center preview-post-info-container\">\r\n        <div class=\"preview-post-info\">\r\n            <p><\/p>\r\n            <h3>Gala dell&#8217;Eccellenza di Hunedoara \u2013 IX edizione<\/h3>\r\n            <p>Centro culturale \u201cCorviniana\u201d, HunedoaraQuando i giovani eccellono, il futuro prende forma In segno di riconoscimento per i risultati ottenuti nel campo dell'istruzione e della cultura, anche quest'anno la Gran Loggia...<\/p>\r\n            <a href=\"https:\/\/www.mlnr.ro\/it\/gala-excelenta\/gala-de-excelenta-hunedoara-10-10-2025\/\" class=\"btn-more-link\">Scopri di pi\u00f9<\/a>\r\n        <\/div>\r\n\r\n    <\/div>\r\n<\/div>\r\n\n                    <\/div>\n    <\/div>\n    <div class=\"load-more-container text-center\">\n                <button class=\"btn btn-primary js-load-more-2 js-load-more--gala_excelenta \"\n                data-post-type=\"gala_excelenta\"\n                data-offset=\"4\"\n                data-max=\"4\"\n\n                data-category=\"\">\n            Carica altro        <\/button>\n    <\/div>\n\n\n\n\n\n\n\n    \n","protected":false},"excerpt":{"rendered":"","protected":false},"author":1,"featured_media":1434,"parent":0,"menu_order":0,"comment_status":"closed","ping_status":"closed","template":"","meta":{"_acf_changed":false,"footnotes":""},"class_list":["post-1992","page","type-page","status-publish","has-post-thumbnail","hentry","entry"],"acf":[],"yoast_head":"<!-- This site is optimized with the Yoast SEO plugin v27.0 - https:\/\/yoast.com\/product\/yoast-seo-wordpress\/ -->\n<title>Gale di Eccellenza - MLNR<\/title>\n<meta name=\"robots\" content=\"index, follow, max-snippet:-1, max-image-preview:large, max-video-preview:-1\" \/>\n<link rel=\"canonical\" href=\"https:\/\/www.mlnr.ro\/it\/gale-di-eccellenza\/\" \/>\n<meta property=\"og:locale\" content=\"it_IT\" \/>\n<meta property=\"og:type\" content=\"article\" \/>\n<meta property=\"og:title\" content=\"Gale di Eccellenza - MLNR\" \/>\n<meta property=\"og:url\" content=\"https:\/\/www.mlnr.ro\/it\/gale-di-eccellenza\/\" \/>\n<meta property=\"og:site_name\" content=\"MLNR\" \/>\n<meta property=\"article:modified_time\" content=\"2026-01-20T12:49:38+00:00\" \/>\n<meta property=\"og:image\" content=\"https:\/\/www.mlnr.ro\/wp-content\/uploads\/2026\/01\/DSC03419-Enhanced-NR-1024x768.png\" \/>\n\t<meta property=\"og:image:width\" content=\"1024\" \/>\n\t<meta property=\"og:image:height\" content=\"768\" \/>\n\t<meta property=\"og:image:type\" content=\"image\/png\" \/>\n<meta name=\"twitter:card\" content=\"summary_large_image\" \/>\n<script type=\"application\/ld+json\" class=\"yoast-schema-graph\">{\"@context\":\"https:\/\/schema.org\",\"@graph\":[{\"@type\":\"WebPage\",\"@id\":\"https:\/\/www.mlnr.ro\/it\/gale-di-eccellenza\/\",\"url\":\"https:\/\/www.mlnr.ro\/it\/gale-di-eccellenza\/\",\"name\":\"Gale di Eccellenza - MLNR\",\"isPartOf\":{\"@id\":\"https:\/\/www.mlnr.ro\/it\/#website\"},\"primaryImageOfPage\":{\"@id\":\"https:\/\/www.mlnr.ro\/it\/gale-di-eccellenza\/#primaryimage\"},\"image\":{\"@id\":\"https:\/\/www.mlnr.ro\/it\/gale-di-eccellenza\/#primaryimage\"},\"thumbnailUrl\":\"https:\/\/www.mlnr.ro\/wp-content\/uploads\/2026\/01\/DSC03419-Enhanced-NR-scaled.png\",\"datePublished\":\"2026-01-15T15:00:57+00:00\",\"dateModified\":\"2026-01-20T12:49:38+00:00\",\"breadcrumb\":{\"@id\":\"https:\/\/www.mlnr.ro\/it\/gale-di-eccellenza\/#breadcrumb\"},\"inLanguage\":\"it-IT\",\"potentialAction\":[{\"@type\":\"ReadAction\",\"target\":[\"https:\/\/www.mlnr.ro\/it\/gale-di-eccellenza\/\"]}]},{\"@type\":\"ImageObject\",\"inLanguage\":\"it-IT\",\"@id\":\"https:\/\/www.mlnr.ro\/it\/gale-di-eccellenza\/#primaryimage\",\"url\":\"https:\/\/www.mlnr.ro\/wp-content\/uploads\/2026\/01\/DSC03419-Enhanced-NR-scaled.png\",\"contentUrl\":\"https:\/\/www.mlnr.ro\/wp-content\/uploads\/2026\/01\/DSC03419-Enhanced-NR-scaled.png\",\"width\":2560,\"height\":1920},{\"@type\":\"BreadcrumbList\",\"@id\":\"https:\/\/www.mlnr.ro\/it\/gale-di-eccellenza\/#breadcrumb\",\"itemListElement\":[{\"@type\":\"ListItem\",\"position\":1,\"name\":\"Prima pagin\u0103\",\"item\":\"https:\/\/www.mlnr.ro\/it\/\"},{\"@type\":\"ListItem\",\"position\":2,\"name\":\"Gale di Eccellenza\"}]},{\"@type\":\"WebSite\",\"@id\":\"https:\/\/www.mlnr.ro\/it\/#website\",\"url\":\"https:\/\/www.mlnr.ro\/it\/\",\"name\":\"MLNR\",\"description\":\"\",\"publisher\":{\"@id\":\"https:\/\/www.mlnr.ro\/it\/#organization\"},\"potentialAction\":[{\"@type\":\"SearchAction\",\"target\":{\"@type\":\"EntryPoint\",\"urlTemplate\":\"https:\/\/www.mlnr.ro\/it\/?s={search_term_string}\"},\"query-input\":{\"@type\":\"PropertyValueSpecification\",\"valueRequired\":true,\"valueName\":\"search_term_string\"}}],\"inLanguage\":\"it-IT\"},{\"@type\":\"Organization\",\"@id\":\"https:\/\/www.mlnr.ro\/it\/#organization\",\"name\":\"MLNR\",\"url\":\"https:\/\/www.mlnr.ro\/it\/\",\"logo\":{\"@type\":\"ImageObject\",\"inLanguage\":\"it-IT\",\"@id\":\"https:\/\/www.mlnr.ro\/it\/#\/schema\/logo\/image\/\",\"url\":\"https:\/\/www.mlnr.ro\/wp-content\/uploads\/2025\/12\/prj-edited.png\",\"contentUrl\":\"https:\/\/www.mlnr.ro\/wp-content\/uploads\/2025\/12\/prj-edited.png\",\"width\":300,\"height\":188,\"caption\":\"MLNR\"},\"image\":{\"@id\":\"https:\/\/www.mlnr.ro\/it\/#\/schema\/logo\/image\/\"}}]}<\/script>\n<!-- \/ Yoast SEO plugin. -->","yoast_head_json":{"title":"Gale di Eccellenza - MLNR","robots":{"index":"index","follow":"follow","max-snippet":"max-snippet:-1","max-image-preview":"max-image-preview:large","max-video-preview":"max-video-preview:-1"},"canonical":"https:\/\/www.mlnr.ro\/it\/gale-di-eccellenza\/","og_locale":"it_IT","og_type":"article","og_title":"Gale di Eccellenza - MLNR","og_url":"https:\/\/www.mlnr.ro\/it\/gale-di-eccellenza\/","og_site_name":"MLNR","article_modified_time":"2026-01-20T12:49:38+00:00","og_image":[{"width":1024,"height":768,"url":"https:\/\/www.mlnr.ro\/wp-content\/uploads\/2026\/01\/DSC03419-Enhanced-NR-1024x768.png","type":"image\/png"}],"twitter_card":"summary_large_image","schema":{"@context":"https:\/\/schema.org","@graph":[{"@type":"WebPage","@id":"https:\/\/www.mlnr.ro\/it\/gale-di-eccellenza\/","url":"https:\/\/www.mlnr.ro\/it\/gale-di-eccellenza\/","name":"Gale di Eccellenza - MLNR","isPartOf":{"@id":"https:\/\/www.mlnr.ro\/it\/#website"},"primaryImageOfPage":{"@id":"https:\/\/www.mlnr.ro\/it\/gale-di-eccellenza\/#primaryimage"},"image":{"@id":"https:\/\/www.mlnr.ro\/it\/gale-di-eccellenza\/#primaryimage"},"thumbnailUrl":"https:\/\/www.mlnr.ro\/wp-content\/uploads\/2026\/01\/DSC03419-Enhanced-NR-scaled.png","datePublished":"2026-01-15T15:00:57+00:00","dateModified":"2026-01-20T12:49:38+00:00","breadcrumb":{"@id":"https:\/\/www.mlnr.ro\/it\/gale-di-eccellenza\/#breadcrumb"},"inLanguage":"it-IT","potentialAction":[{"@type":"ReadAction","target":["https:\/\/www.mlnr.ro\/it\/gale-di-eccellenza\/"]}]},{"@type":"ImageObject","inLanguage":"it-IT","@id":"https:\/\/www.mlnr.ro\/it\/gale-di-eccellenza\/#primaryimage","url":"https:\/\/www.mlnr.ro\/wp-content\/uploads\/2026\/01\/DSC03419-Enhanced-NR-scaled.png","contentUrl":"https:\/\/www.mlnr.ro\/wp-content\/uploads\/2026\/01\/DSC03419-Enhanced-NR-scaled.png","width":2560,"height":1920},{"@type":"BreadcrumbList","@id":"https:\/\/www.mlnr.ro\/it\/gale-di-eccellenza\/#breadcrumb","itemListElement":[{"@type":"ListItem","position":1,"name":"Prima pagin\u0103","item":"https:\/\/www.mlnr.ro\/it\/"},{"@type":"ListItem","position":2,"name":"Gale di Eccellenza"}]},{"@type":"WebSite","@id":"https:\/\/www.mlnr.ro\/it\/#website","url":"https:\/\/www.mlnr.ro\/it\/","name":"MLNR","description":"","publisher":{"@id":"https:\/\/www.mlnr.ro\/it\/#organization"},"potentialAction":[{"@type":"SearchAction","target":{"@type":"EntryPoint","urlTemplate":"https:\/\/www.mlnr.ro\/it\/?s={search_term_string}"},"query-input":{"@type":"PropertyValueSpecification","valueRequired":true,"valueName":"search_term_string"}}],"inLanguage":"it-IT"},{"@type":"Organization","@id":"https:\/\/www.mlnr.ro\/it\/#organization","name":"MLNR","url":"https:\/\/www.mlnr.ro\/it\/","logo":{"@type":"ImageObject","inLanguage":"it-IT","@id":"https:\/\/www.mlnr.ro\/it\/#\/schema\/logo\/image\/","url":"https:\/\/www.mlnr.ro\/wp-content\/uploads\/2025\/12\/prj-edited.png","contentUrl":"https:\/\/www.mlnr.ro\/wp-content\/uploads\/2025\/12\/prj-edited.png","width":300,"height":188,"caption":"MLNR"},"image":{"@id":"https:\/\/www.mlnr.ro\/it\/#\/schema\/logo\/image\/"}}]}},"_links":{"self":[{"href":"https:\/\/www.mlnr.ro\/it\/wp-json\/wp\/v2\/pages\/1992","targetHints":{"allow":["GET"]}}],"collection":[{"href":"https:\/\/www.mlnr.ro\/it\/wp-json\/wp\/v2\/pages"}],"about":[{"href":"https:\/\/www.mlnr.ro\/it\/wp-json\/wp\/v2\/types\/page"}],"author":[{"embeddable":true,"href":"https:\/\/www.mlnr.ro\/it\/wp-json\/wp\/v2\/users\/1"}],"replies":[{"embeddable":true,"href":"https:\/\/www.mlnr.ro\/it\/wp-json\/wp\/v2\/comments?post=1992"}],"version-history":[{"count":2,"href":"https:\/\/www.mlnr.ro\/it\/wp-json\/wp\/v2\/pages\/1992\/revisions"}],"predecessor-version":[{"id":2667,"href":"https:\/\/www.mlnr.ro\/it\/wp-json\/wp\/v2\/pages\/1992\/revisions\/2667"}],"wp:featuredmedia":[{"embeddable":true,"href":"https:\/\/www.mlnr.ro\/it\/wp-json\/wp\/v2\/media\/1434"}],"wp:attachment":[{"href":"https:\/\/www.mlnr.ro\/it\/wp-json\/wp\/v2\/media?parent=1992"}],"curies":[{"name":"wp","href":"https:\/\/api.w.org\/{rel}","templated":true}]}}