{"id":2001,"date":"2026-01-15T17:11:02","date_gmt":"2026-01-15T15:11:02","guid":{"rendered":"https:mlnr.ro\/gala-dei-premi-della-gran-loggia\/"},"modified":"2026-03-06T13:30:45","modified_gmt":"2026-03-06T11:30:45","slug":"gala-dei-premi-della-gran-loggia","status":"publish","type":"page","link":"https:\/\/www.mlnr.ro\/it\/gala-dei-premi-della-gran-loggia\/","title":{"rendered":"Gala dei Premi della Gran Loggia"},"content":{"rendered":"\n<p class=\"background-text-main-inline\">MLNR in collaborazione con la Societ\u00e0 Civile<\/p>\n\n<p>Il GALA PREMIILOR MLNR \u00e8 organizzato in collaborazione con l&#8217;Accademia Romena, il Ministero dell&#8217;Istruzione, il Ministero della Cultura e l&#8217;Universit\u00e0 Babe\u0219 Bolyai di Cluj Napoca, l&#8217;Universit\u00e0 di Bucarest, l&#8217;ASE, l&#8217;Universit\u00e0 di Medicina Carol Davila di Bucarest, l&#8217;Universit\u00e0 Alexandru Ioan Cuza di Ia\u0219i, l&#8217;Universit\u00e0 di Vest di Timi\u0219oara, SNSPA, Universit\u00e0 Nazionale delle Arti Constantin Br\u00e2ncu\u0219i di Bucarest, Universit\u00e0 delle Arti George Enescu di Ia\u0219i, Universit\u00e0 Transilvania di Bra\u0219ov, Universit\u00e0 Lucian Blaga di Sibiu, Universit\u00e0 di Craiova.<\/p>\n\n<h3 class=\"wp-block-heading background-text-main-inline\">Missione<\/h3>\n\n<p><strong>La Gala dei Premi MLNR si propone di promuovere e premiare lo spirito creativo, innovativo e inventivo del popolo rumeno in settori vitali per il nostro destino collettivo.<\/strong><\/p>\n\n<p>La Gala dei Premi MLNR mira a stimolare e sviluppare la conoscenza in ogni campo di ricerca, comprese le scienze socio-umanistiche, sia attraverso la ricerca fondamentale, sia attraverso ricerche avanzate per lo sviluppo di problemi complessi, attraverso l&#8217;acquisizione di nuove conoscenze su fenomeni e processi, la formulazione e la convalida di ipotesi originali, modelli concettuali e teorie.<\/p>\n\n<p>La Gala dei Premi MLNR ha come obiettivo la promozione di ricerche originali e l&#8217;aumento della capacit\u00e0 di ricerca, con implicazioni favorevoli sulla competitivit\u00e0 internazionale della ricerca rumena.<\/p>\n\n<h3 class=\"wp-block-heading background-text-main-inline\">7 premi ogni anno<\/h3>\n\n<p>Ogni anno, il 21 giugno, la MLNR assegna, nel corso di una cerimonia organizzata presso l&#8217;Ateneo Rumeno, 7 premi da 10.000 euro ciascuno, per i seguenti settori di riferimento:<\/p>\n\n<ol class=\"wp-block-list\">\n<li>Premio Grigore Moisil per le Scienze Esatte;<\/li>\n\n\n\n<li>Premio Henri Coand\u0103 per le Scienze Applicate;<\/li>\n\n\n\n<li>Premio Carol Davila per la Medicina;<\/li>\n\n\n\n<li>Premio Constantin Br\u00e2ncu\u015fi per l&#8217;Arte e la Cultura;<\/li>\n\n\n\n<li>Premio Nicolae Titulescu per la Diplomazia e la Politologia;<\/li>\n\n\n\n<li>Premio Eugeniu Carada per l&#8217;Economia;<\/li>\n\n\n\n<li>Premio Spiru Haret per il Sociale, l&#8217;Ambiente, l&#8217;Educazione.<\/li>\n<\/ol>\n\n<p>I premi portano il nome di personalit\u00e0 rappresentative per il settore di riferimento e che sono appartenute alla pi\u00f9 rispettabile confraternita del mondo \u2013 la Massoneria.<\/p>\n\n<p>I premi sono assegnati a tutti i cittadini rumeni residenti o non residenti sul territorio della Romania, indipendentemente dal sesso, dalla religione o dall&#8217;et\u00e0, massoni o profani, che nel corso dell&#8217;anno precedente all&#8217;assegnazione dei premi hanno realizzato un&#8217;opera, una scoperta, un&#8217;invenzione o un&#8217;innovazione, hanno emesso una teoria, un teorema, un&#8217;equazione, hanno messo a punto una tecnica, un metodo, una procedura con impatto macro-sociale in uno dei 7 settori premiati o, attraverso l&#8217;esercizio della professione o della dignit\u00e0 pubblica, hanno apportato importanti servizi o benefici al paese.<\/p>\n\n<p>Una menzione speciale va all&#8217;avvocato Remus Borza, Gran Maestro Onorario della Gran Loggia Nazionale di Romania.<\/p>\n\n    <div class=\"loading-spinner d-none justify-content-center align-items-center mb-4 js-loading-spinner text-center\" >\n        <div class=\"spinner-border text-primary\" role=\"status\">\n            <span class=\"visually-hidden\">Loading...<\/span>\n        <\/div>\n    <\/div>\n    <div class=\"list-personalities-shortcode alignfull list-personalities-shortcode--gala_premiilor\">\n        <div class=\"row d-flex \">\n            \r\n<div class=\"row mt-2 mb-5 preview-post-info-row\">\r\n    <div class=\"col-lg-6 \">\r\n        <div class=\"background-image-post-preview \" style=\"background-image: url(https:\/\/www.mlnr.ro\/wp-content\/uploads\/2024\/09\/ateneul-1024x538.jpg); background-size: cover; background-position: center;\" >\r\n\r\n        <\/div>\r\n    <\/div>\r\n    <div class=\"col-lg-6 d-flex align-items-center preview-post-info-container\">\r\n        <div class=\"preview-post-info\">\r\n            <p><\/p>\r\n            <h3>La dodicesima edizione dei Premi MLNR<\/h3>\r\n            <p>Il Teatro Nazionale Rumeno Una celebrazione dell'eccellenza rumena all'Ateneo Rumeno La dodicesima edizione dei Premi della Grande Loggia Nazionale Rumena (MLNR) \u00e8 stata una celebrazione dell'eccellenza rumena e una riaffermazione...<\/p>\r\n            <a href=\"https:\/\/www.mlnr.ro\/it\/gala-premiilor\/la-dodicesima-edizione-dei-premi-mlnr\/\" class=\"btn-more-link\">Scopri di pi\u00f9<\/a>\r\n        <\/div>\r\n\r\n    <\/div>\r\n<\/div>\r\n\n            \r\n<div class=\"row mt-2 mb-5 preview-post-info-row\">\r\n    <div class=\"col-lg-6  order-lg-2\">\r\n        <div class=\"background-image-post-preview \" style=\"background-image: url(https:\/\/www.mlnr.ro\/wp-content\/uploads\/2024\/09\/ateneul-1024x538.jpg); background-size: cover; background-position: center;\" >\r\n\r\n        <\/div>\r\n    <\/div>\r\n    <div class=\"col-lg-6 d-flex align-items-center preview-post-info-container\">\r\n        <div class=\"preview-post-info\">\r\n            <p><\/p>\r\n            <h3>XI edizione dei Premi MLNR<\/h3>\r\n            <p>Premi e vincitori Premio \u201cGrigore Moisil\u201d per le scienze esatteIl dottor Paul Vasos, dell'Istituto di Ingegneria e Fisica Nucleare \u201cHoria Hulubei\u201d e dell'Universit\u00e0 di Bucarest, \u00e8 stato premiato per le...<\/p>\r\n            <a href=\"https:\/\/www.mlnr.ro\/it\/gala-premiilor\/xi-edizione-dei-premi-mlnr\/\" class=\"btn-more-link\">Scopri di pi\u00f9<\/a>\r\n        <\/div>\r\n\r\n    <\/div>\r\n<\/div>\r\n\n            \r\n<div class=\"row mt-2 mb-5 preview-post-info-row\">\r\n    <div class=\"col-lg-6 \">\r\n        <div class=\"background-image-post-preview \" style=\"background-image: url(https:\/\/www.mlnr.ro\/wp-content\/uploads\/2024\/09\/ateneul-1024x538.jpg); background-size: cover; background-position: center;\" >\r\n\r\n        <\/div>\r\n    <\/div>\r\n    <div class=\"col-lg-6 d-flex align-items-center preview-post-info-container\">\r\n        <div class=\"preview-post-info\">\r\n            <p><\/p>\r\n            <h3>La decima edizione dei Premi MLNR<\/h3>\r\n            <p>Vincitori Premio Grigore Moisil per le scienze esatte: Acad. Gabriela Marinoschi per la sua monografia \u201cDual Variational Approach to Nonlinear Diffusion Equations\u201d. Premio Henri Coand\u0103 per le scienze applicate: Prof....<\/p>\r\n            <a href=\"https:\/\/www.mlnr.ro\/it\/gala-premiilor\/la-decima-edizione-dei-premi-mlnr\/\" class=\"btn-more-link\">Scopri di pi\u00f9<\/a>\r\n        <\/div>\r\n\r\n    <\/div>\r\n<\/div>\r\n\n            \r\n<div class=\"row mt-2 mb-5 preview-post-info-row\">\r\n    <div class=\"col-lg-6  order-lg-2\">\r\n        <div class=\"background-image-post-preview \" style=\"background-image: url(https:\/\/www.mlnr.ro\/wp-content\/uploads\/2024\/09\/ateneul-1024x538.jpg); background-size: cover; background-position: center;\" >\r\n\r\n        <\/div>\r\n    <\/div>\r\n    <div class=\"col-lg-6 d-flex align-items-center preview-post-info-container\">\r\n        <div class=\"preview-post-info\">\r\n            <p><\/p>\r\n            <h3>La nona edizione dei Premi MLNR<\/h3>\r\n            <p>Vincitori Premio Grigore Moisil per le scienze esatte: il dottor Radu Purice, ricercatore scientifico presso l'Istituto di Matematica Simion Stoilov, \u00e8 stato premiato per i suoi lavori pubblicati su riviste...<\/p>\r\n            <a href=\"https:\/\/www.mlnr.ro\/it\/gala-premiilor\/la-nona-edizione-dei-premi-mlnr\/\" class=\"btn-more-link\">Scopri di pi\u00f9<\/a>\r\n        <\/div>\r\n\r\n    <\/div>\r\n<\/div>\r\n\n            \r\n<div class=\"row mt-2 mb-5 preview-post-info-row\">\r\n    <div class=\"col-lg-6 \">\r\n        <div class=\"background-image-post-preview \" style=\"background-image: url(https:\/\/www.mlnr.ro\/wp-content\/uploads\/2024\/09\/ateneul-1024x538.jpg); background-size: cover; background-position: center;\" >\r\n\r\n        <\/div>\r\n    <\/div>\r\n    <div class=\"col-lg-6 d-flex align-items-center preview-post-info-container\">\r\n        <div class=\"preview-post-info\">\r\n            <p><\/p>\r\n            <h3>VIII edizione dei Premi MLNR<\/h3>\r\n            <p>Vincitori I vincitori dell\u2019VIII edizione del Gala dei Premi della Gran Loggia Nazionale di Romania: 1. PREMIO GRIGORE MOISIL PER LE SCIENZE ESATTE Premiati: Professore Dottore Victor David e Professore...<\/p>\r\n            <a href=\"https:\/\/www.mlnr.ro\/it\/gala-premiilor\/viii-edizione-dei-premi-mlnr\/\" class=\"btn-more-link\">Scopri di pi\u00f9<\/a>\r\n        <\/div>\r\n\r\n    <\/div>\r\n<\/div>\r\n\n            \r\n<div class=\"row mt-2 mb-5 preview-post-info-row\">\r\n    <div class=\"col-lg-6  order-lg-2\">\r\n        <div class=\"background-image-post-preview \" style=\"background-image: url(https:\/\/www.mlnr.ro\/wp-content\/uploads\/2024\/09\/ateneul-1024x538.jpg); background-size: cover; background-position: center;\" >\r\n\r\n        <\/div>\r\n    <\/div>\r\n    <div class=\"col-lg-6 d-flex align-items-center preview-post-info-container\">\r\n        <div class=\"preview-post-info\">\r\n            <p><\/p>\r\n            <h3>La VII edizione del Gala dei Premi MLNR<\/h3>\r\n            <p>Vincitori 1. PREMIO GRIGORE MOISIL PER LE SCIENZE ESATTE Premiato: Professore Dottore Cristian En\u0103chescu 2. PREMIO HENRI COAND\u0102 PER LE SCIENZE APPLICATE Premiato: Professore Dottore Mircea Eremia 3. PREMIO CAROL...<\/p>\r\n            <a href=\"https:\/\/www.mlnr.ro\/it\/gala-premiilor\/la-vii-edizione-del-gala-dei-premi-mlnr\/\" class=\"btn-more-link\">Scopri di pi\u00f9<\/a>\r\n        <\/div>\r\n\r\n    <\/div>\r\n<\/div>\r\n\n                    <\/div>\n    <\/div>\n    <div class=\"load-more-container text-center\">\n                <button class=\"btn btn-primary js-load-more js-load-more--gala_premiilor \"\n                data-post-type=\"gala_premiilor\"\n                data-offset=\"6\"\n                data-max=\"6\"\n\n                data-category=\"\">\n            \u00cencarc\u0103 mai multe\n        <\/button>\n    <\/div>\n\n\n\n\n\n\n\n    \n","protected":false},"excerpt":{"rendered":"<p>MLNR in collaborazione con la Societ\u00e0 Civile Il GALA PREMIILOR MLNR \u00e8 organizzato in collaborazione con l&#8217;Accademia Romena, il Ministero dell&#8217;Istruzione, il Ministero della Cultura e l&#8217;Universit\u00e0 Babe\u0219 Bolyai di Cluj Napoca, l&#8217;Universit\u00e0 di Bucarest, l&#8217;ASE, l&#8217;Universit\u00e0 di Medicina Carol Davila di Bucarest, l&#8217;Universit\u00e0 Alexandru Ioan Cuza di Ia\u0219i, l&#8217;Universit\u00e0 di Vest di Timi\u0219oara, SNSPA,&hellip; <a class=\"more-link\" href=\"https:\/\/www.mlnr.ro\/it\/gala-premiilor\/la-vii-edizione-del-gala-dei-premi-mlnr\/\">Continue reading <span class=\"screen-reader-text\">La VII edizione del Gala dei Premi MLNR<\/span><\/a><\/p>\n","protected":false},"author":1,"featured_media":2002,"parent":0,"menu_order":0,"comment_status":"closed","ping_status":"closed","template":"","meta":{"_acf_changed":false,"footnotes":""},"class_list":["post-2001","page","type-page","status-publish","has-post-thumbnail","hentry","entry"],"acf":[],"yoast_head":"<!-- This site is optimized with the Yoast SEO plugin v27.0 - https:\/\/yoast.com\/product\/yoast-seo-wordpress\/ -->\n<title>Gala dei Premi della Gran Loggia - MLNR<\/title>\n<meta name=\"robots\" content=\"index, follow, max-snippet:-1, max-image-preview:large, max-video-preview:-1\" \/>\n<link rel=\"canonical\" href=\"https:\/\/www.mlnr.ro\/it\/gala-dei-premi-della-gran-loggia\/\" \/>\n<meta property=\"og:locale\" content=\"it_IT\" \/>\n<meta property=\"og:type\" content=\"article\" \/>\n<meta property=\"og:title\" content=\"Gala dei Premi della Gran Loggia - MLNR\" \/>\n<meta property=\"og:description\" content=\"MLNR in collaborazione con la Societ\u00e0 Civile Il GALA PREMIILOR MLNR \u00e8 organizzato in collaborazione con l&#8217;Accademia Romena, il Ministero dell&#8217;Istruzione, il Ministero della Cultura e l&#8217;Universit\u00e0 Babe\u0219 Bolyai di Cluj Napoca, l&#8217;Universit\u00e0 di Bucarest, l&#8217;ASE, l&#8217;Universit\u00e0 di Medicina Carol Davila di Bucarest, l&#8217;Universit\u00e0 Alexandru Ioan Cuza di Ia\u0219i, l&#8217;Universit\u00e0 di Vest di Timi\u0219oara, SNSPA,&hellip; Continue reading La VII edizione del Gala dei Premi MLNR\" \/>\n<meta property=\"og:url\" content=\"https:\/\/www.mlnr.ro\/it\/gala-dei-premi-della-gran-loggia\/\" \/>\n<meta property=\"og:site_name\" content=\"MLNR\" \/>\n<meta property=\"article:modified_time\" content=\"2026-03-06T11:30:45+00:00\" \/>\n<meta property=\"og:image\" content=\"https:\/\/www.mlnr.ro\/wp-content\/uploads\/2024\/09\/ateneul.jpg\" \/>\n\t<meta property=\"og:image:width\" content=\"1920\" \/>\n\t<meta property=\"og:image:height\" content=\"1008\" \/>\n\t<meta property=\"og:image:type\" content=\"image\/jpeg\" \/>\n<meta name=\"twitter:card\" content=\"summary_large_image\" \/>\n<meta name=\"twitter:label1\" content=\"Tempo di lettura stimato\" \/>\n\t<meta name=\"twitter:data1\" content=\"2 minutes\" \/>\n<script type=\"application\/ld+json\" class=\"yoast-schema-graph\">{\"@context\":\"https:\/\/schema.org\",\"@graph\":[{\"@type\":\"WebPage\",\"@id\":\"https:\/\/www.mlnr.ro\/it\/gala-dei-premi-della-gran-loggia\/\",\"url\":\"https:\/\/www.mlnr.ro\/it\/gala-dei-premi-della-gran-loggia\/\",\"name\":\"Gala dei Premi della Gran Loggia - MLNR\",\"isPartOf\":{\"@id\":\"https:\/\/www.mlnr.ro\/it\/#website\"},\"primaryImageOfPage\":{\"@id\":\"https:\/\/www.mlnr.ro\/it\/gala-dei-premi-della-gran-loggia\/#primaryimage\"},\"image\":{\"@id\":\"https:\/\/www.mlnr.ro\/it\/gala-dei-premi-della-gran-loggia\/#primaryimage\"},\"thumbnailUrl\":\"https:\/\/www.mlnr.ro\/wp-content\/uploads\/2024\/09\/ateneul.jpg\",\"datePublished\":\"2026-01-15T15:11:02+00:00\",\"dateModified\":\"2026-03-06T11:30:45+00:00\",\"breadcrumb\":{\"@id\":\"https:\/\/www.mlnr.ro\/it\/gala-dei-premi-della-gran-loggia\/#breadcrumb\"},\"inLanguage\":\"it-IT\",\"potentialAction\":[{\"@type\":\"ReadAction\",\"target\":[\"https:\/\/www.mlnr.ro\/it\/gala-dei-premi-della-gran-loggia\/\"]}]},{\"@type\":\"ImageObject\",\"inLanguage\":\"it-IT\",\"@id\":\"https:\/\/www.mlnr.ro\/it\/gala-dei-premi-della-gran-loggia\/#primaryimage\",\"url\":\"https:\/\/www.mlnr.ro\/wp-content\/uploads\/2024\/09\/ateneul.jpg\",\"contentUrl\":\"https:\/\/www.mlnr.ro\/wp-content\/uploads\/2024\/09\/ateneul.jpg\",\"width\":1920,\"height\":1008},{\"@type\":\"BreadcrumbList\",\"@id\":\"https:\/\/www.mlnr.ro\/it\/gala-dei-premi-della-gran-loggia\/#breadcrumb\",\"itemListElement\":[{\"@type\":\"ListItem\",\"position\":1,\"name\":\"Prima pagin\u0103\",\"item\":\"https:\/\/www.mlnr.ro\/it\/\"},{\"@type\":\"ListItem\",\"position\":2,\"name\":\"Gala dei Premi della Gran Loggia\"}]},{\"@type\":\"WebSite\",\"@id\":\"https:\/\/www.mlnr.ro\/it\/#website\",\"url\":\"https:\/\/www.mlnr.ro\/it\/\",\"name\":\"MLNR\",\"description\":\"\",\"publisher\":{\"@id\":\"https:\/\/www.mlnr.ro\/it\/#organization\"},\"potentialAction\":[{\"@type\":\"SearchAction\",\"target\":{\"@type\":\"EntryPoint\",\"urlTemplate\":\"https:\/\/www.mlnr.ro\/it\/?s={search_term_string}\"},\"query-input\":{\"@type\":\"PropertyValueSpecification\",\"valueRequired\":true,\"valueName\":\"search_term_string\"}}],\"inLanguage\":\"it-IT\"},{\"@type\":\"Organization\",\"@id\":\"https:\/\/www.mlnr.ro\/it\/#organization\",\"name\":\"MLNR\",\"url\":\"https:\/\/www.mlnr.ro\/it\/\",\"logo\":{\"@type\":\"ImageObject\",\"inLanguage\":\"it-IT\",\"@id\":\"https:\/\/www.mlnr.ro\/it\/#\/schema\/logo\/image\/\",\"url\":\"https:\/\/www.mlnr.ro\/wp-content\/uploads\/2025\/12\/prj-edited.png\",\"contentUrl\":\"https:\/\/www.mlnr.ro\/wp-content\/uploads\/2025\/12\/prj-edited.png\",\"width\":300,\"height\":188,\"caption\":\"MLNR\"},\"image\":{\"@id\":\"https:\/\/www.mlnr.ro\/it\/#\/schema\/logo\/image\/\"}}]}<\/script>\n<!-- \/ Yoast SEO plugin. -->","yoast_head_json":{"title":"Gala dei Premi della Gran Loggia - MLNR","robots":{"index":"index","follow":"follow","max-snippet":"max-snippet:-1","max-image-preview":"max-image-preview:large","max-video-preview":"max-video-preview:-1"},"canonical":"https:\/\/www.mlnr.ro\/it\/gala-dei-premi-della-gran-loggia\/","og_locale":"it_IT","og_type":"article","og_title":"Gala dei Premi della Gran Loggia - MLNR","og_description":"MLNR in collaborazione con la Societ\u00e0 Civile Il GALA PREMIILOR MLNR \u00e8 organizzato in collaborazione con l&#8217;Accademia Romena, il Ministero dell&#8217;Istruzione, il Ministero della Cultura e l&#8217;Universit\u00e0 Babe\u0219 Bolyai di Cluj Napoca, l&#8217;Universit\u00e0 di Bucarest, l&#8217;ASE, l&#8217;Universit\u00e0 di Medicina Carol Davila di Bucarest, l&#8217;Universit\u00e0 Alexandru Ioan Cuza di Ia\u0219i, l&#8217;Universit\u00e0 di Vest di Timi\u0219oara, SNSPA,&hellip; Continue reading La VII edizione del Gala dei Premi MLNR","og_url":"https:\/\/www.mlnr.ro\/it\/gala-dei-premi-della-gran-loggia\/","og_site_name":"MLNR","article_modified_time":"2026-03-06T11:30:45+00:00","og_image":[{"width":1920,"height":1008,"url":"https:\/\/www.mlnr.ro\/wp-content\/uploads\/2024\/09\/ateneul.jpg","type":"image\/jpeg"}],"twitter_card":"summary_large_image","twitter_misc":{"Tempo di lettura stimato":"2 minutes"},"schema":{"@context":"https:\/\/schema.org","@graph":[{"@type":"WebPage","@id":"https:\/\/www.mlnr.ro\/it\/gala-dei-premi-della-gran-loggia\/","url":"https:\/\/www.mlnr.ro\/it\/gala-dei-premi-della-gran-loggia\/","name":"Gala dei Premi della Gran Loggia - MLNR","isPartOf":{"@id":"https:\/\/www.mlnr.ro\/it\/#website"},"primaryImageOfPage":{"@id":"https:\/\/www.mlnr.ro\/it\/gala-dei-premi-della-gran-loggia\/#primaryimage"},"image":{"@id":"https:\/\/www.mlnr.ro\/it\/gala-dei-premi-della-gran-loggia\/#primaryimage"},"thumbnailUrl":"https:\/\/www.mlnr.ro\/wp-content\/uploads\/2024\/09\/ateneul.jpg","datePublished":"2026-01-15T15:11:02+00:00","dateModified":"2026-03-06T11:30:45+00:00","breadcrumb":{"@id":"https:\/\/www.mlnr.ro\/it\/gala-dei-premi-della-gran-loggia\/#breadcrumb"},"inLanguage":"it-IT","potentialAction":[{"@type":"ReadAction","target":["https:\/\/www.mlnr.ro\/it\/gala-dei-premi-della-gran-loggia\/"]}]},{"@type":"ImageObject","inLanguage":"it-IT","@id":"https:\/\/www.mlnr.ro\/it\/gala-dei-premi-della-gran-loggia\/#primaryimage","url":"https:\/\/www.mlnr.ro\/wp-content\/uploads\/2024\/09\/ateneul.jpg","contentUrl":"https:\/\/www.mlnr.ro\/wp-content\/uploads\/2024\/09\/ateneul.jpg","width":1920,"height":1008},{"@type":"BreadcrumbList","@id":"https:\/\/www.mlnr.ro\/it\/gala-dei-premi-della-gran-loggia\/#breadcrumb","itemListElement":[{"@type":"ListItem","position":1,"name":"Prima pagin\u0103","item":"https:\/\/www.mlnr.ro\/it\/"},{"@type":"ListItem","position":2,"name":"Gala dei Premi della Gran Loggia"}]},{"@type":"WebSite","@id":"https:\/\/www.mlnr.ro\/it\/#website","url":"https:\/\/www.mlnr.ro\/it\/","name":"MLNR","description":"","publisher":{"@id":"https:\/\/www.mlnr.ro\/it\/#organization"},"potentialAction":[{"@type":"SearchAction","target":{"@type":"EntryPoint","urlTemplate":"https:\/\/www.mlnr.ro\/it\/?s={search_term_string}"},"query-input":{"@type":"PropertyValueSpecification","valueRequired":true,"valueName":"search_term_string"}}],"inLanguage":"it-IT"},{"@type":"Organization","@id":"https:\/\/www.mlnr.ro\/it\/#organization","name":"MLNR","url":"https:\/\/www.mlnr.ro\/it\/","logo":{"@type":"ImageObject","inLanguage":"it-IT","@id":"https:\/\/www.mlnr.ro\/it\/#\/schema\/logo\/image\/","url":"https:\/\/www.mlnr.ro\/wp-content\/uploads\/2025\/12\/prj-edited.png","contentUrl":"https:\/\/www.mlnr.ro\/wp-content\/uploads\/2025\/12\/prj-edited.png","width":300,"height":188,"caption":"MLNR"},"image":{"@id":"https:\/\/www.mlnr.ro\/it\/#\/schema\/logo\/image\/"}}]}},"_links":{"self":[{"href":"https:\/\/www.mlnr.ro\/it\/wp-json\/wp\/v2\/pages\/2001","targetHints":{"allow":["GET"]}}],"collection":[{"href":"https:\/\/www.mlnr.ro\/it\/wp-json\/wp\/v2\/pages"}],"about":[{"href":"https:\/\/www.mlnr.ro\/it\/wp-json\/wp\/v2\/types\/page"}],"author":[{"embeddable":true,"href":"https:\/\/www.mlnr.ro\/it\/wp-json\/wp\/v2\/users\/1"}],"replies":[{"embeddable":true,"href":"https:\/\/www.mlnr.ro\/it\/wp-json\/wp\/v2\/comments?post=2001"}],"version-history":[{"count":2,"href":"https:\/\/www.mlnr.ro\/it\/wp-json\/wp\/v2\/pages\/2001\/revisions"}],"predecessor-version":[{"id":4728,"href":"https:\/\/www.mlnr.ro\/it\/wp-json\/wp\/v2\/pages\/2001\/revisions\/4728"}],"wp:featuredmedia":[{"embeddable":true,"href":"https:\/\/www.mlnr.ro\/it\/wp-json\/wp\/v2\/media\/2002"}],"wp:attachment":[{"href":"https:\/\/www.mlnr.ro\/it\/wp-json\/wp\/v2\/media?parent=2001"}],"curies":[{"name":"wp","href":"https:\/\/api.w.org\/{rel}","templated":true}]}}