{"id":2560,"date":"2025-12-04T22:34:07","date_gmt":"2025-12-04T22:34:07","guid":{"rendered":"https:mlnr.ro\/asociatia-marea-loja\/"},"modified":"2026-02-27T14:23:29","modified_gmt":"2026-02-27T12:23:29","slug":"asociatia-marea-loja","status":"publish","type":"page","link":"https:\/\/www.mlnr.ro\/it\/asociatia-marea-loja\/","title":{"rendered":"Associazione Gran Loggia"},"content":{"rendered":"\n<h2 class=\"wp-block-heading\">Coordinate di contatto dell&#8217;Associazione MLNR<\/h2>\n\n<p><strong>L&#8217;Associazione Gran Loggia Nazionale di Romania (MLNR)<\/strong> \u00e8 un&#8217;associazione senza scopo di lucro, di pubblica utilit\u00e0 in conformit\u00e0 con le disposizioni della Delibera del Governo n. 561 del 15 aprile 2004 riguardante il riconoscimento dell&#8217;Associazione &#8220;Gran Loggia Nazionale di Romania&#8221; come di pubblica utilit\u00e0, registrata nel Registro delle Associazioni e Fondazioni secondo la sentenza del tribunale n. 54\/1993, emessa nel fascicolo n. 57\/PJ\/1993, Codice di registrazione fiscale \u2013 13128320, avente le seguenti coordinate di contatto:<\/p>\n\n<p><strong>Sede legale:<\/strong> Strada Matei Elina Voievod nr. 2A, Sector 2, Bucarest, codice postale 021462<\/p>\n\n<p><em>Pubblicata nella Gazzetta Ufficiale, Parte I, n. 344 del 20 aprile 2004<\/em><\/p>\n\n<h2 class=\"wp-block-heading\">Dati di contatto<\/h2>\n        <div class=\"contact-row-info--inline d-flex- align-items-start\">\n            <div class=\"contact-row-info__svg\">\n                <svg xmlns=\"http:\/\/www.w3.org\/2000\/svg\" viewBox=\"0 0 640 640\"><!--!Font Awesome Free v7.1.0 by @fontawesome - https:\/\/fontawesome.com License - https:\/\/fontawesome.com\/license\/free Copyright 2025 Fonticons, Inc.--><path d=\"M224.2 89C216.3 70.1 195.7 60.1 176.1 65.4L170.6 66.9C106 84.5 50.8 147.1 66.9 223.3C104 398.3 241.7 536 416.7 573.1C493 589.3 555.5 534 573.1 469.4L574.6 463.9C580 444.2 569.9 423.6 551.1 415.8L453.8 375.3C437.3 368.4 418.2 373.2 406.8 387.1L368.2 434.3C297.9 399.4 241.3 341 208.8 269.3L253 233.3C266.9 222 271.6 202.9 264.8 186.3L224.2 89z\"\/><\/svg>\n\n            <\/div>\n            <div class=\"contact-row-info__value\">\n                <a href=\"tel:+40212528844\">\n                    +40 21 252.88.44                <\/a>\n            <\/div>\n        <\/div>\n                <div class=\"contact-row-info--inline d-flex- align-items-start\">\n            <div class=\"contact-row-info__svg\">\n                <svg xmlns=\"http:\/\/www.w3.org\/2000\/svg\" viewBox=\"0 0 640 640\"><!--!Font Awesome Free v7.1.0 by @fontawesome - https:\/\/fontawesome.com License - https:\/\/fontawesome.com\/license\/free Copyright 2025 Fonticons, Inc.--><path d=\"M144 128C144 92.7 172.7 64 208 64L432 64C467.3 64 496 92.7 496 128L496 512C496 547.3 467.3 576 432 576L208 576C172.7 576 144 547.3 144 512L144 128zM256 504C256 517.3 266.7 528 280 528L360 528C373.3 528 384 517.3 384 504C384 490.7 373.3 480 360 480L280 480C266.7 480 256 490.7 256 504zM432 128L208 128L208 432L432 432L432 128z\"\/><\/svg>\n            <\/div>\n            <div class=\"contact-row-info__value\">\n                <a href=\"tel:+40726674142\">\n                    + 40-726.674.142                <\/a>\n            <\/div>\n        <\/div>\n                <div class=\"contact-row-info--inline d-flex- align-items-start\">\n            <div class=\"contact-row-info__svg\">\n                <svg xmlns=\"http:\/\/www.w3.org\/2000\/svg\" viewBox=\"0 0 640 640\"><!--!Font Awesome Free v7.1.0 by @fontawesome - https:\/\/fontawesome.com License - https:\/\/fontawesome.com\/license\/free Copyright 2025 Fonticons, Inc.--><path d=\"M320.2 112C435 112.1 528 205.2 528 320C528 342.1 524.6 363.4 518.2 383.4C516.2 383.8 514.1 384 512 384L509.3 384C500.8 384 492.7 380.6 486.7 374.6L457.4 345.3C451.4 339.3 448 331.2 448 322.7L448 272C448 263.2 455.2 256 464 256C472.8 256 480 248.8 480 240C480 231.2 472.8 224 464 224L440 224C426.7 224 416 234.7 416 248C416 261.3 405.3 272 392 272L336 272C327.2 272 320 279.2 320 288C320 296.8 312.8 304 304 304L278.6 304C266.1 304 256 293.9 256 281.4C256 275.4 258.4 269.6 262.6 265.4L332.7 195.3C334.8 193.2 336 190.3 336 187.3C336 181.1 330.9 176 324.7 176L310.6 176C298.1 176 288 165.9 288 153.4C288 147.4 290.4 141.6 294.6 137.4L317.7 114.3C318.5 113.5 319.3 112.8 320.2 112.1zM502.4 420.1C469.6 479.7 408.5 521.5 337.2 527.3C336.5 525 336.1 522.5 336.1 520C336.1 506.7 325.4 496 312.1 496L285.4 496C276.9 496 268.8 492.6 262.8 486.6L233.5 457.3C227.5 451.3 224.1 443.2 224.1 434.7L224.1 368C224.1 350.3 238.4 336 256.1 336L354.8 336C363.3 336 371.4 339.4 377.4 345.4L406.7 374.7C412.7 380.7 420.8 384.1 429.3 384.1L434.8 384.1C443.3 384.1 451.4 387.5 457.4 393.5L473.4 409.5C477.6 413.7 483.4 416.1 489.4 416.1C494.2 416.1 498.7 417.6 502.4 420.2zM320 576L346.2 574.7C337.6 575.6 328.9 576 320 576zM346.2 574.7C475.3 561.6 576 452.6 576 320C576 178.6 461.4 64 320 64L320 64C178.6 64 64 178.6 64 320C64 447.5 157.2 553.3 279.3 572.8C292.5 574.9 306.1 576 320 576zM251.3 187.3L219.3 219.3C213.1 225.5 202.9 225.5 196.7 219.3C190.5 213.1 190.5 202.9 196.7 196.7L228.7 164.7C234.9 158.5 245.1 158.5 251.3 164.7C257.5 170.9 257.5 181.1 251.3 187.3z\"\/><\/svg>\n            <\/div>\n            <div class=\"contact-row-info__value\">\n                <a href=\"https:\/\/www.mlnr.ro\">\n                    www.mlnr.ro                <\/a>\n            <\/div>\n        <\/div>\n                <div class=\"contact-row-info--inline d-flex- align-items-start\">\n            <div class=\"contact-row-info__svg\">\n                <svg xmlns=\"http:\/\/www.w3.org\/2000\/svg\" viewBox=\"0 0 640 640\"><!--!Font Awesome Free v7.1.0 by @fontawesome - https:\/\/fontawesome.com License - https:\/\/fontawesome.com\/license\/free Copyright 2025 Fonticons, Inc.--><path d=\"M112 128C85.5 128 64 149.5 64 176C64 191.1 71.1 205.3 83.2 214.4L291.2 370.4C308.3 383.2 331.7 383.2 348.8 370.4L556.8 214.4C568.9 205.3 576 191.1 576 176C576 149.5 554.5 128 528 128L112 128zM64 260L64 448C64 483.3 92.7 512 128 512L512 512C547.3 512 576 483.3 576 448L576 260L377.6 408.8C343.5 434.4 296.5 434.4 262.4 408.8L64 260z\"\/><\/svg>\n            <\/div>\n            <div class=\"contact-row-info__value\">\n                <a href=\"mailto:office@mlnr.ro\">\n                    office@mlnr.ro                <\/a>\n            <\/div>\n        <\/div>\n        \n\n\n\n\n    \n\n<hr class=\"wp-block-separator has-alpha-channel-opacity\"\/>\n\n<h2 class=\"wp-block-heading has-text-align-center\">Direzione dell&#8217;Associazione MLNR<\/h2>\n\n<div class=\"wp-block-group row align-items-start is-layout-flex wp-block-group-is-layout-flex\">\n<div class=\"wp-block-group col-lg-6\"><div class=\"wp-block-group__inner-container is-layout-constrained wp-block-group-is-layout-constrained\">\n<h3 class=\"wp-block-heading\">La direzione dell&#8217;Associazione \u00e8 assicurata da:<\/h3>\n\n\n\n<ul class=\"wp-block-list\">\n<li>Presidente: <strong>C\u0102T\u0102LIN VIOREL TOH\u0102NEANU<\/strong>;<\/li>\n\n\n\n<li>Segretario Generale: <strong>FLORIAN B\u00ceRLEA<\/strong><\/li>\n\n\n\n<li>Direttore del Dipartimento Economico-Finanziario: <strong>STELIAN TIPA<\/strong><\/li>\n\n\n\n<li>Direttore del Dipartimento Legale: <strong>PAUL MILODIN<\/strong><\/li>\n<\/ul>\n<\/div><\/div>\n\n\n\n<div class=\"wp-block-group col-lg-6\"><div class=\"wp-block-group__inner-container is-layout-constrained wp-block-group-is-layout-constrained\">\n<h3 class=\"wp-block-heading\">CONSIGLIO DIRETTIVO DELL&#8217;ASSOCIAZIONE MLNR:<\/h3>\n\n\n\n<ul class=\"wp-block-list\">\n<li>Presidente: C\u0103t\u0103lin Viorel Toh\u0103neanu<\/li>\n\n\n\n<li>Vicepresidente: Mircea Gheordunescu<\/li>\n\n\n\n<li>Membro: Stelian Tipa<\/li>\n\n\n\n<li>Membro: Remus Adrian Borza<\/li>\n\n\n\n<li>Membro e segretario: Florian B\u00eerlea<\/li>\n\n\n\n<li>Membro supplente: Giorgiu Coman<\/li>\n\n\n\n<li>Membro supplente: Alexandru Pu\u0219carciuc<\/li>\n\n\n\n<li>Membro supplente: Paul Milodin<\/li>\n<\/ul>\n<\/div><\/div>\n<\/div>\n\n<hr class=\"wp-block-separator has-alpha-channel-opacity\"\/>\n\n<h2 class=\"wp-block-heading has-text-align-center\">INFORMAZIONI DI INTERESSE PUBBLICO<\/h2>\n\n<p>Persona responsabile per l&#8217;accesso alle informazioni di interesse pubblico nell&#8217;ambito dell&#8217;Associazione MLNR<br\/>Il Direttore del Dipartimento Legale: il signor PAUL MILODIN.<\/p>\n        <div class=\"contact-row-info d-flex align-items-start\">\n            <div class=\"contact-row-info__svg\">\n                <svg xmlns=\"http:\/\/www.w3.org\/2000\/svg\" viewBox=\"0 0 640 640\"><!--!Font Awesome Free v7.1.0 by @fontawesome - https:\/\/fontawesome.com License - https:\/\/fontawesome.com\/license\/free Copyright 2025 Fonticons, Inc.--><path d=\"M128 252.6C128 148.4 214 64 320 64C426 64 512 148.4 512 252.6C512 371.9 391.8 514.9 341.6 569.4C329.8 582.2 310.1 582.2 298.3 569.4C248.1 514.9 127.9 371.9 127.9 252.6zM320 320C355.3 320 384 291.3 384 256C384 220.7 355.3 192 320 192C284.7 192 256 220.7 256 256C256 291.3 284.7 320 320 320z\"\/><\/svg>\n            <\/div>\n            <div class=\"contact-row-info__value\">\n                Strada Matei Elina Voievod nr. 2A, Sector 2, Bucarest, codice postale 021462            <\/div>\n        <\/div>\n                <div class=\"contact-row-info d-flex align-items-start\">\n            <div class=\"contact-row-info__svg\">\n                <svg xmlns=\"http:\/\/www.w3.org\/2000\/svg\" viewBox=\"0 0 640 640\"><!--!Font Awesome Free v7.1.0 by @fontawesome - https:\/\/fontawesome.com License - https:\/\/fontawesome.com\/license\/free Copyright 2025 Fonticons, Inc.--><path d=\"M224.2 89C216.3 70.1 195.7 60.1 176.1 65.4L170.6 66.9C106 84.5 50.8 147.1 66.9 223.3C104 398.3 241.7 536 416.7 573.1C493 589.3 555.5 534 573.1 469.4L574.6 463.9C580 444.2 569.9 423.6 551.1 415.8L453.8 375.3C437.3 368.4 418.2 373.2 406.8 387.1L368.2 434.3C297.9 399.4 241.3 341 208.8 269.3L253 233.3C266.9 222 271.6 202.9 264.8 186.3L224.2 89z\"\/><\/svg>\n\n            <\/div>\n            <div class=\"contact-row-info__value\">\n                <a href=\"tel:+40212528844\">\n                    +40 21 252.88.44                <\/a>\n            <\/div>\n        <\/div>\n                <div class=\"contact-row-info d-flex align-items-start\">\n            <div class=\"contact-row-info__svg\">\n                <svg xmlns=\"http:\/\/www.w3.org\/2000\/svg\" viewBox=\"0 0 640 640\"><!--!Font Awesome Free v7.1.0 by @fontawesome - https:\/\/fontawesome.com License - https:\/\/fontawesome.com\/license\/free Copyright 2025 Fonticons, Inc.--><path d=\"M144 128C144 92.7 172.7 64 208 64L432 64C467.3 64 496 92.7 496 128L496 512C496 547.3 467.3 576 432 576L208 576C172.7 576 144 547.3 144 512L144 128zM256 504C256 517.3 266.7 528 280 528L360 528C373.3 528 384 517.3 384 504C384 490.7 373.3 480 360 480L280 480C266.7 480 256 490.7 256 504zM432 128L208 128L208 432L432 432L432 128z\"\/><\/svg>\n            <\/div>\n            <div class=\"contact-row-info__value\">\n                <a href=\"tel:+40726674142\">\n                    + 40-726.674.142                <\/a>\n            <\/div>\n        <\/div>\n                <div class=\"contact-row-info d-flex align-items-start\">\n            <div class=\"contact-row-info__svg\">\n                <svg xmlns=\"http:\/\/www.w3.org\/2000\/svg\" viewBox=\"0 0 640 640\"><!--!Font Awesome Free v7.1.0 by @fontawesome - https:\/\/fontawesome.com License - https:\/\/fontawesome.com\/license\/free Copyright 2025 Fonticons, Inc.--><path d=\"M320.2 112C435 112.1 528 205.2 528 320C528 342.1 524.6 363.4 518.2 383.4C516.2 383.8 514.1 384 512 384L509.3 384C500.8 384 492.7 380.6 486.7 374.6L457.4 345.3C451.4 339.3 448 331.2 448 322.7L448 272C448 263.2 455.2 256 464 256C472.8 256 480 248.8 480 240C480 231.2 472.8 224 464 224L440 224C426.7 224 416 234.7 416 248C416 261.3 405.3 272 392 272L336 272C327.2 272 320 279.2 320 288C320 296.8 312.8 304 304 304L278.6 304C266.1 304 256 293.9 256 281.4C256 275.4 258.4 269.6 262.6 265.4L332.7 195.3C334.8 193.2 336 190.3 336 187.3C336 181.1 330.9 176 324.7 176L310.6 176C298.1 176 288 165.9 288 153.4C288 147.4 290.4 141.6 294.6 137.4L317.7 114.3C318.5 113.5 319.3 112.8 320.2 112.1zM502.4 420.1C469.6 479.7 408.5 521.5 337.2 527.3C336.5 525 336.1 522.5 336.1 520C336.1 506.7 325.4 496 312.1 496L285.4 496C276.9 496 268.8 492.6 262.8 486.6L233.5 457.3C227.5 451.3 224.1 443.2 224.1 434.7L224.1 368C224.1 350.3 238.4 336 256.1 336L354.8 336C363.3 336 371.4 339.4 377.4 345.4L406.7 374.7C412.7 380.7 420.8 384.1 429.3 384.1L434.8 384.1C443.3 384.1 451.4 387.5 457.4 393.5L473.4 409.5C477.6 413.7 483.4 416.1 489.4 416.1C494.2 416.1 498.7 417.6 502.4 420.2zM320 576L346.2 574.7C337.6 575.6 328.9 576 320 576zM346.2 574.7C475.3 561.6 576 452.6 576 320C576 178.6 461.4 64 320 64L320 64C178.6 64 64 178.6 64 320C64 447.5 157.2 553.3 279.3 572.8C292.5 574.9 306.1 576 320 576zM251.3 187.3L219.3 219.3C213.1 225.5 202.9 225.5 196.7 219.3C190.5 213.1 190.5 202.9 196.7 196.7L228.7 164.7C234.9 158.5 245.1 158.5 251.3 164.7C257.5 170.9 257.5 181.1 251.3 187.3z\"\/><\/svg>\n            <\/div>\n            <div class=\"contact-row-info__value\">\n                <a href=\"https:\/\/www.mlnr.ro\">\n                    www.mlnr.ro                <\/a>\n            <\/div>\n        <\/div>\n                <div class=\"contact-row-info d-flex align-items-start\">\n            <div class=\"contact-row-info__svg\">\n                <svg xmlns=\"http:\/\/www.w3.org\/2000\/svg\" viewBox=\"0 0 640 640\"><!--!Font Awesome Free v7.1.0 by @fontawesome - https:\/\/fontawesome.com License - https:\/\/fontawesome.com\/license\/free Copyright 2025 Fonticons, Inc.--><path d=\"M112 128C85.5 128 64 149.5 64 176C64 191.1 71.1 205.3 83.2 214.4L291.2 370.4C308.3 383.2 331.7 383.2 348.8 370.4L556.8 214.4C568.9 205.3 576 191.1 576 176C576 149.5 554.5 128 528 128L112 128zM64 260L64 448C64 483.3 92.7 512 128 512L512 512C547.3 512 576 483.3 576 448L576 260L377.6 408.8C343.5 434.4 296.5 434.4 262.4 408.8L64 260z\"\/><\/svg>\n            <\/div>\n            <div class=\"contact-row-info__value\">\n                <a href=\"mailto:informatii_interespublic@mlnr.ro\">\n                    informatii_interespublic@mlnr.ro                <\/a>\n            <\/div>\n        <\/div>\n        \n\n<hr class=\"wp-block-separator has-alpha-channel-opacity\"\/>\n","protected":false},"excerpt":{"rendered":"<p>Coordinate di contatto dell&#8217;Associazione MLNR L&#8217;Associazione Gran Loggia Nazionale di Romania (MLNR) \u00e8 un&#8217;associazione senza scopo di lucro, di pubblica utilit\u00e0 in conformit\u00e0 con le disposizioni della Delibera del Governo n. 561 del 15 aprile 2004 riguardante il riconoscimento dell&#8217;Associazione &#8220;Gran Loggia Nazionale di Romania&#8221; come di pubblica utilit\u00e0, registrata nel Registro delle Associazioni e&hellip; <a class=\"more-link\" href=\"https:\/\/www.mlnr.ro\/it\/asociatia-marea-loja\/\">Continue reading <span class=\"screen-reader-text\">Associazione Gran Loggia<\/span><\/a><\/p>\n","protected":false},"author":1,"featured_media":3719,"parent":0,"menu_order":0,"comment_status":"closed","ping_status":"closed","template":"","meta":{"_acf_changed":false,"footnotes":""},"class_list":["post-2560","page","type-page","status-publish","has-post-thumbnail","hentry","entry"],"acf":[],"yoast_head":"<!-- This site is optimized with the Yoast SEO plugin v27.0 - https:\/\/yoast.com\/product\/yoast-seo-wordpress\/ -->\n<title>Associazione Gran Loggia - MLNR<\/title>\n<meta name=\"robots\" content=\"index, follow, max-snippet:-1, max-image-preview:large, max-video-preview:-1\" \/>\n<link rel=\"canonical\" href=\"https:\/\/www.mlnr.ro\/it\/asociatia-marea-loja\/\" \/>\n<meta property=\"og:locale\" content=\"it_IT\" \/>\n<meta property=\"og:type\" content=\"article\" \/>\n<meta property=\"og:title\" content=\"Associazione Gran Loggia - MLNR\" \/>\n<meta property=\"og:description\" content=\"Coordinate di contatto dell&#8217;Associazione MLNR L&#8217;Associazione Gran Loggia Nazionale di Romania (MLNR) \u00e8 un&#8217;associazione senza scopo di lucro, di pubblica utilit\u00e0 in conformit\u00e0 con le disposizioni della Delibera del Governo n. 561 del 15 aprile 2004 riguardante il riconoscimento dell&#8217;Associazione &#8220;Gran Loggia Nazionale di Romania&#8221; come di pubblica utilit\u00e0, registrata nel Registro delle Associazioni e&hellip; Continue reading Associazione Gran Loggia\" \/>\n<meta property=\"og:url\" content=\"https:\/\/www.mlnr.ro\/it\/asociatia-marea-loja\/\" \/>\n<meta property=\"og:site_name\" content=\"MLNR\" \/>\n<meta property=\"article:modified_time\" content=\"2026-02-27T12:23:29+00:00\" \/>\n<meta property=\"og:image\" content=\"https:\/\/www.mlnr.ro\/wp-content\/uploads\/2026\/01\/banner-loja.jpg\" \/>\n\t<meta property=\"og:image:width\" content=\"2560\" \/>\n\t<meta property=\"og:image:height\" content=\"1378\" \/>\n\t<meta property=\"og:image:type\" content=\"image\/jpeg\" \/>\n<meta name=\"twitter:card\" content=\"summary_large_image\" \/>\n<meta name=\"twitter:label1\" content=\"Tempo di lettura stimato\" \/>\n\t<meta name=\"twitter:data1\" content=\"1 minute\" \/>\n<script type=\"application\/ld+json\" class=\"yoast-schema-graph\">{\"@context\":\"https:\/\/schema.org\",\"@graph\":[{\"@type\":\"WebPage\",\"@id\":\"https:\/\/www.mlnr.ro\/it\/asociatia-marea-loja\/\",\"url\":\"https:\/\/www.mlnr.ro\/it\/asociatia-marea-loja\/\",\"name\":\"Associazione Gran Loggia - MLNR\",\"isPartOf\":{\"@id\":\"https:\/\/www.mlnr.ro\/it\/#website\"},\"primaryImageOfPage\":{\"@id\":\"https:\/\/www.mlnr.ro\/it\/asociatia-marea-loja\/#primaryimage\"},\"image\":{\"@id\":\"https:\/\/www.mlnr.ro\/it\/asociatia-marea-loja\/#primaryimage\"},\"thumbnailUrl\":\"https:\/\/www.mlnr.ro\/wp-content\/uploads\/2026\/01\/banner-loja.jpg\",\"datePublished\":\"2025-12-04T22:34:07+00:00\",\"dateModified\":\"2026-02-27T12:23:29+00:00\",\"breadcrumb\":{\"@id\":\"https:\/\/www.mlnr.ro\/it\/asociatia-marea-loja\/#breadcrumb\"},\"inLanguage\":\"it-IT\",\"potentialAction\":[{\"@type\":\"ReadAction\",\"target\":[\"https:\/\/www.mlnr.ro\/it\/asociatia-marea-loja\/\"]}]},{\"@type\":\"ImageObject\",\"inLanguage\":\"it-IT\",\"@id\":\"https:\/\/www.mlnr.ro\/it\/asociatia-marea-loja\/#primaryimage\",\"url\":\"https:\/\/www.mlnr.ro\/wp-content\/uploads\/2026\/01\/banner-loja.jpg\",\"contentUrl\":\"https:\/\/www.mlnr.ro\/wp-content\/uploads\/2026\/01\/banner-loja.jpg\",\"width\":2560,\"height\":1378},{\"@type\":\"BreadcrumbList\",\"@id\":\"https:\/\/www.mlnr.ro\/it\/asociatia-marea-loja\/#breadcrumb\",\"itemListElement\":[{\"@type\":\"ListItem\",\"position\":1,\"name\":\"Prima pagin\u0103\",\"item\":\"https:\/\/www.mlnr.ro\/it\/\"},{\"@type\":\"ListItem\",\"position\":2,\"name\":\"Associazione Gran Loggia\"}]},{\"@type\":\"WebSite\",\"@id\":\"https:\/\/www.mlnr.ro\/it\/#website\",\"url\":\"https:\/\/www.mlnr.ro\/it\/\",\"name\":\"MLNR\",\"description\":\"\",\"publisher\":{\"@id\":\"https:\/\/www.mlnr.ro\/it\/#organization\"},\"potentialAction\":[{\"@type\":\"SearchAction\",\"target\":{\"@type\":\"EntryPoint\",\"urlTemplate\":\"https:\/\/www.mlnr.ro\/it\/?s={search_term_string}\"},\"query-input\":{\"@type\":\"PropertyValueSpecification\",\"valueRequired\":true,\"valueName\":\"search_term_string\"}}],\"inLanguage\":\"it-IT\"},{\"@type\":\"Organization\",\"@id\":\"https:\/\/www.mlnr.ro\/it\/#organization\",\"name\":\"MLNR\",\"url\":\"https:\/\/www.mlnr.ro\/it\/\",\"logo\":{\"@type\":\"ImageObject\",\"inLanguage\":\"it-IT\",\"@id\":\"https:\/\/www.mlnr.ro\/it\/#\/schema\/logo\/image\/\",\"url\":\"https:\/\/www.mlnr.ro\/wp-content\/uploads\/2025\/12\/prj-edited.png\",\"contentUrl\":\"https:\/\/www.mlnr.ro\/wp-content\/uploads\/2025\/12\/prj-edited.png\",\"width\":300,\"height\":188,\"caption\":\"MLNR\"},\"image\":{\"@id\":\"https:\/\/www.mlnr.ro\/it\/#\/schema\/logo\/image\/\"}}]}<\/script>\n<!-- \/ Yoast SEO plugin. -->","yoast_head_json":{"title":"Associazione Gran Loggia - MLNR","robots":{"index":"index","follow":"follow","max-snippet":"max-snippet:-1","max-image-preview":"max-image-preview:large","max-video-preview":"max-video-preview:-1"},"canonical":"https:\/\/www.mlnr.ro\/it\/asociatia-marea-loja\/","og_locale":"it_IT","og_type":"article","og_title":"Associazione Gran Loggia - MLNR","og_description":"Coordinate di contatto dell&#8217;Associazione MLNR L&#8217;Associazione Gran Loggia Nazionale di Romania (MLNR) \u00e8 un&#8217;associazione senza scopo di lucro, di pubblica utilit\u00e0 in conformit\u00e0 con le disposizioni della Delibera del Governo n. 561 del 15 aprile 2004 riguardante il riconoscimento dell&#8217;Associazione &#8220;Gran Loggia Nazionale di Romania&#8221; come di pubblica utilit\u00e0, registrata nel Registro delle Associazioni e&hellip; Continue reading Associazione Gran Loggia","og_url":"https:\/\/www.mlnr.ro\/it\/asociatia-marea-loja\/","og_site_name":"MLNR","article_modified_time":"2026-02-27T12:23:29+00:00","og_image":[{"width":2560,"height":1378,"url":"https:\/\/www.mlnr.ro\/wp-content\/uploads\/2026\/01\/banner-loja.jpg","type":"image\/jpeg"}],"twitter_card":"summary_large_image","twitter_misc":{"Tempo di lettura stimato":"1 minute"},"schema":{"@context":"https:\/\/schema.org","@graph":[{"@type":"WebPage","@id":"https:\/\/www.mlnr.ro\/it\/asociatia-marea-loja\/","url":"https:\/\/www.mlnr.ro\/it\/asociatia-marea-loja\/","name":"Associazione Gran Loggia - MLNR","isPartOf":{"@id":"https:\/\/www.mlnr.ro\/it\/#website"},"primaryImageOfPage":{"@id":"https:\/\/www.mlnr.ro\/it\/asociatia-marea-loja\/#primaryimage"},"image":{"@id":"https:\/\/www.mlnr.ro\/it\/asociatia-marea-loja\/#primaryimage"},"thumbnailUrl":"https:\/\/www.mlnr.ro\/wp-content\/uploads\/2026\/01\/banner-loja.jpg","datePublished":"2025-12-04T22:34:07+00:00","dateModified":"2026-02-27T12:23:29+00:00","breadcrumb":{"@id":"https:\/\/www.mlnr.ro\/it\/asociatia-marea-loja\/#breadcrumb"},"inLanguage":"it-IT","potentialAction":[{"@type":"ReadAction","target":["https:\/\/www.mlnr.ro\/it\/asociatia-marea-loja\/"]}]},{"@type":"ImageObject","inLanguage":"it-IT","@id":"https:\/\/www.mlnr.ro\/it\/asociatia-marea-loja\/#primaryimage","url":"https:\/\/www.mlnr.ro\/wp-content\/uploads\/2026\/01\/banner-loja.jpg","contentUrl":"https:\/\/www.mlnr.ro\/wp-content\/uploads\/2026\/01\/banner-loja.jpg","width":2560,"height":1378},{"@type":"BreadcrumbList","@id":"https:\/\/www.mlnr.ro\/it\/asociatia-marea-loja\/#breadcrumb","itemListElement":[{"@type":"ListItem","position":1,"name":"Prima pagin\u0103","item":"https:\/\/www.mlnr.ro\/it\/"},{"@type":"ListItem","position":2,"name":"Associazione Gran Loggia"}]},{"@type":"WebSite","@id":"https:\/\/www.mlnr.ro\/it\/#website","url":"https:\/\/www.mlnr.ro\/it\/","name":"MLNR","description":"","publisher":{"@id":"https:\/\/www.mlnr.ro\/it\/#organization"},"potentialAction":[{"@type":"SearchAction","target":{"@type":"EntryPoint","urlTemplate":"https:\/\/www.mlnr.ro\/it\/?s={search_term_string}"},"query-input":{"@type":"PropertyValueSpecification","valueRequired":true,"valueName":"search_term_string"}}],"inLanguage":"it-IT"},{"@type":"Organization","@id":"https:\/\/www.mlnr.ro\/it\/#organization","name":"MLNR","url":"https:\/\/www.mlnr.ro\/it\/","logo":{"@type":"ImageObject","inLanguage":"it-IT","@id":"https:\/\/www.mlnr.ro\/it\/#\/schema\/logo\/image\/","url":"https:\/\/www.mlnr.ro\/wp-content\/uploads\/2025\/12\/prj-edited.png","contentUrl":"https:\/\/www.mlnr.ro\/wp-content\/uploads\/2025\/12\/prj-edited.png","width":300,"height":188,"caption":"MLNR"},"image":{"@id":"https:\/\/www.mlnr.ro\/it\/#\/schema\/logo\/image\/"}}]}},"_links":{"self":[{"href":"https:\/\/www.mlnr.ro\/it\/wp-json\/wp\/v2\/pages\/2560","targetHints":{"allow":["GET"]}}],"collection":[{"href":"https:\/\/www.mlnr.ro\/it\/wp-json\/wp\/v2\/pages"}],"about":[{"href":"https:\/\/www.mlnr.ro\/it\/wp-json\/wp\/v2\/types\/page"}],"author":[{"embeddable":true,"href":"https:\/\/www.mlnr.ro\/it\/wp-json\/wp\/v2\/users\/1"}],"replies":[{"embeddable":true,"href":"https:\/\/www.mlnr.ro\/it\/wp-json\/wp\/v2\/comments?post=2560"}],"version-history":[{"count":7,"href":"https:\/\/www.mlnr.ro\/it\/wp-json\/wp\/v2\/pages\/2560\/revisions"}],"predecessor-version":[{"id":3985,"href":"https:\/\/www.mlnr.ro\/it\/wp-json\/wp\/v2\/pages\/2560\/revisions\/3985"}],"wp:featuredmedia":[{"embeddable":true,"href":"https:\/\/www.mlnr.ro\/it\/wp-json\/wp\/v2\/media\/3719"}],"wp:attachment":[{"href":"https:\/\/www.mlnr.ro\/it\/wp-json\/wp\/v2\/media?parent=2560"}],"curies":[{"name":"wp","href":"https:\/\/api.w.org\/{rel}","templated":true}]}}